{"id":7,"date":"2022-05-13T20:33:01","date_gmt":"2022-05-13T20:33:01","guid":{"rendered":"https:\/\/multimedia.uned.ac.cr\/pem\/wp\/sonar-multimedia\/?page_id=7"},"modified":"2022-06-20T17:54:52","modified_gmt":"2022-06-20T17:54:52","slug":"contacto","status":"publish","type":"page","link":"https:\/\/multimedia.uned.ac.cr\/pem\/wp\/sonar-multimedia\/?page_id=7","title":{"rendered":"Contacto"},"content":{"rendered":"\n<p>Para contactar al equipo de comunicaci\u00f3n del PEM, puede escribir un correo a multimedia en uned.ac.cr, o escribirnos a trav\u00e9s de la p\u00e1gina del programa en <a href=\"https:\/\/www.uned.ac.cr\/dpmd\/pem\/contacto\">https:\/\/www.uned.ac.cr\/dpmd\/pem\/contacto<\/a>.<\/p>\n","protected":false},"excerpt":{"rendered":"<p>Para contactar al equipo de comunicaci\u00f3n del PEM, puede escribir un correo a multimedia en uned.ac.cr, o escribirnos a trav\u00e9s de la p\u00e1gina del programa en https:\/\/www.uned.ac.cr\/dpmd\/pem\/contacto.<\/p>\n","protected":false},"author":8,"featured_media":0,"parent":0,"menu_order":1,"comment_status":"closed","ping_status":"closed","template":"","meta":{"inline_featured_image":false,"footnotes":""},"class_list":["post-7","page","type-page","status-publish","hentry"],"_links":{"self":[{"href":"https:\/\/multimedia.uned.ac.cr\/pem\/wp\/sonar-multimedia\/index.php?rest_route=\/wp\/v2\/pages\/7","targetHints":{"allow":["GET"]}}],"collection":[{"href":"https:\/\/multimedia.uned.ac.cr\/pem\/wp\/sonar-multimedia\/index.php?rest_route=\/wp\/v2\/pages"}],"about":[{"href":"https:\/\/multimedia.uned.ac.cr\/pem\/wp\/sonar-multimedia\/index.php?rest_route=\/wp\/v2\/types\/page"}],"author":[{"embeddable":true,"href":"https:\/\/multimedia.uned.ac.cr\/pem\/wp\/sonar-multimedia\/index.php?rest_route=\/wp\/v2\/users\/8"}],"replies":[{"embeddable":true,"href":"https:\/\/multimedia.uned.ac.cr\/pem\/wp\/sonar-multimedia\/index.php?rest_route=%2Fwp%2Fv2%2Fcomments&post=7"}],"version-history":[{"count":3,"href":"https:\/\/multimedia.uned.ac.cr\/pem\/wp\/sonar-multimedia\/index.php?rest_route=\/wp\/v2\/pages\/7\/revisions"}],"predecessor-version":[{"id":235,"href":"https:\/\/multimedia.uned.ac.cr\/pem\/wp\/sonar-multimedia\/index.php?rest_route=\/wp\/v2\/pages\/7\/revisions\/235"}],"wp:attachment":[{"href":"https:\/\/multimedia.uned.ac.cr\/pem\/wp\/sonar-multimedia\/index.php?rest_route=%2Fwp%2Fv2%2Fmedia&parent=7"}],"curies":[{"name":"wp","href":"https:\/\/api.w.org\/{rel}","templated":true}]}}