{"id":2,"date":"2022-05-13T20:17:41","date_gmt":"2022-05-13T20:17:41","guid":{"rendered":"https:\/\/multimedia.uned.ac.cr\/pem\/wp\/sonar-multimedia\/?page_id=2"},"modified":"2022-06-17T23:10:44","modified_gmt":"2022-06-17T23:10:44","slug":"acerca-de","status":"publish","type":"page","link":"https:\/\/multimedia.uned.ac.cr\/pem\/wp\/sonar-multimedia\/?page_id=2","title":{"rendered":"Sobre el blog"},"content":{"rendered":"\n<p>El Blog SONAR Multimedia, es un espacio para compartir con la comunidad universitaria las buenas pr\u00e1cticas, experiencias, resultados, procesos y aprendizajes a los que el Programa de Producci\u00f3n Electr\u00f3nica Multimedial (PEM) se ha enfrentado durante su trayectoria en la generaci\u00f3n de materiales did\u00e1cticos.<\/p>\n\n\n\n<p>Como dependencia con m\u00e1s de 20 a\u00f1os de experiencia en dise\u00f1o instruccional, en este blog ponemos a disposici\u00f3n de la comunidad universitaria diversos art\u00edculos desarrollados por el equipo multidisciplinario de profesionales del PEM en materias como dise\u00f1o gr\u00e1fico, mediaci\u00f3n pedag\u00f3gica, programaci\u00f3n, producci\u00f3n audiovisual, producci\u00f3n acad\u00e9mica, entre otras. En estos art\u00edculos los productores multimedia del PEM comparten detalles acerca de la din\u00e1mica y soluciones que encontraron para la elaboraci\u00f3n de recursos instruccionales reales que han sido elaborados en esta dependencia, as\u00ed como recomendaciones para crear materiales nuevos.<\/p>\n\n\n\n<p>Podr\u00e1 encontrar contenidos en formatos diversos como entradas textuales, video, imagen y sonido en un sistema de documentaci\u00f3n con acceso libre y gratuito, que adem\u00e1s de mostrar de forma \u00e1gil y flexible la rigurosidad t\u00e9cnica y acad\u00e9mica con que se producen los materiales multimedia desarrollados por el PEM, pone al alcance de la comunidad universitaria todos estos aprendizajes.<\/p>\n\n\n\n<p>Le invitamos a navegar por nuestros contenidos y descubrir con nosotros estas pr\u00e1cticas en dise\u00f1o instruccional. \u00a1Bienvenidos y bienvenidas!<\/p>\n\n\n\n<div class=\"wp-block-group is-vertical is-layout-flex wp-container-core-group-is-layout-8cf370e7 wp-block-group-is-layout-flex\">\n<p>Direcci\u00f3n de Producci\u00f3n de Materiales Did\u00e1cticos (DPMD)<\/p>\n\n\n\n<p>Programa de Producci\u00f3n Electr\u00f3nica Multimedial (PEM)<\/p>\n<\/div>\n","protected":false},"excerpt":{"rendered":"<p>El Blog SONAR Multimedia, es un espacio para compartir con la comunidad universitaria las buenas pr\u00e1cticas, experiencias, resultados, procesos y aprendizajes a los que el Programa de Producci\u00f3n Electr\u00f3nica Multimedial (PEM) se ha enfrentado durante su trayectoria en la generaci\u00f3n de materiales did\u00e1cticos. Como dependencia con m\u00e1s de 20 a\u00f1os de experiencia en dise\u00f1o instruccional, [&hellip;]<\/p>\n","protected":false},"author":8,"featured_media":0,"parent":0,"menu_order":0,"comment_status":"closed","ping_status":"closed","template":"","meta":{"inline_featured_image":false,"footnotes":""},"class_list":["post-2","page","type-page","status-publish","hentry"],"_links":{"self":[{"href":"https:\/\/multimedia.uned.ac.cr\/pem\/wp\/sonar-multimedia\/index.php?rest_route=\/wp\/v2\/pages\/2","targetHints":{"allow":["GET"]}}],"collection":[{"href":"https:\/\/multimedia.uned.ac.cr\/pem\/wp\/sonar-multimedia\/index.php?rest_route=\/wp\/v2\/pages"}],"about":[{"href":"https:\/\/multimedia.uned.ac.cr\/pem\/wp\/sonar-multimedia\/index.php?rest_route=\/wp\/v2\/types\/page"}],"author":[{"embeddable":true,"href":"https:\/\/multimedia.uned.ac.cr\/pem\/wp\/sonar-multimedia\/index.php?rest_route=\/wp\/v2\/users\/8"}],"replies":[{"embeddable":true,"href":"https:\/\/multimedia.uned.ac.cr\/pem\/wp\/sonar-multimedia\/index.php?rest_route=%2Fwp%2Fv2%2Fcomments&post=2"}],"version-history":[{"count":4,"href":"https:\/\/multimedia.uned.ac.cr\/pem\/wp\/sonar-multimedia\/index.php?rest_route=\/wp\/v2\/pages\/2\/revisions"}],"predecessor-version":[{"id":146,"href":"https:\/\/multimedia.uned.ac.cr\/pem\/wp\/sonar-multimedia\/index.php?rest_route=\/wp\/v2\/pages\/2\/revisions\/146"}],"wp:attachment":[{"href":"https:\/\/multimedia.uned.ac.cr\/pem\/wp\/sonar-multimedia\/index.php?rest_route=%2Fwp%2Fv2%2Fmedia&parent=2"}],"curies":[{"name":"wp","href":"https:\/\/api.w.org\/{rel}","templated":true}]}}