{"id":985,"date":"2021-12-13T16:07:35","date_gmt":"2021-12-13T16:07:35","guid":{"rendered":"https:\/\/multimediades.uned.ac.cr\/pem\/wp\/control-interno\/?page_id=985"},"modified":"2022-06-01T17:28:43","modified_gmt":"2022-06-01T17:28:43","slug":"creditos","status":"publish","type":"page","link":"https:\/\/multimedia.uned.ac.cr\/pem\/wp\/control-interno\/creditos\/","title":{"rendered":"Cr\u00e9ditos"},"content":{"rendered":"<div class=\"wp-block-image\">\n<figure class=\"aligncenter size-full is-resized\"><img loading=\"lazy\" decoding=\"async\" src=\"https:\/\/multimedia.uned.ac.cr\/pem\/wp\/control-interno\/wp-content\/uploads\/sites\/5\/2024\/01\/uned-logo-sm.svg\" alt=\"\" class=\"wp-image-1167\" width=\"137\" height=\"180\"\/><\/figure>\n<\/div>\n\n\n<p>Universidad Estatal a Distancia (UNED)<br>Vicerrector\u00eda de Planificaci\u00f3n<br>Curso: Introducci\u00f3n al Control Interno<\/p>\n\n\n\n<p>Publicaci\u00f3n: febrero, 2022<br>Direcci\u00f3n de Producci\u00f3n de Materiales Did\u00e1cticos, DPMD<br>Programa de Producci\u00f3n Electr\u00f3nica Multimedial, PEM<\/p>\n\n\n\n<h3 class=\"wp-block-heading\">Contenido<\/h3>\n\n\n\n<p>Especialista de contenido: Luz Adriana Mart\u00ednez Vargas<\/p>\n\n\n\n<p>Producci\u00f3n acad\u00e9mica: Pa\u00fal Alvarado Quesada<br>Dise\u00f1o gr\u00e1fico: Deiver Herrera S\u00e1nchez<br>Desarrollado web: Deiver Herrera S\u00e1nchez<br>Producci\u00f3n audiovisual: Programa de Producci\u00f3n de Material Audiovisual (PPMA) y SEP-UNED<\/p>\n\n\n\n<h3 class=\"wp-block-heading\">Derecho de Autor<\/h3>\n\n\n\n<p>Queda prohibida la reproducci\u00f3n, transformaci\u00f3n, distribuci\u00f3n y comunicaci\u00f3n p\u00fablica de la obra multimedia Introducci\u00f3n al Control Interno, por cualquier medio o procedimiento, conocido o por conocerse, sin el consentimiento previo de los titulares de los derechos, as\u00ed como de las obras literarias, art\u00edsticas o cient\u00edficas particulares que contiene.<\/p>\n","protected":false},"excerpt":{"rendered":"<p>Universidad Estatal a Distancia (UNED)Vicerrector\u00eda de Planificaci\u00f3nCurso: Introducci\u00f3n al Control Interno Publicaci\u00f3n: febrero, 2022Direcci\u00f3n de Producci\u00f3n de Materiales Did\u00e1cticos, DPMDPrograma de Producci\u00f3n Electr\u00f3nica Multimedial, PEM [&hellip;]<\/p>\n","protected":false},"author":1,"featured_media":0,"parent":0,"menu_order":1000,"comment_status":"closed","ping_status":"closed","template":"","meta":{"inline_featured_image":false,"footnotes":""},"class_list":["post-985","page","type-page","status-publish","hentry"],"_links":{"self":[{"href":"https:\/\/multimedia.uned.ac.cr\/pem\/wp\/control-interno\/wp-json\/wp\/v2\/pages\/985","targetHints":{"allow":["GET"]}}],"collection":[{"href":"https:\/\/multimedia.uned.ac.cr\/pem\/wp\/control-interno\/wp-json\/wp\/v2\/pages"}],"about":[{"href":"https:\/\/multimedia.uned.ac.cr\/pem\/wp\/control-interno\/wp-json\/wp\/v2\/types\/page"}],"author":[{"embeddable":true,"href":"https:\/\/multimedia.uned.ac.cr\/pem\/wp\/control-interno\/wp-json\/wp\/v2\/users\/1"}],"replies":[{"embeddable":true,"href":"https:\/\/multimedia.uned.ac.cr\/pem\/wp\/control-interno\/wp-json\/wp\/v2\/comments?post=985"}],"version-history":[{"count":2,"href":"https:\/\/multimedia.uned.ac.cr\/pem\/wp\/control-interno\/wp-json\/wp\/v2\/pages\/985\/revisions"}],"predecessor-version":[{"id":1168,"href":"https:\/\/multimedia.uned.ac.cr\/pem\/wp\/control-interno\/wp-json\/wp\/v2\/pages\/985\/revisions\/1168"}],"wp:attachment":[{"href":"https:\/\/multimedia.uned.ac.cr\/pem\/wp\/control-interno\/wp-json\/wp\/v2\/media?parent=985"}],"curies":[{"name":"wp","href":"https:\/\/api.w.org\/{rel}","templated":true}]}}