{"id":777,"date":"2021-10-12T16:39:30","date_gmt":"2021-10-12T16:39:30","guid":{"rendered":"https:\/\/multimediades.uned.ac.cr\/pem\/wp\/control-interno\/?page_id=2"},"modified":"2022-05-09T15:57:14","modified_gmt":"2022-05-09T15:57:14","slug":"inicio","status":"publish","type":"page","link":"https:\/\/multimedia.uned.ac.cr\/pem\/wp\/control-interno\/","title":{"rendered":"Inicio"},"content":{"rendered":"\n<h2 class=\"has-text-align-center wp-block-heading\">Presentaci\u00f3n del curso<\/h2>\n\n\n\n<p>El presente curso de Introducci\u00f3n al Control Interno busca dar a conocer y permitir el an\u00e1lisis y reflexi\u00f3n acerca del control interno, entendido \u00e9ste como el conjunto de principios, fundamentos, reglas, acciones, mecanismos, instrumentos y procedimientos ordenados, relacionados entre s\u00ed y unidos a las personas que conforman una organizaci\u00f3n p\u00fablica, y pretenden contribuir al cumplimiento de su funci\u00f3n y al alcance de sus objetivos.<br><br>Este recurso did\u00e1ctico multimedia busca la presentaci\u00f3n del tema de Control Interno de una forma m\u00e1s amena y entendible para sus usuarios. Tiene como objetivo mostrar el Sistema de Control Interno (SCI) como una serie de comportamientos deseables y obligatorios en el desempe\u00f1o de las labores cotidianas en la UNED, as\u00ed como la exploraci\u00f3n de la legislaci\u00f3n, alcances y limitaciones alrededor de estas tem\u00e1ticas.<br><br>A continuaci\u00f3n, se le presentan 7 m\u00f3dulos o unidades tem\u00e1ticas que trabajan los principales conceptos sobre el control interno. Estos m\u00f3dulos se desarrollan a partir de la gu\u00eda que la persona encargada del curso le indique en su momento.<\/p>\n\n\n\n<div style=\"height:20px\" aria-hidden=\"true\" class=\"wp-block-spacer\"><\/div>\n\n\n\n<div class=\"wp-block-columns is-layout-flex wp-container-core-columns-is-layout-9d6595d7 wp-block-columns-is-layout-flex\">\n<div class=\"wp-block-column is-layout-flow wp-block-column-is-layout-flow\">\n<div class=\"wp-block-getwid-image-box getwid-animation has-text-center has-mobile-layout-default has-mobile-alignment-default\" data-animation=\"zoomSmall\"><div class=\"wp-block-getwid-image-box__image-container is-position-top\"><a href=\"https:\/\/multimedia.uned.ac.cr\/pem\/wp\/control-interno\/modulo-1-generalidades-del-control-interno\/\" class=\"wp-block-getwid-image-box__image-wrapper\"><img loading=\"lazy\" decoding=\"async\" width=\"134\" height=\"120\" src=\"https:\/\/multimedia.uned.ac.cr\/pem\/wp\/control-interno\/wp-content\/uploads\/sites\/5\/2022\/02\/mod1.png\" alt=\"Generalidades del control interno\" class=\"wp-block-getwid-image-box__image wp-image-1107\"\/><\/a><\/div><div class=\"wp-block-getwid-image-box__content\">\n<h3 class=\"wp-block-heading\"><a href=\"https:\/\/multimedia.uned.ac.cr\/pem\/wp\/control-interno\/modulo-1-generalidades-del-control-interno\/\" data-type=\"page\" data-id=\"17\">M\u00f3dulo 1<\/a><\/h3>\n\n\n\n<p><strong>Generalidades del control interno<\/strong><\/p>\n<\/div><\/div>\n<\/div>\n\n\n\n<div class=\"wp-block-column is-layout-flow wp-block-column-is-layout-flow\">\n<div class=\"wp-block-getwid-image-box getwid-animation has-text-center has-mobile-layout-default has-mobile-alignment-default\" data-animation=\"zoomSmall\"><div class=\"wp-block-getwid-image-box__image-container is-position-top\"><a href=\"https:\/\/multimedia.uned.ac.cr\/pem\/wp\/control-interno\/modulo-2-ambiente-de-control-2\/\" class=\"wp-block-getwid-image-box__image-wrapper\"><img loading=\"lazy\" decoding=\"async\" width=\"137\" height=\"120\" src=\"https:\/\/multimedia.uned.ac.cr\/pem\/wp\/control-interno\/wp-content\/uploads\/sites\/5\/2022\/02\/mod2.png\" alt=\"Ambiente de control\" class=\"wp-block-getwid-image-box__image wp-image-1108\"\/><\/a><\/div><div class=\"wp-block-getwid-image-box__content\">\n<h3 class=\"wp-block-heading\"><a href=\"https:\/\/multimedia.uned.ac.cr\/pem\/wp\/control-interno\/modulo-2-ambiente-de-control-2\/\" data-type=\"page\" data-id=\"69\">M\u00f3dulo 2<\/a><\/h3>\n\n\n\n<p><strong>Ambiente de control<\/strong><\/p>\n<\/div><\/div>\n<\/div>\n\n\n\n<div class=\"wp-block-column is-layout-flow wp-block-column-is-layout-flow\">\n<div class=\"wp-block-getwid-image-box getwid-animation has-text-center has-mobile-layout-default has-mobile-alignment-default\" data-animation=\"zoomSmall\"><div class=\"wp-block-getwid-image-box__image-container is-position-top\"><a href=\"https:\/\/multimedia.uned.ac.cr\/pem\/wp\/control-interno\/modulo-3-valoracion-del-riesgo\/\" class=\"wp-block-getwid-image-box__image-wrapper\"><img loading=\"lazy\" decoding=\"async\" width=\"121\" height=\"120\" src=\"https:\/\/multimedia.uned.ac.cr\/pem\/wp\/control-interno\/wp-content\/uploads\/sites\/5\/2022\/02\/mod3.png\" alt=\"Valoraci\u00f3n del riesgo\" class=\"wp-block-getwid-image-box__image wp-image-1109\"\/><\/a><\/div><div class=\"wp-block-getwid-image-box__content\">\n<h3 class=\"wp-block-heading\"><a href=\"https:\/\/multimedia.uned.ac.cr\/pem\/wp\/control-interno\/modulo-3-valoracion-del-riesgo\/\" data-type=\"page\" data-id=\"21\">M\u00f3dulo 3<\/a><\/h3>\n\n\n\n<p><strong>Valoraci\u00f3n del riesgo<\/strong><\/p>\n<\/div><\/div>\n<\/div>\n<\/div>\n\n\n\n<div class=\"wp-block-columns is-layout-flex wp-container-core-columns-is-layout-9d6595d7 wp-block-columns-is-layout-flex\">\n<div class=\"wp-block-column is-layout-flow wp-block-column-is-layout-flow\">\n<div class=\"wp-block-getwid-image-box getwid-animation has-text-center has-mobile-layout-default has-mobile-alignment-default\" data-animation=\"zoomSmall\"><div class=\"wp-block-getwid-image-box__image-container is-position-top\"><a href=\"https:\/\/multimedia.uned.ac.cr\/pem\/wp\/control-interno\/modulo-4-actividades-de-control\/\" class=\"wp-block-getwid-image-box__image-wrapper\"><img loading=\"lazy\" decoding=\"async\" width=\"116\" height=\"120\" src=\"https:\/\/multimedia.uned.ac.cr\/pem\/wp\/control-interno\/wp-content\/uploads\/sites\/5\/2022\/02\/mod4.png\" alt=\"Actividades de control\" class=\"wp-block-getwid-image-box__image wp-image-1110\"\/><\/a><\/div><div class=\"wp-block-getwid-image-box__content\">\n<h3 class=\"wp-block-heading\"><a href=\"https:\/\/multimedia.uned.ac.cr\/pem\/wp\/control-interno\/modulo-4-actividades-de-control\/\" data-type=\"page\" data-id=\"23\">M\u00f3dulo 4<\/a><\/h3>\n\n\n\n<p><strong>Actividades de control<\/strong><\/p>\n<\/div><\/div>\n<\/div>\n\n\n\n<div class=\"wp-block-column is-layout-flow wp-block-column-is-layout-flow\">\n<div class=\"wp-block-getwid-image-box getwid-animation has-text-center has-mobile-layout-default has-mobile-alignment-default\" data-animation=\"zoomSmall\"><div class=\"wp-block-getwid-image-box__image-container is-position-top\"><a href=\"https:\/\/multimedia.uned.ac.cr\/pem\/wp\/control-interno\/modulo-5-sistemas-de-informacion\/\" class=\"wp-block-getwid-image-box__image-wrapper\"><img loading=\"lazy\" decoding=\"async\" width=\"139\" height=\"120\" src=\"https:\/\/multimedia.uned.ac.cr\/pem\/wp\/control-interno\/wp-content\/uploads\/sites\/5\/2022\/02\/mod5.png\" alt=\"Sistemas de informaci\u00f3n\" class=\"wp-block-getwid-image-box__image wp-image-1111\"\/><\/a><\/div><div class=\"wp-block-getwid-image-box__content\">\n<h3 class=\"wp-block-heading\"><a href=\"https:\/\/multimedia.uned.ac.cr\/pem\/wp\/control-interno\/modulo-5-sistemas-de-informacion\/\" data-type=\"page\" data-id=\"25\">M\u00f3dulo 5<\/a><\/h3>\n\n\n\n<p><strong>Sistemas de informaci\u00f3n<\/strong><\/p>\n<\/div><\/div>\n<\/div>\n\n\n\n<div class=\"wp-block-column is-layout-flow wp-block-column-is-layout-flow\">\n<div class=\"wp-block-getwid-image-box getwid-animation has-text-center has-mobile-layout-default has-mobile-alignment-default\" data-animation=\"zoomSmall\"><div class=\"wp-block-getwid-image-box__image-container is-position-top\"><a href=\"https:\/\/multimedia.uned.ac.cr\/pem\/wp\/control-interno\/modulo-6-seguimiento-del-sci\/\" class=\"wp-block-getwid-image-box__image-wrapper\"><img loading=\"lazy\" decoding=\"async\" width=\"131\" height=\"120\" src=\"https:\/\/multimedia.uned.ac.cr\/pem\/wp\/control-interno\/wp-content\/uploads\/sites\/5\/2022\/02\/mod6.png\" alt=\"Seguimiento del SCI\" class=\"wp-block-getwid-image-box__image wp-image-1112\"\/><\/a><\/div><div class=\"wp-block-getwid-image-box__content\">\n<h3 class=\"wp-block-heading\"><a href=\"https:\/\/multimedia.uned.ac.cr\/pem\/wp\/control-interno\/modulo-6-seguimiento-del-sci\/\" data-type=\"page\" data-id=\"27\">M\u00f3dulo 6<\/a><\/h3>\n\n\n\n<p><strong>Seguimiento del SCI<\/strong><\/p>\n<\/div><\/div>\n<\/div>\n\n\n\n<div class=\"wp-block-column is-layout-flow wp-block-column-is-layout-flow\">\n<div class=\"wp-block-getwid-image-box getwid-animation has-text-center has-mobile-layout-default has-mobile-alignment-default\" data-animation=\"zoomSmall\"><div class=\"wp-block-getwid-image-box__image-container is-position-top\"><a href=\"https:\/\/multimedia.uned.ac.cr\/pem\/wp\/control-interno\/modulo-7-responsabilidades-y-sanciones\/\" class=\"wp-block-getwid-image-box__image-wrapper\"><img loading=\"lazy\" decoding=\"async\" width=\"110\" height=\"120\" src=\"https:\/\/multimedia.uned.ac.cr\/pem\/wp\/control-interno\/wp-content\/uploads\/sites\/5\/2022\/02\/mod7.png\" alt=\"Responsabilidades y sanciones\" class=\"wp-block-getwid-image-box__image wp-image-1113\"\/><\/a><\/div><div class=\"wp-block-getwid-image-box__content\">\n<h3 class=\"wp-block-heading\"><a href=\"https:\/\/multimedia.uned.ac.cr\/pem\/wp\/control-interno\/modulo-7-responsabilidades-y-sanciones\/\" data-type=\"page\" data-id=\"29\">M\u00f3dulo 7<\/a><\/h3>\n\n\n\n<p class=\"wrap-text-size\"><strong>Responsabilidades y sanciones<\/strong><\/p>\n<\/div><\/div>\n<\/div>\n<\/div>\n\n\n\n<p><\/p>\n\n\n\n<p>Como elemento para una mejor navegaci\u00f3n en el sitio del curso, usted siempre tendr\u00e1 acceso al men\u00fa del sitio, de manera que pueda acceder a cualquier contenido que desee de esa forma. El men\u00fa se encuentra en la parte superior derecha del multimedia, justo en la zona del banner principal.<\/p>\n","protected":false},"excerpt":{"rendered":"<p>Presentaci\u00f3n del curso El presente curso de Introducci\u00f3n al Control Interno busca dar a conocer y permitir el an\u00e1lisis y reflexi\u00f3n acerca del control interno, [&hellip;]<\/p>\n","protected":false},"author":1,"featured_media":0,"parent":0,"menu_order":0,"comment_status":"closed","ping_status":"closed","template":"template-front-page.php","meta":{"inline_featured_image":false,"footnotes":""},"class_list":["post-777","page","type-page","status-publish","hentry"],"_links":{"self":[{"href":"https:\/\/multimedia.uned.ac.cr\/pem\/wp\/control-interno\/wp-json\/wp\/v2\/pages\/777","targetHints":{"allow":["GET"]}}],"collection":[{"href":"https:\/\/multimedia.uned.ac.cr\/pem\/wp\/control-interno\/wp-json\/wp\/v2\/pages"}],"about":[{"href":"https:\/\/multimedia.uned.ac.cr\/pem\/wp\/control-interno\/wp-json\/wp\/v2\/types\/page"}],"author":[{"embeddable":true,"href":"https:\/\/multimedia.uned.ac.cr\/pem\/wp\/control-interno\/wp-json\/wp\/v2\/users\/1"}],"replies":[{"embeddable":true,"href":"https:\/\/multimedia.uned.ac.cr\/pem\/wp\/control-interno\/wp-json\/wp\/v2\/comments?post=777"}],"version-history":[{"count":1,"href":"https:\/\/multimedia.uned.ac.cr\/pem\/wp\/control-interno\/wp-json\/wp\/v2\/pages\/777\/revisions"}],"predecessor-version":[{"id":1115,"href":"https:\/\/multimedia.uned.ac.cr\/pem\/wp\/control-interno\/wp-json\/wp\/v2\/pages\/777\/revisions\/1115"}],"wp:attachment":[{"href":"https:\/\/multimedia.uned.ac.cr\/pem\/wp\/control-interno\/wp-json\/wp\/v2\/media?parent=777"}],"curies":[{"name":"wp","href":"https:\/\/api.w.org\/{rel}","templated":true}]}}