{"id":53,"date":"2021-10-15T15:34:35","date_gmt":"2021-10-15T15:34:35","guid":{"rendered":"https:\/\/multimediades.uned.ac.cr\/pem\/wp\/control-interno\/?page_id=53"},"modified":"2021-10-15T15:34:35","modified_gmt":"2021-10-15T15:34:35","slug":"1-7-deberes-en-el-sistema-de-control-interno","status":"publish","type":"page","link":"https:\/\/multimedia.uned.ac.cr\/pem\/wp\/control-interno\/modulo-1-generalidades-del-control-interno\/1-7-deberes-en-el-sistema-de-control-interno\/","title":{"rendered":"1.7. Deberes en el sistema de control interno"},"content":{"rendered":"\n<p>La Ley establece en su art\u00edculo 12 lo siguiente como deberes del jerarca y de los titulares subordinados en el SCI:<\/p>\n\n\n\n<div class=\"wp-block-getwid-section\"><div class=\"wp-block-getwid-section__wrapper\"><div class=\"wp-block-getwid-section__inner-wrapper\"><div class=\"wp-block-getwid-section__background-holder\"><div class=\"wp-block-getwid-section__background\"><\/div><div class=\"wp-block-getwid-section__foreground\"><\/div><\/div><div class=\"wp-block-getwid-section__content\"><div class=\"wp-block-getwid-section__inner-content\">\n<ul class=\"list-alpha wp-block-list\"><li>Velar por el adecuado desarrollo de la actividad del ente o del \u00f3rgano a su cargo.<\/li><li>Tomar de inmediato las medidas correctivas, ante cualquier evidencia de desviaciones o irregularidades.<\/li><li>Analizar e implantar, de inmediato, las observaciones, recomendaciones y disposiciones formuladas por la auditor\u00eda interna, la Contralor\u00eda General de la Rep\u00fablica, la auditor\u00eda externa y las dem\u00e1s instituciones de control y fiscalizaci\u00f3n que correspondan.<\/li><li>Asegurarse de que los sistemas de control interno cumplan al menos con las caracter\u00edsticas definidas en el art\u00edculo 7 de la Ley (apartado 1.6 de este material). <\/li><li>Presentar un informe de fin de gesti\u00f3n y realizar la entrega formal del ente o el \u00f3rgano a su sucesor, de acuerdo con las directrices emitidas por la Contralor\u00eda General de la Rep\u00fablica y por los entes y \u00f3rganos competentes de la administraci\u00f3n activa.<\/li><\/ul>\n<\/div><\/div><\/div><\/div><\/div>\n","protected":false},"excerpt":{"rendered":"<p>La Ley establece en su art\u00edculo 12 lo siguiente como deberes del jerarca y de los titulares subordinados en el SCI:<\/p>\n","protected":false},"author":1,"featured_media":0,"parent":17,"menu_order":8,"comment_status":"closed","ping_status":"closed","template":"","meta":{"inline_featured_image":false,"footnotes":""},"class_list":["post-53","page","type-page","status-publish","hentry"],"_links":{"self":[{"href":"https:\/\/multimedia.uned.ac.cr\/pem\/wp\/control-interno\/wp-json\/wp\/v2\/pages\/53","targetHints":{"allow":["GET"]}}],"collection":[{"href":"https:\/\/multimedia.uned.ac.cr\/pem\/wp\/control-interno\/wp-json\/wp\/v2\/pages"}],"about":[{"href":"https:\/\/multimedia.uned.ac.cr\/pem\/wp\/control-interno\/wp-json\/wp\/v2\/types\/page"}],"author":[{"embeddable":true,"href":"https:\/\/multimedia.uned.ac.cr\/pem\/wp\/control-interno\/wp-json\/wp\/v2\/users\/1"}],"replies":[{"embeddable":true,"href":"https:\/\/multimedia.uned.ac.cr\/pem\/wp\/control-interno\/wp-json\/wp\/v2\/comments?post=53"}],"version-history":[{"count":0,"href":"https:\/\/multimedia.uned.ac.cr\/pem\/wp\/control-interno\/wp-json\/wp\/v2\/pages\/53\/revisions"}],"up":[{"embeddable":true,"href":"https:\/\/multimedia.uned.ac.cr\/pem\/wp\/control-interno\/wp-json\/wp\/v2\/pages\/17"}],"wp:attachment":[{"href":"https:\/\/multimedia.uned.ac.cr\/pem\/wp\/control-interno\/wp-json\/wp\/v2\/media?parent=53"}],"curies":[{"name":"wp","href":"https:\/\/api.w.org\/{rel}","templated":true}]}}