{"id":196,"date":"2021-10-15T19:51:14","date_gmt":"2021-10-15T19:51:14","guid":{"rendered":"https:\/\/multimediades.uned.ac.cr\/pem\/wp\/control-interno\/?page_id=196"},"modified":"2021-10-15T19:51:14","modified_gmt":"2021-10-15T19:51:14","slug":"7-1-responsabilidades","status":"publish","type":"page","link":"https:\/\/multimedia.uned.ac.cr\/pem\/wp\/control-interno\/modulo-7-responsabilidades-y-sanciones\/7-1-responsabilidades\/","title":{"rendered":"7.1. Responsabilidades"},"content":{"rendered":"\n<h4 class=\"wp-block-heading\"><strong>Causales de responsabilidad administrativa<\/strong><\/h4>\n\n\n\n<p>El jerarca y los titulares subordinados incurrir\u00e1n en responsabilidad administrativa y civil, cuando corresponda, si incumplen injustificadamente los deberes asignados en esta Ley, sin perjuicio de otras causales previstas en el r\u00e9gimen aplicable a la respectiva relaci\u00f3n de servicios.<\/p>\n\n\n\n<p>El jerarca, los titulares subordinados y los dem\u00e1s funcionarios p\u00fablicos incurrir\u00e1n en responsabilidad administrativa, cuando debiliten con sus acciones el sistema de control interno u omitan las actuaciones necesarias para establecerlo, mantenerlo, perfeccionarlo y evaluarlo, seg\u00fan la normativa t\u00e9cnica aplicable.<\/p>\n\n\n\n<p>Asimismo, cabr\u00e1 responsabilidad administrativa contra el jerarca que injustificadamente no asigne los recursos a la auditor\u00eda interna.<\/p>\n\n\n\n<p>Igualmente, cabr\u00e1 responsabilidad administrativa contra los funcionarios p\u00fablicos que injustificadamente incumplan los deberes y las funciones que en materia de control interno les asigne el jerarca o el titular subordinado, incluso las acciones para instaurar las recomendaciones emitidas por la auditor\u00eda interna, sin perjuicio de las responsabilidades que les puedan ser imputadas civil y penalmente.<\/p>\n\n\n\n<p>El jerarca, los titulares subordinados y los dem\u00e1s funcionarios p\u00fablicos tambi\u00e9n incurrir\u00e1n en responsabilidad administrativa y civil, cuando corresponda, por obstaculizar o retrasar el cumplimiento de las potestades del auditor, el subauditor y los dem\u00e1s funcionarios de la auditor\u00eda interna, establecidas en esta Ley.<\/p>\n\n\n\n<p>Cuando se trate de actos u omisiones de \u00f3rganos colegiados, la responsabilidad ser\u00e1 atribuida a todos sus integrantes, salvo que conste, de manera expresa, el voto negativo.<\/p>\n\n\n\n<pre class=\"wp-block-verse\"><em>Este art\u00edculo claramente indica la obligaci\u00f3n que tienen todas las personas con alg\u00fan cargo de autoridad en el adecuado funcionamiento del sistema de control interno y tambi\u00e9n define la afectaci\u00f3n que tendr\u00e1n estas personas o cualquier otra que deba ejecutar acciones dentro del SCI y no cumpla con esta obligaci\u00f3n.<\/em><\/pre>\n","protected":false},"excerpt":{"rendered":"<p>Causales de responsabilidad administrativa El jerarca y los titulares subordinados incurrir\u00e1n en responsabilidad administrativa y civil, cuando corresponda, si incumplen injustificadamente los deberes asignados en [&hellip;]<\/p>\n","protected":false},"author":1,"featured_media":0,"parent":29,"menu_order":48,"comment_status":"closed","ping_status":"closed","template":"","meta":{"inline_featured_image":false,"footnotes":""},"class_list":["post-196","page","type-page","status-publish","hentry"],"_links":{"self":[{"href":"https:\/\/multimedia.uned.ac.cr\/pem\/wp\/control-interno\/wp-json\/wp\/v2\/pages\/196","targetHints":{"allow":["GET"]}}],"collection":[{"href":"https:\/\/multimedia.uned.ac.cr\/pem\/wp\/control-interno\/wp-json\/wp\/v2\/pages"}],"about":[{"href":"https:\/\/multimedia.uned.ac.cr\/pem\/wp\/control-interno\/wp-json\/wp\/v2\/types\/page"}],"author":[{"embeddable":true,"href":"https:\/\/multimedia.uned.ac.cr\/pem\/wp\/control-interno\/wp-json\/wp\/v2\/users\/1"}],"replies":[{"embeddable":true,"href":"https:\/\/multimedia.uned.ac.cr\/pem\/wp\/control-interno\/wp-json\/wp\/v2\/comments?post=196"}],"version-history":[{"count":0,"href":"https:\/\/multimedia.uned.ac.cr\/pem\/wp\/control-interno\/wp-json\/wp\/v2\/pages\/196\/revisions"}],"up":[{"embeddable":true,"href":"https:\/\/multimedia.uned.ac.cr\/pem\/wp\/control-interno\/wp-json\/wp\/v2\/pages\/29"}],"wp:attachment":[{"href":"https:\/\/multimedia.uned.ac.cr\/pem\/wp\/control-interno\/wp-json\/wp\/v2\/media?parent=196"}],"curies":[{"name":"wp","href":"https:\/\/api.w.org\/{rel}","templated":true}]}}