{"id":177,"date":"2021-10-15T19:46:52","date_gmt":"2021-10-15T19:46:52","guid":{"rendered":"https:\/\/multimediades.uned.ac.cr\/pem\/wp\/control-interno\/?page_id=177"},"modified":"2021-10-15T19:46:52","modified_gmt":"2021-10-15T19:46:52","slug":"6-1-definicion-de-seguimiento-del-sci","status":"publish","type":"page","link":"https:\/\/multimedia.uned.ac.cr\/pem\/wp\/control-interno\/modulo-6-seguimiento-del-sci\/6-1-definicion-de-seguimiento-del-sci\/","title":{"rendered":"6.1. Definici\u00f3n de seguimiento del SCI"},"content":{"rendered":"\n<p>Seg\u00fan las normas de control interno se entiende como seguimiento el componente funcional que Incluye las actividades que se realizan para valorar la calidad del funcionamiento de los elementos del SCI a trav\u00e9s del tiempo y para asegurar que se implementen con prontitud y efectividad las medidas adoptadas como producto de los hallazgos de auditor\u00eda y los resultados de otras revisiones.<\/p>\n\n\n\n<p>El art\u00edculo 17 de la LGCI define el seguimiento del sistema de control interno como las actividades que se realizan para valorar la calidad del funcionamiento del sistema de control interno, a lo largo del tiempo; asimismo, para asegurar que los hallazgos de la auditor\u00eda y los resultados de otras revisiones se atiendan con prontitud.<\/p>\n\n\n\n<p>La norma 6.1 indica que el jerarca y los titulares subordinados, seg\u00fan sus competencias, deben dise\u00f1ar, adoptar, evaluar y perfeccionar, como parte del SCI, actividades permanentes y peri\u00f3dicas de seguimiento para valorar la calidad del funcionamiento de los elementos del sistema a lo largo del tiempo, as\u00ed como para asegurar que las medidas producto de los hallazgos de auditor\u00eda y los resultados de otras revisiones se atiendan de manera efectiva y con prontitud. <\/p>\n\n\n\n<p>Con el seguimiento es posible identificar el estado de implementaci\u00f3n de controles como de otras medidas definidas para fortalecer el SCI. Esta acci\u00f3n se puede ejecutar de varias maneras, entre las cuales est\u00e1n el seguimiento durante el desarrollo de las tareas cotidianas o el ejecutado por una persona externa al proceso.<\/p>\n","protected":false},"excerpt":{"rendered":"<p>Seg\u00fan las normas de control interno se entiende como seguimiento el componente funcional que Incluye las actividades que se realizan para valorar la calidad del [&hellip;]<\/p>\n","protected":false},"author":1,"featured_media":0,"parent":27,"menu_order":41,"comment_status":"closed","ping_status":"closed","template":"","meta":{"inline_featured_image":false,"footnotes":""},"class_list":["post-177","page","type-page","status-publish","hentry"],"_links":{"self":[{"href":"https:\/\/multimedia.uned.ac.cr\/pem\/wp\/control-interno\/wp-json\/wp\/v2\/pages\/177","targetHints":{"allow":["GET"]}}],"collection":[{"href":"https:\/\/multimedia.uned.ac.cr\/pem\/wp\/control-interno\/wp-json\/wp\/v2\/pages"}],"about":[{"href":"https:\/\/multimedia.uned.ac.cr\/pem\/wp\/control-interno\/wp-json\/wp\/v2\/types\/page"}],"author":[{"embeddable":true,"href":"https:\/\/multimedia.uned.ac.cr\/pem\/wp\/control-interno\/wp-json\/wp\/v2\/users\/1"}],"replies":[{"embeddable":true,"href":"https:\/\/multimedia.uned.ac.cr\/pem\/wp\/control-interno\/wp-json\/wp\/v2\/comments?post=177"}],"version-history":[{"count":0,"href":"https:\/\/multimedia.uned.ac.cr\/pem\/wp\/control-interno\/wp-json\/wp\/v2\/pages\/177\/revisions"}],"up":[{"embeddable":true,"href":"https:\/\/multimedia.uned.ac.cr\/pem\/wp\/control-interno\/wp-json\/wp\/v2\/pages\/27"}],"wp:attachment":[{"href":"https:\/\/multimedia.uned.ac.cr\/pem\/wp\/control-interno\/wp-json\/wp\/v2\/media?parent=177"}],"curies":[{"name":"wp","href":"https:\/\/api.w.org\/{rel}","templated":true}]}}