{"id":119,"date":"2021-10-15T17:32:52","date_gmt":"2021-10-15T17:32:52","guid":{"rendered":"https:\/\/multimediades.uned.ac.cr\/pem\/wp\/control-interno\/?page_id=119"},"modified":"2021-10-15T17:32:52","modified_gmt":"2021-10-15T17:32:52","slug":"4-4-proteccion-y-conservacion-del-patrimonio","status":"publish","type":"page","link":"https:\/\/multimedia.uned.ac.cr\/pem\/wp\/control-interno\/modulo-4-actividades-de-control\/4-4-proteccion-y-conservacion-del-patrimonio\/","title":{"rendered":"4.4. Protecci\u00f3n y conservaci\u00f3n del patrimonio"},"content":{"rendered":"\n<p>La norma 4.3 se\u00f1ala las funciones en cuanto protecci\u00f3n y conservaci\u00f3n del patrimonio que deben cumplir las autoridades y las jefaturas, de acuerdo con sus competencias. <\/p>\n\n\n\n<p><\/p>\n\n\n\n<p>Deben establecer, evaluar y perfeccionar las actividades de control que busquen asegurar razonablemente la protecci\u00f3n, custodia, inventario, correcto uso y control de los activos de la instituci\u00f3n. Todo esto teniendo en cuenta el bloque de legalidad, la naturaleza de los activos y los riesgos relevantes a los que estos se puedan exponer. <\/p>\n\n\n\n<p><\/p>\n\n\n\n<p>Las normas presentan un grupo de actividades de control en cuanto a protecci\u00f3n y conservaci\u00f3n del patrimonio, pero son las autoridades y jefaturas quienes definen cuales aplicar a sus procesos, de acuerdo con la instituci\u00f3n.<\/p>\n\n\n\n<div class=\"wp-block-getwid-toggle has-icon-left\">\n<div class=\"wp-block-getwid-toggle__row\"><div class=\"wp-block-getwid-toggle__header-wrapper\"><span class=\"wp-block-getwid-toggle__header\"><a href=\"#\"><span class=\"wp-block-getwid-toggle__header-title\">4.4.1. Administraci\u00f3n de activos<\/span><span class=\"wp-block-getwid-toggle__icon is-active\"><i class=\"fas fa-plus\"><\/i><\/span><span class=\"wp-block-getwid-toggle__icon is-passive\"><i class=\"fas fa-minus\"><\/i><\/span><\/a><\/span><\/div><div class=\"wp-block-getwid-toggle__content-wrapper\"><div class=\"wp-block-getwid-toggle__content\">\n<p>La norma 4.3.1. indica que las autoridades y las jefaturas, seg\u00fan sus competencias, deben establecer, actualizar y comunicar las regulaciones con respecto al uso, conservaci\u00f3n y custodia de los activos pertenecientes a la instituci\u00f3n. Adicionalmente indica que se debe considerar por lo menos:<\/p>\n\n\n\n<ol type=\"a\" class=\"list-alpha wp-block-list\"><li>La programaci\u00f3n de las necesidades de determinados activos.<\/li><li>La asignaci\u00f3n de responsables por el uso, control y mantenimiento de los activos, incluyendo la definici\u00f3n de deberes y funciones.<\/li><li>El control, registro y custodia de la documentaci\u00f3n asociada a las adquisici\u00f3n, inscripci\u00f3n, uso, control y mantenimiento de activos.<\/li><li>El control de los activos asignados a dependencias desconcentradas o descentralizadas.<\/li><li>El cumplimiento de requerimientos legales asociados a determinados activos.<\/li><li>Los convenios interinstitucionales para pr\u00e9stamo de activos.<\/li><li>El tratamiento de activos obsoletos, en desuso o que requieran reparaciones costosas.<\/li><\/ol>\n\n\n\n<pre class=\"wp-block-verse\"><em>Todos estos requerimientos deben estar incluidos en el reglamento de activos de la instituci\u00f3n.<\/em><\/pre>\n<\/div><\/div><\/div>\n\n\n\n<div class=\"wp-block-getwid-toggle__row\"><div class=\"wp-block-getwid-toggle__header-wrapper\"><span class=\"wp-block-getwid-toggle__header\"><a href=\"#\"><span class=\"wp-block-getwid-toggle__header-title\">4.4.2. Custodia de activos<\/span><span class=\"wp-block-getwid-toggle__icon is-active\"><i class=\"fas fa-plus\"><\/i><\/span><span class=\"wp-block-getwid-toggle__icon is-passive\"><i class=\"fas fa-minus\"><\/i><\/span><\/a><\/span><\/div><div class=\"wp-block-getwid-toggle__content-wrapper\"><div class=\"wp-block-getwid-toggle__content\">\n<p>La norma 4.3.2 sobre custodia de los activos, se\u00f1ala que a cada funcionario que utilice normalmente en el desarrollo de sus labores activos, se le debe asigna su custodia formalmente. Cuando existen activos a ser utilizados por m\u00faltiples funcionarios la custodia y administraci\u00f3n debe encomendarse a un funcionario responsable de su uso y acceso.<\/p>\n\n\n\n<pre class=\"wp-block-verse\"><em>En la universidad los activos que cada funcionario utiliza le son asignados para su respectivo uso y custodia. La lista de los activos de los cuales cada funcionario es responsable se pueden ver en el sistema de informaci\u00f3n de activos disponible en la intranet de la instituci\u00f3n.<\/em><\/pre>\n<\/div><\/div><\/div>\n\n\n\n<div class=\"wp-block-getwid-toggle__row\"><div class=\"wp-block-getwid-toggle__header-wrapper\"><span class=\"wp-block-getwid-toggle__header\"><a href=\"#\"><span class=\"wp-block-getwid-toggle__header-title\">4.4.3. Regulaciones y dispositivos de seguridad<\/span><span class=\"wp-block-getwid-toggle__icon is-active\"><i class=\"fas fa-plus\"><\/i><\/span><span class=\"wp-block-getwid-toggle__icon is-passive\"><i class=\"fas fa-minus\"><\/i><\/span><\/a><\/span><\/div><div class=\"wp-block-getwid-toggle__content-wrapper\"><div class=\"wp-block-getwid-toggle__content\">\n<p>La norma 4.3.3 indica que las autoridades y jefaturas, seg\u00fan sus competencias, deben disponer y vigilar la aplicaci\u00f3n de las regulaciones y los dispositivos de seguridad que se estimen pertinentes seg\u00fan la naturaleza de los activos y la relevancia de los riesgos asociados.<\/p>\n\n\n\n<pre class=\"wp-block-verse\"><em>La vigilancia y dispositivos de seguridad dependen del tipo de activo, su valor y su ubicaci\u00f3n. Es importante tener en cuenta todos estos aspectos de manera que los controles no salgan m\u00e1s costosos que el valor del activo.<\/em><\/pre>\n<\/div><\/div><\/div>\n<\/div>\n\n\n\n<h4 class=\"wp-block-heading\"><strong>Casos<\/strong><\/h4>\n\n\n\n<p>A continuaci\u00f3n, se le presentan una serie de casos o situaciones que ejemplifican incumplimientos de lo definido en estas normas de protecci\u00f3n y conservaci\u00f3n del patrimonio. Val\u00f3relos y anal\u00edcelos.<\/p>\n\n\n\n<div class=\"wp-block-getwid-toggle has-icon-left\">\n<div class=\"wp-block-getwid-toggle__row\"><div class=\"wp-block-getwid-toggle__header-wrapper\"><span class=\"wp-block-getwid-toggle__header\"><a href=\"#\"><span class=\"wp-block-getwid-toggle__header-title\">Caso No. 3: Control de activos<\/span><span class=\"wp-block-getwid-toggle__icon is-active\"><i class=\"fas fa-plus\"><\/i><\/span><span class=\"wp-block-getwid-toggle__icon is-passive\"><i class=\"fas fa-minus\"><\/i><\/span><\/a><\/span><\/div><div class=\"wp-block-getwid-toggle__content-wrapper\"><div class=\"wp-block-getwid-toggle__content\">\n<p class=\"case-block-text\" id=\"case-block-text\">En la oficina donde trabaja Mat\u00edas tambi\u00e9n hay personal de otra oficina, es decir, comparten el espacio dos oficinas de \u00edndole muy diferente lo cual complica mucho el cuido de los activos, pues hay activos compartidos como la impresora que es utilizada por todos. En una oportunidad se le perdi\u00f3 una pieza a la impresora y por eso no funcionaba y ninguna de las dos oficinas se quer\u00eda hacer responsable de la p\u00e9rdida y debido que la usaban muchas personas no fue posible determinar qui\u00e9n se llev\u00f3 la pieza y debido a este inconveniente la reparaci\u00f3n de esta dur\u00f3 varios d\u00edas y Mat\u00edas y sus compa\u00f1eros tuvieron que buscar ayuda en otras oficinas.<\/p>\n<\/div><\/div><\/div>\n\n\n\n<div class=\"wp-block-getwid-toggle__row\"><div class=\"wp-block-getwid-toggle__header-wrapper\"><span class=\"wp-block-getwid-toggle__header\"><a href=\"#\"><span class=\"wp-block-getwid-toggle__header-title\">Caso No. 4: Activos de laboratorio<\/span><span class=\"wp-block-getwid-toggle__icon is-active\"><i class=\"fas fa-plus\"><\/i><\/span><span class=\"wp-block-getwid-toggle__icon is-passive\"><i class=\"fas fa-minus\"><\/i><\/span><\/a><\/span><\/div><div class=\"wp-block-getwid-toggle__content-wrapper\"><div class=\"wp-block-getwid-toggle__content\">\n<p class=\"case-block-text\">En el laboratorio de qu\u00edmica se utilizan una variedad de instrumentos muy delicados, entre ellos el medidor de pH, en una ocasi\u00f3n este medidor apareci\u00f3 quebrado y no se ten\u00eda reporte por parte de alg\u00fan docente, estudiante o funcionario que indicara lo ocurrido, por lo cual en el momento que se iba a utilizar fue cuando se detect\u00f3 el problema. Lo que ocasion\u00f3 un atraso a los estudiantes en la ejecuci\u00f3n de la pr\u00e1ctica que deb\u00edan hacer ya que hasta que no fue posible volver a comprar el medidor de pH los estudiantes no pudieron abordar esa pr\u00e1ctica. Si la persona que quebr\u00f3 el instrumento hubiera informado lo ocurrido en el momento, esta situaci\u00f3n no se hubiera presentado, pues se habr\u00edan realizado oportunamente todas las acciones necesarias para comprar r\u00e1pidamente el instrumento y as\u00ed no afectar a los estudiantes.<\/p>\n<\/div><\/div><\/div>\n\n\n\n<div class=\"wp-block-getwid-toggle__row\"><div class=\"wp-block-getwid-toggle__header-wrapper\"><span class=\"wp-block-getwid-toggle__header\"><a href=\"#\"><span class=\"wp-block-getwid-toggle__header-title\">Caso No. 5: Control de acceso<\/span><span class=\"wp-block-getwid-toggle__icon is-active\"><i class=\"fas fa-plus\"><\/i><\/span><span class=\"wp-block-getwid-toggle__icon is-passive\"><i class=\"fas fa-minus\"><\/i><\/span><\/a><\/span><\/div><div class=\"wp-block-getwid-toggle__content-wrapper\"><div class=\"wp-block-getwid-toggle__content\">\n<p class=\"case-block-text\">Rosario es la encargada del centro de datos de una organizaci\u00f3n, ella cuenta con un carnet que le permite ingresar a este centro, solamente ella y otra persona tienen ese acceso, en una oportunidad se requiri\u00f3 contratar a una empresa externa para que realizara mantenimiento a los equipos. Cuando llegaron los encargados del mantenimiento Rosario los llev\u00f3 al centro de datos y los dej\u00f3 entrar usando su carnet, en ese momento llamaron de urgencia a Rosario pues deb\u00eda atender un incidente en otra oficina, por lo que ella dej\u00f3 la puerta del centro de datos abierta pues si la cerraba los encargados del mantenimiento no pod\u00edan volver a ingresar. Cuando los encargados del mantenimiento finalizaron su trabajo salieron y dejaron la puerta abierta sin percatarse que cualquier persona pudiera ingresar. Horas m\u00e1s tarde cuando Rosario volvi\u00f3 al centro de datos se dio cuenta que faltaban unos dispositivos y ahora no sab\u00eda si los responsables de su p\u00e9rdida eran los que realizaron el mantenimiento o cualquier otra persona que entr\u00f3 al lugar.<\/p>\n<\/div><\/div><\/div>\n\n\n\n<div class=\"wp-block-getwid-toggle__row\"><div class=\"wp-block-getwid-toggle__header-wrapper\"><span class=\"wp-block-getwid-toggle__header\"><a href=\"#\"><span class=\"wp-block-getwid-toggle__header-title\">Caso No. 6: Todos se fueron<\/span><span class=\"wp-block-getwid-toggle__icon is-active\"><i class=\"fas fa-plus\"><\/i><\/span><span class=\"wp-block-getwid-toggle__icon is-passive\"><i class=\"fas fa-minus\"><\/i><\/span><\/a><\/span><\/div><div class=\"wp-block-getwid-toggle__content-wrapper\"><div class=\"wp-block-getwid-toggle__content\">\n<p class=\"case-block-text\">Camila trabaja en una oficina cercana a la secretar\u00eda de la organizaci\u00f3n, un d\u00eda ella termin\u00f3 tarde su jornada laboral y cuando iba saliendo pas\u00f3 por la secretar\u00eda donde se ubican varios equipos, las llaves de todas las oficinas e informaci\u00f3n sensible, y se da cuenta que las luces est\u00e1n encendidas y la puerta est\u00e1 abierta, entonces ingresa a la oficina y al ver que ya es tarde y no hay nadie comienza a llamar a algunas personas que trabajan en esa oficina y de las cuales tiene el tel\u00e9fono y llega a la conclusi\u00f3n de que la persona que siempre sale de ultimo y cierra la oficina ese d\u00eda sali\u00f3 m\u00e1s temprano y asumi\u00f3 que otra compa\u00f1era apagar\u00eda los equipos y las luces y cerrar\u00eda con llave la puerta, sin&nbsp; embargo esta otra persona no sab\u00eda que era la \u00faltima en salir ese d\u00eda y se fue dejando la oficina abierta. Por lo que Camila lo que hizo fue apagar los equipos y las luces y cerrar la puerta sin ponerle llave ya que no contaba con las mismas.<\/p>\n<\/div><\/div><\/div>\n<\/div>\n","protected":false},"excerpt":{"rendered":"<p>La norma 4.3 se\u00f1ala las funciones en cuanto protecci\u00f3n y conservaci\u00f3n del patrimonio que deben cumplir las autoridades y las jefaturas, de acuerdo con sus [&hellip;]<\/p>\n","protected":false},"author":1,"featured_media":0,"parent":23,"menu_order":26,"comment_status":"closed","ping_status":"closed","template":"","meta":{"inline_featured_image":false,"footnotes":""},"class_list":["post-119","page","type-page","status-publish","hentry"],"_links":{"self":[{"href":"https:\/\/multimedia.uned.ac.cr\/pem\/wp\/control-interno\/wp-json\/wp\/v2\/pages\/119","targetHints":{"allow":["GET"]}}],"collection":[{"href":"https:\/\/multimedia.uned.ac.cr\/pem\/wp\/control-interno\/wp-json\/wp\/v2\/pages"}],"about":[{"href":"https:\/\/multimedia.uned.ac.cr\/pem\/wp\/control-interno\/wp-json\/wp\/v2\/types\/page"}],"author":[{"embeddable":true,"href":"https:\/\/multimedia.uned.ac.cr\/pem\/wp\/control-interno\/wp-json\/wp\/v2\/users\/1"}],"replies":[{"embeddable":true,"href":"https:\/\/multimedia.uned.ac.cr\/pem\/wp\/control-interno\/wp-json\/wp\/v2\/comments?post=119"}],"version-history":[{"count":0,"href":"https:\/\/multimedia.uned.ac.cr\/pem\/wp\/control-interno\/wp-json\/wp\/v2\/pages\/119\/revisions"}],"up":[{"embeddable":true,"href":"https:\/\/multimedia.uned.ac.cr\/pem\/wp\/control-interno\/wp-json\/wp\/v2\/pages\/23"}],"wp:attachment":[{"href":"https:\/\/multimedia.uned.ac.cr\/pem\/wp\/control-interno\/wp-json\/wp\/v2\/media?parent=119"}],"curies":[{"name":"wp","href":"https:\/\/api.w.org\/{rel}","templated":true}]}}