{"id":100,"date":"2021-10-15T17:18:16","date_gmt":"2021-10-15T17:18:16","guid":{"rendered":"https:\/\/multimediades.uned.ac.cr\/pem\/wp\/control-interno\/?page_id=100"},"modified":"2021-10-15T17:18:16","modified_gmt":"2021-10-15T17:18:16","slug":"3-4-vinculacion-con-la-planificacion-institucional","status":"publish","type":"page","link":"https:\/\/multimedia.uned.ac.cr\/pem\/wp\/control-interno\/modulo-3-valoracion-del-riesgo\/3-4-vinculacion-con-la-planificacion-institucional\/","title":{"rendered":"3.4. Vinculaci\u00f3n con la planificaci\u00f3n institucional"},"content":{"rendered":"\n<p>La norma 3.3 indica que la valoraci\u00f3n del riesgo debe sustentarse en un proceso de planificaci\u00f3n que considere la misi\u00f3n y la visi\u00f3n institucionales, as\u00ed como objetivos, metas, pol\u00edticas e indicadores de desempe\u00f1o claros, medibles, realistas y aplicables, establecidos con base en un conocimiento adecuado del ambiente interno y externo en que la instituci\u00f3n desarrolla sus operaciones, y en consecuencia, de los riesgos correspondientes. <\/p>\n\n\n\n<p><\/p>\n\n\n\n<p>Asimismo, los resultados de la valoraci\u00f3n del riesgo deben ser insumos para retroalimentar ese proceso de planificaci\u00f3n, aportando elementos para que el jerarca y los titulares subordinados est\u00e9n en capacidad de revisar, evaluar y ajustar peri\u00f3dicamente los enunciados y supuestos que sustentan los procesos de planificaci\u00f3n estrat\u00e9gica y operativa institucional, para determinar su validez ante la din\u00e1mica del entorno y de los riesgos internos y externos.<\/p>\n\n\n\n<h4 class=\"wp-block-heading\"><strong>Casos<\/strong><\/h4>\n\n\n\n<p>A continuaci\u00f3n, se le presenta un caso o situaci\u00f3n que ejemplifican la importancia de aplicar el SEVRI. Val\u00f3relo y anal\u00edcelo.<\/p>\n\n\n\n<div class=\"wp-block-getwid-toggle has-icon-left\">\n<div class=\"wp-block-getwid-toggle__row\"><div class=\"wp-block-getwid-toggle__header-wrapper\"><span class=\"wp-block-getwid-toggle__header\"><a href=\"#\"><span class=\"wp-block-getwid-toggle__header-title\">Caso No. 7: La bodega peligrosa<\/span><span class=\"wp-block-getwid-toggle__icon is-active\"><i class=\"fas fa-plus\"><\/i><\/span><span class=\"wp-block-getwid-toggle__icon is-passive\"><i class=\"fas fa-minus\"><\/i><\/span><\/a><\/span><\/div><div class=\"wp-block-getwid-toggle__content-wrapper\"><div class=\"wp-block-getwid-toggle__content\">\n<p class=\"case-block-text\">En el laboratorio de qu\u00edmica se utiliza una gran cantidad de equipos y materiales de diferentes tipos que en su mayor\u00eda presentan peligro por si solos o si se mezclan con otros, estos materiales son almacenados en una bodega sin la adecuada demarcaci\u00f3n, rotulaci\u00f3n e higiene, es decir, no cuenta con lo que los est\u00e1ndares y normativa exigen a este tipo de espacio. Alberto es la persona encargada del inventario de los materiales por lo que el mantiene un buen control en la salida y entrada de los insumos, sin embargo, el no tiene mucho conocimiento sobre el adecuado manejo y almacenamiento de este tipo de productos y debido a la no existencia de rotulaci\u00f3n el ubica los productos donde hay espacio disponible, sin tener en cuenta la compatibilidad de estos. En una ocasi\u00f3n sal\u00eda de la bodega un olor muy fuerte por lo que varias personas entraron a la bodega para ver que estaba pasando y se dieron cuenta que un producto combustible se estaba derramando y estaba llegando a otra serie de productos de los cuales no se sab\u00eda su comportamiento al entrar en contacto con el combustible, por lo que la decisi\u00f3n fue salir de las instalaciones y llamar a los bomberos. Despu\u00e9s de que llegaron los bomberos controlaron la situaci\u00f3n y a ra\u00edz de la investigaci\u00f3n realizada por los bomberos y conocer el mal manejo de la bodega el ministerio de salud cerro las instalaciones del laboratorio de qu\u00edmica hasta que no se realizaran las adecuaciones a las instalaciones, lo que gener\u00f3 un atraso en los estudiantes que requer\u00edan el uso del laboratorio.<\/p>\n<\/div><\/div><\/div>\n<\/div>\n","protected":false},"excerpt":{"rendered":"<p>La norma 3.3 indica que la valoraci\u00f3n del riesgo debe sustentarse en un proceso de planificaci\u00f3n que considere la misi\u00f3n y la visi\u00f3n institucionales, as\u00ed [&hellip;]<\/p>\n","protected":false},"author":1,"featured_media":0,"parent":21,"menu_order":21,"comment_status":"closed","ping_status":"closed","template":"","meta":{"inline_featured_image":false,"footnotes":""},"class_list":["post-100","page","type-page","status-publish","hentry"],"_links":{"self":[{"href":"https:\/\/multimedia.uned.ac.cr\/pem\/wp\/control-interno\/wp-json\/wp\/v2\/pages\/100","targetHints":{"allow":["GET"]}}],"collection":[{"href":"https:\/\/multimedia.uned.ac.cr\/pem\/wp\/control-interno\/wp-json\/wp\/v2\/pages"}],"about":[{"href":"https:\/\/multimedia.uned.ac.cr\/pem\/wp\/control-interno\/wp-json\/wp\/v2\/types\/page"}],"author":[{"embeddable":true,"href":"https:\/\/multimedia.uned.ac.cr\/pem\/wp\/control-interno\/wp-json\/wp\/v2\/users\/1"}],"replies":[{"embeddable":true,"href":"https:\/\/multimedia.uned.ac.cr\/pem\/wp\/control-interno\/wp-json\/wp\/v2\/comments?post=100"}],"version-history":[{"count":0,"href":"https:\/\/multimedia.uned.ac.cr\/pem\/wp\/control-interno\/wp-json\/wp\/v2\/pages\/100\/revisions"}],"up":[{"embeddable":true,"href":"https:\/\/multimedia.uned.ac.cr\/pem\/wp\/control-interno\/wp-json\/wp\/v2\/pages\/21"}],"wp:attachment":[{"href":"https:\/\/multimedia.uned.ac.cr\/pem\/wp\/control-interno\/wp-json\/wp\/v2\/media?parent=100"}],"curies":[{"name":"wp","href":"https:\/\/api.w.org\/{rel}","templated":true}]}}