{"id":6,"date":"2021-04-15T11:44:08","date_gmt":"2021-04-15T17:44:08","guid":{"rendered":"https:\/\/multimedia.uned.ac.cr\/pem\/libros\/help\/"},"modified":"2024-05-30T11:06:46","modified_gmt":"2024-05-30T17:06:46","slug":"help","status":"publish","type":"page","link":"https:\/\/multimedia.uned.ac.cr\/pem\/libros\/help\/","title":{"rendered":"Ayuda"},"content":{"rendered":"<p>La forma m\u00e1s f\u00e1cil de comenzar con Libros Multimedia es seguir el <a href=\"https:\/\/multimedia.uned.ac.cr\/pem\/libros\/manual\">Manual de usuario para el uso de Pressbooks<\/a>.<\/p>\n<p>Si necesita m\u00e1s ayuda, comun\u00edquese con el administrador de este sitio.<\/p>\n","protected":false},"excerpt":{"rendered":"<p>La forma m\u00e1s f\u00e1cil de comenzar con Libros Multimedia es seguir el Manual de usuario para el uso de Pressbooks. Si necesita m\u00e1s ayuda, comun\u00edquese con el administrador de este sitio.<\/p>\n","protected":false},"author":1,"featured_media":0,"parent":0,"menu_order":0,"comment_status":"closed","ping_status":"closed","template":"","meta":{"footnotes":""},"class_list":["post-6","page","type-page","status-publish","hentry"],"_links":{"self":[{"href":"https:\/\/multimedia.uned.ac.cr\/pem\/libros\/wp-json\/wp\/v2\/pages\/6","targetHints":{"allow":["GET"]}}],"collection":[{"href":"https:\/\/multimedia.uned.ac.cr\/pem\/libros\/wp-json\/wp\/v2\/pages"}],"about":[{"href":"https:\/\/multimedia.uned.ac.cr\/pem\/libros\/wp-json\/wp\/v2\/types\/page"}],"author":[{"embeddable":true,"href":"https:\/\/multimedia.uned.ac.cr\/pem\/libros\/wp-json\/wp\/v2\/users\/1"}],"replies":[{"embeddable":true,"href":"https:\/\/multimedia.uned.ac.cr\/pem\/libros\/wp-json\/wp\/v2\/comments?post=6"}],"version-history":[{"count":3,"href":"https:\/\/multimedia.uned.ac.cr\/pem\/libros\/wp-json\/wp\/v2\/pages\/6\/revisions"}],"predecessor-version":[{"id":174,"href":"https:\/\/multimedia.uned.ac.cr\/pem\/libros\/wp-json\/wp\/v2\/pages\/6\/revisions\/174"}],"wp:attachment":[{"href":"https:\/\/multimedia.uned.ac.cr\/pem\/libros\/wp-json\/wp\/v2\/media?parent=6"}],"curies":[{"name":"wp","href":"https:\/\/api.w.org\/{rel}","templated":true}]}}