{"id":5,"date":"2021-04-15T11:44:08","date_gmt":"2021-04-15T17:44:08","guid":{"rendered":"https:\/\/multimedia.uned.ac.cr\/pem\/libros\/about\/"},"modified":"2024-05-30T11:10:00","modified_gmt":"2024-05-30T17:10:00","slug":"acerca-de","status":"publish","type":"page","link":"https:\/\/multimedia.uned.ac.cr\/pem\/libros\/acerca-de\/","title":{"rendered":"Acerca de"},"content":{"rendered":"<p><strong>Libros Multimedia<\/strong> es un software de producci\u00f3n de libros. Sirve para publicar libros de texto, monograf\u00edas acad\u00e9micas, programas de estudios, libros de ficci\u00f3n y no ficci\u00f3n, informes t\u00e9cnicos y m\u00e1s en varios formatos, entre los que se incluyen PDF y EPUB.<\/p>\n<p><strong>Libros Multimedia<\/strong> est\u00e1 hecho con <strong>Pressbooks<\/strong>, software abierto utilizado por instituciones educativas de todo el mundo, as\u00ed como por autores y editores.<\/p>\n<p>Para obtener m\u00e1s informaci\u00f3n sobre Pressbooks, <a href=\"https:\/\/pressbooks.com\/about\">consulte aqu\u00ed<\/a>.<\/p>\n<h2>Caracter\u00edsticas<\/h2>\n<p>Libros Multimedia es una aplicaci\u00f3n en l\u00ednea que permite a autores y editoriales dise\u00f1ar y dar forma a cualquier tipo de libro, incluyendo:<\/p>\n<ul>\n<li><strong>PDF: <\/strong>digital o para imprimir bajo demanda<\/li>\n<li><strong>EPUB:<\/strong> para Apple Books, Nook, Kobo y muchas otras plataformas de libros electr\u00f3nicos<\/li>\n<li><strong>Libro Web:<\/strong> privado o p\u00fablico<\/li>\n<\/ul>\n<p>Todos los formatos de libros son producidos utilizando plantillas que est\u00e1n optimizadas para verse correctamente en una variedad de formas y tama\u00f1os. Esto incluye el uso de lectores, tel\u00e9fonos, o tabletas para libros electr\u00f3nicos, as\u00ed como p\u00e1ginas impresas.<\/p>\n<p>Los archivos PDF y EPUB pueden ser exportados y descargados desde Pressbooks hasta su dispositivo, luego a\u00f1adidos al servicio de distribuci\u00f3n de preferencia.<\/p>\n<h3>El Libro Web<\/h3>\n<p>El Libro Web es una versi\u00f3n web del libro que est\u00e1 hospedado en <strong>Libros Multimedia<\/strong> y que pueden ser distribuidos de forma gratuita al p\u00fablico. La plataforma se puede utilizar para producir y distribuir recursos educativos abiertos (REA). A diferencia de los PDF y los libros electr\u00f3nicos, el Libro Web es una versi\u00f3n din\u00e1mica del libro que no necesita ser exportada o descargada.<\/p>\n<p>Libros Multimedia produce una versi\u00f3n web de cada libro. Se puede ver en cualquier momento al hacer clic en el enlace <strong>Visitar libro<\/strong> ubicado debajo del t\u00edtulo del libro en el men\u00fa superior. Sin embargo, el libro se mantendr\u00e1 <strong>privado<\/strong> hasta que se modifiquen la configuraci\u00f3n de privacidad a <strong>p\u00fablico<\/strong>.<\/p>\n<p>Fuente: <a href=\"https:\/\/guide.pressbooks.com\/\">Gu\u00eda de uso de Pressbooks<\/a><\/p>\n","protected":false},"excerpt":{"rendered":"<p>Libros Multimedia es un software de producci\u00f3n de libros. Sirve para publicar libros de texto, monograf\u00edas acad\u00e9micas, programas de estudios, libros de ficci\u00f3n y no ficci\u00f3n, informes t\u00e9cnicos y m\u00e1s en varios formatos, entre los que se incluyen PDF y EPUB. Libros Multimedia est\u00e1 hecho con Pressbooks, software abierto utilizado por instituciones educativas de todo &hellip; <a href=\"https:\/\/multimedia.uned.ac.cr\/pem\/libros\/acerca-de\/\">Continued<\/a><\/p>\n","protected":false},"author":1,"featured_media":0,"parent":0,"menu_order":0,"comment_status":"closed","ping_status":"closed","template":"","meta":{"footnotes":""},"class_list":["post-5","page","type-page","status-publish","hentry"],"_links":{"self":[{"href":"https:\/\/multimedia.uned.ac.cr\/pem\/libros\/wp-json\/wp\/v2\/pages\/5","targetHints":{"allow":["GET"]}}],"collection":[{"href":"https:\/\/multimedia.uned.ac.cr\/pem\/libros\/wp-json\/wp\/v2\/pages"}],"about":[{"href":"https:\/\/multimedia.uned.ac.cr\/pem\/libros\/wp-json\/wp\/v2\/types\/page"}],"author":[{"embeddable":true,"href":"https:\/\/multimedia.uned.ac.cr\/pem\/libros\/wp-json\/wp\/v2\/users\/1"}],"replies":[{"embeddable":true,"href":"https:\/\/multimedia.uned.ac.cr\/pem\/libros\/wp-json\/wp\/v2\/comments?post=5"}],"version-history":[{"count":8,"href":"https:\/\/multimedia.uned.ac.cr\/pem\/libros\/wp-json\/wp\/v2\/pages\/5\/revisions"}],"predecessor-version":[{"id":176,"href":"https:\/\/multimedia.uned.ac.cr\/pem\/libros\/wp-json\/wp\/v2\/pages\/5\/revisions\/176"}],"wp:attachment":[{"href":"https:\/\/multimedia.uned.ac.cr\/pem\/libros\/wp-json\/wp\/v2\/media?parent=5"}],"curies":[{"name":"wp","href":"https:\/\/api.w.org\/{rel}","templated":true}]}}