{"id":14,"date":"2025-06-04T19:31:52","date_gmt":"2025-06-04T19:31:52","guid":{"rendered":"https:\/\/multimedia.uned.ac.cr\/ecsh\/x-encuentrodhts\/?page_id=14"},"modified":"2025-09-08T11:34:29","modified_gmt":"2025-09-08T11:34:29","slug":"informacion-de-expositores","status":"publish","type":"page","link":"https:\/\/multimedia.uned.ac.cr\/ecsh\/x-encuentrodhts\/informacion-de-expositores\/","title":{"rendered":"Informaci\u00f3n de expositores"},"content":{"rendered":"\n<p class=\"has-text-color has-link-color wp-elements-496cf6575cc91efe255774f245c55b98\" style=\"color:#0d3996\">A continuaci\u00f3n, se detalla la informaci\u00f3n de las personas expositoras que participar\u00e1n en el X Encuentro de Desarrollo Humano y Turismo Sostenible.<\/p>\n\n\n\n<div class=\"wp-block-columns is-layout-flex wp-container-core-columns-is-layout-9d6595d7 wp-block-columns-is-layout-flex\">\n<div class=\"wp-block-column is-layout-flow wp-block-column-is-layout-flow\">\n<div class=\"wp-block-media-text is-stacked-on-mobile\"><figure class=\"wp-block-media-text__media\"><img loading=\"lazy\" decoding=\"async\" width=\"200\" height=\"200\" src=\"https:\/\/multimedia.uned.ac.cr\/ecsh\/x-encuentrodhts\/wp-content\/uploads\/sites\/45\/2025\/08\/Alberto-Mena.png\" alt=\"\" class=\"wp-image-48 size-full\" srcset=\"https:\/\/multimedia.uned.ac.cr\/ecsh\/x-encuentrodhts\/wp-content\/uploads\/sites\/45\/2025\/08\/Alberto-Mena.png 200w, https:\/\/multimedia.uned.ac.cr\/ecsh\/x-encuentrodhts\/wp-content\/uploads\/sites\/45\/2025\/08\/Alberto-Mena-150x150.png 150w\" sizes=\"auto, (min-width: 900px) 600px, 900px\" \/><\/figure><div class=\"wp-block-media-text__content\">\n<p class=\"has-text-color has-link-color wp-elements-726fd293d649a6f87ff03397f1c140c8\" style=\"color:#0d3996\"><strong>MSc<\/strong>. <strong>Alberto Mena Claros<\/strong><\/p>\n\n\n\n<p class=\"has-text-color has-link-color wp-elements-51fd767fcf4faf1284ed058ba4359772\" style=\"color:#0d3996\">CEO y Fundador de X-TRATEGIC<\/p>\n<\/div><\/div>\n<\/div>\n\n\n\n<div class=\"wp-block-column is-layout-flow wp-block-column-is-layout-flow\">\n<div class=\"wp-block-media-text is-stacked-on-mobile\"><figure class=\"wp-block-media-text__media\"><img loading=\"lazy\" decoding=\"async\" width=\"200\" height=\"200\" src=\"https:\/\/multimedia.uned.ac.cr\/ecsh\/x-encuentrodhts\/wp-content\/uploads\/sites\/45\/2025\/08\/Sylvia.png\" alt=\"\" class=\"wp-image-49 size-full\" srcset=\"https:\/\/multimedia.uned.ac.cr\/ecsh\/x-encuentrodhts\/wp-content\/uploads\/sites\/45\/2025\/08\/Sylvia.png 200w, https:\/\/multimedia.uned.ac.cr\/ecsh\/x-encuentrodhts\/wp-content\/uploads\/sites\/45\/2025\/08\/Sylvia-150x150.png 150w\" sizes=\"auto, (min-width: 900px) 600px, 900px\" \/><\/figure><div class=\"wp-block-media-text__content\">\n<p class=\"has-text-color has-link-color wp-elements-6a9bbc5ac7fb77301e7125cdfd0dcce4\" style=\"color:#0d3996\"><strong>MSc. Sylvia S\u00e1urez Gonz\u00e1lez<\/strong><\/p>\n\n\n\n<p class=\"has-text-color has-link-color wp-elements-4813dedb90184426c09bbbec2da60618\" style=\"color:#0d3996\">CEO de Green Innovations y creadora del Laboratorio de Inteligencia Tur\u00edstica. Docente UNED<\/p>\n<\/div><\/div>\n<\/div>\n<\/div>\n\n\n\n<div class=\"wp-block-columns is-layout-flex wp-container-core-columns-is-layout-9d6595d7 wp-block-columns-is-layout-flex\">\n<div class=\"wp-block-column is-layout-flow wp-block-column-is-layout-flow\">\n<div class=\"wp-block-media-text is-stacked-on-mobile\"><figure class=\"wp-block-media-text__media\"><img loading=\"lazy\" decoding=\"async\" width=\"200\" height=\"200\" src=\"https:\/\/multimedia.uned.ac.cr\/ecsh\/x-encuentrodhts\/wp-content\/uploads\/sites\/45\/2025\/08\/Otoniel.png\" alt=\"\" class=\"wp-image-51 size-full\" srcset=\"https:\/\/multimedia.uned.ac.cr\/ecsh\/x-encuentrodhts\/wp-content\/uploads\/sites\/45\/2025\/08\/Otoniel.png 200w, https:\/\/multimedia.uned.ac.cr\/ecsh\/x-encuentrodhts\/wp-content\/uploads\/sites\/45\/2025\/08\/Otoniel-150x150.png 150w\" sizes=\"auto, (min-width: 900px) 600px, 900px\" \/><\/figure><div class=\"wp-block-media-text__content\">\n<p class=\"has-text-color has-link-color wp-elements-b7afd5be69b6c4bfa8bf9cb421e834fb\" style=\"color:#0d3996\"><strong>Dr.<\/strong> <strong>Otoniel Sosa Rodr\u00edguez<\/strong><\/p>\n\n\n\n<p class=\"has-text-color has-link-color wp-elements-b69ee401dfd54fc308f6c873296e8e49\" style=\"color:#0d3996\">Profesor, Universidad de Colima<\/p>\n<\/div><\/div>\n<\/div>\n\n\n\n<div class=\"wp-block-column is-layout-flow wp-block-column-is-layout-flow\">\n<div class=\"wp-block-media-text is-stacked-on-mobile\"><figure class=\"wp-block-media-text__media\"><img loading=\"lazy\" decoding=\"async\" width=\"200\" height=\"200\" src=\"https:\/\/multimedia.uned.ac.cr\/ecsh\/x-encuentrodhts\/wp-content\/uploads\/sites\/45\/2025\/08\/Julio-Solis.png\" alt=\"\" class=\"wp-image-52 size-full\" srcset=\"https:\/\/multimedia.uned.ac.cr\/ecsh\/x-encuentrodhts\/wp-content\/uploads\/sites\/45\/2025\/08\/Julio-Solis.png 200w, https:\/\/multimedia.uned.ac.cr\/ecsh\/x-encuentrodhts\/wp-content\/uploads\/sites\/45\/2025\/08\/Julio-Solis-150x150.png 150w\" sizes=\"auto, (min-width: 900px) 600px, 900px\" \/><\/figure><div class=\"wp-block-media-text__content\">\n<p class=\"has-text-color has-link-color wp-elements-25df2fa26f0887cebdb53196568f796c\" style=\"color:#0d3996\"><strong>Mag<\/strong>. <strong>Julio Sol\u00eds Moreira<\/strong><\/p>\n\n\n\n<p class=\"has-text-color has-link-color wp-elements-906426d30d21b1e44e97b0e591d61e56\" style=\"color:#0d3996\">CICDE UNED<\/p>\n<\/div><\/div>\n<\/div>\n<\/div>\n\n\n\n<div class=\"wp-block-columns is-layout-flex wp-container-core-columns-is-layout-9d6595d7 wp-block-columns-is-layout-flex\">\n<div class=\"wp-block-column is-layout-flow wp-block-column-is-layout-flow\">\n<div class=\"wp-block-media-text is-stacked-on-mobile\"><figure class=\"wp-block-media-text__media\"><img loading=\"lazy\" decoding=\"async\" width=\"200\" height=\"200\" src=\"https:\/\/multimedia.uned.ac.cr\/ecsh\/x-encuentrodhts\/wp-content\/uploads\/sites\/45\/2025\/08\/Ledys.png\" alt=\"\" class=\"wp-image-53 size-full\" srcset=\"https:\/\/multimedia.uned.ac.cr\/ecsh\/x-encuentrodhts\/wp-content\/uploads\/sites\/45\/2025\/08\/Ledys.png 200w, https:\/\/multimedia.uned.ac.cr\/ecsh\/x-encuentrodhts\/wp-content\/uploads\/sites\/45\/2025\/08\/Ledys-150x150.png 150w\" sizes=\"auto, (min-width: 900px) 600px, 900px\" \/><\/figure><div class=\"wp-block-media-text__content\">\n<p class=\"has-text-color has-link-color wp-elements-cfe15c2fa89a38dfeabb6ac2ec185f39\" style=\"color:#0d3996\"><strong>Dra.<\/strong> <strong>Ledys L\u00f3pez Zapata<\/strong><\/p>\n\n\n\n<p class=\"has-text-color has-link-color wp-elements-dc0f5c7ae170a81ff47bf83f4577c287\" style=\"color:#0d3996\">Directora de Investigaci\u00f3n, Grupo de Investigaci\u00f3n en estudios empresariales y tur\u00edsticos (GiEt)<\/p>\n<\/div><\/div>\n<\/div>\n\n\n\n<div class=\"wp-block-column is-layout-flow wp-block-column-is-layout-flow\">\n<div class=\"wp-block-media-text is-stacked-on-mobile\"><figure class=\"wp-block-media-text__media\"><img loading=\"lazy\" decoding=\"async\" width=\"200\" height=\"200\" src=\"https:\/\/multimedia.uned.ac.cr\/ecsh\/x-encuentrodhts\/wp-content\/uploads\/sites\/45\/2025\/08\/Georgia.png\" alt=\"\" class=\"wp-image-54 size-full\" srcset=\"https:\/\/multimedia.uned.ac.cr\/ecsh\/x-encuentrodhts\/wp-content\/uploads\/sites\/45\/2025\/08\/Georgia.png 200w, https:\/\/multimedia.uned.ac.cr\/ecsh\/x-encuentrodhts\/wp-content\/uploads\/sites\/45\/2025\/08\/Georgia-150x150.png 150w\" sizes=\"auto, (min-width: 900px) 600px, 900px\" \/><\/figure><div class=\"wp-block-media-text__content\">\n<p class=\"has-text-color has-link-color wp-elements-95871abd97a8d5714a7a12ee15382907\" style=\"color:#0d3996\"><strong>Lcda. Georgia Clare Atkin<\/strong><\/p>\n\n\n\n<p class=\"has-text-color has-link-color wp-elements-2cffd0480598b17b64151d6a87a93c34\" style=\"color:#0d3996\">Docente UNED<\/p>\n<\/div><\/div>\n<\/div>\n<\/div>\n\n\n\n<div class=\"wp-block-columns is-layout-flex wp-container-core-columns-is-layout-9d6595d7 wp-block-columns-is-layout-flex\">\n<div class=\"wp-block-column is-layout-flow wp-block-column-is-layout-flow\">\n<div class=\"wp-block-media-text is-stacked-on-mobile\"><figure class=\"wp-block-media-text__media\"><img loading=\"lazy\" decoding=\"async\" width=\"200\" height=\"200\" src=\"https:\/\/multimedia.uned.ac.cr\/ecsh\/x-encuentrodhts\/wp-content\/uploads\/sites\/45\/2025\/09\/Alberto-Sanchez.png\" alt=\"\" class=\"wp-image-111 size-full\" srcset=\"https:\/\/multimedia.uned.ac.cr\/ecsh\/x-encuentrodhts\/wp-content\/uploads\/sites\/45\/2025\/09\/Alberto-Sanchez.png 200w, https:\/\/multimedia.uned.ac.cr\/ecsh\/x-encuentrodhts\/wp-content\/uploads\/sites\/45\/2025\/09\/Alberto-Sanchez-150x150.png 150w\" sizes=\"auto, (min-width: 900px) 600px, 900px\" \/><\/figure><div class=\"wp-block-media-text__content\">\n<p class=\"has-text-color has-link-color wp-elements-7cabf1474ebfd9c2107d0b4f14ab98d4\" style=\"color:#0d3996\"><strong>Mag. Alberto S\u00e1nchez S\u00e1enz<\/strong><\/p>\n\n\n\n<p class=\"has-text-color has-link-color wp-elements-2cffd0480598b17b64151d6a87a93c34\" style=\"color:#0d3996\">Docente UNED<\/p>\n<\/div><\/div>\n<\/div>\n\n\n\n<div class=\"wp-block-column is-layout-flow wp-block-column-is-layout-flow\">\n<div class=\"wp-block-media-text is-stacked-on-mobile\"><figure class=\"wp-block-media-text__media\"><img loading=\"lazy\" decoding=\"async\" width=\"200\" height=\"200\" src=\"https:\/\/multimedia.uned.ac.cr\/ecsh\/x-encuentrodhts\/wp-content\/uploads\/sites\/45\/2025\/08\/Jorge-Mata.png\" alt=\"\" class=\"wp-image-56 size-full\" srcset=\"https:\/\/multimedia.uned.ac.cr\/ecsh\/x-encuentrodhts\/wp-content\/uploads\/sites\/45\/2025\/08\/Jorge-Mata.png 200w, https:\/\/multimedia.uned.ac.cr\/ecsh\/x-encuentrodhts\/wp-content\/uploads\/sites\/45\/2025\/08\/Jorge-Mata-150x150.png 150w\" sizes=\"auto, (min-width: 900px) 600px, 900px\" \/><\/figure><div class=\"wp-block-media-text__content\">\n<p class=\"has-text-color has-link-color wp-elements-18e35ef9506cf2ebc6868e659e8d3c32\" style=\"color:#0d3996\"><strong>Dipl. Jorge Mata Retana <\/strong><\/p>\n\n\n\n<p class=\"has-text-color has-link-color wp-elements-7b498cb93ad4ec309fb524f4011da191\" style=\"color:#0d3996\">Estudiante UNED<\/p>\n<\/div><\/div>\n<\/div>\n<\/div>\n\n\n\n<p><\/p>\n","protected":false},"excerpt":{"rendered":"<p>A continuaci\u00f3n, se detalla la informaci\u00f3n de las personas expositoras que participar\u00e1n en el X Encuentro de Desarrollo Humano y Turismo Sostenible. MSc. Alberto Mena Claros CEO y Fundador de X-TRATEGIC MSc. Sylvia S\u00e1urez Gonz\u00e1lez CEO de Green Innovations y creadora del Laboratorio de Inteligencia Tur\u00edstica. Docente UNED Dr. Otoniel Sosa Rodr\u00edguez Profesor, Universidad de Colima Mag. Julio Sol\u00eds Moreira CICDE UNED Dra. Ledys L\u00f3pez Zapata Directora de Investigaci\u00f3n, Grupo de Investigaci\u00f3n en estudios empresariales y tur\u00edsticos (GiEt) Lcda. Georgia Clare Atkin Docente UNED Mag. Alberto S\u00e1nchez S\u00e1enz Docente UNED Dipl. Jorge Mata Retana Estudiante UNED<\/p>\n","protected":false},"author":2,"featured_media":0,"parent":0,"menu_order":0,"comment_status":"closed","ping_status":"closed","template":"page-full-width.php","meta":{"_acf_changed":false,"_monsterinsights_skip_tracking":false,"_monsterinsights_sitenote_active":false,"_monsterinsights_sitenote_note":"","_monsterinsights_sitenote_category":0,"footnotes":""},"class_list":["post-14","page","type-page","status-publish","hentry"],"acf":[],"_links":{"self":[{"href":"https:\/\/multimedia.uned.ac.cr\/ecsh\/x-encuentrodhts\/wp-json\/wp\/v2\/pages\/14","targetHints":{"allow":["GET"]}}],"collection":[{"href":"https:\/\/multimedia.uned.ac.cr\/ecsh\/x-encuentrodhts\/wp-json\/wp\/v2\/pages"}],"about":[{"href":"https:\/\/multimedia.uned.ac.cr\/ecsh\/x-encuentrodhts\/wp-json\/wp\/v2\/types\/page"}],"author":[{"embeddable":true,"href":"https:\/\/multimedia.uned.ac.cr\/ecsh\/x-encuentrodhts\/wp-json\/wp\/v2\/users\/2"}],"replies":[{"embeddable":true,"href":"https:\/\/multimedia.uned.ac.cr\/ecsh\/x-encuentrodhts\/wp-json\/wp\/v2\/comments?post=14"}],"version-history":[{"count":7,"href":"https:\/\/multimedia.uned.ac.cr\/ecsh\/x-encuentrodhts\/wp-json\/wp\/v2\/pages\/14\/revisions"}],"predecessor-version":[{"id":113,"href":"https:\/\/multimedia.uned.ac.cr\/ecsh\/x-encuentrodhts\/wp-json\/wp\/v2\/pages\/14\/revisions\/113"}],"wp:attachment":[{"href":"https:\/\/multimedia.uned.ac.cr\/ecsh\/x-encuentrodhts\/wp-json\/wp\/v2\/media?parent=14"}],"curies":[{"name":"wp","href":"https:\/\/api.w.org\/{rel}","templated":true}]}}