{"id":12,"date":"2025-06-04T19:31:34","date_gmt":"2025-06-04T19:31:34","guid":{"rendered":"https:\/\/multimedia.uned.ac.cr\/ecsh\/x-encuentrodhts\/?page_id=12"},"modified":"2025-09-08T11:35:07","modified_gmt":"2025-09-08T11:35:07","slug":"agenda-academica","status":"publish","type":"page","link":"https:\/\/multimedia.uned.ac.cr\/ecsh\/x-encuentrodhts\/agenda-academica\/","title":{"rendered":"Agenda acad\u00e9mica"},"content":{"rendered":"\n<p class=\"has-text-color has-link-color wp-elements-2487a1689b393e9c336f41e3a0785c76\" style=\"color:#0c3996\">A continuaci\u00f3n se detalla la agenda acad\u00e9mica que se desarrollar\u00e1 el 19 de setiembre en el Paraninfo Daniel Oduber Quir\u00f3s<\/p>\n\n\n\n<figure class=\"wp-block-table\"><table class=\"has-text-color has-link-color\" style=\"color:#0c3996\"><thead><tr><th>Hora<\/th><th>Actividad<\/th><\/tr><\/thead><tbody><tr><td>8:30 a.m.<\/td><td><strong>Acto de inauguraci\u00f3n del X Encuentro de Desarrollo Humano y Turismo Sostenible<\/strong><\/td><\/tr><tr><td>9:00 a.m. <\/td><td><strong>Conferencia magistral: Inteligencia Artificial en turismo sostenible<\/strong><br><strong>Expositor: <\/strong>MSc. Alberto Mena Claros. CEO y Fundador de X-TRATEGIC, El Salvador.<br><strong>Moderador: <\/strong>Vladimir Cunningham Madrigal<\/td><\/tr><tr><td>9:50 a.m. <\/td><td>Refrigerio<\/td><\/tr><tr><td>10:20 a.m.<\/td><td><strong>Conferencia magistral: Innovaci\u00f3n Tur\u00edstica<\/strong><br><strong>Expositora:<\/strong> MSc. Sylvia S\u00e1urez Gonz\u00e1lez. CEO y Fundador de GRINNcr, Consultora Internacional. Profesora UNED, Costa Rica.<br><strong>Moderador:<\/strong> Vladimir Cunningham Madrigal<\/td><\/tr><tr><td>11:10 a.m.<\/td><td><strong>Conferencia magistral: Gentrificaci\u00f3n<\/strong><br><strong>Expositor: <\/strong>Dr. Otoniel Sosa Rodr\u00edguez. Profesor investigador de la Facultad de Turismo y Gastronom\u00eda. Universidad de Colima, M\u00e9xico.<br><strong>Moderador:<\/strong> Vladimir Cunningham Madrigal<\/td><\/tr><tr><td>12:00 m.d.<\/td><td>Almuerzo<\/td><\/tr><tr><td>1:00 p.m.<\/td><td><strong>Conferencia magistral: Investigaci\u00f3n: Segregaci\u00f3n, gentrificaci\u00f3n y turistificaci\u00f3n en Costa Rica: disputas, territorio y acceso a la ciudad<\/strong><br><strong>Expositor:<\/strong> Mag. Julio Sol\u00eds Moreira, CICDE UNED, Costa Rica.<br><strong>Moderador:<\/strong> Vladimir Cunningham Madrigal<\/td><\/tr><tr><td>1:50 p.m. <\/td><td><strong>Conversatorio: Creando capacidades para el futuro<\/strong><br><strong>Personas expositoras:<\/strong> Dra. Ledis L\u00f3pez Zapata, emprendedora, docente y consultora en turismo, Innovaci\u00f3n-desarrollo-inteligencia tur\u00edstica. Directora de Investigaci\u00f3n, Grupo de Investigaci\u00f3n en Estudios Empresariales y Tur\u00edsticos. Lcda. Georgia Clare Atkin, docente de la C\u00e1tedra de Turismo Sostenible de la UNED, Costa Rica. Mag. Alberto S\u00e1nchez S\u00e1enz, docente de la C\u00e1tedra de Emprendedurismo Tur\u00edstico. Dipl.Jorge Retana, estudiante de la carrera Gesti\u00f3n Tur\u00edstica Sostenible de la UNED, Costa Rica. <br><strong>Moderador:<\/strong> Vladimir Cunningham Madrigal<\/td><\/tr><tr><td>3:10 p.m.<\/td><td><strong>Actividad cultural de cierre<\/strong><\/td><\/tr><tr><td>3:40 p.m. <\/td><td><strong>Cierre del Encuentro de Desarrollo Humano y Turismo Sostenible.<\/strong><\/td><\/tr><tr><td>3:50 p.m. <\/td><td><strong>Refrigerio<\/strong><\/td><\/tr><\/tbody><\/table><\/figure>\n\n\n\n<p><\/p>\n","protected":false},"excerpt":{"rendered":"<p>A continuaci\u00f3n se detalla la agenda acad\u00e9mica que se desarrollar\u00e1 el 19 de setiembre en el Paraninfo Daniel Oduber Quir\u00f3s Hora Actividad 8:30 a.m. Acto de inauguraci\u00f3n del X Encuentro de Desarrollo Humano y Turismo Sostenible 9:00 a.m. Conferencia magistral: Inteligencia Artificial en turismo sostenibleExpositor: MSc. Alberto Mena Claros. CEO y Fundador de X-TRATEGIC, El Salvador.Moderador: Vladimir Cunningham Madrigal 9:50 a.m. Refrigerio 10:20 a.m. Conferencia magistral: Innovaci\u00f3n Tur\u00edsticaExpositora: MSc. Sylvia S\u00e1urez Gonz\u00e1lez. CEO y Fundador de GRINNcr, Consultora Internacional. Profesora UNED, Costa Rica.Moderador: Vladimir Cunningham Madrigal 11:10 a.m. Conferencia magistral: Gentrificaci\u00f3nExpositor: Dr. Otoniel Sosa Rodr\u00edguez. Profesor investigador de la Facultad\u2026<\/p>\n","protected":false},"author":2,"featured_media":0,"parent":0,"menu_order":0,"comment_status":"closed","ping_status":"closed","template":"page-full-width.php","meta":{"_acf_changed":false,"_monsterinsights_skip_tracking":false,"_monsterinsights_sitenote_active":false,"_monsterinsights_sitenote_note":"","_monsterinsights_sitenote_category":0,"footnotes":""},"class_list":["post-12","page","type-page","status-publish","hentry"],"acf":[],"_links":{"self":[{"href":"https:\/\/multimedia.uned.ac.cr\/ecsh\/x-encuentrodhts\/wp-json\/wp\/v2\/pages\/12","targetHints":{"allow":["GET"]}}],"collection":[{"href":"https:\/\/multimedia.uned.ac.cr\/ecsh\/x-encuentrodhts\/wp-json\/wp\/v2\/pages"}],"about":[{"href":"https:\/\/multimedia.uned.ac.cr\/ecsh\/x-encuentrodhts\/wp-json\/wp\/v2\/types\/page"}],"author":[{"embeddable":true,"href":"https:\/\/multimedia.uned.ac.cr\/ecsh\/x-encuentrodhts\/wp-json\/wp\/v2\/users\/2"}],"replies":[{"embeddable":true,"href":"https:\/\/multimedia.uned.ac.cr\/ecsh\/x-encuentrodhts\/wp-json\/wp\/v2\/comments?post=12"}],"version-history":[{"count":13,"href":"https:\/\/multimedia.uned.ac.cr\/ecsh\/x-encuentrodhts\/wp-json\/wp\/v2\/pages\/12\/revisions"}],"predecessor-version":[{"id":115,"href":"https:\/\/multimedia.uned.ac.cr\/ecsh\/x-encuentrodhts\/wp-json\/wp\/v2\/pages\/12\/revisions\/115"}],"wp:attachment":[{"href":"https:\/\/multimedia.uned.ac.cr\/ecsh\/x-encuentrodhts\/wp-json\/wp\/v2\/media?parent=12"}],"curies":[{"name":"wp","href":"https:\/\/api.w.org\/{rel}","templated":true}]}}