{"id":10,"date":"2025-06-04T19:31:16","date_gmt":"2025-06-04T19:31:16","guid":{"rendered":"https:\/\/multimedia.uned.ac.cr\/ecsh\/x-encuentrodhts\/?page_id=10"},"modified":"2025-09-05T20:40:23","modified_gmt":"2025-09-05T20:40:23","slug":"bienvenida","status":"publish","type":"page","link":"https:\/\/multimedia.uned.ac.cr\/ecsh\/x-encuentrodhts\/","title":{"rendered":"Bienvenida"},"content":{"rendered":"\n<p class=\"has-text-color has-link-color wp-elements-753275761a950c35f3e251a83aced149\" style=\"color:#0c3996\">El d\u00eda <strong>viernes 19 de setiembre , 2025 <\/strong>en el marco de la celebraci\u00f3n del D\u00eda Mundial del Turismo, se llevar\u00e1 a cabo el&nbsp;<strong>X Encuentro de Desarrollo Humano y Turismo Sostenible<\/strong>, el cual en su d\u00e9cima edici\u00f3n, en 2025 se centrar\u00e1 en la tem\u00e1tica&nbsp;<strong>Turismo y Transformaci\u00f3n Sostenible.&nbsp;<\/strong>&nbsp;Esta actividad se transmitir\u00e1 en vivo a trav\u00e9s del canal de Facebook de la Escuela de Ciencias Sociales y Humanidades y el canal de YouTube de Audiovisuales de la UNED.<\/p>\n\n\n\n<p class=\"has-text-color has-link-color wp-elements-6d54e3ed51c45faa0829c91f8551c604\" style=\"color:#0c3996\">El sector tur\u00edstico se encuentra en un momento de profunda transformaci\u00f3n, preparado para aprovechar el poder de las tecnolog\u00edas emergentes. A medida que evolucionan los patrones de viaje y las expectativas de los consumidores, aumenta la demanda de soluciones innovadoras que revolucionen la forma de vivir experiencias en los destinos e interactuar con ellos.<\/p>\n\n\n\n<p class=\"has-text-color has-link-color wp-elements-d27c20a6bd99850322972d192fb78aed\" style=\"color:#0c3996\">Toda transformaci\u00f3n genera efectos a nivel social, ambiental y econ\u00f3mico, en este sentido el abordaje de conceptos como la gentrificaci\u00f3n y la turistificaci\u00f3n se presentan de gran importancia en este espacio. Reflexionar sobre la manera en que la actividad tur\u00edstica repercute en diferentes \u00e1mbitos de los espacios receptores, desde la academia, se constituye en uno de los objetivos de este espacio.<\/p>\n\n\n\n<p class=\"has-text-color has-link-color wp-elements-ac52ec483e40b8272a4f11f33bd327db\" style=\"color:#0c3996\">El an\u00e1lisis de todas estas tem\u00e1ticas permite ahondar en, que capacidades se requieren para el turismo en la actualidad y en el futuro, aspecto de suma importancia y que puede generar elementos interesantes de aplicaci\u00f3n tanto en los programas acad\u00e9micos como en los diferentes territorios del pa\u00eds.<\/p>\n\n\n\n<p class=\"has-text-color has-link-color wp-elements-01bf0c0ffe2c42e49c3cf52082273331\" style=\"color:#0c3996\">A partir del conocimiento de especialistas se valorar\u00e1 la importancia de la tem\u00e1tica como elemento de cumplimiento de los Objetivos del Desarrollo Sostenible, planteados en la Agenda 2030.<\/p>\n\n\n\n<p class=\"has-text-color has-link-color wp-elements-15b458e345cac1d397e5fcd85f4b8f64\" style=\"color:#0c3996\">Las personas interesadas en participar en este evento principal, deber\u00e1n inscribirse en el\u00a0<strong>formulario<\/strong>\u00a0habilitado para esta actividad, se encuentra disponible y se cerrar\u00e1 el  18 de setiembre, 2025.<\/p>\n\n\n\n<h2 class=\"wp-block-heading has-text-color has-link-color wp-elements-2f5c6bae368d3adbbb8e3723b2778811\" style=\"color:#0c3996\">Ejes tem\u00e1ticos <\/h2>\n\n\n\n<div class=\"wp-block-columns is-layout-flex wp-container-core-columns-is-layout-9d6595d7 wp-block-columns-is-layout-flex\">\n<div class=\"wp-block-column is-layout-flow wp-block-column-is-layout-flow\"><div class=\"wp-block-image\">\n<figure class=\"aligncenter size-full\"><img loading=\"lazy\" decoding=\"async\" width=\"1000\" height=\"1000\" src=\"https:\/\/multimedia.uned.ac.cr\/ecsh\/x-encuentrodhts\/wp-content\/uploads\/sites\/45\/2025\/09\/1-Eje-Innovacion-y-tecnologia-en-turismo.png\" alt=\"\" class=\"wp-image-101\" srcset=\"https:\/\/multimedia.uned.ac.cr\/ecsh\/x-encuentrodhts\/wp-content\/uploads\/sites\/45\/2025\/09\/1-Eje-Innovacion-y-tecnologia-en-turismo.png 1000w, https:\/\/multimedia.uned.ac.cr\/ecsh\/x-encuentrodhts\/wp-content\/uploads\/sites\/45\/2025\/09\/1-Eje-Innovacion-y-tecnologia-en-turismo-300x300.png 300w, https:\/\/multimedia.uned.ac.cr\/ecsh\/x-encuentrodhts\/wp-content\/uploads\/sites\/45\/2025\/09\/1-Eje-Innovacion-y-tecnologia-en-turismo-150x150.png 150w, https:\/\/multimedia.uned.ac.cr\/ecsh\/x-encuentrodhts\/wp-content\/uploads\/sites\/45\/2025\/09\/1-Eje-Innovacion-y-tecnologia-en-turismo-768x768.png 768w\" sizes=\"auto, (min-width: 900px) 600px, 900px\" \/><\/figure>\n<\/div>\n\n\n<p class=\"has-text-align-center has-text-color has-link-color wp-elements-bf8f9bad77fc079f1dbb67350984db4e\" style=\"color:#0d3996\"><strong>Innovaci\u00f3n y tecnolog\u00eda en turismo<\/strong><\/p>\n<\/div>\n\n\n\n<div class=\"wp-block-column is-layout-flow wp-block-column-is-layout-flow\"><div class=\"wp-block-image\">\n<figure class=\"aligncenter size-full\"><img loading=\"lazy\" decoding=\"async\" width=\"1000\" height=\"1000\" src=\"https:\/\/multimedia.uned.ac.cr\/ecsh\/x-encuentrodhts\/wp-content\/uploads\/sites\/45\/2025\/09\/2-Eje-Gentrificacion.png\" alt=\"\" class=\"wp-image-102\" srcset=\"https:\/\/multimedia.uned.ac.cr\/ecsh\/x-encuentrodhts\/wp-content\/uploads\/sites\/45\/2025\/09\/2-Eje-Gentrificacion.png 1000w, https:\/\/multimedia.uned.ac.cr\/ecsh\/x-encuentrodhts\/wp-content\/uploads\/sites\/45\/2025\/09\/2-Eje-Gentrificacion-300x300.png 300w, https:\/\/multimedia.uned.ac.cr\/ecsh\/x-encuentrodhts\/wp-content\/uploads\/sites\/45\/2025\/09\/2-Eje-Gentrificacion-150x150.png 150w, https:\/\/multimedia.uned.ac.cr\/ecsh\/x-encuentrodhts\/wp-content\/uploads\/sites\/45\/2025\/09\/2-Eje-Gentrificacion-768x768.png 768w\" sizes=\"auto, (min-width: 900px) 600px, 900px\" \/><\/figure>\n<\/div>\n\n\n<p class=\"has-text-align-center has-text-color has-link-color wp-elements-5ee20ed36abfa5e351782692fd0af316\" style=\"color:#0d3996\"><strong>Gentrificaci\u00f3n<\/strong><\/p>\n<\/div>\n\n\n\n<div class=\"wp-block-column is-layout-flow wp-block-column-is-layout-flow\"><div class=\"wp-block-image\">\n<figure class=\"aligncenter size-full\"><img loading=\"lazy\" decoding=\"async\" width=\"1000\" height=\"1000\" src=\"https:\/\/multimedia.uned.ac.cr\/ecsh\/x-encuentrodhts\/wp-content\/uploads\/sites\/45\/2025\/09\/3-Eje-Capacidades-para-el-turismo-del-futuro.png\" alt=\"\" class=\"wp-image-103\" srcset=\"https:\/\/multimedia.uned.ac.cr\/ecsh\/x-encuentrodhts\/wp-content\/uploads\/sites\/45\/2025\/09\/3-Eje-Capacidades-para-el-turismo-del-futuro.png 1000w, https:\/\/multimedia.uned.ac.cr\/ecsh\/x-encuentrodhts\/wp-content\/uploads\/sites\/45\/2025\/09\/3-Eje-Capacidades-para-el-turismo-del-futuro-300x300.png 300w, https:\/\/multimedia.uned.ac.cr\/ecsh\/x-encuentrodhts\/wp-content\/uploads\/sites\/45\/2025\/09\/3-Eje-Capacidades-para-el-turismo-del-futuro-150x150.png 150w, https:\/\/multimedia.uned.ac.cr\/ecsh\/x-encuentrodhts\/wp-content\/uploads\/sites\/45\/2025\/09\/3-Eje-Capacidades-para-el-turismo-del-futuro-768x768.png 768w\" sizes=\"auto, (min-width: 900px) 600px, 900px\" \/><\/figure>\n<\/div>\n\n\n<p class=\"has-text-align-center has-text-color has-link-color wp-elements-381151d3e94ed6e2d7f61fd4f43f14b4\" style=\"color:#0d3996\"><strong>Capacidades para el turismo del futuro<\/strong><\/p>\n<\/div>\n<\/div>\n\n\n<div class=\"wp-block-image\">\n<figure class=\"aligncenter size-large\"><img loading=\"lazy\" decoding=\"async\" width=\"663\" height=\"1024\" src=\"https:\/\/multimedia.uned.ac.cr\/ecsh\/x-encuentrodhts\/wp-content\/uploads\/sites\/45\/2025\/09\/Afiche_Vertical-663x1024.jpg\" alt=\"\" class=\"wp-image-78\" srcset=\"https:\/\/multimedia.uned.ac.cr\/ecsh\/x-encuentrodhts\/wp-content\/uploads\/sites\/45\/2025\/09\/Afiche_Vertical-663x1024.jpg 663w, https:\/\/multimedia.uned.ac.cr\/ecsh\/x-encuentrodhts\/wp-content\/uploads\/sites\/45\/2025\/09\/Afiche_Vertical-194x300.jpg 194w, https:\/\/multimedia.uned.ac.cr\/ecsh\/x-encuentrodhts\/wp-content\/uploads\/sites\/45\/2025\/09\/Afiche_Vertical-768x1187.jpg 768w, https:\/\/multimedia.uned.ac.cr\/ecsh\/x-encuentrodhts\/wp-content\/uploads\/sites\/45\/2025\/09\/Afiche_Vertical-994x1536.jpg 994w, https:\/\/multimedia.uned.ac.cr\/ecsh\/x-encuentrodhts\/wp-content\/uploads\/sites\/45\/2025\/09\/Afiche_Vertical-1325x2048.jpg 1325w, https:\/\/multimedia.uned.ac.cr\/ecsh\/x-encuentrodhts\/wp-content\/uploads\/sites\/45\/2025\/09\/Afiche_Vertical-scaled.jpg 1656w\" sizes=\"auto, (min-width: 900px) 600px, 900px\" \/><\/figure>\n<\/div>\n\n\n<h2 class=\"wp-block-heading has-text-color has-link-color wp-elements-8483d150acf1006b1d24e4c91cc9596f\" style=\"color:#0c3996\">Instancias aliadas:<\/h2>\n\n\n\n<div class=\"wp-block-columns is-layout-flex wp-container-core-columns-is-layout-9d6595d7 wp-block-columns-is-layout-flex\">\n<div class=\"wp-block-column is-layout-flow wp-block-column-is-layout-flow\">\n<figure class=\"wp-block-image size-large\"><img loading=\"lazy\" decoding=\"async\" width=\"1024\" height=\"352\" src=\"https:\/\/multimedia.uned.ac.cr\/ecsh\/x-encuentrodhts\/wp-content\/uploads\/sites\/45\/2025\/09\/Captura-de-pantalla-2025-09-04-a-las-2.55.42\u202fp.-m-1024x352.png\" alt=\"\" class=\"wp-image-95\" srcset=\"https:\/\/multimedia.uned.ac.cr\/ecsh\/x-encuentrodhts\/wp-content\/uploads\/sites\/45\/2025\/09\/Captura-de-pantalla-2025-09-04-a-las-2.55.42\u202fp.-m-1024x352.png 1024w, https:\/\/multimedia.uned.ac.cr\/ecsh\/x-encuentrodhts\/wp-content\/uploads\/sites\/45\/2025\/09\/Captura-de-pantalla-2025-09-04-a-las-2.55.42\u202fp.-m-300x103.png 300w, https:\/\/multimedia.uned.ac.cr\/ecsh\/x-encuentrodhts\/wp-content\/uploads\/sites\/45\/2025\/09\/Captura-de-pantalla-2025-09-04-a-las-2.55.42\u202fp.-m-768x264.png 768w, https:\/\/multimedia.uned.ac.cr\/ecsh\/x-encuentrodhts\/wp-content\/uploads\/sites\/45\/2025\/09\/Captura-de-pantalla-2025-09-04-a-las-2.55.42\u202fp.-m-1536x527.png 1536w, https:\/\/multimedia.uned.ac.cr\/ecsh\/x-encuentrodhts\/wp-content\/uploads\/sites\/45\/2025\/09\/Captura-de-pantalla-2025-09-04-a-las-2.55.42\u202fp.-m-2048x703.png 2048w\" sizes=\"auto, (min-width: 900px) 600px, 900px\" \/><\/figure>\n<\/div>\n\n\n\n<div class=\"wp-block-column is-layout-flow wp-block-column-is-layout-flow\"><div class=\"wp-block-image\">\n<figure class=\"aligncenter size-large is-resized\"><img loading=\"lazy\" decoding=\"async\" width=\"1024\" height=\"455\" src=\"https:\/\/multimedia.uned.ac.cr\/ecsh\/x-encuentrodhts\/wp-content\/uploads\/sites\/45\/2025\/09\/UdeC-1L-Verde-364-1024x455.png\" alt=\"\" class=\"wp-image-89\" style=\"width:313px;height:auto\" srcset=\"https:\/\/multimedia.uned.ac.cr\/ecsh\/x-encuentrodhts\/wp-content\/uploads\/sites\/45\/2025\/09\/UdeC-1L-Verde-364-1024x455.png 1024w, https:\/\/multimedia.uned.ac.cr\/ecsh\/x-encuentrodhts\/wp-content\/uploads\/sites\/45\/2025\/09\/UdeC-1L-Verde-364-300x133.png 300w, https:\/\/multimedia.uned.ac.cr\/ecsh\/x-encuentrodhts\/wp-content\/uploads\/sites\/45\/2025\/09\/UdeC-1L-Verde-364-768x341.png 768w, https:\/\/multimedia.uned.ac.cr\/ecsh\/x-encuentrodhts\/wp-content\/uploads\/sites\/45\/2025\/09\/UdeC-1L-Verde-364-1536x682.png 1536w, https:\/\/multimedia.uned.ac.cr\/ecsh\/x-encuentrodhts\/wp-content\/uploads\/sites\/45\/2025\/09\/UdeC-1L-Verde-364.png 1774w\" sizes=\"auto, (min-width: 900px) 600px, 900px\" \/><\/figure>\n<\/div><\/div>\n<\/div>\n\n\n\n<div class=\"wp-block-columns is-layout-flex wp-container-core-columns-is-layout-9d6595d7 wp-block-columns-is-layout-flex\">\n<div class=\"wp-block-column is-layout-flow wp-block-column-is-layout-flow\"><div class=\"wp-block-image\">\n<figure class=\"aligncenter size-large\"><img loading=\"lazy\" decoding=\"async\" width=\"1024\" height=\"238\" src=\"https:\/\/multimedia.uned.ac.cr\/ecsh\/x-encuentrodhts\/wp-content\/uploads\/sites\/45\/2025\/09\/41-2-1024x238.png\" alt=\"\" class=\"wp-image-98\" srcset=\"https:\/\/multimedia.uned.ac.cr\/ecsh\/x-encuentrodhts\/wp-content\/uploads\/sites\/45\/2025\/09\/41-2-1024x238.png 1024w, https:\/\/multimedia.uned.ac.cr\/ecsh\/x-encuentrodhts\/wp-content\/uploads\/sites\/45\/2025\/09\/41-2-300x70.png 300w, https:\/\/multimedia.uned.ac.cr\/ecsh\/x-encuentrodhts\/wp-content\/uploads\/sites\/45\/2025\/09\/41-2-768x179.png 768w, https:\/\/multimedia.uned.ac.cr\/ecsh\/x-encuentrodhts\/wp-content\/uploads\/sites\/45\/2025\/09\/41-2-1536x357.png 1536w, https:\/\/multimedia.uned.ac.cr\/ecsh\/x-encuentrodhts\/wp-content\/uploads\/sites\/45\/2025\/09\/41-2-2048x476.png 2048w\" sizes=\"auto, (min-width: 900px) 600px, 900px\" \/><\/figure>\n<\/div><\/div>\n\n\n\n<div class=\"wp-block-column is-layout-flow wp-block-column-is-layout-flow\"><div class=\"wp-block-image\">\n<figure class=\"aligncenter size-large is-resized\"><img loading=\"lazy\" decoding=\"async\" width=\"1024\" height=\"519\" src=\"https:\/\/multimedia.uned.ac.cr\/ecsh\/x-encuentrodhts\/wp-content\/uploads\/sites\/45\/2025\/09\/LOGO-GRINN-listo-01-1024x519.jpeg\" alt=\"\" class=\"wp-image-93\" style=\"width:276px;height:auto\" srcset=\"https:\/\/multimedia.uned.ac.cr\/ecsh\/x-encuentrodhts\/wp-content\/uploads\/sites\/45\/2025\/09\/LOGO-GRINN-listo-01-1024x519.jpeg 1024w, https:\/\/multimedia.uned.ac.cr\/ecsh\/x-encuentrodhts\/wp-content\/uploads\/sites\/45\/2025\/09\/LOGO-GRINN-listo-01-300x152.jpeg 300w, https:\/\/multimedia.uned.ac.cr\/ecsh\/x-encuentrodhts\/wp-content\/uploads\/sites\/45\/2025\/09\/LOGO-GRINN-listo-01-768x389.jpeg 768w, https:\/\/multimedia.uned.ac.cr\/ecsh\/x-encuentrodhts\/wp-content\/uploads\/sites\/45\/2025\/09\/LOGO-GRINN-listo-01-1536x778.jpeg 1536w, https:\/\/multimedia.uned.ac.cr\/ecsh\/x-encuentrodhts\/wp-content\/uploads\/sites\/45\/2025\/09\/LOGO-GRINN-listo-01.jpeg 2048w\" sizes=\"auto, (min-width: 900px) 600px, 900px\" \/><\/figure>\n<\/div><\/div>\n<\/div>\n\n\n<div class=\"wp-block-image\">\n<figure class=\"aligncenter size-full is-resized\"><img loading=\"lazy\" decoding=\"async\" width=\"500\" height=\"500\" src=\"https:\/\/multimedia.uned.ac.cr\/ecsh\/x-encuentrodhts\/wp-content\/uploads\/sites\/45\/2025\/09\/Chepetown-Logo3.png\" alt=\"\" class=\"wp-image-94\" style=\"width:263px;height:auto\" srcset=\"https:\/\/multimedia.uned.ac.cr\/ecsh\/x-encuentrodhts\/wp-content\/uploads\/sites\/45\/2025\/09\/Chepetown-Logo3.png 500w, https:\/\/multimedia.uned.ac.cr\/ecsh\/x-encuentrodhts\/wp-content\/uploads\/sites\/45\/2025\/09\/Chepetown-Logo3-300x300.png 300w, https:\/\/multimedia.uned.ac.cr\/ecsh\/x-encuentrodhts\/wp-content\/uploads\/sites\/45\/2025\/09\/Chepetown-Logo3-150x150.png 150w\" sizes=\"auto, (min-width: 900px) 600px, 900px\" \/><\/figure>\n<\/div>\n\n\n<p><\/p>\n","protected":false},"excerpt":{"rendered":"<p>El d\u00eda viernes 19 de setiembre , 2025 en el marco de la celebraci\u00f3n del D\u00eda Mundial del Turismo, se llevar\u00e1 a cabo el&nbsp;X Encuentro de Desarrollo Humano y Turismo Sostenible, el cual en su d\u00e9cima edici\u00f3n, en 2025 se centrar\u00e1 en la tem\u00e1tica&nbsp;Turismo y Transformaci\u00f3n Sostenible.&nbsp;&nbsp;Esta actividad se transmitir\u00e1 en vivo a trav\u00e9s del canal de Facebook de la Escuela de Ciencias Sociales y Humanidades y el canal de YouTube de Audiovisuales de la UNED. El sector tur\u00edstico se encuentra en un momento de profunda transformaci\u00f3n, preparado para aprovechar el poder de las tecnolog\u00edas emergentes. A medida que evolucionan\u2026<\/p>\n","protected":false},"author":2,"featured_media":0,"parent":0,"menu_order":0,"comment_status":"closed","ping_status":"closed","template":"page-full-width.php","meta":{"_acf_changed":false,"_monsterinsights_skip_tracking":false,"_monsterinsights_sitenote_active":false,"_monsterinsights_sitenote_note":"","_monsterinsights_sitenote_category":0,"footnotes":""},"class_list":["post-10","page","type-page","status-publish","hentry"],"acf":[],"_links":{"self":[{"href":"https:\/\/multimedia.uned.ac.cr\/ecsh\/x-encuentrodhts\/wp-json\/wp\/v2\/pages\/10","targetHints":{"allow":["GET"]}}],"collection":[{"href":"https:\/\/multimedia.uned.ac.cr\/ecsh\/x-encuentrodhts\/wp-json\/wp\/v2\/pages"}],"about":[{"href":"https:\/\/multimedia.uned.ac.cr\/ecsh\/x-encuentrodhts\/wp-json\/wp\/v2\/types\/page"}],"author":[{"embeddable":true,"href":"https:\/\/multimedia.uned.ac.cr\/ecsh\/x-encuentrodhts\/wp-json\/wp\/v2\/users\/2"}],"replies":[{"embeddable":true,"href":"https:\/\/multimedia.uned.ac.cr\/ecsh\/x-encuentrodhts\/wp-json\/wp\/v2\/comments?post=10"}],"version-history":[{"count":13,"href":"https:\/\/multimedia.uned.ac.cr\/ecsh\/x-encuentrodhts\/wp-json\/wp\/v2\/pages\/10\/revisions"}],"predecessor-version":[{"id":105,"href":"https:\/\/multimedia.uned.ac.cr\/ecsh\/x-encuentrodhts\/wp-json\/wp\/v2\/pages\/10\/revisions\/105"}],"wp:attachment":[{"href":"https:\/\/multimedia.uned.ac.cr\/ecsh\/x-encuentrodhts\/wp-json\/wp\/v2\/media?parent=10"}],"curies":[{"name":"wp","href":"https:\/\/api.w.org\/{rel}","templated":true}]}}