{"id":117,"date":"2023-08-30T22:21:54","date_gmt":"2023-08-30T22:21:54","guid":{"rendered":"https:\/\/multimedia.uned.ac.cr\/ecsh\/viii-encuentrodhts\/?page_id=117"},"modified":"2023-09-29T19:02:36","modified_gmt":"2023-09-29T19:02:36","slug":"actividades-regionales","status":"publish","type":"page","link":"https:\/\/multimedia.uned.ac.cr\/ecsh\/viii-encuentrodhts\/actividades-regionales\/","title":{"rendered":"Inscripci\u00f3n actividades regionales"},"content":{"rendered":"\n<p>Como parte del VIII Encuentro de Desarrollo Humano y Turismo Sostenible se desarrollar\u00e1n actividades regionales con el fin de generar espacios de capacitaci\u00f3n en las comunidades en donde se desarrollen actividades tur\u00edsticas. Estas actividades se enmarcar\u00e1n en la tem\u00e1tica del VIII Encuentro de Desarrollo Humano y Turismo Sostenible: Turismo e inversiones verdes. <\/p>\n\n\n\n<p>Aquellas personas que deseen participar en estos espacios de capacitaci\u00f3n deben realizar la inscripci\u00f3n a trav\u00e9s de los siguientes formularios: <\/p>\n\n\n\n<div class=\"wp-block-attire-blocks-tabs atbs-tabs-wrapper\"><style id=\"atbs-tabs-css-ca60eff5\">\n                \/* tab content border *\/\n                #atbs-tabs-ca60eff5 .tab-content{\n                    border-left: 1px solid;\n                    border-right:1px solid;\n                    border-bottom: 1px solid;\n                    border-color: #2BAD59;\n                }\n                #atbs-tabs-ca60eff5 .nav-tabs{\n                    border-bottom:1px solid #2BAD59;\n                }\n                \/* end: tab content border *\/\n                #atbs-tabs-ca60eff5 .nav-tabs .nav-item a{\n                    border-radius: 26px 26px 0 0;\n                }\n                #atbs-tabs-ca60eff5 .nav-tabs .nav-item.show .nav-link, #atbs-tabs-ca60eff5 .nav-tabs .nav-link.active, #atbs-tabs-ca60eff5 .nav-tabs .nav-link:hover{\n                    border: 1px solid;\n                    border-color: #2BAD59 #2BAD59 transparent;\n                    margin-bottom: -1px;\n                }\n                #atbs-tabs-ca60eff5 .nav-tabs .nav-link:not(.active):not(:hover){\n                    border: 1px solid transparent;\n                    border-bottom:0;\n                }#atbs-tabs-ca60eff5 ul.nav li:not(:last-child){\n                    margin-right:5px;           \n                }#atbs-tabs-ca60eff5 .nav-pills .nav-item a{\n                    border:1px solid #2BAD59;\n                    border-radius:26px;\n                }#atbs-tabs-ca60eff5 .nav-link{\n        font-size:16px;\n        text-align:center;\n    }#atbs-tabs-ca60eff5 .nav-link{\n        background-color:#d0ead9;\n    }\n    #atbs-tabs-ca60eff5 .nav-link.active, #atbs-tabs-ca60eff5 .nav-link:hover{\n        background-color:#2BAD59;\n    }#atbs-tabs-ca60eff5 .nav-link{\n        color:#000;\n    }\n    #atbs-tabs-ca60eff5 .nav-link.active{\n        color:#fff;\n    }#atbs-tabs-ca60eff5 .tab-content{\n        background-color:#ffffff;\n    }#atbs-tabs-ca60eff5 .tab-content{\n        margin:0px 0px 0px 0px!important;     \n        padding:20px 10px 20px 10px!important;     \n    }#atbs-tabs-ca60eff5 .nav-item a{\n                    padding: 5px 20px 5px 20px;\n                    margin: 0px 10px 0px 0px;\n                }<\/style><div class=\"\" data-tab-active=\"tab-actividad-regional-osa\" id=\"atbs-tabs-ca60eff5\"><ul class=\"nav nav-tabs \" role=\"tablist\"><li class=\"nav-item\"><a class=\"nav-link active\" data-toggle=\"tab\" data-target=\"[data-id=tab-actividad-regional-osa]\" href=\"#tab-actividad-regional-osa\"><span class=\"atbs-tabs-buttons-item\">Actividad Regional Osa<\/span><\/a><\/li><li class=\"nav-item\"><a class=\"nav-link \" data-toggle=\"tab\" data-target=\"[data-id=tab-actividad-regional-monteverde]\" href=\"#tab-actividad-regional-monteverde\"><span class=\"atbs-tabs-buttons-item\">Actividad Regional Monteverde<\/span><\/a><\/li><\/ul><div class=\"tab-content \">\n<div data-id=\"tab-actividad-regional-osa\" class=\"tab-pane fade active show\" role=\"tabpanel\" aria-labelledby=\"tab-actividad-regional-osa-tab\">\n<p>El evento regional ser\u00e1 desarrollado de manera presencial en el Colegio T\u00e9cnico Profesional de Osa, Palmar Norte, Puntarenas.&nbsp;&nbsp;<\/p>\n\n\n\n<p><\/p>\n\n\n\n<p><strong>Fecha:&nbsp; <\/strong>23 de setiembre de 2023&nbsp;&nbsp;&nbsp;&nbsp;<\/p>\n\n\n\n<p><strong>Duraci\u00f3n:<\/strong> 9:00 a.m. a 12:00 m.d. <\/p>\n\n\n\n<p><strong>Cierre de inscripciones:<\/strong> 22 de setiembre, 2023<\/p>\n\n\n\n<p><\/p>\n\n\n\n<p><strong>Agenda acad\u00e9mica:<\/strong><\/p>\n\n\n\n<p><\/p>\n\n\n\n<ul class=\"wp-block-list\">\n<li><strong>Conferencia:<\/strong> Turismo Regenerativo como motor de desarrollo econ\u00f3mico para las comunidades rurales. <br><strong>Expositora:<\/strong> Licda. Helena Pita, Directora Programa Educaci\u00f3n Ambiental Fundaci\u00f3n Corcovado. <\/li>\n\n\n\n<li><strong>Conferencia: <\/strong>Inversi\u00f3n en educaci\u00f3n y territorios, eje de movilidad social.<br><strong>Expositor:<\/strong> Lic. Erick Villalobos Rojas, C\u00e1tedra de Turismo Sostenible, UNED<\/li>\n\n\n\n<li><strong>Conferencia:<\/strong> Inversi\u00f3n verde en hoteler\u00eda<br><strong>Expositor:<\/strong> Sr. Greivin Castillo Castro, Lapa R\u00edos Lodge.<\/li>\n<\/ul>\n\n\n\n<p><\/p>\n\n\n\n<p><strong>Nota:<\/strong> Se brindar\u00e1 constancia de participaci\u00f3n a las personas que hayan realizado previamente la inscripci\u00f3n y asistan al evento regional.&nbsp;&nbsp;&nbsp;&nbsp;<\/p>\n\n\n\n<p><\/p>\n\n\n\n<p><strong>Contacto:<\/strong> gtursostenible@uned.ac.cr&nbsp;<\/p>\n<\/div>\n\n\n\n<div data-id=\"tab-actividad-regional-monteverde\" class=\"tab-pane fade \" role=\"tabpanel\" aria-labelledby=\"tab-actividad-regional-monteverde-tab\">\n<p>El evento regional ser\u00e1 desarrollado de manera presencial en el Hotel Poco a Poco, Monteverde, Puntarenas.&nbsp;&nbsp;<\/p>\n\n\n\n<p><strong>Fecha:&nbsp; <\/strong>30 de setiembre de 2023&nbsp;&nbsp;&nbsp;&nbsp;<\/p>\n\n\n\n<p><strong>Duraci\u00f3n:<\/strong> 9:00 a.m. a 12:00 m.d.<\/p>\n\n\n\n<p><strong>Cierre de inscripciones:<\/strong> 29 de setiembre, 2023<\/p>\n\n\n\n<p><\/p>\n\n\n\n<p><strong>Agenda acad\u00e9mica:<\/strong><\/p>\n\n\n\n<p><\/p>\n\n\n\n<ul class=\"wp-block-list\">\n<li><strong>Conferencia:<\/strong> De Sostenibilidad a la regeneraci\u00f3n en el turismo<br><strong>Expositora:<\/strong> Sra. Dania Vargas L\u00f3pez, Encargada Administrativa de la Reserva Biol\u00f3gica Monteverde, Centro Cient\u00edfico Tropical. <\/li>\n\n\n\n<li><strong>Conferencia:<\/strong> Investigaci\u00f3n tur\u00edstica<br><strong>Expositor:<\/strong> Sr. Jos\u00e9 David Santamar\u00eda Villegas. Reserva Biol\u00f3gica Bosque Nuboso Monteverde, Centro Cient\u00edfico Tropical.<\/li>\n\n\n\n<li><strong>Conferencia: <\/strong> Gastronom\u00eda Sostenible y Disruptiva: La nueva Estrategia para Costa Rica.<br><strong>Expositor:<\/strong> Sr. Rodrigo Valverde Montoya, Chira Monteverde Glamping Pods, San Lucas Tree Top Dining Experience<\/li>\n<\/ul>\n\n\n\n<p><\/p>\n\n\n\n<p><strong>Nota:<\/strong> Se brindar\u00e1 constancia de participaci\u00f3n a las personas que hayan realizado previamente la inscripci\u00f3n y asistan al evento regional.&nbsp;&nbsp;&nbsp;&nbsp;<\/p>\n\n\n\n<p><\/p>\n\n\n\n<p><strong>Contacto:<\/strong> gtursostenible@uned.ac.cr&nbsp;<\/p>\n<\/div>\n<\/div><\/div><\/div>\n","protected":false},"excerpt":{"rendered":"<p>Como parte del VIII Encuentro de Desarrollo Humano y Turismo Sostenible se desarrollar\u00e1n actividades regionales con el fin de generar espacios de capacitaci\u00f3n en las comunidades en donde se desarrollen actividades tur\u00edsticas. Estas actividades se enmarcar\u00e1n en la tem\u00e1tica del VIII Encuentro de Desarrollo Humano y Turismo Sostenible: Turismo e inversiones verdes. Aquellas personas que deseen participar en estos espacios de capacitaci\u00f3n deben realizar la inscripci\u00f3n a trav\u00e9s de los siguientes formularios:<\/p>\n","protected":false},"author":135,"featured_media":0,"parent":0,"menu_order":0,"comment_status":"closed","ping_status":"closed","template":"page-full-width.php","meta":{"_acf_changed":false,"_monsterinsights_skip_tracking":false,"_monsterinsights_sitenote_active":false,"_monsterinsights_sitenote_note":"","_monsterinsights_sitenote_category":0,"_coblocks_attr":"","_coblocks_dimensions":"","_coblocks_responsive_height":"","_coblocks_accordion_ie_support":"","footnotes":""},"class_list":["post-117","page","type-page","status-publish","hentry"],"acf":[],"_links":{"self":[{"href":"https:\/\/multimedia.uned.ac.cr\/ecsh\/viii-encuentrodhts\/wp-json\/wp\/v2\/pages\/117","targetHints":{"allow":["GET"]}}],"collection":[{"href":"https:\/\/multimedia.uned.ac.cr\/ecsh\/viii-encuentrodhts\/wp-json\/wp\/v2\/pages"}],"about":[{"href":"https:\/\/multimedia.uned.ac.cr\/ecsh\/viii-encuentrodhts\/wp-json\/wp\/v2\/types\/page"}],"author":[{"embeddable":true,"href":"https:\/\/multimedia.uned.ac.cr\/ecsh\/viii-encuentrodhts\/wp-json\/wp\/v2\/users\/135"}],"replies":[{"embeddable":true,"href":"https:\/\/multimedia.uned.ac.cr\/ecsh\/viii-encuentrodhts\/wp-json\/wp\/v2\/comments?post=117"}],"version-history":[{"count":25,"href":"https:\/\/multimedia.uned.ac.cr\/ecsh\/viii-encuentrodhts\/wp-json\/wp\/v2\/pages\/117\/revisions"}],"predecessor-version":[{"id":397,"href":"https:\/\/multimedia.uned.ac.cr\/ecsh\/viii-encuentrodhts\/wp-json\/wp\/v2\/pages\/117\/revisions\/397"}],"wp:attachment":[{"href":"https:\/\/multimedia.uned.ac.cr\/ecsh\/viii-encuentrodhts\/wp-json\/wp\/v2\/media?parent=117"}],"curies":[{"name":"wp","href":"https:\/\/api.w.org\/{rel}","templated":true}]}}