{"id":8,"date":"2021-07-30T15:35:20","date_gmt":"2021-07-30T21:35:20","guid":{"rendered":"https:\/\/multimedia.uned.ac.cr\/ecsh\/vi-encuentrodhts\/?page_id=8"},"modified":"2021-09-23T09:27:10","modified_gmt":"2021-09-23T15:27:10","slug":"agenda-academica","status":"publish","type":"page","link":"https:\/\/multimedia.uned.ac.cr\/ecsh\/vi-encuentrodhts\/agenda-academica\/","title":{"rendered":"Agenda acad\u00e9mica"},"content":{"rendered":"\n<p>Para el VI Encuentro de Desarrollo Humano y Turismo Sostenible se ha preparado una agenda acad\u00e9mica para cada uno de los dos d\u00edas programados, desarrollada por eje tem\u00e1tico abordado.<\/p>\n\n\n\n<p>En esta ocasi\u00f3n se cuenta con  la participaci\u00f3n de destacados especialistas internacionales y nacionales del sector acad\u00e9mico, p\u00fablico y privado tur\u00edstico.<\/p>\n\n\n\n<h2 class=\"has-text-color wp-block-heading\" style=\"color:#395284\">Evento Principal<\/h2>\n\n\n\n<div class=\"wp-block-coblocks-accordion\">\n<div class=\"wp-block-coblocks-accordion-item\" style=\"color:#57a8a1\"><details><summary class=\"wp-block-coblocks-accordion-item__title has-background has-text-color\" style=\"background-color:#e0e3e4;color:#57a8a1\"><strong>Martes 21 de setiembre, 2021<\/strong><\/summary><div class=\"wp-block-coblocks-accordion-item__content\" style=\"border-color:#e0e3e4\">\n<p><\/p>\n\n\n\n<div class=\"wp-block-group\"><div class=\"wp-block-group__inner-container is-layout-flow wp-block-group-is-layout-flow\">\n<figure class=\"wp-block-table is-style-stripes\"><table class=\"has-black-color has-white-background-color has-text-color has-background\"><tbody><tr><td><strong><span style=\"color:#395284\" class=\"has-inline-color\">Hora<\/span><\/strong><\/td><td><strong><span style=\"color:#395284\" class=\"has-inline-color\">Conferencia<\/span><\/strong><\/td><\/tr><tr><td><\/td><td><strong><span style=\"color:#5d6e20\" class=\"has-inline-color\">Eje Innovaci\u00f3n<\/span><\/strong><\/td><\/tr><tr><td>8:30 a.m. <\/td><td><br><strong>Inauguraci\u00f3n VI Encuentro de Desarrollo Humano y Turismo Sostenible <br><\/strong><\/td><\/tr><tr><td>9:00 a.m.<\/td><td><strong>Conferencia magistral: Tendencias en el reinicio del turismo<\/strong><br>M\u00e1ster Gustavo Segura Sancho, Ministro de Turismo Costa Rica<br><a href=\"https:\/\/www.youtube.com\/watch?v=cbDF4vYlJOc&amp;t=161s\" target=\"_blank\" rel=\"noreferrer noopener\">https:\/\/www.youtube.com\/watch?v=cbDF4vYlJOc&amp;t=161s<\/a><\/td><\/tr><tr><td>10:00 a.m.<\/td><td><strong>Conferencia:\u00a0El turismo en Centroam\u00e9rica, retos y oportunidades de la transformaci\u00f3n digital<\/strong><br>M\u00e1ster Leda Peralta Quesada\u00a0<br>Oficial de Asuntos Econ\u00f3micos de la Unidad de Comercio Internacional e Industria, de la Sede Subregional de la CEPAL en M\u00e9xico<br><a href=\"https:\/\/www.youtube.com\/watch?v=EZXcla8sgjU&amp;t=35s\" target=\"_blank\" rel=\"noreferrer noopener\">https:\/\/www.youtube.com\/watch?v=EZXcla8sgjU&amp;t=35s<\/a><\/td><\/tr><tr><td>11:00 a.m.<\/td><td><strong>Conferencia:\u00a0Recuperaci\u00f3n de la movilidad tur\u00edstica a nivel global a trav\u00e9s de la tecnolog\u00eda: Tarjeta Sanitaria Universal<\/strong><br>M\u00e1ster Antonio L\u00f3pez de \u00c1vila Mu\u00f1oz\u00a0\u00a0<br>Co-Founder\u00a0&amp; CEO,\u00a0Tourism\u00a0Data\u00a0Driven\u00a0Solutions\u00a0(TDDS), presidente de\u00a0Turisfera,\u00a0Cluster\u00a0de Innovaci\u00f3n Tur\u00edstica de Canarias, Expresidente de la Sociedad Estatal para la Gesti\u00f3n de la Innovaci\u00f3n y las Tecnolog\u00edas Tur\u00edsticas,\u00a0SEGITTUR<br><a href=\"https:\/\/www.youtube.com\/watch?v=Fvr_w95wxl4&amp;t=26s\" target=\"_blank\" rel=\"noreferrer noopener\">https:\/\/www.youtube.com\/watch?v=Fvr_w95wxl4&amp;t=26s<\/a><\/td><\/tr><tr><td>12:00 m.d.<\/td><td><strong>Almuerzo<\/strong><\/td><\/tr><tr><td><\/td><td><span style=\"color:#395284\" class=\"has-inline-color\"><strong>Eje Uso y generaci\u00f3n de datos para la toma de decisiones<\/strong><\/span><\/td><\/tr><tr><td>1:00 p.m. <\/td><td><strong>Conferencia: Inteligencia tur\u00edstica: La importancia de los datos<\/strong><br>M\u00e1ster\u00a0Carlos Romero\u00a0Dexeus\u00a0<br>Director de investigaci\u00f3n, Desarrollo e Innovaci\u00f3n de la\u00a0Sociedad Estatal para la Gesti\u00f3n de la Innovaci\u00f3n y las Tecnolog\u00edas Tur\u00edsticas,\u00a0SEGITTUR, ex Director Ejecutivo de la Organizaci\u00f3n Mundial del Turismo (OMT)<br><a href=\"https:\/\/www.youtube.com\/watch?v=ax4RGZ4qF-E&amp;t=24s\" target=\"_blank\" rel=\"noreferrer noopener\">https:\/\/www.youtube.com\/watch?v=ax4RGZ4qF-E&amp;t=24s<\/a><\/td><\/tr><tr><td>2:00 p.m.<\/td><td><strong>Conferencia: Consumo y turismo interno en\u00a0Centroam\u00e9rica: ejemplo del uso de datos para la toma de decisiones asertivas.\u00a0<\/strong>\u00a0<br>M\u00e1ster\u00a0Ilka\u00a0Aguilar\u00a0Valle\u00a0\u00a0<br>Secretaria General,\u00a0Secretar\u00eda de Integraci\u00f3n\u00a0Tur\u00edstica de\u00a0Centroam\u00e9rica,\u00a0SITCA<br><a href=\"https:\/\/www.youtube.com\/watch?v=ANg--hEGlK0&amp;t=20s\" target=\"_blank\" rel=\"noreferrer noopener\">https:\/\/www.youtube.com\/watch?v=ANg&#8211;hEGlK0&amp;t=20s<\/a><\/td><\/tr><tr><td>3:00 p.m. <\/td><td><strong>Panel:\u00a0Resignificaci\u00f3n del trabajo decente en el contexto actual del turismo.<\/strong>\u00a0<br>M\u00e1ster Efra\u00edn\u00a0Quica\u00f1a\u00a0Navarro, Especialista Regional en Econom\u00eda Rural de la Organizaci\u00f3n Internacional del Trabajo (OIT) para Am\u00e9rica Latina y el Caribe<br>M\u00e1ster Silvia Lara Povedano, Ministra de Trabajo y Seguridad Social (MTSS) <br>M\u00e1ster Kathia Valverde Madrigal, Recursos Humanos de Viajes Col\u00f3n, Representante del sector privado ante la Comisi\u00f3n de Educaci\u00f3n Tur\u00edstica y Hoteler\u00eda de Costa Rica\u00a0\u00a0<br>Doctor Alberto L\u00f3pez Chaves, Gerente General del Instituto Costarricense de Turismo<br><a href=\"https:\/\/www.youtube.com\/watch?v=VIaeMQyUcmU&amp;t=45s\" target=\"_blank\" rel=\"noreferrer noopener\">https:\/\/www.youtube.com\/watch?v=VIaeMQyUcmU&amp;t=45s<\/a><\/td><\/tr><\/tbody><\/table><figcaption>\u00danicamente se entregar\u00e1 constancia de partici\u00f3n a aquellas personas que hayan realizado previamente la inscripci\u00f3n y completen la evaluaci\u00f3n del Encuentro<\/figcaption><\/figure>\n<\/div><\/div>\n<\/div><\/details><\/div>\n<\/div>\n\n\n\n<div class=\"wp-block-coblocks-accordion\">\n<div class=\"wp-block-coblocks-accordion-item\" style=\"color:#57a8a1\"><details><summary class=\"wp-block-coblocks-accordion-item__title has-background has-text-color\" style=\"background-color:#e0e3e4;color:#57a8a1\"><strong>Mi\u00e9rcoles 22 de setiembre, 2021<\/strong><\/summary><div class=\"wp-block-coblocks-accordion-item__content\" style=\"border-color:#e0e3e4\">\n<p><\/p>\n\n\n\n<figure class=\"wp-block-table is-style-stripes\"><table class=\"has-black-color has-text-color\"><tbody><tr><td><strong><span style=\"color:#395284\" class=\"has-inline-color\">Hora <\/span><\/strong><\/td><td><span style=\"color:#395284\" class=\"has-inline-color\"><strong>Conferencia<\/strong><\/span><\/td><\/tr><tr><td><\/td><td><strong><span style=\"color:#57a8a1\" class=\"has-inline-color\">Eje Educaci\u00f3n <\/span><\/strong><\/td><\/tr><tr><td>8:20 a.m. <\/td><td><strong>Bienvenida a segundo d\u00eda del VI Encuentro de Desarrollo Humano y Turismo Sostenible. <\/strong><\/td><\/tr><tr><td>8:30 a.m. <\/td><td><strong>Panel:&nbsp;Retos y tendencias de la educaci\u00f3n Tur\u00edstica universitaria.<\/strong>&nbsp;<br>Moderado por el presidente de la Comisi\u00f3n Nacional de Educaci\u00f3n Tur\u00edstica y Hotelera (CNETH), Licenciado Rafael Soto Quir\u00f3s&nbsp;&nbsp;<br>DoctorJos\u00e9 \u00c1ngel Vargas&nbsp;Vargas, Vicerrector de Docencia&nbsp;de la Universidad de Costa Rica<br>M\u00e1ster Stefanny&nbsp;Forester Delgado, representante de CONARE ante la CNETH<br>M\u00e1ster Silvia&nbsp;S\u00e1urez&nbsp;Gonz\u00e1lez, representante de ACOPROT ante la CNETH<\/td><\/tr><tr><td>9:30 a.m.<\/td><td><strong>Conferencia: Gesti\u00f3n del riesgo, resiliencia y atenci\u00f3n de la crisis<\/strong>&nbsp;<br>Ge\u00f3logo&nbsp;Sergio&nbsp;Mora Castro <br>Especialista en Gesti\u00f3n del Riesgo.<\/td><\/tr><tr><td>10:20 a.m.<\/td><td><strong>Conferencia: Giras virtuales&nbsp;&#8211;&nbsp;C\u00e1tedra de Turismo Sostenible.<\/strong>&nbsp;<br>Licenciada Ana Navarro Mu\u00f1oz&nbsp;<br>Tutora C\u00e1tedra de Turismo Sostenible,&nbsp;UNED&nbsp;<\/td><\/tr><tr><td>11:10 a.m.<\/td><td><strong>Conferencia: Gesti\u00f3n de destinos: turismo f\u00edlmico y experiencias sonoras &#8211; C\u00e1tedra de&nbsp;Emprendedurismo&nbsp;Tur\u00edstico.&nbsp;&nbsp;<\/strong>&nbsp;<br>Licenciado Ricardo Osorno Fallas, Tutor C\u00e1tedra de&nbsp;Emprendedurismo&nbsp;Tur\u00edstico&nbsp;&nbsp;<br>M\u00e1ster Mildred Acu\u00f1a Sossa, encargada C\u00e1tedra de&nbsp;Emprendedurismo&nbsp;Tur\u00edstico&nbsp;<\/td><\/tr><tr><td>12:00 m.d.<\/td><td><strong>Acto de<\/strong>&nbsp;<strong>Celebraci\u00f3n del D\u00eda Mundial del Turismo<\/strong>&nbsp;<br>Video con estudiantes y graduados de la carrera Gesti\u00f3n Tur\u00edstica Sostenible y licenciatura en Gesti\u00f3n y Gerencia del Turismo Sostenible, UNED.  <br>\u00bfQue significa estudiar y trabajar en turismo?<br>Mensaje del M\u00e1ster Gustavo Segura Sancho, Ministro de Turismo de Costa Rica&nbsp;<\/td><\/tr><tr><td>12:30 p.m.<\/td><td><strong>Cierre del VI Encuentro Desarrollo Humano y Turismo Sostenible<\/strong><\/td><\/tr><\/tbody><\/table><figcaption>\u00danicamente se entregar\u00e1 constancia de partici\u00f3n a aquellas personas que hayan realizado previamente la inscripci\u00f3n y completen la evaluaci\u00f3n del Encuentro<\/figcaption><\/figure>\n<\/div><\/details><\/div>\n<\/div>\n\n\n\n<p>Nota:  Se&nbsp;brindar\u00e1 constancia de participaci\u00f3n a las personas que hayan realizado previamente la inscripci\u00f3n y completen la evaluaci\u00f3n del VI Encuentro.&nbsp;&nbsp;<\/p>\n\n\n\n<h2 class=\"wp-block-heading\"><span style=\"color:#5d6e20\" class=\"has-inline-color\">Talleres<\/span><\/h2>\n\n\n\n<p>Para el VI Encuentro, por la naturaleza de la tem\u00e1tica abordada, se est\u00e1n desarrollando   dos talleres exclusivos para personas estudiantes y un taller exclusivo para personas graduadas de la carrera Gesti\u00f3n Tur\u00edstica Sostenible y la licenciatura en Gesti\u00f3n y Gerencia del Turismo Sostenible, que potencien las capacidades profesionales en el contexto actual.&nbsp;&nbsp;<\/p>\n\n\n\n<p>Estos tres talleres se estar\u00e1n realizando los d\u00edas 15, 16 y 17 de setiembre en un periodo de mediod\u00eda.&nbsp; Para la realizaci\u00f3n de los mismos se cuenta con la colaboraci\u00f3n y planificaci\u00f3n de la C\u00e1tedra de Psicolog\u00eda de la UNED, con destacados acad\u00e9micos y  profesionales del sector tur\u00edstico nacional. Se contempla la participaci\u00f3n virtual de estudiantes y graduados en estas actividades, previa inscripci\u00f3n.&nbsp;&nbsp;<\/p>\n\n\n\n<p>Los talleres se desarrollan bajo las siguientes tem\u00e1ticas:&nbsp;&nbsp;<\/p>\n\n\n\n<div class=\"wp-block-coblocks-accordion\">\n<div class=\"wp-block-coblocks-accordion-item\"><details><summary class=\"wp-block-coblocks-accordion-item__title\"><span style=\"color:#94b447\" class=\"has-inline-color\"><strong>Primeros auxilios psicol\u00f3gicos<\/strong><\/span><\/summary><div class=\"wp-block-coblocks-accordion-item__content\">\n<p><strong>Descripci\u00f3n:<\/strong> Orientado al manejo de situaciones de crisis de turistas y\/o colaboradores, donde la persona estudiante pueda tener herramientas desde un abordaje no profesional, para el manejo b\u00e1sico de las mismas.<\/p>\n\n\n\n<p><strong>P\u00fablico meta<\/strong>: Personas estudiantes de la carrera de la ECSH-UNED (Diplomado, Bachillerato y Licenciatura)<br><strong>Instancia que imparte<\/strong>: C\u00e1tedra de Psicolog\u00eda ECSH-UNED<br><strong>Fecha:<\/strong> 15 de setiembre de 2021<br><strong>Hora:<\/strong> 9:00 a.m. a 12:00 m.d.<br><strong>Inscripciones al correo:<\/strong> &nbsp;<a rel=\"noreferrer noopener\" target=\"_blank\">gtursostenible@uned.ac.cr<\/a>&nbsp;<br><strong><span style=\"color:#5d6e20\" class=\"has-inline-color\">Cupos limitados<\/span><\/strong><\/p>\n<\/div><\/details><\/div>\n\n\n\n<div class=\"wp-block-coblocks-accordion-item\"><details><summary class=\"wp-block-coblocks-accordion-item__title\"><span style=\"color:#94b447\" class=\"has-inline-color\"><strong>Autocuidado y manejo del Estr\u00e9s<\/strong><\/span><\/summary><div class=\"wp-block-coblocks-accordion-item__content\">\n<p><strong>Descripci\u00f3n: <\/strong>Dirigida a personas graduadas en un contexto actual de restructuraci\u00f3n de las jornadas laborales y situaciones de alta complejidad emocional en el contexto laboral.<\/p>\n\n\n\n<p><strong>P\u00fablico meta:<\/strong> Personas graduadas de la carrera de turismo de la ECSH (Diplomado, Bachillerato y Licenciatura)<br><strong>Instancia que imparte:<\/strong> C\u00e1tedra de Psicolog\u00eda.<br><strong>Fecha: <\/strong>16 de setiembre de 2021<br><strong>Hora: <\/strong>9:00 a.m. a 12:00 m.d.<br><strong>Inscripciones al correo:<\/strong> &nbsp;<a rel=\"noreferrer noopener\" target=\"_blank\">gtursostenible@uned.ac.cr<\/a>&nbsp;<br><\/p>\n\n\n\n<p><strong><span style=\"color:#5d6e20\" class=\"has-inline-color\">Cupos limitados<\/span><\/strong><\/p>\n<\/div><\/details><\/div>\n<\/div>\n\n\n\n<div class=\"wp-block-coblocks-accordion\">\n<div class=\"wp-block-coblocks-accordion-item\"><details><summary class=\"wp-block-coblocks-accordion-item__title\"><span style=\"color:#94b447\" class=\"has-inline-color\"><strong>Servicio al cliente y uso de tecnolog\u00edas digitales<\/strong><\/span><\/summary><div class=\"wp-block-coblocks-accordion-item__content\">\n<p>Descripci\u00f3n: Dirigida a personas estudiantes y graduadas en relaci\u00f3n a las tendencias del servicio al cliente con interacci\u00f3n de tecnolog\u00edas digitales.<\/p>\n\n\n\n<p><strong>P\u00fablico meta:<\/strong> Personas estudiantes y graduadas de la carrera de turismo de la ECSH-UNED (Diplomado, Bachillerato y Licenciatura)<br><strong>Instancia que imparte:<\/strong> Especialistas del sector tur\u00edstico<br><strong>Fecha: <\/strong>17 de setiembre de 2021<br><strong>Hora: <\/strong>9:00 a.m. a 12:00 m.d.<br><strong>Inscripciones al correo:<\/strong> &nbsp;<a rel=\"noreferrer noopener\" target=\"_blank\">gtursostenible@uned.ac.cr<\/a>&nbsp; <\/p>\n\n\n\n<p><strong><span style=\"color:#5d6e20\" class=\"has-inline-color\">Cupos limitados<\/span><\/strong><br><\/p>\n<\/div><\/details><\/div>\n<\/div>\n\n\n\n<p><\/p>\n","protected":false},"excerpt":{"rendered":"<p>Para el VI Encuentro de Desarrollo Humano y Turismo Sostenible se ha preparado una agenda acad\u00e9mica para cada uno de los dos d\u00edas programados, desarrollada por eje tem\u00e1tico abordado. En esta ocasi\u00f3n se cuenta con la participaci\u00f3n de destacados especialistas internacionales y nacionales del sector acad\u00e9mico, p\u00fablico y privado tur\u00edstico. Evento Principal Nota: Se&nbsp;brindar\u00e1 constancia de participaci\u00f3n a las personas que hayan realizado previamente la inscripci\u00f3n y completen la evaluaci\u00f3n del VI Encuentro.&nbsp;&nbsp; Talleres Para el VI Encuentro, por la naturaleza de la tem\u00e1tica abordada, se est\u00e1n desarrollando dos talleres exclusivos para personas estudiantes y un taller exclusivo para personas\u2026<\/p>\n","protected":false},"author":2,"featured_media":0,"parent":0,"menu_order":0,"comment_status":"closed","ping_status":"closed","template":"","meta":{"_acf_changed":false,"_monsterinsights_skip_tracking":false,"_monsterinsights_sitenote_active":false,"_monsterinsights_sitenote_note":"","_monsterinsights_sitenote_category":0,"footnotes":""},"class_list":["post-8","page","type-page","status-publish","hentry"],"acf":[],"_links":{"self":[{"href":"https:\/\/multimedia.uned.ac.cr\/ecsh\/vi-encuentrodhts\/wp-json\/wp\/v2\/pages\/8","targetHints":{"allow":["GET"]}}],"collection":[{"href":"https:\/\/multimedia.uned.ac.cr\/ecsh\/vi-encuentrodhts\/wp-json\/wp\/v2\/pages"}],"about":[{"href":"https:\/\/multimedia.uned.ac.cr\/ecsh\/vi-encuentrodhts\/wp-json\/wp\/v2\/types\/page"}],"author":[{"embeddable":true,"href":"https:\/\/multimedia.uned.ac.cr\/ecsh\/vi-encuentrodhts\/wp-json\/wp\/v2\/users\/2"}],"replies":[{"embeddable":true,"href":"https:\/\/multimedia.uned.ac.cr\/ecsh\/vi-encuentrodhts\/wp-json\/wp\/v2\/comments?post=8"}],"version-history":[{"count":36,"href":"https:\/\/multimedia.uned.ac.cr\/ecsh\/vi-encuentrodhts\/wp-json\/wp\/v2\/pages\/8\/revisions"}],"predecessor-version":[{"id":237,"href":"https:\/\/multimedia.uned.ac.cr\/ecsh\/vi-encuentrodhts\/wp-json\/wp\/v2\/pages\/8\/revisions\/237"}],"wp:attachment":[{"href":"https:\/\/multimedia.uned.ac.cr\/ecsh\/vi-encuentrodhts\/wp-json\/wp\/v2\/media?parent=8"}],"curies":[{"name":"wp","href":"https:\/\/api.w.org\/{rel}","templated":true}]}}