{"id":6,"date":"2021-07-30T15:34:28","date_gmt":"2021-07-30T21:34:28","guid":{"rendered":"https:\/\/multimedia.uned.ac.cr\/ecsh\/vi-encuentrodhts\/?page_id=6"},"modified":"2023-08-16T14:39:06","modified_gmt":"2023-08-16T20:39:06","slug":"principal","status":"publish","type":"page","link":"https:\/\/multimedia.uned.ac.cr\/ecsh\/vi-encuentrodhts\/","title":{"rendered":"Bienvenida"},"content":{"rendered":"\n<p>En el VI Encuentro de Desarrollo Humano y Turismo Sostenible &#8220;Tendencia en el reinicio del turismo&#8221;, vamos a analizar las tendencias, problem\u00e1ticas y opciones que se han venido gestando en torno al reinicio del sector tur\u00edstico nacional e internacional en el contexto de pandemia y la integraci\u00f3n de las mismas en los procesos educativos de la carrera Gesti\u00f3n Tur\u00edstica Sostenible de la UNED&nbsp;<\/p>\n\n\n\n<p>El Encuentro ser\u00e1 un evento virtual&nbsp;abierto, el cual ser\u00e1 transmitido por Audiovisuales UNED, a trav\u00e9s de su canal de YouTube, los d\u00edas 21 y 22 de setiembre de 2021.&nbsp;&nbsp;Adem\u00e1s,&nbsp;tendremos una serie de talleres previos al evento,&nbsp;los cuales son de cupo limitado.&nbsp;&nbsp;&nbsp;<\/p>\n\n\n\n<p>Los detalles del proceso de inscripci\u00f3n al VI Encuentro de Desarrollo Humano y Turismo Sostenible y a los talleres previos se encuentran en la secci\u00f3n de Agenda Acad\u00e9mica.<\/p>\n\n\n\n<h2 class=\"wp-block-heading has-text-color\" style=\"color:#395284\">Ejes tem\u00e1ticos<\/h2>\n\n\n<div class=\"wp-block-image\">\n<figure class=\"aligncenter size-full is-resized\"><img loading=\"lazy\" decoding=\"async\" src=\"https:\/\/multimedia.uned.ac.cr\/ecsh\/vi-encuentrodhts\/wp-content\/uploads\/sites\/27\/2021\/08\/2-2.png\" alt=\"\" class=\"wp-image-110\" width=\"286\" height=\"301\" srcset=\"https:\/\/multimedia.uned.ac.cr\/ecsh\/vi-encuentrodhts\/wp-content\/uploads\/sites\/27\/2021\/08\/2-2.png 300w, https:\/\/multimedia.uned.ac.cr\/ecsh\/vi-encuentrodhts\/wp-content\/uploads\/sites\/27\/2021\/08\/2-2-285x300.png 285w\" sizes=\"auto, (max-width: 286px) 100vw, 286px\" \/><\/figure>\n<\/div>\n\n\n<div class=\"wp-block-group\"><div class=\"wp-block-group__inner-container is-layout-flow wp-block-group-is-layout-flow\">\n<h5 class=\"wp-block-heading has-text-color\" style=\"color:#94b447\">Innovaci\u00f3n:<\/h5>\n\n\n\n<p>La innovaci\u00f3n es uno de los elementos que responden a posibilidades del reinicio del sector tur\u00edstico nacional e internacional.&nbsp; En este eje se pretende presentar iniciativas innovadoras para el sector.&nbsp;<\/p>\n\n\n<div class=\"wp-block-image\">\n<figure class=\"aligncenter size-full is-resized\"><img loading=\"lazy\" decoding=\"async\" src=\"https:\/\/multimedia.uned.ac.cr\/ecsh\/vi-encuentrodhts\/wp-content\/uploads\/sites\/27\/2021\/08\/1.png\" alt=\"\" class=\"wp-image-111\" width=\"271\" height=\"270\" srcset=\"https:\/\/multimedia.uned.ac.cr\/ecsh\/vi-encuentrodhts\/wp-content\/uploads\/sites\/27\/2021\/08\/1.png 300w, https:\/\/multimedia.uned.ac.cr\/ecsh\/vi-encuentrodhts\/wp-content\/uploads\/sites\/27\/2021\/08\/1-150x150.png 150w\" sizes=\"auto, (max-width: 271px) 100vw, 271px\" \/><\/figure>\n<\/div><\/div><\/div>\n\n\n\n<h3 class=\"wp-block-heading has-text-color\" style=\"color:#395284\">Uso y generaci\u00f3n de datos para la toma de decisiones:<\/h3>\n\n\n\n<p>Los datos son esenciales para la elaboraci\u00f3n de pol\u00edticas y la mejora de la competitividad tur\u00edstica.&nbsp; En este eje se revisa la importancia del uso de datos para la planificaci\u00f3n de acciones en el sector tur\u00edstico.<\/p>\n\n\n<div class=\"wp-block-image\">\n<figure class=\"aligncenter size-full\"><img loading=\"lazy\" decoding=\"async\" width=\"300\" height=\"300\" src=\"https:\/\/multimedia.uned.ac.cr\/ecsh\/vi-encuentrodhts\/wp-content\/uploads\/sites\/27\/2021\/08\/3.png\" alt=\"\" class=\"wp-image-112\" srcset=\"https:\/\/multimedia.uned.ac.cr\/ecsh\/vi-encuentrodhts\/wp-content\/uploads\/sites\/27\/2021\/08\/3.png 300w, https:\/\/multimedia.uned.ac.cr\/ecsh\/vi-encuentrodhts\/wp-content\/uploads\/sites\/27\/2021\/08\/3-150x150.png 150w\" sizes=\"auto, (max-width: 300px) 100vw, 300px\" \/><\/figure>\n<\/div>\n\n\n<h3 class=\"wp-block-heading has-text-color\" style=\"color:#94b447\"><mark style=\"background-color:rgba(0, 0, 0, 0);color:#57a8a1\" class=\"has-inline-color\">Educaci\u00f3n: <\/mark><\/h3>\n\n\n\n<p>La educaci\u00f3n como medio para la creaci\u00f3n e intercambio de conocimientos.&nbsp; En este eje se presentan actividades educativas que se desarrollan tanto en el contexto actual como aspectos de mejora del proceso educativo.&nbsp;<\/p>\n\n\n\n<figure class=\"wp-block-embed is-type-video is-provider-youtube wp-block-embed-youtube wp-embed-aspect-16-9 wp-has-aspect-ratio\"><div class=\"wp-block-embed__wrapper\">\n<iframe loading=\"lazy\" title=\"VI Encuentro de Desarrollo Humano y Turismo Sostenible: Tendencias en el reinicio del Turismo\" width=\"640\" height=\"360\" src=\"https:\/\/www.youtube.com\/embed\/ttCgtxJi1PY?feature=oembed\" frameborder=\"0\" allow=\"accelerometer; autoplay; clipboard-write; encrypted-media; gyroscope; picture-in-picture; web-share\" referrerpolicy=\"strict-origin-when-cross-origin\" allowfullscreen><\/iframe>\n<\/div><\/figure>\n\n\n\n<h2 class=\"wp-block-heading has-text-color\" style=\"color:#395284\">Personas especialistas nacionales e internacionales<\/h2>\n\n\n\n<h3 class=\"wp-block-heading has-text-align-center\"><mark style=\"background-color:rgba(0, 0, 0, 0);color:#94b447\" class=\"has-inline-color\">Eje de innovaci\u00f3n<\/mark><\/h3>\n\n\n\n<div class=\"wp-block-columns is-layout-flex wp-container-core-columns-is-layout-9d6595d7 wp-block-columns-is-layout-flex\">\n<div class=\"wp-block-column is-layout-flow wp-block-column-is-layout-flow\"><div class=\"wp-block-image\">\n<figure class=\"aligncenter size-full\"><img loading=\"lazy\" decoding=\"async\" width=\"200\" height=\"212\" src=\"https:\/\/multimedia.uned.ac.cr\/ecsh\/vi-encuentrodhts\/wp-content\/uploads\/sites\/27\/2021\/08\/Innovacion_GustavoSegura.png\" alt=\"\" class=\"wp-image-128\"\/><\/figure>\n<\/div>\n\n\n<p class=\"has-text-align-center\"><strong><span style=\"color:#5d6e1f\" class=\"has-inline-color\">Gustavo Segura Sancho<\/span><\/strong><\/p>\n\n\n\n<p class=\"has-text-align-center\">Ministro de Turismo Costa Rica<\/p>\n<\/div>\n\n\n\n<div class=\"wp-block-column is-layout-flow wp-block-column-is-layout-flow\"><div class=\"wp-block-image\">\n<figure class=\"aligncenter size-full\"><img loading=\"lazy\" decoding=\"async\" width=\"200\" height=\"212\" src=\"https:\/\/multimedia.uned.ac.cr\/ecsh\/vi-encuentrodhts\/wp-content\/uploads\/sites\/27\/2021\/08\/Innovacion_LedaPeralta.png\" alt=\"\" class=\"wp-image-130\"\/><\/figure>\n<\/div>\n\n\n<p class=\"has-text-align-center\"><strong><span style=\"color:#5d6e1f\" class=\"has-inline-color\">Leda Peralta Quesada<\/span><\/strong><\/p>\n\n\n\n<p class=\"has-text-align-center\">Oficial de Asuntos Econ\u00f3micos de la Unidad de Comercio Internacional e Industria, de la Sede Subregional de la CEPAL en M\u00e9xico&nbsp;<\/p>\n<\/div>\n<\/div>\n\n\n\n<div class=\"wp-block-columns is-layout-flex wp-container-core-columns-is-layout-9d6595d7 wp-block-columns-is-layout-flex\">\n<div class=\"wp-block-column is-layout-flow wp-block-column-is-layout-flow\"><div class=\"wp-block-image\">\n<figure class=\"aligncenter size-full\"><img loading=\"lazy\" decoding=\"async\" width=\"200\" height=\"212\" src=\"https:\/\/multimedia.uned.ac.cr\/ecsh\/vi-encuentrodhts\/wp-content\/uploads\/sites\/27\/2021\/08\/Innovacion_AntonioLopez.png\" alt=\"\" class=\"wp-image-131\"\/><\/figure>\n<\/div>\n\n\n<p class=\"has-text-align-center\"><strong><span style=\"color:#5d6e1f\" class=\"has-inline-color\">Antonio L\u00f3pez de \u00c1vila<\/span><\/strong><\/p>\n\n\n\n<p class=\"has-text-align-center\">Co-Founder&nbsp;&amp; CEO,&nbsp;Tourism&nbsp;Data&nbsp;Driven&nbsp;Solutions&nbsp;(TDDS), presidente de&nbsp;Turisfera,&nbsp;Cluster&nbsp;de Innovaci\u00f3n Tur\u00edstica de Canarias<\/p>\n<\/div>\n\n\n\n<div class=\"wp-block-column is-layout-flow wp-block-column-is-layout-flow\"><\/div>\n<\/div>\n\n\n\n<h3 class=\"wp-block-heading has-text-align-center has-text-color\" style=\"color:#395284\">Eje de Uso y generaci\u00f3n de datos para la toma de decisiones<\/h3>\n\n\n\n<div class=\"wp-block-columns is-layout-flex wp-container-core-columns-is-layout-9d6595d7 wp-block-columns-is-layout-flex\">\n<div class=\"wp-block-column is-layout-flow wp-block-column-is-layout-flow\"><div class=\"wp-block-image\">\n<figure class=\"aligncenter size-full\"><img loading=\"lazy\" decoding=\"async\" width=\"200\" height=\"212\" src=\"https:\/\/multimedia.uned.ac.cr\/ecsh\/vi-encuentrodhts\/wp-content\/uploads\/sites\/27\/2021\/08\/Datos_CarlosRomero.png\" alt=\"\" class=\"wp-image-143\"\/><\/figure>\n<\/div>\n\n\n<p class=\"has-text-align-center has-text-color\" style=\"color:#395284\"><strong>Carlos Romero\u202fDexeus\u202f&nbsp;<\/strong><\/p>\n\n\n\n<p class=\"has-text-align-center has-black-color has-text-color\">Director de investigaci\u00f3n, Desarrollo e Innovaci\u00f3n de la&nbsp;Sociedad Estatal para la Gesti\u00f3n de la Innovaci\u00f3n y las Tecnolog\u00edas Tur\u00edsticas.<br><\/p>\n<\/div>\n\n\n\n<div class=\"wp-block-column is-layout-flow wp-block-column-is-layout-flow\"><div class=\"wp-block-image\">\n<figure class=\"aligncenter size-full\"><img loading=\"lazy\" decoding=\"async\" width=\"200\" height=\"212\" src=\"https:\/\/multimedia.uned.ac.cr\/ecsh\/vi-encuentrodhts\/wp-content\/uploads\/sites\/27\/2021\/08\/Datos_IlkaAguilar.png\" alt=\"\" class=\"wp-image-144\"\/><\/figure>\n<\/div>\n\n\n<p class=\"has-text-align-center has-text-color\" style=\"color:#395284\"><strong>Ilka\u202f Aguilar\u202fValle&nbsp;<\/strong><\/p>\n\n\n\n<p class=\"has-text-align-center\">Secretaria General,&nbsp;Secretar\u00eda de Integraci\u00f3n&nbsp;Tur\u00edstica de&nbsp;Centroam\u00e9rica,&nbsp;SITCA<\/p>\n<\/div>\n<\/div>\n\n\n\n<div class=\"wp-block-columns is-layout-flex wp-container-core-columns-is-layout-9d6595d7 wp-block-columns-is-layout-flex\">\n<div class=\"wp-block-column is-layout-flow wp-block-column-is-layout-flow\"><div class=\"wp-block-image\">\n<figure class=\"aligncenter size-full\"><img loading=\"lazy\" decoding=\"async\" width=\"200\" height=\"212\" src=\"https:\/\/multimedia.uned.ac.cr\/ecsh\/vi-encuentrodhts\/wp-content\/uploads\/sites\/27\/2021\/08\/Datos_EfrainQuicana.png\" alt=\"\" class=\"wp-image-158\"\/><\/figure>\n<\/div>\n\n\n<p class=\"has-text-align-center has-text-color\" style=\"color:#395284\"><strong>Efra\u00edn Quica\u00f1a Navarro<\/strong><\/p>\n\n\n\n<p class=\"has-text-align-center\">Especialista t\u00e9cnico para el trabajo decente en la econom\u00eda rural de la Organizaci\u00f3n Internacional del Trabajo (OIT)<\/p>\n<\/div>\n\n\n\n<div class=\"wp-block-column is-layout-flow wp-block-column-is-layout-flow\"><div class=\"wp-block-image\">\n<figure class=\"aligncenter size-full\"><img loading=\"lazy\" decoding=\"async\" width=\"200\" height=\"212\" src=\"https:\/\/multimedia.uned.ac.cr\/ecsh\/vi-encuentrodhts\/wp-content\/uploads\/sites\/27\/2021\/08\/Datos_SilviaLara.png\" alt=\"\" class=\"wp-image-147\"\/><\/figure>\n<\/div>\n\n\n<p class=\"has-text-align-center has-text-color\" style=\"color:#395284\"><strong>Silvia Lara Povedano<\/strong><\/p>\n\n\n\n<p class=\"has-text-align-center\">Ministra de Trabajo y Seguridad Social Costa Rica (MTSS)<\/p>\n<\/div>\n<\/div>\n\n\n\n<div class=\"wp-block-columns is-layout-flex wp-container-core-columns-is-layout-9d6595d7 wp-block-columns-is-layout-flex\">\n<div class=\"wp-block-column is-layout-flow wp-block-column-is-layout-flow\"><div class=\"wp-block-image\">\n<figure class=\"aligncenter size-full\"><img loading=\"lazy\" decoding=\"async\" width=\"200\" height=\"212\" src=\"https:\/\/multimedia.uned.ac.cr\/ecsh\/vi-encuentrodhts\/wp-content\/uploads\/sites\/27\/2021\/08\/Datos_KathiaValverde.png\" alt=\"\" class=\"wp-image-151\"\/><\/figure>\n<\/div>\n\n\n<p class=\"has-text-align-center has-text-color\" style=\"color:#395284\"><strong>Kathia Valverde Madrigal&nbsp;<\/strong><\/p>\n\n\n\n<p class=\"has-text-align-center\">Recursos Humanos de Viajes Col\u00f3n representante del sector privado ante la Comisi\u00f3n Nacional&nbsp;de Educaci\u00f3n Tur\u00edstica y Hotelera de Costa Rica.&nbsp;<\/p>\n<\/div>\n\n\n\n<div class=\"wp-block-column is-layout-flow wp-block-column-is-layout-flow\"><div class=\"wp-block-image\">\n<figure class=\"aligncenter size-full\"><img loading=\"lazy\" decoding=\"async\" width=\"200\" height=\"212\" src=\"https:\/\/multimedia.uned.ac.cr\/ecsh\/vi-encuentrodhts\/wp-content\/uploads\/sites\/27\/2021\/08\/Datos_AlbertoLopez.png\" alt=\"\" class=\"wp-image-154\"\/><\/figure>\n<\/div>\n\n\n<p class=\"has-text-align-center has-text-color\" style=\"color:#395284\"><strong>Alberto L\u00f3pez Chaves&nbsp;<\/strong><\/p>\n\n\n\n<p class=\"has-text-align-center\">Gerente General del Instituto Costarricense de Turismo.&nbsp;<\/p>\n<\/div>\n<\/div>\n\n\n\n<h3 class=\"wp-block-heading has-text-align-center has-text-color\" style=\"color:#57a8a1\">Eje de educaci\u00f3n <\/h3>\n\n\n\n<div class=\"wp-block-columns is-layout-flex wp-container-core-columns-is-layout-9d6595d7 wp-block-columns-is-layout-flex\">\n<div class=\"wp-block-column is-layout-flow wp-block-column-is-layout-flow\"><div class=\"wp-block-image\">\n<figure class=\"aligncenter size-full\"><img loading=\"lazy\" decoding=\"async\" width=\"200\" height=\"212\" src=\"https:\/\/multimedia.uned.ac.cr\/ecsh\/vi-encuentrodhts\/wp-content\/uploads\/sites\/27\/2021\/08\/Educacion_RafaelSoto.png\" alt=\"\" class=\"wp-image-157\"\/><\/figure>\n<\/div>\n\n\n<p class=\"has-text-align-center has-text-color\" style=\"color:#57a8a1\"><strong>Rafael Soto Quir\u00f3s<\/strong><\/p>\n\n\n\n<p class=\"has-text-align-center\">Presidente de la Comisi\u00f3n Nacional de Educaci\u00f3n Tur\u00edstica y Hotelera (CNETH)<\/p>\n<\/div>\n\n\n\n<div class=\"wp-block-column is-layout-flow wp-block-column-is-layout-flow\"><div class=\"wp-block-image\">\n<figure class=\"aligncenter size-full\"><img loading=\"lazy\" decoding=\"async\" width=\"200\" height=\"212\" src=\"https:\/\/multimedia.uned.ac.cr\/ecsh\/vi-encuentrodhts\/wp-content\/uploads\/sites\/27\/2021\/08\/Educacion_JoseAngelVargas.png\" alt=\"\" class=\"wp-image-159\"\/><\/figure>\n<\/div>\n\n\n<p class=\"has-text-align-center has-text-color\" style=\"color:#57a8a1\"><strong>&nbsp;Jos\u00e9 \u00c1ngel Vargas&nbsp;Vargas<\/strong><\/p>\n\n\n\n<p class=\"has-text-align-center\">Vicerrector de Docencia&nbsp;de la Universidad de Costa Rica&nbsp;&nbsp;<\/p>\n<\/div>\n<\/div>\n\n\n\n<div class=\"wp-block-columns is-layout-flex wp-container-core-columns-is-layout-9d6595d7 wp-block-columns-is-layout-flex\">\n<div class=\"wp-block-column is-layout-flow wp-block-column-is-layout-flow\"><div class=\"wp-block-image\">\n<figure class=\"aligncenter size-full\"><img loading=\"lazy\" decoding=\"async\" width=\"200\" height=\"212\" src=\"https:\/\/multimedia.uned.ac.cr\/ecsh\/vi-encuentrodhts\/wp-content\/uploads\/sites\/27\/2021\/08\/Educacion_StefannyForester.png\" alt=\"\" class=\"wp-image-161\"\/><\/figure>\n<\/div>\n\n\n<p class=\"has-text-align-center has-text-color\" style=\"color:#57a8a1\"><strong>Stefanny&nbsp;Forester Delgado<\/strong><\/p>\n\n\n\n<p class=\"has-text-align-center\">Representante de CONARE ante la CNETH<\/p>\n<\/div>\n\n\n\n<div class=\"wp-block-column is-layout-flow wp-block-column-is-layout-flow\"><div class=\"wp-block-image\">\n<figure class=\"aligncenter size-full\"><img loading=\"lazy\" decoding=\"async\" width=\"200\" height=\"212\" src=\"https:\/\/multimedia.uned.ac.cr\/ecsh\/vi-encuentrodhts\/wp-content\/uploads\/sites\/27\/2021\/08\/Educacion_SilviaSuarez.png\" alt=\"\" class=\"wp-image-163\"\/><\/figure>\n<\/div>\n\n\n<p class=\"has-text-align-center has-text-color\" style=\"color:#57a8a1\"><strong>Silvia\u202f S\u00e1urez\u202f Gonz\u00e1lez<\/strong>&nbsp;<\/p>\n\n\n\n<p class=\"has-text-align-center\">Representante de ACOPROT ante la CNETH<\/p>\n<\/div>\n<\/div>\n\n\n\n<div class=\"wp-block-columns is-layout-flex wp-container-core-columns-is-layout-9d6595d7 wp-block-columns-is-layout-flex\">\n<div class=\"wp-block-column is-layout-flow wp-block-column-is-layout-flow\"><div class=\"wp-block-image\">\n<figure class=\"aligncenter size-full\"><img loading=\"lazy\" decoding=\"async\" width=\"200\" height=\"212\" src=\"https:\/\/multimedia.uned.ac.cr\/ecsh\/vi-encuentrodhts\/wp-content\/uploads\/sites\/27\/2021\/08\/Educacion_SergioMora.png\" alt=\"\" class=\"wp-image-166\"\/><\/figure>\n<\/div>\n\n\n<p class=\"has-text-align-center has-text-color\" style=\"color:#57a8a1\"><strong>Sergio Mora Castro<\/strong><\/p>\n\n\n\n<p class=\"has-text-align-center\">Ge\u00f3logo, consultor y especialista en gesti\u00f3n de riesgo<\/p>\n<\/div>\n\n\n\n<div class=\"wp-block-column is-layout-flow wp-block-column-is-layout-flow\"><div class=\"wp-block-image\">\n<figure class=\"aligncenter size-full\"><img loading=\"lazy\" decoding=\"async\" width=\"200\" height=\"212\" src=\"https:\/\/multimedia.uned.ac.cr\/ecsh\/vi-encuentrodhts\/wp-content\/uploads\/sites\/27\/2021\/08\/Educacion_AnaNavarro.png\" alt=\"\" class=\"wp-image-167\"\/><\/figure>\n<\/div>\n\n\n<p class=\"has-text-align-center has-text-color\" style=\"color:#57a8a1\"><strong>Ana Navarro Mu\u00f1oz<\/strong><\/p>\n\n\n\n<p class=\"has-text-align-center\">Tutora C\u00e1tedra de Turismo Sostenible,&nbsp;UNED<\/p>\n<\/div>\n<\/div>\n\n\n\n<div class=\"wp-block-columns is-layout-flex wp-container-core-columns-is-layout-9d6595d7 wp-block-columns-is-layout-flex\">\n<div class=\"wp-block-column is-layout-flow wp-block-column-is-layout-flow\"><div class=\"wp-block-image\">\n<figure class=\"aligncenter size-full\"><img loading=\"lazy\" decoding=\"async\" width=\"200\" height=\"212\" src=\"https:\/\/multimedia.uned.ac.cr\/ecsh\/vi-encuentrodhts\/wp-content\/uploads\/sites\/27\/2021\/08\/Educacion_RicardoOsorno.png\" alt=\"\" class=\"wp-image-168\"\/><\/figure>\n<\/div>\n\n\n<p class=\"has-text-align-center has-text-color\" style=\"color:#57a8a1\"><strong>Ricardo Osorno Fallas<\/strong><\/p>\n\n\n\n<p class=\"has-text-align-center\">&nbsp;Tutor C\u00e1tedra de&nbsp;Emprendedurismo&nbsp;Tur\u00edstico&nbsp;, UNED<\/p>\n<\/div>\n\n\n\n<div class=\"wp-block-column is-layout-flow wp-block-column-is-layout-flow\"><div class=\"wp-block-image\">\n<figure class=\"aligncenter size-full\"><img loading=\"lazy\" decoding=\"async\" width=\"200\" height=\"212\" src=\"https:\/\/multimedia.uned.ac.cr\/ecsh\/vi-encuentrodhts\/wp-content\/uploads\/sites\/27\/2021\/08\/Educacion_MildredAcuna.png\" alt=\"\" class=\"wp-image-169\"\/><\/figure>\n<\/div>\n\n\n<p class=\"has-text-align-center has-text-color\" style=\"color:#57a8a1\"><strong>Mildred Acu\u00f1a Sossa<\/strong><\/p>\n\n\n\n<p class=\"has-text-align-center\">Encargada de la C\u00e1tedra de Emprendedurismo Tur\u00edstico, UNED<\/p>\n<\/div>\n<\/div>\n\n\n\n<h2 class=\"wp-block-heading has-text-color\" style=\"color:#395284\">Enlaces de inter\u00e9s<\/h2>\n\n\n\n<p id=\"block-0668ccbf-359d-451b-885c-487a5d770dc0\"><strong>Escuela de Ciencias Sociales y Humanidades<\/strong><br><a rel=\"noreferrer noopener\" href=\"https:\/\/www.uned.ac.cr\/ecsh\" target=\"_blank\">Website<\/a><br><a rel=\"noreferrer noopener\" href=\"https:\/\/www.facebook.com\/socialesyhumanidades\" target=\"_blank\">Facebook<\/a><\/p>\n\n\n\n<p><strong>Diplomado y Bachillerato en Gesti\u00f3n Tur\u00edstica Sostenible. <br>Licenciatura en Gesti\u00f3n y Gerencia del Turismo<\/strong><br><a rel=\"noreferrer noopener\" href=\"https:\/\/www.uned.ac.cr\/ecsh\/gestion-turistica-sostenible\" data-type=\"URL\" data-id=\"https:\/\/www.uned.ac.cr\/ecsh\/gestion-turistica-sostenible\" target=\"_blank\">Website<\/a><\/p>\n","protected":false},"excerpt":{"rendered":"<p>En el VI Encuentro de Desarrollo Humano y Turismo Sostenible &#8220;Tendencia en el reinicio del turismo&#8221;, vamos a analizar las tendencias, problem\u00e1ticas y opciones que se han venido gestando en torno al reinicio del sector tur\u00edstico nacional e internacional en el contexto de pandemia y la integraci\u00f3n de las mismas en los procesos educativos de la carrera Gesti\u00f3n Tur\u00edstica Sostenible de la UNED&nbsp; El Encuentro ser\u00e1 un evento virtual&nbsp;abierto, el cual ser\u00e1 transmitido por Audiovisuales UNED, a trav\u00e9s de su canal de YouTube, los d\u00edas 21 y 22 de setiembre de 2021.&nbsp;&nbsp;Adem\u00e1s,&nbsp;tendremos una serie de talleres previos al evento,&nbsp;los cuales\u2026<\/p>\n","protected":false},"author":2,"featured_media":0,"parent":0,"menu_order":0,"comment_status":"closed","ping_status":"closed","template":"","meta":{"_acf_changed":false,"_monsterinsights_skip_tracking":false,"_monsterinsights_sitenote_active":false,"_monsterinsights_sitenote_note":"","_monsterinsights_sitenote_category":0,"footnotes":""},"class_list":["post-6","page","type-page","status-publish","hentry"],"acf":[],"_links":{"self":[{"href":"https:\/\/multimedia.uned.ac.cr\/ecsh\/vi-encuentrodhts\/wp-json\/wp\/v2\/pages\/6","targetHints":{"allow":["GET"]}}],"collection":[{"href":"https:\/\/multimedia.uned.ac.cr\/ecsh\/vi-encuentrodhts\/wp-json\/wp\/v2\/pages"}],"about":[{"href":"https:\/\/multimedia.uned.ac.cr\/ecsh\/vi-encuentrodhts\/wp-json\/wp\/v2\/types\/page"}],"author":[{"embeddable":true,"href":"https:\/\/multimedia.uned.ac.cr\/ecsh\/vi-encuentrodhts\/wp-json\/wp\/v2\/users\/2"}],"replies":[{"embeddable":true,"href":"https:\/\/multimedia.uned.ac.cr\/ecsh\/vi-encuentrodhts\/wp-json\/wp\/v2\/comments?post=6"}],"version-history":[{"count":40,"href":"https:\/\/multimedia.uned.ac.cr\/ecsh\/vi-encuentrodhts\/wp-json\/wp\/v2\/pages\/6\/revisions"}],"predecessor-version":[{"id":257,"href":"https:\/\/multimedia.uned.ac.cr\/ecsh\/vi-encuentrodhts\/wp-json\/wp\/v2\/pages\/6\/revisions\/257"}],"wp:attachment":[{"href":"https:\/\/multimedia.uned.ac.cr\/ecsh\/vi-encuentrodhts\/wp-json\/wp\/v2\/media?parent=6"}],"curies":[{"name":"wp","href":"https:\/\/api.w.org\/{rel}","templated":true}]}}