{"id":580,"date":"2023-09-11T20:35:45","date_gmt":"2023-09-11T20:35:45","guid":{"rendered":"https:\/\/multimedia.uned.ac.cr\/ecsh\/simposio-policiales-2023\/?page_id=580"},"modified":"2023-09-11T20:35:46","modified_gmt":"2023-09-11T20:35:46","slug":"materiales","status":"publish","type":"page","link":"https:\/\/multimedia.uned.ac.cr\/ecsh\/simposio-policiales-2023\/materiales\/","title":{"rendered":"Materiales"},"content":{"rendered":"\n<p class=\"has-text-color\" style=\"color:#0c3996\">A continuaci\u00f3n, se recopilan las presentaciones de las personas expositoras invitadas al Simposio Internacional Modelos de Policiales Preventivos: Aportes a la Seguridad Humana.<\/p>\n\n\n\n<div class=\"wp-block-attire-blocks-tabs atbs-tabs-wrapper\"><style id=\"atbs-tabs-css-5a051332\">\n                \/* tab content border *\/\n                #atbs-tabs-5a051332 .tab-content{\n                    border-left: 1px solid;\n                    border-right:1px solid;\n                    border-bottom: 1px solid;\n                    border-color: #3373dc;\n                }\n                #atbs-tabs-5a051332 .nav-tabs{\n                    border-bottom:1px solid #3373dc;\n                }\n                \/* end: tab content border *\/\n                #atbs-tabs-5a051332 .nav-tabs .nav-item a{\n                    border-radius: 42px 42px 0 0;\n                }\n                #atbs-tabs-5a051332 .nav-tabs .nav-item.show .nav-link, #atbs-tabs-5a051332 .nav-tabs .nav-link.active, #atbs-tabs-5a051332 .nav-tabs .nav-link:hover{\n                    border: 1px solid;\n                    border-color: #3373dc #3373dc transparent;\n                    margin-bottom: -1px;\n                }\n                #atbs-tabs-5a051332 .nav-tabs .nav-link:not(.active):not(:hover){\n                    border: 1px solid transparent;\n                    border-bottom:0;\n                }#atbs-tabs-5a051332 ul.nav li:not(:last-child){\n                    margin-right:5px;           \n                }#atbs-tabs-5a051332 .nav-pills .nav-item a{\n                    border:1px solid #3373dc;\n                    border-radius:42px;\n                }#atbs-tabs-5a051332 .nav-link{\n        font-size:16px;\n        text-align:center;\n    }#atbs-tabs-5a051332 .nav-link{\n        background-color:#94b0e7;\n    }\n    #atbs-tabs-5a051332 .nav-link.active, #atbs-tabs-5a051332 .nav-link:hover{\n        background-color:#0c3996;\n    }#atbs-tabs-5a051332 .nav-link{\n        color:#000;\n    }\n    #atbs-tabs-5a051332 .nav-link.active{\n        color:#fff;\n    }#atbs-tabs-5a051332 .tab-content{\n        background-color:#fff;\n    }#atbs-tabs-5a051332 .tab-content{\n        margin:0px 0px 0px 0px!important;     \n        padding:20px 10px 20px 10px!important;     \n    }#atbs-tabs-5a051332 .nav-item a{\n                    padding: 5px 20px 5px 20px;\n                    margin: 0px 10px 0px 0px;\n                }<\/style><div class=\"\" data-tab-active=\"tab-exposiciones-9-de-setiembre\" id=\"atbs-tabs-5a051332\"><ul class=\"nav nav-tabs \" role=\"tablist\"><li class=\"nav-item\"><a class=\"nav-link \" data-toggle=\"tab\" data-target=\"[data-id=tab-exposiciones-8-de-setiembre]\" href=\"#tab-exposiciones-8-de-setiembre\"><span class=\"atbs-tabs-buttons-item\">Exposiciones 8 de setiembre<\/span><\/a><\/li><li class=\"nav-item\"><a class=\"nav-link active\" data-toggle=\"tab\" data-target=\"[data-id=tab-exposiciones-9-de-setiembre]\" href=\"#tab-exposiciones-9-de-setiembre\"><span class=\"atbs-tabs-buttons-item\">Exposiciones 9 de setiembre<\/span><\/a><\/li><\/ul><div class=\"tab-content \">\n<div data-id=\"tab-exposiciones-8-de-setiembre\" class=\"tab-pane fade \" role=\"tabpanel\" aria-labelledby=\"tab-exposiciones-8-de-setiembre-tab\">\n<p class=\"has-text-color has-large-font-size\" style=\"color:#0c3996\"><strong>Programa Seguridad Ciudadana Componente Asesoramiento Policial\/ Daniel Raymond Hales.<\/strong><\/p>\n\n\n\n<p><\/p>\n\n\n\n<div data-wp-interactive=\"core\/file\" class=\"wp-block-file\"><object data-wp-bind--hidden=\"!state.hasPdfPreview\" hidden class=\"wp-block-file__embed\" data=\"https:\/\/multimedia.uned.ac.cr\/ecsh\/simposio-policiales-2023\/wp-content\/uploads\/sites\/34\/2023\/09\/DCAF-Costa-Rica-Sep-23.pdf\" type=\"application\/pdf\" style=\"width:100%;height:300px\" aria-label=\"Incrustado de DCAF-Costa-Rica-Sep-23.\"><\/object><a id=\"wp-block-file--media-47f83fbe-c5ad-4c09-a3e5-93a0085bbddb\" href=\"https:\/\/multimedia.uned.ac.cr\/ecsh\/simposio-policiales-2023\/wp-content\/uploads\/sites\/34\/2023\/09\/DCAF-Costa-Rica-Sep-23.pdf\">DCAF-Costa-Rica-Sep-23<\/a><a href=\"https:\/\/multimedia.uned.ac.cr\/ecsh\/simposio-policiales-2023\/wp-content\/uploads\/sites\/34\/2023\/09\/DCAF-Costa-Rica-Sep-23.pdf\" class=\"wp-block-file__button wp-element-button\" download aria-describedby=\"wp-block-file--media-47f83fbe-c5ad-4c09-a3e5-93a0085bbddb\">Descargar<\/a><\/div>\n\n\n\n<p><\/p>\n\n\n\n<p class=\"has-text-color has-large-font-size\" style=\"color:#0c3996\"><strong>La operacionalizaci\u00f3n del concepto de Seguridad Humana en las pol\u00edticas preventivas de seguridad humana\/ Marcela Smutt<\/strong><\/p>\n\n\n\n<p><\/p>\n\n\n\n<div data-wp-interactive=\"core\/file\" class=\"wp-block-file\"><object data-wp-bind--hidden=\"!state.hasPdfPreview\" hidden class=\"wp-block-file__embed\" data=\"https:\/\/multimedia.uned.ac.cr\/ecsh\/simposio-policiales-2023\/wp-content\/uploads\/sites\/34\/2023\/09\/UNED-sept-2023-ppt-Marcela-Smutt-Panel-1-acg-version-para-presentar.pdf\" type=\"application\/pdf\" style=\"width:100%;height:300px\" aria-label=\"Incrustado de UNED-sept-2023-ppt-Marcela-Smutt-Panel-1-acg-version-para-presentar.\"><\/object><a id=\"wp-block-file--media-69e4d1e8-5224-47f2-bdfe-409df9aba6e7\" href=\"https:\/\/multimedia.uned.ac.cr\/ecsh\/simposio-policiales-2023\/wp-content\/uploads\/sites\/34\/2023\/09\/UNED-sept-2023-ppt-Marcela-Smutt-Panel-1-acg-version-para-presentar.pdf\">UNED-sept-2023-ppt-Marcela-Smutt-Panel-1-acg-version-para-presentar<\/a><a href=\"https:\/\/multimedia.uned.ac.cr\/ecsh\/simposio-policiales-2023\/wp-content\/uploads\/sites\/34\/2023\/09\/UNED-sept-2023-ppt-Marcela-Smutt-Panel-1-acg-version-para-presentar.pdf\" class=\"wp-block-file__button wp-element-button\" download aria-describedby=\"wp-block-file--media-69e4d1e8-5224-47f2-bdfe-409df9aba6e7\">Descargar<\/a><\/div>\n\n\n\n<p><\/p>\n\n\n\n<p class=\"has-text-color has-large-font-size\" style=\"color:#0c3996\"><strong>Polic\u00eda comunitaria en Costa Rica\/ Hannia Cubillo <\/strong><\/p>\n\n\n\n<p><\/p>\n\n\n\n<div data-wp-interactive=\"core\/file\" class=\"wp-block-file\"><object data-wp-bind--hidden=\"!state.hasPdfPreview\" hidden class=\"wp-block-file__embed\" data=\"https:\/\/multimedia.uned.ac.cr\/ecsh\/simposio-policiales-2023\/wp-content\/uploads\/sites\/34\/2023\/09\/Policia-comunitaria-en-Costa-Rica.pdf\" type=\"application\/pdf\" style=\"width:100%;height:300px\" aria-label=\"Incrustado de Policia-comunitaria-en-Costa-Rica.\"><\/object><a id=\"wp-block-file--media-c97f38dc-8fcb-4b8d-a051-f33e28a2b010\" href=\"https:\/\/multimedia.uned.ac.cr\/ecsh\/simposio-policiales-2023\/wp-content\/uploads\/sites\/34\/2023\/09\/Policia-comunitaria-en-Costa-Rica.pdf\">Policia-comunitaria-en-Costa-Rica<\/a><a href=\"https:\/\/multimedia.uned.ac.cr\/ecsh\/simposio-policiales-2023\/wp-content\/uploads\/sites\/34\/2023\/09\/Policia-comunitaria-en-Costa-Rica.pdf\" class=\"wp-block-file__button wp-element-button\" download aria-describedby=\"wp-block-file--media-c97f38dc-8fcb-4b8d-a051-f33e28a2b010\">Descargar<\/a><\/div>\n\n\n\n<p><\/p>\n\n\n\n<p class=\"has-text-color has-large-font-size\" style=\"color:#0c3996\"><strong>Evidencias para la toma de decisiones en las operaciones policiales\/ Alejandra Monteolivo<\/strong><\/p>\n\n\n\n<p><\/p>\n\n\n\n<div data-wp-interactive=\"core\/file\" class=\"wp-block-file\"><object data-wp-bind--hidden=\"!state.hasPdfPreview\" hidden class=\"wp-block-file__embed\" data=\"https:\/\/multimedia.uned.ac.cr\/ecsh\/simposio-policiales-2023\/wp-content\/uploads\/sites\/34\/2023\/09\/Evidencia-para-la-toma-de-decisiones-en-las-operaciones-policiales.pdf\" type=\"application\/pdf\" style=\"width:100%;height:300px\" aria-label=\"Incrustado de Evidencia-para-la-toma-de-decisiones-en-las-operaciones-policiales.\"><\/object><a id=\"wp-block-file--media-b50cfefd-d434-4ae9-bcc4-7f35e5a78096\" href=\"https:\/\/multimedia.uned.ac.cr\/ecsh\/simposio-policiales-2023\/wp-content\/uploads\/sites\/34\/2023\/09\/Evidencia-para-la-toma-de-decisiones-en-las-operaciones-policiales.pdf\">Evidencia-para-la-toma-de-decisiones-en-las-operaciones-policiales<\/a><a href=\"https:\/\/multimedia.uned.ac.cr\/ecsh\/simposio-policiales-2023\/wp-content\/uploads\/sites\/34\/2023\/09\/Evidencia-para-la-toma-de-decisiones-en-las-operaciones-policiales.pdf\" class=\"wp-block-file__button wp-element-button\" download aria-describedby=\"wp-block-file--media-b50cfefd-d434-4ae9-bcc4-7f35e5a78096\">Descargar<\/a><\/div>\n\n\n\n<p><\/p>\n\n\n\n<p class=\"has-text-color has-large-font-size\" style=\"color:#0c3996\"><strong>Testeo y evaluaci\u00f3n de la toma de decisiones policiales \/ Patricio Tudela <\/strong><\/p>\n\n\n\n<p><\/p>\n\n\n\n<div data-wp-interactive=\"core\/file\" class=\"wp-block-file\"><object data-wp-bind--hidden=\"!state.hasPdfPreview\" hidden class=\"wp-block-file__embed\" data=\"https:\/\/multimedia.uned.ac.cr\/ecsh\/simposio-policiales-2023\/wp-content\/uploads\/sites\/34\/2023\/09\/Expo-Patricio-Tudela-Simposo-Panel-PbE-08.09.23.pdf\" type=\"application\/pdf\" style=\"width:100%;height:300px\" aria-label=\"Incrustado de Expo-Patricio-Tudela-Simposo-Panel-PbE-08.09.23.\"><\/object><a id=\"wp-block-file--media-58ac1d58-2138-432b-a654-d634580cf151\" href=\"https:\/\/multimedia.uned.ac.cr\/ecsh\/simposio-policiales-2023\/wp-content\/uploads\/sites\/34\/2023\/09\/Expo-Patricio-Tudela-Simposo-Panel-PbE-08.09.23.pdf\">Expo-Patricio-Tudela-Simposo-Panel-PbE-08.09.23<\/a><a href=\"https:\/\/multimedia.uned.ac.cr\/ecsh\/simposio-policiales-2023\/wp-content\/uploads\/sites\/34\/2023\/09\/Expo-Patricio-Tudela-Simposo-Panel-PbE-08.09.23.pdf\" class=\"wp-block-file__button wp-element-button\" download aria-describedby=\"wp-block-file--media-58ac1d58-2138-432b-a654-d634580cf151\">Descargar<\/a><\/div>\n\n\n\n<p><\/p>\n\n\n\n<p class=\"has-text-color\" style=\"color:#0c3996\"><strong>Modelo Preventivo de Gesti\u00f3n Policial\/ Erick Calder\u00f3n Hern\u00e1ndez <\/strong><\/p>\n\n\n\n<p><\/p>\n\n\n\n<p class=\"has-text-color\" style=\"color:#0c3996\"><strong> <\/strong><\/p>\n\n\n\n<div data-wp-interactive=\"core\/file\" class=\"wp-block-file\"><object data-wp-bind--hidden=\"!state.hasPdfPreview\" hidden class=\"wp-block-file__embed\" data=\"https:\/\/multimedia.uned.ac.cr\/ecsh\/simposio-policiales-2023\/wp-content\/uploads\/sites\/34\/2023\/09\/Presentacion-PbE-Comisionado-Calderon.pdf\" type=\"application\/pdf\" style=\"width:100%;height:300px\" aria-label=\"Incrustado de Presentacion-PbE-Comisionado-Calderon.\"><\/object><a id=\"wp-block-file--media-fb7a0045-d2b1-41b8-884c-d99856e8902d\" href=\"https:\/\/multimedia.uned.ac.cr\/ecsh\/simposio-policiales-2023\/wp-content\/uploads\/sites\/34\/2023\/09\/Presentacion-PbE-Comisionado-Calderon.pdf\">Presentacion-PbE-Comisionado-Calderon<\/a><a href=\"https:\/\/multimedia.uned.ac.cr\/ecsh\/simposio-policiales-2023\/wp-content\/uploads\/sites\/34\/2023\/09\/Presentacion-PbE-Comisionado-Calderon.pdf\" class=\"wp-block-file__button wp-element-button\" download aria-describedby=\"wp-block-file--media-fb7a0045-d2b1-41b8-884c-d99856e8902d\">Descargar<\/a><\/div>\n\n\n\n<p class=\"has-text-color has-large-font-size\" style=\"color:#0c3996\"><strong>Alcance y modalidades de las operaciones policiales basadas en evidencia en el \u00e1mbito de estados federales. El caso argentino \/ Alejandra Monteolivos <\/strong><\/p>\n\n\n\n<p><\/p>\n\n\n\n<div data-wp-interactive=\"core\/file\" class=\"wp-block-file\"><object data-wp-bind--hidden=\"!state.hasPdfPreview\" hidden class=\"wp-block-file__embed\" data=\"https:\/\/multimedia.uned.ac.cr\/ecsh\/simposio-policiales-2023\/wp-content\/uploads\/sites\/34\/2023\/09\/Alcance-y-modalidades-de-las-operaciones-policiales-basadas-en-evidencia-en-el-ambito-de-estados-federales.-El-caso-argentino.pdf\" type=\"application\/pdf\" style=\"width:100%;height:300px\" aria-label=\"Incrustado de Alcance-y-modalidades-de-las-operaciones-policiales-basadas-en-evidencia-en-el-ambito-de-estados-federales.-El-caso-argentino&lt;br&gt;.\"><\/object><a id=\"wp-block-file--media-d35dcde5-a29c-48a3-a90f-0bf77ecc60b9\" href=\"https:\/\/multimedia.uned.ac.cr\/ecsh\/simposio-policiales-2023\/wp-content\/uploads\/sites\/34\/2023\/09\/Alcance-y-modalidades-de-las-operaciones-policiales-basadas-en-evidencia-en-el-ambito-de-estados-federales.-El-caso-argentino.pdf\">Alcance-y-modalidades-de-las-operaciones-policiales-basadas-en-evidencia-en-el-ambito-de-estados-federales.-El-caso-argentino<br><\/a><a href=\"https:\/\/multimedia.uned.ac.cr\/ecsh\/simposio-policiales-2023\/wp-content\/uploads\/sites\/34\/2023\/09\/Alcance-y-modalidades-de-las-operaciones-policiales-basadas-en-evidencia-en-el-ambito-de-estados-federales.-El-caso-argentino.pdf\" class=\"wp-block-file__button wp-element-button\" download aria-describedby=\"wp-block-file--media-d35dcde5-a29c-48a3-a90f-0bf77ecc60b9\">Descargar<\/a><\/div>\n\n\n\n<p><\/p>\n<\/div>\n\n\n\n<div data-id=\"tab-exposiciones-9-de-setiembre\" class=\"tab-pane fade active show\" role=\"tabpanel\" aria-labelledby=\"tab-exposiciones-9-de-setiembre-tab\">\n<p class=\"has-text-color has-large-font-size\" style=\"color:#0c3996\"><strong>Polic\u00eda Orientada a la Inteligencia\/Cynthia Castillo y Cyntia Quir\u00f3s<\/strong><br><\/p>\n\n\n\n<div data-wp-interactive=\"core\/file\" class=\"wp-block-file\"><object data-wp-bind--hidden=\"!state.hasPdfPreview\" hidden class=\"wp-block-file__embed\" data=\"https:\/\/multimedia.uned.ac.cr\/ecsh\/simposio-policiales-2023\/wp-content\/uploads\/sites\/34\/2023\/09\/Policia-orientada-a-la-Inteligencia.pdf\" type=\"application\/pdf\" style=\"width:100%;height:300px\" aria-label=\"Incrustado de Policia-orientada-a-la-Inteligencia.\"><\/object><a id=\"wp-block-file--media-1b6b2320-4869-4bf7-bf32-15409237a780\" href=\"https:\/\/multimedia.uned.ac.cr\/ecsh\/simposio-policiales-2023\/wp-content\/uploads\/sites\/34\/2023\/09\/Policia-orientada-a-la-Inteligencia.pdf\">Policia-orientada-a-la-Inteligencia<\/a><a href=\"https:\/\/multimedia.uned.ac.cr\/ecsh\/simposio-policiales-2023\/wp-content\/uploads\/sites\/34\/2023\/09\/Policia-orientada-a-la-Inteligencia.pdf\" class=\"wp-block-file__button wp-element-button\" download aria-describedby=\"wp-block-file--media-1b6b2320-4869-4bf7-bf32-15409237a780\">Descargar<\/a><\/div>\n\n\n\n<p><\/p>\n\n\n\n<p class=\"has-text-color has-large-font-size\" style=\"color:#0c3996\"><strong>La democratizaci\u00f3n en el uso de datos y an\u00e1lisis del delito para la mejora de la seguridad p\u00fablica\/ Alejandro Gim\u00e9nez <\/strong><\/p>\n\n\n\n<p><\/p>\n\n\n\n<div data-wp-interactive=\"core\/file\" class=\"wp-block-file\"><object data-wp-bind--hidden=\"!state.hasPdfPreview\" hidden class=\"wp-block-file__embed\" data=\"https:\/\/multimedia.uned.ac.cr\/ecsh\/simposio-policiales-2023\/wp-content\/uploads\/sites\/34\/2023\/09\/GimenezSantana_RutgersUSA.pdf\" type=\"application\/pdf\" style=\"width:100%;height:299px\" aria-label=\"Incrustado de GimenezSantana_RutgersUSA.\"><\/object><a id=\"wp-block-file--media-7d1ffbd9-5653-4ac5-abe7-912c90504d47\" href=\"https:\/\/multimedia.uned.ac.cr\/ecsh\/simposio-policiales-2023\/wp-content\/uploads\/sites\/34\/2023\/09\/GimenezSantana_RutgersUSA.pdf\">GimenezSantana_RutgersUSA<\/a><a href=\"https:\/\/multimedia.uned.ac.cr\/ecsh\/simposio-policiales-2023\/wp-content\/uploads\/sites\/34\/2023\/09\/GimenezSantana_RutgersUSA.pdf\" class=\"wp-block-file__button wp-element-button\" download aria-describedby=\"wp-block-file--media-7d1ffbd9-5653-4ac5-abe7-912c90504d47\">Descargar<\/a><\/div>\n\n\n\n<p><\/p>\n\n\n\n<p class=\"has-text-color has-large-font-size\" style=\"color:#0c3996\"><strong>Polic\u00eda orientada a la soluci\u00f3n de problemas a trav\u00e9s del modelo preventivo de Gesti\u00f3n Policial de Fuerza P\u00fablica\/Hazel Villalobos y Erick Cordero<\/strong><\/p>\n\n\n\n<p><\/p>\n\n\n\n<div data-wp-interactive=\"core\/file\" class=\"wp-block-file\"><object data-wp-bind--hidden=\"!state.hasPdfPreview\" hidden class=\"wp-block-file__embed\" data=\"https:\/\/multimedia.uned.ac.cr\/ecsh\/simposio-policiales-2023\/wp-content\/uploads\/sites\/34\/2023\/09\/Presentacion-POP-FUNPADEM.pdf\" type=\"application\/pdf\" style=\"width:100%;height:300px\" aria-label=\"Incrustado de Presentacion-POP-FUNPADEM.\"><\/object><a id=\"wp-block-file--media-d3831531-989d-4be7-8ec8-5de3da1a9e74\" href=\"https:\/\/multimedia.uned.ac.cr\/ecsh\/simposio-policiales-2023\/wp-content\/uploads\/sites\/34\/2023\/09\/Presentacion-POP-FUNPADEM.pdf\">Presentacion-POP-FUNPADEM<\/a><a href=\"https:\/\/multimedia.uned.ac.cr\/ecsh\/simposio-policiales-2023\/wp-content\/uploads\/sites\/34\/2023\/09\/Presentacion-POP-FUNPADEM.pdf\" class=\"wp-block-file__button wp-element-button\" download aria-describedby=\"wp-block-file--media-d3831531-989d-4be7-8ec8-5de3da1a9e74\">Descargar<\/a><\/div>\n\n\n\n<p><\/p>\n\n\n\n<p class=\"has-text-color has-large-font-size\" style=\"color:#0c3996\"><strong>Gesti\u00f3n policial en la formaci\u00f3n profesional universitaria de Ciencias Policiales de la UNED\/ Karen Jim\u00e9nez<\/strong><\/p>\n\n\n\n<p><\/p>\n\n\n\n<div data-wp-interactive=\"core\/file\" class=\"wp-block-file\"><object data-wp-bind--hidden=\"!state.hasPdfPreview\" hidden class=\"wp-block-file__embed\" data=\"https:\/\/multimedia.uned.ac.cr\/ecsh\/simposio-policiales-2023\/wp-content\/uploads\/sites\/34\/2023\/09\/Gestion-Policial-en-la-formacion-profesional-universitaria.pdf\" type=\"application\/pdf\" style=\"width:100%;height:300px\" aria-label=\"Incrustado de Gestion-Policial-en-la-formacion-profesional-universitaria.\"><\/object><a id=\"wp-block-file--media-93698b66-273f-4527-b1f2-c2beafb74343\" href=\"https:\/\/multimedia.uned.ac.cr\/ecsh\/simposio-policiales-2023\/wp-content\/uploads\/sites\/34\/2023\/09\/Gestion-Policial-en-la-formacion-profesional-universitaria.pdf\">Gestion-Policial-en-la-formacion-profesional-universitaria<\/a><a href=\"https:\/\/multimedia.uned.ac.cr\/ecsh\/simposio-policiales-2023\/wp-content\/uploads\/sites\/34\/2023\/09\/Gestion-Policial-en-la-formacion-profesional-universitaria.pdf\" class=\"wp-block-file__button wp-element-button\" download aria-describedby=\"wp-block-file--media-93698b66-273f-4527-b1f2-c2beafb74343\">Descargar<\/a><\/div>\n\n\n\n<p><\/p>\n\n\n\n<p class=\"has-text-color has-large-font-size\" style=\"color:#0c3996\"><strong>Modelo Preventivo de Gesti\u00f3n Policial aplicado en los procesos acad\u00e9micos\/ Cynthia Castillo<\/strong><\/p>\n\n\n\n<p><\/p>\n\n\n\n<div data-wp-interactive=\"core\/file\" class=\"wp-block-file\"><object data-wp-bind--hidden=\"!state.hasPdfPreview\" hidden class=\"wp-block-file__embed\" data=\"https:\/\/multimedia.uned.ac.cr\/ecsh\/simposio-policiales-2023\/wp-content\/uploads\/sites\/34\/2023\/09\/Presentacion-Cinthia-Castillo.pdf\" type=\"application\/pdf\" style=\"width:100%;height:300px\" aria-label=\"Incrustado de Presentacion-Cinthia-Castillo.\"><\/object><a id=\"wp-block-file--media-7b064b36-ac0a-46aa-a380-02f3e4b7de35\" href=\"https:\/\/multimedia.uned.ac.cr\/ecsh\/simposio-policiales-2023\/wp-content\/uploads\/sites\/34\/2023\/09\/Presentacion-Cinthia-Castillo.pdf\">Presentacion-Cinthia-Castillo<\/a><a href=\"https:\/\/multimedia.uned.ac.cr\/ecsh\/simposio-policiales-2023\/wp-content\/uploads\/sites\/34\/2023\/09\/Presentacion-Cinthia-Castillo.pdf\" class=\"wp-block-file__button wp-element-button\" download aria-describedby=\"wp-block-file--media-7b064b36-ac0a-46aa-a380-02f3e4b7de35\">Descargar<\/a><\/div>\n<\/div>\n<\/div><\/div><\/div>\n\n\n\n<p><\/p>\n\n\n\n<p><\/p>\n\n\n\n<p><\/p>\n","protected":false},"excerpt":{"rendered":"<p>A continuaci\u00f3n, se recopilan las presentaciones de las personas expositoras invitadas al Simposio Internacional Modelos de Policiales Preventivos: Aportes a la Seguridad Humana.<\/p>\n","protected":false},"author":135,"featured_media":0,"parent":0,"menu_order":0,"comment_status":"closed","ping_status":"closed","template":"page-full-width.php","meta":{"_acf_changed":false,"_monsterinsights_skip_tracking":false,"_monsterinsights_sitenote_active":false,"_monsterinsights_sitenote_note":"","_monsterinsights_sitenote_category":0,"footnotes":""},"class_list":["post-580","page","type-page","status-publish","hentry"],"acf":[],"_links":{"self":[{"href":"https:\/\/multimedia.uned.ac.cr\/ecsh\/simposio-policiales-2023\/wp-json\/wp\/v2\/pages\/580","targetHints":{"allow":["GET"]}}],"collection":[{"href":"https:\/\/multimedia.uned.ac.cr\/ecsh\/simposio-policiales-2023\/wp-json\/wp\/v2\/pages"}],"about":[{"href":"https:\/\/multimedia.uned.ac.cr\/ecsh\/simposio-policiales-2023\/wp-json\/wp\/v2\/types\/page"}],"author":[{"embeddable":true,"href":"https:\/\/multimedia.uned.ac.cr\/ecsh\/simposio-policiales-2023\/wp-json\/wp\/v2\/users\/135"}],"replies":[{"embeddable":true,"href":"https:\/\/multimedia.uned.ac.cr\/ecsh\/simposio-policiales-2023\/wp-json\/wp\/v2\/comments?post=580"}],"version-history":[{"count":11,"href":"https:\/\/multimedia.uned.ac.cr\/ecsh\/simposio-policiales-2023\/wp-json\/wp\/v2\/pages\/580\/revisions"}],"predecessor-version":[{"id":618,"href":"https:\/\/multimedia.uned.ac.cr\/ecsh\/simposio-policiales-2023\/wp-json\/wp\/v2\/pages\/580\/revisions\/618"}],"wp:attachment":[{"href":"https:\/\/multimedia.uned.ac.cr\/ecsh\/simposio-policiales-2023\/wp-json\/wp\/v2\/media?parent=580"}],"curies":[{"name":"wp","href":"https:\/\/api.w.org\/{rel}","templated":true}]}}