{"id":17,"date":"2023-02-17T18:23:26","date_gmt":"2023-02-17T18:23:26","guid":{"rendered":"https:\/\/multimedia.uned.ac.cr\/ecsh\/simposio-policiales-2023\/?page_id=17"},"modified":"2023-09-11T20:47:21","modified_gmt":"2023-09-11T20:47:21","slug":"programa","status":"publish","type":"page","link":"https:\/\/multimedia.uned.ac.cr\/ecsh\/simposio-policiales-2023\/programa\/","title":{"rendered":"Programa"},"content":{"rendered":"\n<div class=\"wp-block-attire-blocks-tabs atbs-tabs-wrapper\"><style id=\"atbs-tabs-css-a2c8310c\">\n                \/* tab content border *\/\n                #atbs-tabs-a2c8310c .tab-content{\n                    border-left: 2px solid;\n                    border-right:2px solid;\n                    border-bottom: 2px solid;\n                    border-color: #3373dc;\n                }\n                #atbs-tabs-a2c8310c .nav-tabs{\n                    border-bottom:2px solid #3373dc;\n                }\n                \/* end: tab content border *\/\n                #atbs-tabs-a2c8310c .nav-tabs .nav-item a{\n                    border-radius: 42px 42px 0 0;\n                }\n                #atbs-tabs-a2c8310c .nav-tabs .nav-item.show .nav-link, #atbs-tabs-a2c8310c .nav-tabs .nav-link.active, #atbs-tabs-a2c8310c .nav-tabs .nav-link:hover{\n                    border: 2px solid;\n                    border-color: #3373dc #3373dc transparent;\n                    margin-bottom: -2px;\n                }\n                #atbs-tabs-a2c8310c .nav-tabs .nav-link:not(.active):not(:hover){\n                    border: 2px solid transparent;\n                    border-bottom:0;\n                }#atbs-tabs-a2c8310c ul.nav li:not(:last-child){\n                    margin-right:5px;           \n                }#atbs-tabs-a2c8310c .nav-pills .nav-item a{\n                    border:2px solid #3373dc;\n                    border-radius:42px;\n                }#atbs-tabs-a2c8310c .nav-link{\n        font-size:16px;\n        text-align:center;\n    }#atbs-tabs-a2c8310c .nav-link{\n        background-color:transparent;\n    }\n    #atbs-tabs-a2c8310c .nav-link.active, #atbs-tabs-a2c8310c .nav-link:hover{\n        background-color:#0c3996;\n    }#atbs-tabs-a2c8310c .nav-link{\n        color:#0c3996;\n    }\n    #atbs-tabs-a2c8310c .nav-link.active{\n        color:#ffffff;\n    }#atbs-tabs-a2c8310c .tab-content{\n        background-color:#ffffff;\n    }#atbs-tabs-a2c8310c .tab-content{\n        margin:0px 0px 0px 0px!important;     \n        padding:20px 10px 20px 10px!important;     \n    }#atbs-tabs-a2c8310c .nav-item a{\n                    padding: 5px 20px 5px 20px;\n                    margin: 0px 10px 0px 0px;\n                }<\/style><div class=\"\" data-tab-active=\"tab-viernes-8-de-setiembre\" id=\"atbs-tabs-a2c8310c\"><ul class=\"nav nav-tabs \" role=\"tablist\"><li class=\"nav-item\"><a class=\"nav-link active\" data-toggle=\"tab\" data-target=\"[data-id=tab-viernes-8-de-setiembre]\" href=\"#tab-viernes-8-de-setiembre\"><span class=\"atbs-tabs-buttons-item\"><strong>Viernes 8 de setiembre<\/strong><\/span><\/a><\/li><li class=\"nav-item\"><a class=\"nav-link \" data-toggle=\"tab\" data-target=\"[data-id=tab-sabado-9-de-setiembre]\" href=\"#tab-sabado-9-de-setiembre\"><span class=\"atbs-tabs-buttons-item\">S\u00e1bado 9 de setiembre<strong><\/strong><\/span><\/a><\/li><\/ul><div class=\"tab-content \">\n<div data-id=\"tab-viernes-8-de-setiembre\" class=\"tab-pane fade active show\" role=\"tabpanel\" aria-labelledby=\"tab-viernes-8-de-setiembre-tab\">\n<figure class=\"wp-block-table\"><table class=\"has-text-color\" style=\"color:#0c3996\"><thead><tr><th>Hora<\/th><th>Actividad<\/th><\/tr><\/thead><tbody><tr><td>8:30 a.m.<\/td><td><strong>Acto Protocolario de Inauguraci\u00f3n<\/strong><br>&#8211; Sr. Carlos Rivera Bianchinni, Fundaci\u00f3n para la paz y la democracia.<br>&#8211; Sr. Esteban Artavia Jim\u00e9nez, Banco Interamericano de Desarrollo.<br>&#8211; Sr. Jos\u00e9 Vicente Troya Rodriguez, Programa de Naciones Unidas. <br>&#8211; Sr. Rodrigo Arias Camacho, Universidad Estatal a Distancia. <br>&#8211; Sr. Mario Zamora Cordero, Ministerio de Seguridad P\u00fablica.<\/td><\/tr><tr><td>9:00 a.m.<\/td><td><strong>Desayuno<\/strong><\/td><\/tr><tr><td>9:25 a.m.<\/td><td><strong>Panel: <\/strong>Polic\u00eda Comunitaria en el marco de la Seguridad Humana<br><strong>Personas expositoras:<\/strong><br>&#8211; Daniel Raymond Hales, Coordinador programa nacional, DCAF Honduras Programme Office (DHPO) Geneva Centre for Security Sector Governance.<br>&#8211; Marcela Smutt, Programa de las Naciones Unidas.<\/td><\/tr><tr><td>10:50 a.m.<\/td><td><strong>Conversatorio:<\/strong> Aplicaci\u00f3n de la Polic\u00eda Comunitaria en la regi\u00f3n centroamericana<br><strong>Personas expositoras:<\/strong><br>&#8211; Hannia Cubillo Gonz\u00e1lez, Direcci\u00f3n de Programas Policiales Preventivas, Ministerio de Seguridad Costa Rica. <br>&#8211; Daniel Raymond Hales, Coordinador programa nacional, DCAF Honduras Programme Office (DHPO) Geneva Centre for Security Sector Governance.<\/td><\/tr><tr><td>12:00 m.d.<\/td><td><strong>Almuerzo<\/strong><\/td><\/tr><tr><td>1:05 p.m. <\/td><td><strong>Panel:<\/strong> Polic\u00eda basada en Evidencia (PbE)<br><strong>Personas expositoras:<\/strong><br>&#8211;<strong> <\/strong>Rodrigo Serrano Berthet, Banco Interamericano de Desarrollo.<br>&#8211; Alejandra Monteolivo, Programa de Naciones Unidas.<br>&#8211; Patricio Tudela, Asociaci\u00f3n Internacional de Analistas Criminales (IACA).<\/td><\/tr><tr><td>2:45 p.m.<\/td><td><strong>Caf\u00e9<\/strong><\/td><\/tr><tr><td>3:15 p.m. <\/td><td><strong>Panel:<\/strong> Aplicaci\u00f3n de la Polic\u00eda basada en Evidencia (PbE) en la regi\u00f3n<br><strong>Personas expositoras:<\/strong><br>&#8211; Erick Calder\u00f3n Hern\u00e1ndez, Ministerio de Seguridad P\u00fablica. <br>&#8211; Alejandra Monteolivos, Programa de Naciones Unidas. <\/td><\/tr><tr><td>5:00 p.m.<\/td><td><strong>Coctel<\/strong><\/td><\/tr><\/tbody><\/table><\/figure>\n<\/div>\n\n\n\n<div data-id=\"tab-sabado-9-de-setiembre\" class=\"tab-pane fade \" role=\"tabpanel\" aria-labelledby=\"tab-sabado-9-de-setiembre-tab\">\n<figure class=\"wp-block-table\"><table class=\"has-text-color\" style=\"color:#0c3996\"><thead><tr><th>Hora<\/th><th>Actividad<\/th><\/tr><\/thead><tbody><tr><td>9:00 a.m<\/td><td><strong>Panel: <\/strong>Polic\u00eda orientada a la Inteligencia<br><strong>Personas Expositoras:<\/strong><br>&#8211; Cynthia Castillo Cort\u00e9s, Ministerio de Seguridad<br>&#8211; Cyntia Quir\u00f3s Quesada, Gerente Componente Efectividad Policial del Programa de Seguridad Ciudadana. Banco Interamericano de Desarrollo. <\/td><\/tr><tr><td>10:35 a.m.<\/td><td><strong>Desayuno<\/strong><\/td><\/tr><tr><td>10:40 a.m.<\/td><td><strong>Panel: <\/strong>Polic\u00eda orientada a la soluci\u00f3n de problemas<br><strong>Personas Expositoras:  <\/strong><br>&#8211; Alejandro Gim\u00e9nez Santana, Universidad Rutgers. Director. Colaboraci\u00f3n de Seguridad P\u00fablica de Newark, Nueva Jersey. <br>&#8211; Hazel Villalobos Fonseca, Fundaci\u00f3n para la paz y la democracia.<br>&#8211; Erick Cordero, Fuerza P\u00fablica<\/td><\/tr><tr><td>12:00 m.d.<\/td><td><strong>Almuerzo<\/strong><\/td><\/tr><tr><td>1:05 p.m.<\/td><td><strong>Panel:<\/strong> Aplicaci\u00f3n de los modelos de gesti\u00f3n policial a la formaci\u00f3n y gesti\u00f3n del conocimiento<br><strong>Personas expositoras:<\/strong><br>&#8211; Karen Jim\u00e9nez Morales, UNED, Coordinadora de la Carrera de Ciencias Policiales. <br>&#8211; Xinia V\u00e1squez Mora, Directora Academia Nacional de Polic\u00eda del Ministerio de Seguridad P\u00fablica. <br>&#8211; Marcela Smutt, Programa de Naciones Unidas. <\/td><\/tr><tr><td>2:35 p.m.<\/td><td><strong>Clausura del Simposio<\/strong><br><strong>Personas expositoras: <\/strong><br>&#8211; Randall Brenes Su\u00e1rez, Programa de las Naciones Unidas. <br>&#8211; Karen Jim\u00e9nez Morales, Coordinadora de la Carrera de Ciencias Policiales<\/td><\/tr><tr><td>3:00 p.m.<\/td><td><strong>Caf\u00e9<\/strong><\/td><\/tr><\/tbody><\/table><\/figure>\n<\/div>\n<\/div><\/div><\/div>\n","protected":false},"excerpt":{"rendered":"","protected":false},"author":2,"featured_media":0,"parent":0,"menu_order":0,"comment_status":"closed","ping_status":"closed","template":"page-full-width.php","meta":{"_acf_changed":false,"_monsterinsights_skip_tracking":false,"_monsterinsights_sitenote_active":false,"_monsterinsights_sitenote_note":"","_monsterinsights_sitenote_category":0,"footnotes":""},"class_list":["post-17","page","type-page","status-publish","hentry"],"acf":[],"_links":{"self":[{"href":"https:\/\/multimedia.uned.ac.cr\/ecsh\/simposio-policiales-2023\/wp-json\/wp\/v2\/pages\/17","targetHints":{"allow":["GET"]}}],"collection":[{"href":"https:\/\/multimedia.uned.ac.cr\/ecsh\/simposio-policiales-2023\/wp-json\/wp\/v2\/pages"}],"about":[{"href":"https:\/\/multimedia.uned.ac.cr\/ecsh\/simposio-policiales-2023\/wp-json\/wp\/v2\/types\/page"}],"author":[{"embeddable":true,"href":"https:\/\/multimedia.uned.ac.cr\/ecsh\/simposio-policiales-2023\/wp-json\/wp\/v2\/users\/2"}],"replies":[{"embeddable":true,"href":"https:\/\/multimedia.uned.ac.cr\/ecsh\/simposio-policiales-2023\/wp-json\/wp\/v2\/comments?post=17"}],"version-history":[{"count":45,"href":"https:\/\/multimedia.uned.ac.cr\/ecsh\/simposio-policiales-2023\/wp-json\/wp\/v2\/pages\/17\/revisions"}],"predecessor-version":[{"id":610,"href":"https:\/\/multimedia.uned.ac.cr\/ecsh\/simposio-policiales-2023\/wp-json\/wp\/v2\/pages\/17\/revisions\/610"}],"wp:attachment":[{"href":"https:\/\/multimedia.uned.ac.cr\/ecsh\/simposio-policiales-2023\/wp-json\/wp\/v2\/media?parent=17"}],"curies":[{"name":"wp","href":"https:\/\/api.w.org\/{rel}","templated":true}]}}