{"id":8,"date":"2022-07-29T21:40:42","date_gmt":"2022-07-29T21:40:42","guid":{"rendered":"https:\/\/multimedia.uned.ac.cr\/ecsh\/congresocisc2022\/?page_id=8"},"modified":"2023-06-29T16:21:39","modified_gmt":"2023-06-29T16:21:39","slug":"programa","status":"publish","type":"page","link":"https:\/\/multimedia.uned.ac.cr\/ecsh\/simposio-policiales-2022\/programa\/","title":{"rendered":"Programa"},"content":{"rendered":"\n<h2 class=\"wp-block-heading has-text-color\" style=\"color:#0c3996\"><strong>Jueves 29 de setiembre, 2022<\/strong><\/h2>\n\n\n\n<figure class=\"wp-block-table is-style-stripes\"><table class=\"has-text-color\" style=\"color:#0c3996\"><tbody><tr><td><strong>Hora<\/strong><\/td><td class=\"has-text-align-left\" data-align=\"left\"><strong>Tem\u00e1tica<\/strong><\/td><\/tr><tr><td>9:00 a.m.<\/td><td class=\"has-text-align-left\" data-align=\"left\"><strong>Acto protocolario<\/strong> <br>Karen Jim\u00e9nez Morales. Coordinadora de la Carrera Ciencias Policiales.<br>Randall Brenes Su\u00e1rez. Oficial de desarrollo humano y gobernabilidad democr\u00e1tica, Programa de las Naciones Unidas.<br>Ronald \u00c1lvarez Alp\u00edzar. Presidente ALAS Costa Rica<br>Floreny Ulate Artavia. Directora Escuela de Ciencias Sociales y Humanidades.<\/td><\/tr><tr><td><\/td><td class=\"has-text-align-left\" data-align=\"left\"><strong>M\u00f3dulo: Ciudades Inteligentes y Seguridad Ciudadana<\/strong><\/td><\/tr><tr><td>9:20 a.m.<\/td><td class=\"has-text-align-left\" data-align=\"left\"><strong>Conferencia # 1 :<\/strong> Objetivos de desarrollo sostenible: Ciudades y comunidades sostenibles y seguridad ciudadana.<br><strong>Persona especialista<\/strong>: Randall Brenes Su\u00e1rez (Costa Rica) &#8211; Oficial de desarrollo humano y gobernabilidad democr\u00e1tica, Programa de las Naciones Unidas.<\/td><\/tr><tr><td>09:50 a.m.<\/td><td class=\"has-text-align-left\" data-align=\"left\"><strong>Conferencia # 2:<\/strong> Ciudades inteligentes desde una perspectiva de seguridad ciudadana.<br><strong>Persona especialista<\/strong>: Alberto \u00c1lvarez Pereyra (Argentina) &#8211; CEO de ALAS Internacional.<\/td><\/tr><tr><td>10:15 a.m.<\/td><td class=\"has-text-align-left\" data-align=\"left\"><strong>Conferencia # 3: <\/strong>Ciudades inteligentes desde nuestra realidad nacional.<br><strong>Persona especialista:<\/strong> Sergio Quesada Guadamuz (Costa Rica) &#8211; Integrated Security Solutions<\/td><\/tr><tr><td>10:45 a.m.<\/td><td class=\"has-text-align-left\" data-align=\"left\"><strong>Conferencia # 4: <\/strong>Habilitando una ciudad preparada para el futuro.<br><strong>Persona especialista:<\/strong> Manuel Zamudio V\u00e1zquez (M\u00e9xico) &#8211; Industry Associations Manager en Axis Communications.<\/td><\/tr><tr><td><\/td><td class=\"has-text-align-left\" data-align=\"left\"><strong>M\u00f3dulo: Tecnolog\u00edas para una ciudad segura<\/strong><\/td><\/tr><tr><td>11:15 a.m. <\/td><td class=\"has-text-align-left\" data-align=\"left\"><strong>Conferencia #5: <\/strong>El uso de tecnolog\u00eda para la seguridad de comunidades.<br><strong>Persona especialista:<\/strong> Daniel Banda  (Argentina) &#8211; CEO en SoftGuard Tech Corp y VP 2do y Coordinador de Comites Nacionales en ALAS.<\/td><\/tr><tr><td>11:45 a.m. <\/td><td class=\"has-text-align-left\" data-align=\"left\"><strong>Conferencia #6:<\/strong> CiberSeguridad en una Ciudad Inteligente.<br><strong>Persona especialista:<\/strong> Sergio Canossa Jim\u00e9nez (Costa Rica) &#8211; Director de TI Netway. <\/td><\/tr><tr><td>12:15  p.m.<\/td><td class=\"has-text-align-left\" data-align=\"left\"><strong>Conferencia #7: <\/strong>Tecnolog\u00edas Integradas en un Ciudad Inteligente.<br><strong>Persona especialista:<\/strong> Nawel Javier Vargas Igua (Colombia) &#8211; GENETEC<\/td><\/tr><tr><td>12:40 p.m.<\/td><td class=\"has-text-align-left\" data-align=\"left\"><strong>Almuerzo<\/strong><\/td><\/tr><tr><td><\/td><td class=\"has-text-align-left\" data-align=\"left\"><strong>M\u00f3dulo Tecnolog\u00edas en Instituciones Policiales<\/strong><\/td><\/tr><tr><td>1:30 p.m. <\/td><td class=\"has-text-align-left\" data-align=\"left\"><strong>Foro:<\/strong> Experiencias en uso de las tecnolog\u00edas para la seguridad ciudadana en municipios Costa Rica. <br><strong>Personas especialistas:<\/strong> <br>M\u00f3nica Coto Murillo &#8211; Polic\u00eda Municipal San Jos\u00e9&nbsp;&nbsp;&nbsp;&nbsp;&nbsp;&nbsp;&nbsp;&nbsp;&nbsp;&nbsp;&nbsp;&nbsp;&nbsp;&nbsp;&nbsp;&nbsp;&nbsp;&nbsp;&nbsp;&nbsp;&nbsp;&nbsp;&nbsp;&nbsp;&nbsp;&nbsp;&nbsp;&nbsp;&nbsp;&nbsp;&nbsp;&nbsp;&nbsp;&nbsp;&nbsp;&nbsp;&nbsp;&nbsp;&nbsp;&nbsp;&nbsp;&nbsp;&nbsp;&nbsp;&nbsp;&nbsp;&nbsp;&nbsp;&nbsp;&nbsp;&nbsp;&nbsp;&nbsp;&nbsp;&nbsp;&nbsp;&nbsp;&nbsp;&nbsp;&nbsp;&nbsp;&nbsp;&nbsp;&nbsp;&nbsp;&nbsp;&nbsp;&nbsp;&nbsp;&nbsp;&nbsp;&nbsp;&nbsp;&nbsp;&nbsp;&nbsp;&nbsp;&nbsp;&nbsp;&nbsp;&nbsp;&nbsp;&nbsp;&nbsp;&nbsp;&nbsp;&nbsp;&nbsp;&nbsp;&nbsp;&nbsp;&nbsp;&nbsp;&nbsp;&nbsp;&nbsp;&nbsp;&nbsp;&nbsp;&nbsp;&nbsp;&nbsp;&nbsp;&nbsp;&nbsp;&nbsp;&nbsp;&nbsp;&nbsp;&nbsp;&nbsp;&nbsp;&nbsp;&nbsp;&nbsp;&nbsp;&nbsp;&nbsp;&nbsp;&nbsp;<br>Giovanna Siles P\u00e9rez &#8211; Directora Polic\u00eda Municipal de Cartago.&nbsp;&nbsp;&nbsp;&nbsp;&nbsp;&nbsp;&nbsp;&nbsp;&nbsp;&nbsp;&nbsp;&nbsp;&nbsp;&nbsp;&nbsp;&nbsp;&nbsp;&nbsp;&nbsp;&nbsp;&nbsp;&nbsp;&nbsp;&nbsp;&nbsp;&nbsp;&nbsp;&nbsp;&nbsp;&nbsp;&nbsp;&nbsp;&nbsp;&nbsp;&nbsp;&nbsp;&nbsp;&nbsp;&nbsp;&nbsp;&nbsp;&nbsp;&nbsp;&nbsp;&nbsp;&nbsp;&nbsp;&nbsp;&nbsp;&nbsp;&nbsp;&nbsp;&nbsp;&nbsp; <br>David Hidalgo Porras &#8211; Director Polic\u00eda Municipal de Desamparados.&nbsp;&nbsp;&nbsp;&nbsp;&nbsp;&nbsp;&nbsp;&nbsp;&nbsp;&nbsp;&nbsp;&nbsp;&nbsp;&nbsp;&nbsp;&nbsp;&nbsp;&nbsp;&nbsp;&nbsp;&nbsp; &nbsp;&nbsp;&nbsp;<\/td><\/tr><tr><td>2:35 p.m. <\/td><td class=\"has-text-align-left\" data-align=\"left\"><strong>Conferencia #8<\/strong>: Uso de tecnolog\u00edas en Fuerza P\u00fablica para la prevenci\u00f3n del crimen y la violencia. <br><strong>Persona especialista: <\/strong>Daniel Calder\u00f3n Rodr\u00edguez &#8211;  Viceministro del Ministerio de Seguridad P\u00fablica. <\/td><\/tr><tr><td>3:30 p.m.<\/td><td class=\"has-text-align-left\" data-align=\"left\"><strong>Foro<\/strong>: Experiencias en uso de las tecnolog\u00edas para la Seguridad Ciudadana en municipios en Latinoam\u00e9rica. <br><strong>Personas especialistas:<\/strong><br><strong>Javier Cegarra<\/strong> &#8211; Caso Las Condes, Chile.<br><strong>Andr\u00e9s Fernando Aristiz\u00e1bal Mar\u00edn<\/strong> &#8211; Rionegro, Colombia.<br><strong>Cecilia In\u00e9s Amigo<\/strong> &#8211; Buenos Aires, Argentina.<br><strong>Sarah Aguirre<\/strong> &#8211; Mi Calle C5, Ciudad de M\u00e9xico.<\/td><\/tr><tr><td><\/td><td class=\"has-text-align-left\" data-align=\"left\"><strong>M\u00f3dulo Aspectos Legales<\/strong><\/td><\/tr><tr><td>4:45 p.m. <\/td><td class=\"has-text-align-left\" data-align=\"left\"><strong>Conferencia: #9<\/strong> Retos para la implementaci\u00f3n de sistemas de monitoreo con reconocimiento facial a partir de datos biom\u00e9tricos.<br><strong>Persona especialista<\/strong>: Francisco Salas Ruiz &#8211; Procurador adjunto en derecho inform\u00e1tico e inform\u00e1tica jur\u00eddica de la Procuradur\u00eda General de la Rep\u00fablica.<\/td><\/tr><tr><td>5:15 p.m.<\/td><td class=\"has-text-align-left\" data-align=\"left\"><strong>Rese\u00f1a Asociaci\u00f3n Latinoamericana de Seguridad<\/strong><br>Karolina S\u00e1nchez Vargas (Costa Rica).<\/td><\/tr><tr><td>5:25 p.m.<\/td><td class=\"has-text-align-left\" data-align=\"left\"><strong>Cierre<\/strong><br>Karen Jim\u00e9nez Morales. &#8211; Coordinadora de la Carrera Ciencias Policiales.<\/td><\/tr><tr><td>5:30 p.m. <\/td><td class=\"has-text-align-left\" data-align=\"left\"><strong>Actividad art\u00edstica de cierre<\/strong><br>Francisco Piedra Vargas.<\/td><\/tr><\/tbody><\/table><\/figure>\n","protected":false},"excerpt":{"rendered":"<p>Jueves 29 de setiembre, 2022 Hora Tem\u00e1tica 9:00 a.m. Acto protocolario Karen Jim\u00e9nez Morales. Coordinadora de la Carrera Ciencias Policiales.Randall Brenes Su\u00e1rez. Oficial de desarrollo humano y gobernabilidad democr\u00e1tica, Programa de las Naciones Unidas.Ronald \u00c1lvarez Alp\u00edzar. Presidente ALAS Costa RicaFloreny Ulate Artavia. Directora Escuela de Ciencias Sociales y Humanidades. M\u00f3dulo: Ciudades Inteligentes y Seguridad Ciudadana 9:20 a.m. Conferencia # 1 : Objetivos de desarrollo sostenible: Ciudades y comunidades sostenibles y seguridad ciudadana.Persona especialista: Randall Brenes Su\u00e1rez (Costa Rica) &#8211; Oficial de desarrollo humano y gobernabilidad democr\u00e1tica, Programa de las Naciones Unidas. 09:50 a.m. Conferencia # 2: Ciudades inteligentes desde una\u2026<\/p>\n","protected":false},"author":135,"featured_media":0,"parent":0,"menu_order":0,"comment_status":"closed","ping_status":"closed","template":"page-full-width.php","meta":{"_acf_changed":false,"_monsterinsights_skip_tracking":false,"_monsterinsights_sitenote_active":false,"_monsterinsights_sitenote_note":"","_monsterinsights_sitenote_category":0,"footnotes":""},"class_list":["post-8","page","type-page","status-publish","hentry"],"acf":[],"_links":{"self":[{"href":"https:\/\/multimedia.uned.ac.cr\/ecsh\/simposio-policiales-2022\/wp-json\/wp\/v2\/pages\/8","targetHints":{"allow":["GET"]}}],"collection":[{"href":"https:\/\/multimedia.uned.ac.cr\/ecsh\/simposio-policiales-2022\/wp-json\/wp\/v2\/pages"}],"about":[{"href":"https:\/\/multimedia.uned.ac.cr\/ecsh\/simposio-policiales-2022\/wp-json\/wp\/v2\/types\/page"}],"author":[{"embeddable":true,"href":"https:\/\/multimedia.uned.ac.cr\/ecsh\/simposio-policiales-2022\/wp-json\/wp\/v2\/users\/135"}],"replies":[{"embeddable":true,"href":"https:\/\/multimedia.uned.ac.cr\/ecsh\/simposio-policiales-2022\/wp-json\/wp\/v2\/comments?post=8"}],"version-history":[{"count":21,"href":"https:\/\/multimedia.uned.ac.cr\/ecsh\/simposio-policiales-2022\/wp-json\/wp\/v2\/pages\/8\/revisions"}],"predecessor-version":[{"id":490,"href":"https:\/\/multimedia.uned.ac.cr\/ecsh\/simposio-policiales-2022\/wp-json\/wp\/v2\/pages\/8\/revisions\/490"}],"wp:attachment":[{"href":"https:\/\/multimedia.uned.ac.cr\/ecsh\/simposio-policiales-2022\/wp-json\/wp\/v2\/media?parent=8"}],"curies":[{"name":"wp","href":"https:\/\/api.w.org\/{rel}","templated":true}]}}