{"id":14,"date":"2025-05-12T21:49:37","date_gmt":"2025-05-12T21:49:37","guid":{"rendered":"https:\/\/multimedia.uned.ac.cr\/ecsh\/jornadasecretarial2025\/?page_id=14"},"modified":"2025-05-29T17:05:14","modified_gmt":"2025-05-29T17:05:14","slug":"inscripciones","status":"publish","type":"page","link":"https:\/\/multimedia.uned.ac.cr\/ecsh\/jornadasecretarial2025\/inscripciones\/","title":{"rendered":"Inscripciones"},"content":{"rendered":"\n<p>Aquellas personas con inter\u00e9s en participar en la II Jornada de Capacitaci\u00f3n en Gesti\u00f3n Secretarial de la Oficina, deber\u00e1n cancelar 10.000 colones para su inscripci\u00f3n. Se brindar\u00e1 el certificado de participaci\u00f3n \u00fanicamente a aquellas personas que participen en la totalidad de la agenda acad\u00e9mica.<\/p>\n\n\n\n<h3 class=\"wp-block-heading has-text-color has-link-color wp-elements-b4d550845d3e0c9bced2fd4421b4ebbd\" style=\"color:#0c3996\">Pasos para la inscripci\u00f3n<\/h3>\n\n\n\n<p>1.Crear un usuario en la plataforma de <a href=\"https:\/\/www.fundepredi.com\/\" data-type=\"URL\" data-id=\"https:\/\/www.fundepredi.com\/\" target=\"_blank\" rel=\"noreferrer noopener\">FUNDEPREDI<\/a>, siguiendo los pasos que se detallan a continuaci\u00f3n. Si usted particip\u00f3 en la Jornada del 2024 solamente debe ingresar el usuario y contrase\u00f1a definido anteriormente. <\/p>\n\n\n\n<figure class=\"wp-block-embed aligncenter is-type-video is-provider-youtube wp-block-embed-youtube wp-embed-aspect-16-9 wp-has-aspect-ratio\"><div class=\"wp-block-embed__wrapper\">\n<iframe loading=\"lazy\" title=\"C\u00f3mo hacer el registro \u00fanico de usuario en fundepredi.com\" width=\"640\" height=\"360\" src=\"https:\/\/www.youtube.com\/embed\/UnVufrjtpFQ?feature=oembed\" frameborder=\"0\" allow=\"accelerometer; autoplay; clipboard-write; encrypted-media; gyroscope; picture-in-picture; web-share\" referrerpolicy=\"strict-origin-when-cross-origin\" allowfullscreen><\/iframe>\n<\/div><\/figure>\n\n\n\n<p>2. Ingrese a la pesta\u00f1a Eventos, elija la II Jornada de Capacitaci\u00f3n en Gesti\u00f3n Secretarial de la Oficina y seleccione la opci\u00f3n Entrada.<\/p>\n\n\n\n<p>3. Una vez haya realizado la cancelaci\u00f3n, el equipo organizador de la Jornada le confirmar\u00e1 la inscripci\u00f3n. <\/p>\n\n\n\n<div class=\"wp-block-buttons is-content-justification-center is-layout-flex wp-container-core-buttons-is-layout-16018d1d wp-block-buttons-is-layout-flex\">\n<div class=\"wp-block-button\"><a class=\"wp-block-button__link wp-element-button\" href=\"https:\/\/www.fundepredi.com\/shop\/ecsh08p01c006-2-jornada-de-capacitacion-en-la-gestion-secretarial-1406#attr=\" style=\"border-radius:69px\">Inscribirse<\/a><\/div>\n<\/div>\n\n\n\n<p><\/p>\n","protected":false},"excerpt":{"rendered":"<p>Aquellas personas con inter\u00e9s en participar en la II Jornada de Capacitaci\u00f3n en Gesti\u00f3n Secretarial de la Oficina, deber\u00e1n cancelar 10.000 colones para su inscripci\u00f3n. Se brindar\u00e1 el certificado de participaci\u00f3n \u00fanicamente a aquellas personas que participen en la totalidad de la agenda acad\u00e9mica. Pasos para la inscripci\u00f3n 1.Crear un usuario en la plataforma de FUNDEPREDI, siguiendo los pasos que se detallan a continuaci\u00f3n. Si usted particip\u00f3 en la Jornada del 2024 solamente debe ingresar el usuario y contrase\u00f1a definido anteriormente. 2. Ingrese a la pesta\u00f1a Eventos, elija la II Jornada de Capacitaci\u00f3n en Gesti\u00f3n Secretarial de la Oficina y\u2026<\/p>\n","protected":false},"author":2,"featured_media":0,"parent":0,"menu_order":0,"comment_status":"closed","ping_status":"closed","template":"page-full-width.php","meta":{"_acf_changed":false,"_monsterinsights_skip_tracking":false,"_monsterinsights_sitenote_active":false,"_monsterinsights_sitenote_note":"","_monsterinsights_sitenote_category":0,"footnotes":""},"class_list":["post-14","page","type-page","status-publish","hentry"],"acf":[],"_links":{"self":[{"href":"https:\/\/multimedia.uned.ac.cr\/ecsh\/jornadasecretarial2025\/wp-json\/wp\/v2\/pages\/14","targetHints":{"allow":["GET"]}}],"collection":[{"href":"https:\/\/multimedia.uned.ac.cr\/ecsh\/jornadasecretarial2025\/wp-json\/wp\/v2\/pages"}],"about":[{"href":"https:\/\/multimedia.uned.ac.cr\/ecsh\/jornadasecretarial2025\/wp-json\/wp\/v2\/types\/page"}],"author":[{"embeddable":true,"href":"https:\/\/multimedia.uned.ac.cr\/ecsh\/jornadasecretarial2025\/wp-json\/wp\/v2\/users\/2"}],"replies":[{"embeddable":true,"href":"https:\/\/multimedia.uned.ac.cr\/ecsh\/jornadasecretarial2025\/wp-json\/wp\/v2\/comments?post=14"}],"version-history":[{"count":5,"href":"https:\/\/multimedia.uned.ac.cr\/ecsh\/jornadasecretarial2025\/wp-json\/wp\/v2\/pages\/14\/revisions"}],"predecessor-version":[{"id":51,"href":"https:\/\/multimedia.uned.ac.cr\/ecsh\/jornadasecretarial2025\/wp-json\/wp\/v2\/pages\/14\/revisions\/51"}],"wp:attachment":[{"href":"https:\/\/multimedia.uned.ac.cr\/ecsh\/jornadasecretarial2025\/wp-json\/wp\/v2\/media?parent=14"}],"curies":[{"name":"wp","href":"https:\/\/api.w.org\/{rel}","templated":true}]}}