{"id":12,"date":"2025-05-12T21:49:06","date_gmt":"2025-05-12T21:49:06","guid":{"rendered":"https:\/\/multimedia.uned.ac.cr\/ecsh\/jornadasecretarial2025\/?page_id=12"},"modified":"2025-06-26T20:10:12","modified_gmt":"2025-06-26T20:10:12","slug":"programa","status":"publish","type":"page","link":"https:\/\/multimedia.uned.ac.cr\/ecsh\/jornadasecretarial2025\/programa\/","title":{"rendered":"Programa"},"content":{"rendered":"\n<figure class=\"wp-block-table\"><table><thead><tr><th>Hora<\/th><th class=\"has-text-align-left\" data-align=\"left\">Actividad<\/th><\/tr><\/thead><tbody><tr><td><strong>8:30  a.m.<\/strong><\/td><td class=\"has-text-align-left\" data-align=\"left\"><strong>Registro de participantes<\/strong><\/td><\/tr><tr><td><strong>9:00  a.m.<\/strong><\/td><td class=\"has-text-align-left\" data-align=\"left\"><strong>Apertura<\/strong><br>&#8211; Himno de la UNED<br>&#8211; Palabras de la Bach. Noylin Briones Guti\u00e9rrez, Egresada de la Carrera de Gesti\u00f3n Secretarial de la Oficina. <br>&#8211; Palabras de la Mag. Ana Yancy Brice\u00f1o \u00c1lvarez, Encargada de la Carrera de Gesti\u00f3n Secretarial de la Oficina<br>&#8211; Palabras del MSc. Rodrigo Campos Cordero, Director de la Escuela de Ciencias Sociales y Humanidades<\/td><\/tr><tr><td><strong>9:30  a.m. <\/strong><\/td><td class=\"has-text-align-left\" data-align=\"left\"><strong>Refrigerio<\/strong><\/td><\/tr><tr><td><strong>10:00 a.m. <\/strong><\/td><td class=\"has-text-align-left\" data-align=\"left\"><strong>Ponencia:<br>Compras p\u00fablicas en Costa Rica: Uso y gesti\u00f3n a trav\u00e9s del SICOP<\/strong><br>Especialista: Mag. Delio Mora Campos.<\/td><\/tr><tr><td><strong>11:30 a.m.<\/strong><\/td><td class=\"has-text-align-left\" data-align=\"left\">Presentaci\u00f3n de feria de emprendedores<\/td><\/tr><tr><td><strong>12:00 a.m.<\/strong><\/td><td class=\"has-text-align-left\" data-align=\"left\"><strong>Almuerzo<\/strong><\/td><\/tr><tr><td><strong>1:00 p.m.<\/strong><\/td><td class=\"has-text-align-left\" data-align=\"left\"><strong>Ponencia:<br>El documento electr\u00f3nico: \u00bfC\u00f3mo archivarlo?<\/strong><br>Especialista: Mag. Valeria Jim\u00e9nez Vargas.<\/td><\/tr><tr><td><strong>2:00 p.m.<\/strong><\/td><td class=\"has-text-align-left\" data-align=\"left\"><strong>Caf\u00e9<\/strong><\/td><\/tr><tr><td><strong>2:30 p.m.<\/strong><\/td><td class=\"has-text-align-left\" data-align=\"left\"><strong>Ponencia:<\/strong><br><strong><strong>El lenguaje inclusivo en la redacci\u00f3n de documentos administrativos.<\/strong><\/strong><br>Especialista: Mag. Anamar\u00eda Hern\u00e1ndez Barrantes.<\/td><\/tr><\/tbody><\/table><\/figure>\n\n\n\n<p><\/p>\n","protected":false},"excerpt":{"rendered":"<p>Hora Actividad 8:30 a.m. Registro de participantes 9:00 a.m. Apertura&#8211; Himno de la UNED&#8211; Palabras de la Bach. Noylin Briones Guti\u00e9rrez, Egresada de la Carrera de Gesti\u00f3n Secretarial de la Oficina. &#8211; Palabras de la Mag. Ana Yancy Brice\u00f1o \u00c1lvarez, Encargada de la Carrera de Gesti\u00f3n Secretarial de la Oficina&#8211; Palabras del MSc. Rodrigo Campos Cordero, Director de la Escuela de Ciencias Sociales y Humanidades 9:30 a.m. Refrigerio 10:00 a.m. Ponencia:Compras p\u00fablicas en Costa Rica: Uso y gesti\u00f3n a trav\u00e9s del SICOPEspecialista: Mag. Delio Mora Campos. 11:30 a.m. Presentaci\u00f3n de feria de emprendedores 12:00 a.m. Almuerzo 1:00 p.m. Ponencia:El documento\u2026<\/p>\n","protected":false},"author":2,"featured_media":0,"parent":0,"menu_order":0,"comment_status":"closed","ping_status":"closed","template":"page-full-width.php","meta":{"_acf_changed":false,"_monsterinsights_skip_tracking":false,"_monsterinsights_sitenote_active":false,"_monsterinsights_sitenote_note":"","_monsterinsights_sitenote_category":0,"footnotes":""},"class_list":["post-12","page","type-page","status-publish","hentry"],"acf":[],"_links":{"self":[{"href":"https:\/\/multimedia.uned.ac.cr\/ecsh\/jornadasecretarial2025\/wp-json\/wp\/v2\/pages\/12","targetHints":{"allow":["GET"]}}],"collection":[{"href":"https:\/\/multimedia.uned.ac.cr\/ecsh\/jornadasecretarial2025\/wp-json\/wp\/v2\/pages"}],"about":[{"href":"https:\/\/multimedia.uned.ac.cr\/ecsh\/jornadasecretarial2025\/wp-json\/wp\/v2\/types\/page"}],"author":[{"embeddable":true,"href":"https:\/\/multimedia.uned.ac.cr\/ecsh\/jornadasecretarial2025\/wp-json\/wp\/v2\/users\/2"}],"replies":[{"embeddable":true,"href":"https:\/\/multimedia.uned.ac.cr\/ecsh\/jornadasecretarial2025\/wp-json\/wp\/v2\/comments?post=12"}],"version-history":[{"count":12,"href":"https:\/\/multimedia.uned.ac.cr\/ecsh\/jornadasecretarial2025\/wp-json\/wp\/v2\/pages\/12\/revisions"}],"predecessor-version":[{"id":66,"href":"https:\/\/multimedia.uned.ac.cr\/ecsh\/jornadasecretarial2025\/wp-json\/wp\/v2\/pages\/12\/revisions\/66"}],"wp:attachment":[{"href":"https:\/\/multimedia.uned.ac.cr\/ecsh\/jornadasecretarial2025\/wp-json\/wp\/v2\/media?parent=12"}],"curies":[{"name":"wp","href":"https:\/\/api.w.org\/{rel}","templated":true}]}}