{"id":10,"date":"2025-05-12T21:48:45","date_gmt":"2025-05-12T21:48:45","guid":{"rendered":"https:\/\/multimedia.uned.ac.cr\/ecsh\/jornadasecretarial2025\/?page_id=10"},"modified":"2025-06-26T20:54:18","modified_gmt":"2025-06-26T20:54:18","slug":"bienvenida","status":"publish","type":"page","link":"https:\/\/multimedia.uned.ac.cr\/ecsh\/jornadasecretarial2025\/","title":{"rendered":"Bienvenida"},"content":{"rendered":"\n<p>La gesti\u00f3n administrativa de oficina ha experimentado una notable transformaci\u00f3n a lo largo del tiempo, respondiendo a los cambios tecnol\u00f3gicos y a las crecientes demandas del entorno profesional. En este marco, se organiz\u00f3 la II Jornada de Capacitaci\u00f3n en Gesti\u00f3n Secretarial. En esta ocasi\u00f3n con el lema: Ampliando horizontes. Esto con el prop\u00f3sito de fortalecer las competencias y conocimientos clave en esta disciplina, adem\u00e1s, de analizar las tendencias de la disciplina. El evento representa una valiosa oportunidad para actualizarse en relaci\u00f3n con las din\u00e1micas m\u00e1s recientes y las buenas pr\u00e1cticas del ejercicio secretarial.<\/p>\n\n\n\n<p>La jornada se realizar\u00e1 el 28 de junio de 2025, de 9:00 a.m. a 4:00 p.m., en la Sala Magna del Paraninfo Daniel Oduber.<\/p>\n\n\n\n<figure class=\"wp-block-embed is-type-video is-provider-youtube wp-block-embed-youtube wp-embed-aspect-16-9 wp-has-aspect-ratio\"><div class=\"wp-block-embed__wrapper\">\n<iframe loading=\"lazy\" title=\"II Jornada de Capacitaci\u00f3n en Gesti\u00f3n Secretarial de la Oficina\" width=\"640\" height=\"360\" src=\"https:\/\/www.youtube.com\/embed\/Ed2kkGYE8CI?feature=oembed\" frameborder=\"0\" allow=\"accelerometer; autoplay; clipboard-write; encrypted-media; gyroscope; picture-in-picture; web-share\" referrerpolicy=\"strict-origin-when-cross-origin\" allowfullscreen><\/iframe>\n<\/div><\/figure>\n\n\n\n<h2 class=\"wp-block-heading has-text-color has-link-color wp-elements-0313cec66c180e83fc96cfe18da0bb6d\" style=\"color:#0c3996\">Objetivo General<\/h2>\n\n\n\n<p>Fortalecer las competencias profesionales en el \u00e1mbito de la gesti\u00f3n secretarial mediante una jornada de capacitaci\u00f3n orientada a la actualizaci\u00f3n de conocimientos, el an\u00e1lisis de tendencias y la promoci\u00f3n de buenas pr\u00e1cticas en el ejercicio de la profesi\u00f3n.<\/p>\n\n\n\n<h2 class=\"wp-block-heading has-text-color has-link-color wp-elements-90d9af5c9ae07f0ce288ecb23e201bed\" style=\"color:#0c3996\">Objetivos Espec\u00edficos<\/h2>\n\n\n\n<ul class=\"wp-block-list\">\n<li>Presentar tem\u00e1ticas actuales e innovadoras que respondan a los retos contempor\u00e1neos del ejercicio secretarial.<\/li>\n\n\n\n<li>Generar espacios de formaci\u00f3n continua que propicien la reflexi\u00f3n y el intercambio de experiencias entre profesionales del \u00e1rea.<\/li>\n<\/ul>\n\n\n\n<h2 class=\"wp-block-heading has-text-color has-link-color wp-elements-40a69636497ab032363a928d502c24b9\" style=\"color:#0c3996\">Personas especialistas invitadas<\/h2>\n\n\n\n<div class=\"wp-block-columns is-layout-flex wp-container-core-columns-is-layout-9d6595d7 wp-block-columns-is-layout-flex\">\n<div class=\"wp-block-column is-layout-flow wp-block-column-is-layout-flow\"><div class=\"wp-block-image\">\n<figure class=\"aligncenter size-full\"><img loading=\"lazy\" decoding=\"async\" width=\"200\" height=\"200\" src=\"https:\/\/multimedia.uned.ac.cr\/ecsh\/jornadasecretarial2025\/wp-content\/uploads\/sites\/43\/2025\/06\/Delio.png\" alt=\"\" class=\"wp-image-56\" srcset=\"https:\/\/multimedia.uned.ac.cr\/ecsh\/jornadasecretarial2025\/wp-content\/uploads\/sites\/43\/2025\/06\/Delio.png 200w, https:\/\/multimedia.uned.ac.cr\/ecsh\/jornadasecretarial2025\/wp-content\/uploads\/sites\/43\/2025\/06\/Delio-150x150.png 150w\" sizes=\"auto, (min-width: 900px) 600px, 900px\" \/><\/figure>\n<\/div>\n\n\n<p class=\"has-text-align-center\"><strong>Mag. Delio Mora Campos<\/strong><\/p>\n<\/div>\n\n\n\n<div class=\"wp-block-column is-layout-flow wp-block-column-is-layout-flow\"><div class=\"wp-block-image\">\n<figure class=\"aligncenter size-full is-resized\"><img loading=\"lazy\" decoding=\"async\" width=\"200\" height=\"200\" src=\"https:\/\/multimedia.uned.ac.cr\/ecsh\/jornadasecretarial2025\/wp-content\/uploads\/sites\/43\/2025\/06\/Fotos-gestor-especialistas-38.png\" alt=\"\" class=\"wp-image-58\" style=\"width:200px;height:auto\" srcset=\"https:\/\/multimedia.uned.ac.cr\/ecsh\/jornadasecretarial2025\/wp-content\/uploads\/sites\/43\/2025\/06\/Fotos-gestor-especialistas-38.png 200w, https:\/\/multimedia.uned.ac.cr\/ecsh\/jornadasecretarial2025\/wp-content\/uploads\/sites\/43\/2025\/06\/Fotos-gestor-especialistas-38-150x150.png 150w\" sizes=\"auto, (min-width: 900px) 600px, 900px\" \/><\/figure>\n<\/div>\n\n\n<p class=\"has-text-align-center\"><strong>Mag. Valeria Jim\u00e9nez Vargas<\/strong><\/p>\n<\/div>\n\n\n\n<div class=\"wp-block-column is-layout-flow wp-block-column-is-layout-flow\"><div class=\"wp-block-image\">\n<figure class=\"aligncenter size-full\"><img loading=\"lazy\" decoding=\"async\" width=\"200\" height=\"200\" src=\"https:\/\/multimedia.uned.ac.cr\/ecsh\/jornadasecretarial2025\/wp-content\/uploads\/sites\/43\/2025\/06\/Fotos-gestor-especialistas-37.png\" alt=\"\" class=\"wp-image-59\" srcset=\"https:\/\/multimedia.uned.ac.cr\/ecsh\/jornadasecretarial2025\/wp-content\/uploads\/sites\/43\/2025\/06\/Fotos-gestor-especialistas-37.png 200w, https:\/\/multimedia.uned.ac.cr\/ecsh\/jornadasecretarial2025\/wp-content\/uploads\/sites\/43\/2025\/06\/Fotos-gestor-especialistas-37-150x150.png 150w\" sizes=\"auto, (min-width: 900px) 600px, 900px\" \/><\/figure>\n<\/div>\n\n\n<p class=\"has-text-align-center\"><strong>Mag. Anamar\u00eda Hern\u00e1ndez Barrantes<\/strong><\/p>\n<\/div>\n<\/div>\n\n\n\n<h2 class=\"wp-block-heading has-text-color has-link-color wp-elements-0305173d6e7fbf9b324d4c6aee58fa7f\" style=\"color:#0c3996\">P\u00e1ginas de inter\u00e9s<\/h2>\n\n\n\n<div class=\"wp-block-columns is-layout-flex wp-container-core-columns-is-layout-9d6595d7 wp-block-columns-is-layout-flex\">\n<div class=\"wp-block-column is-layout-flow wp-block-column-is-layout-flow\"><div class=\"wp-block-image\">\n<figure class=\"aligncenter size-full is-resized\"><img loading=\"lazy\" decoding=\"async\" width=\"465\" height=\"465\" src=\"https:\/\/multimedia.uned.ac.cr\/ecsh\/jornadasecretarial2025\/wp-content\/uploads\/sites\/43\/2025\/05\/foto_gestion_secretarial.jpg\" alt=\"\" class=\"wp-image-27\" style=\"width:277px;height:auto\" srcset=\"https:\/\/multimedia.uned.ac.cr\/ecsh\/jornadasecretarial2025\/wp-content\/uploads\/sites\/43\/2025\/05\/foto_gestion_secretarial.jpg 465w, https:\/\/multimedia.uned.ac.cr\/ecsh\/jornadasecretarial2025\/wp-content\/uploads\/sites\/43\/2025\/05\/foto_gestion_secretarial-300x300.jpg 300w, https:\/\/multimedia.uned.ac.cr\/ecsh\/jornadasecretarial2025\/wp-content\/uploads\/sites\/43\/2025\/05\/foto_gestion_secretarial-150x150.jpg 150w\" sizes=\"auto, (min-width: 900px) 600px, 900px\" \/><\/figure>\n<\/div>\n\n\n<p class=\"has-text-align-center\"><a href=\"https:\/\/uned.ac.cr\/ecsh\/gestion-secretarial-de-la-oficina\">Sitio web<\/a><\/p>\n<\/div>\n\n\n\n<div class=\"wp-block-column is-layout-flow wp-block-column-is-layout-flow\"><div class=\"wp-block-image\">\n<figure class=\"aligncenter size-full is-resized\"><img loading=\"lazy\" decoding=\"async\" width=\"591\" height=\"827\" src=\"https:\/\/multimedia.uned.ac.cr\/ecsh\/jornadasecretarial2025\/wp-content\/uploads\/sites\/43\/2025\/05\/Logo-ECSH.png\" alt=\"\" class=\"wp-image-28\" style=\"width:204px;height:auto\" srcset=\"https:\/\/multimedia.uned.ac.cr\/ecsh\/jornadasecretarial2025\/wp-content\/uploads\/sites\/43\/2025\/05\/Logo-ECSH.png 591w, https:\/\/multimedia.uned.ac.cr\/ecsh\/jornadasecretarial2025\/wp-content\/uploads\/sites\/43\/2025\/05\/Logo-ECSH-214x300.png 214w\" sizes=\"auto, (min-width: 900px) 600px, 900px\" \/><\/figure>\n<\/div>\n\n\n<p class=\"has-text-align-center\"><a href=\"https:\/\/uned.ac.cr\/ecsh\">Sitio&nbsp;<em>web<\/em><\/a><br><em><a href=\"https:\/\/www.facebook.com\/socialesyhumanidades\">Facebook<\/a><\/em><br><em><a href=\"https:\/\/www.instagram.com\/ecsh_uned\/\">Instagram<\/a><\/em><\/p>\n<\/div>\n<\/div>\n\n\n\n<p><\/p>\n","protected":false},"excerpt":{"rendered":"<p>La gesti\u00f3n administrativa de oficina ha experimentado una notable transformaci\u00f3n a lo largo del tiempo, respondiendo a los cambios tecnol\u00f3gicos y a las crecientes demandas del entorno profesional. En este marco, se organiz\u00f3 la II Jornada de Capacitaci\u00f3n en Gesti\u00f3n Secretarial. En esta ocasi\u00f3n con el lema: Ampliando horizontes. Esto con el prop\u00f3sito de fortalecer las competencias y conocimientos clave en esta disciplina, adem\u00e1s, de analizar las tendencias de la disciplina. El evento representa una valiosa oportunidad para actualizarse en relaci\u00f3n con las din\u00e1micas m\u00e1s recientes y las buenas pr\u00e1cticas del ejercicio secretarial. La jornada se realizar\u00e1 el 28 de\u2026<\/p>\n","protected":false},"author":2,"featured_media":0,"parent":0,"menu_order":0,"comment_status":"closed","ping_status":"closed","template":"page-full-width.php","meta":{"_acf_changed":false,"_monsterinsights_skip_tracking":false,"_monsterinsights_sitenote_active":false,"_monsterinsights_sitenote_note":"","_monsterinsights_sitenote_category":0,"footnotes":""},"class_list":["post-10","page","type-page","status-publish","hentry"],"acf":[],"_links":{"self":[{"href":"https:\/\/multimedia.uned.ac.cr\/ecsh\/jornadasecretarial2025\/wp-json\/wp\/v2\/pages\/10","targetHints":{"allow":["GET"]}}],"collection":[{"href":"https:\/\/multimedia.uned.ac.cr\/ecsh\/jornadasecretarial2025\/wp-json\/wp\/v2\/pages"}],"about":[{"href":"https:\/\/multimedia.uned.ac.cr\/ecsh\/jornadasecretarial2025\/wp-json\/wp\/v2\/types\/page"}],"author":[{"embeddable":true,"href":"https:\/\/multimedia.uned.ac.cr\/ecsh\/jornadasecretarial2025\/wp-json\/wp\/v2\/users\/2"}],"replies":[{"embeddable":true,"href":"https:\/\/multimedia.uned.ac.cr\/ecsh\/jornadasecretarial2025\/wp-json\/wp\/v2\/comments?post=10"}],"version-history":[{"count":9,"href":"https:\/\/multimedia.uned.ac.cr\/ecsh\/jornadasecretarial2025\/wp-json\/wp\/v2\/pages\/10\/revisions"}],"predecessor-version":[{"id":67,"href":"https:\/\/multimedia.uned.ac.cr\/ecsh\/jornadasecretarial2025\/wp-json\/wp\/v2\/pages\/10\/revisions\/67"}],"wp:attachment":[{"href":"https:\/\/multimedia.uned.ac.cr\/ecsh\/jornadasecretarial2025\/wp-json\/wp\/v2\/media?parent=10"}],"curies":[{"name":"wp","href":"https:\/\/api.w.org\/{rel}","templated":true}]}}