{"id":9,"date":"2024-05-23T20:47:03","date_gmt":"2024-05-23T20:47:03","guid":{"rendered":"https:\/\/multimedia.uned.ac.cr\/ecsh\/jornadasecretarial2024\/?page_id=9"},"modified":"2025-04-09T21:12:44","modified_gmt":"2025-04-09T21:12:44","slug":"bienvenida","status":"publish","type":"page","link":"https:\/\/multimedia.uned.ac.cr\/ecsh\/jornadasecretarial2024\/","title":{"rendered":"Bienvenida"},"content":{"rendered":"\n<p>La disciplina del secretariado ha evolucionado significativamente a lo largo de los a\u00f1os, adapt\u00e1ndose a los avances tecnol\u00f3gicos y a las nuevas exigencias del entorno laboral.&nbsp; En este contexto, se desarrolla la I Jornada de Capacitaci\u00f3n, un evento dise\u00f1ado para potenciar habilidades y conocimientos en el \u00e1mbito secretarial. Esta es una oportunidad para la actualizaci\u00f3n de las \u00faltimas tendencias y mejores pr\u00e1cticas de la profesi\u00f3n.<\/p>\n\n\n\n<p>Esta jornada se llev\u00f3 a cabo el 10 de agosto de 2024, de 9:00 a.m. a 4:00 p.m., en la Sala Magna del Paraninfo Daniel Oduber.\u00a0<\/p>\n\n\n\n<figure class=\"wp-block-embed is-type-video is-provider-youtube wp-block-embed-youtube wp-embed-aspect-16-9 wp-has-aspect-ratio\"><div class=\"wp-block-embed__wrapper\">\n<iframe loading=\"lazy\" title=\"I Jornada de Capacitaci\u00f3n de Gesti\u00f3n Secretarial\" width=\"640\" height=\"360\" src=\"https:\/\/www.youtube.com\/embed\/q5KneFA25XQ?feature=oembed\" frameborder=\"0\" allow=\"accelerometer; autoplay; clipboard-write; encrypted-media; gyroscope; picture-in-picture; web-share\" referrerpolicy=\"strict-origin-when-cross-origin\" allowfullscreen><\/iframe>\n<\/div><\/figure>\n\n\n\n<h2 class=\"wp-block-heading has-text-color has-link-color wp-elements-e7680c54b3bb4c2f0d21e43a92d45802\" style=\"color:#0c3996\">Objetivos<\/h2>\n\n\n\n<h3 class=\"wp-block-heading has-text-color has-link-color wp-elements-9c8b64b5af10b3d231d40c545976cad5\" style=\"color:#0c3996\">Objetivo general<\/h3>\n\n\n\n<p>Contribuir con la actualizaci\u00f3n de conocimientos relacionados a la gesti\u00f3n secretarial, por medio de espacios de capacitaci\u00f3n cuyos temas fortalecen los conocimientos relacionados con el ejercicio de las pr\u00e1cticas secretariales. <\/p>\n\n\n\n<h3 class=\"wp-block-heading has-text-color has-link-color wp-elements-cfd2ba9415ed0eba14a53f59d2b9db44\" style=\"color:#0c3996\">Objetivos espec\u00edficos<\/h3>\n\n\n\n<ol class=\"wp-block-list\">\n<li>Brindar temas innovadores y la actualidad que contribuyan a alcanzar los conocimientos relacionados con el ejercicio de las pr\u00e1cticas secretariado. <\/li>\n\n\n\n<li>Facilitar espacios de formaci\u00f3n continua para el profesional en secretariado, con el prop\u00f3sito de apoyar la construcci\u00f3n del conocimiento de las personas participantes. <\/li>\n<\/ol>\n\n\n\n<h2 class=\"wp-block-heading has-text-color has-link-color wp-elements-40a69636497ab032363a928d502c24b9\" style=\"color:#0c3996\">Personas especialistas invitadas<\/h2>\n\n\n\n<div class=\"wp-block-columns is-layout-flex wp-container-core-columns-is-layout-9d6595d7 wp-block-columns-is-layout-flex\">\n<div class=\"wp-block-column is-layout-flow wp-block-column-is-layout-flow\">\n<div class=\"wp-block-media-text is-stacked-on-mobile\"><figure class=\"wp-block-media-text__media\"><img loading=\"lazy\" decoding=\"async\" width=\"800\" height=\"800\" src=\"https:\/\/multimedia.uned.ac.cr\/ecsh\/jornadasecretarial2024\/wp-content\/uploads\/sites\/39\/2024\/05\/3.png\" alt=\"\" class=\"wp-image-36 size-full\" srcset=\"https:\/\/multimedia.uned.ac.cr\/ecsh\/jornadasecretarial2024\/wp-content\/uploads\/sites\/39\/2024\/05\/3.png 800w, https:\/\/multimedia.uned.ac.cr\/ecsh\/jornadasecretarial2024\/wp-content\/uploads\/sites\/39\/2024\/05\/3-300x300.png 300w, https:\/\/multimedia.uned.ac.cr\/ecsh\/jornadasecretarial2024\/wp-content\/uploads\/sites\/39\/2024\/05\/3-150x150.png 150w, https:\/\/multimedia.uned.ac.cr\/ecsh\/jornadasecretarial2024\/wp-content\/uploads\/sites\/39\/2024\/05\/3-768x768.png 768w\" sizes=\"auto, (min-width: 900px) 600px, 900px\" \/><\/figure><div class=\"wp-block-media-text__content\">\n<p>Mag. Yorleny Salas Araya<\/p>\n<\/div><\/div>\n<\/div>\n\n\n\n<div class=\"wp-block-column is-layout-flow wp-block-column-is-layout-flow\">\n<div class=\"wp-block-media-text is-stacked-on-mobile\"><figure class=\"wp-block-media-text__media\"><img loading=\"lazy\" decoding=\"async\" width=\"800\" height=\"800\" src=\"https:\/\/multimedia.uned.ac.cr\/ecsh\/jornadasecretarial2024\/wp-content\/uploads\/sites\/39\/2024\/05\/1.png\" alt=\"\" class=\"wp-image-37 size-full\" srcset=\"https:\/\/multimedia.uned.ac.cr\/ecsh\/jornadasecretarial2024\/wp-content\/uploads\/sites\/39\/2024\/05\/1.png 800w, https:\/\/multimedia.uned.ac.cr\/ecsh\/jornadasecretarial2024\/wp-content\/uploads\/sites\/39\/2024\/05\/1-300x300.png 300w, https:\/\/multimedia.uned.ac.cr\/ecsh\/jornadasecretarial2024\/wp-content\/uploads\/sites\/39\/2024\/05\/1-150x150.png 150w, https:\/\/multimedia.uned.ac.cr\/ecsh\/jornadasecretarial2024\/wp-content\/uploads\/sites\/39\/2024\/05\/1-768x768.png 768w\" sizes=\"auto, (min-width: 900px) 600px, 900px\" \/><\/figure><div class=\"wp-block-media-text__content\">\n<p>Licda. Stephanie Calder\u00f3n Torres<\/p>\n<\/div><\/div>\n<\/div>\n\n\n\n<div class=\"wp-block-column is-layout-flow wp-block-column-is-layout-flow\">\n<div class=\"wp-block-media-text is-stacked-on-mobile\"><figure class=\"wp-block-media-text__media\"><img loading=\"lazy\" decoding=\"async\" width=\"800\" height=\"800\" src=\"https:\/\/multimedia.uned.ac.cr\/ecsh\/jornadasecretarial2024\/wp-content\/uploads\/sites\/39\/2024\/05\/2.png\" alt=\"\" class=\"wp-image-38 size-full\" srcset=\"https:\/\/multimedia.uned.ac.cr\/ecsh\/jornadasecretarial2024\/wp-content\/uploads\/sites\/39\/2024\/05\/2.png 800w, https:\/\/multimedia.uned.ac.cr\/ecsh\/jornadasecretarial2024\/wp-content\/uploads\/sites\/39\/2024\/05\/2-300x300.png 300w, https:\/\/multimedia.uned.ac.cr\/ecsh\/jornadasecretarial2024\/wp-content\/uploads\/sites\/39\/2024\/05\/2-150x150.png 150w, https:\/\/multimedia.uned.ac.cr\/ecsh\/jornadasecretarial2024\/wp-content\/uploads\/sites\/39\/2024\/05\/2-768x768.png 768w\" sizes=\"auto, (min-width: 900px) 600px, 900px\" \/><\/figure><div class=\"wp-block-media-text__content\">\n<p>M.Ed. Brandon Sol\u00eds Chavarr\u00eda<\/p>\n<\/div><\/div>\n<\/div>\n<\/div>\n\n\n\n<div class=\"wp-block-columns is-layout-flex wp-container-core-columns-is-layout-9d6595d7 wp-block-columns-is-layout-flex\">\n<div class=\"wp-block-column is-layout-flow wp-block-column-is-layout-flow\">\n<div class=\"wp-block-media-text is-stacked-on-mobile\" style=\"grid-template-columns:36% auto\"><figure class=\"wp-block-media-text__media\"><img loading=\"lazy\" decoding=\"async\" width=\"800\" height=\"800\" src=\"https:\/\/multimedia.uned.ac.cr\/ecsh\/jornadasecretarial2024\/wp-content\/uploads\/sites\/39\/2024\/05\/Copia-de-Miniatura-para-gestor-2.png\" alt=\"\" class=\"wp-image-46 size-full\" srcset=\"https:\/\/multimedia.uned.ac.cr\/ecsh\/jornadasecretarial2024\/wp-content\/uploads\/sites\/39\/2024\/05\/Copia-de-Miniatura-para-gestor-2.png 800w, https:\/\/multimedia.uned.ac.cr\/ecsh\/jornadasecretarial2024\/wp-content\/uploads\/sites\/39\/2024\/05\/Copia-de-Miniatura-para-gestor-2-300x300.png 300w, https:\/\/multimedia.uned.ac.cr\/ecsh\/jornadasecretarial2024\/wp-content\/uploads\/sites\/39\/2024\/05\/Copia-de-Miniatura-para-gestor-2-150x150.png 150w, https:\/\/multimedia.uned.ac.cr\/ecsh\/jornadasecretarial2024\/wp-content\/uploads\/sites\/39\/2024\/05\/Copia-de-Miniatura-para-gestor-2-768x768.png 768w\" sizes=\"auto, (min-width: 900px) 600px, 900px\" \/><\/figure><div class=\"wp-block-media-text__content\">\n<p>Licda. Paola Alfaro Vargas<\/p>\n<\/div><\/div>\n<\/div>\n\n\n\n<div class=\"wp-block-column is-layout-flow wp-block-column-is-layout-flow\">\n<div class=\"wp-block-media-text is-stacked-on-mobile\" style=\"grid-template-columns:36% auto\"><figure class=\"wp-block-media-text__media\"><img loading=\"lazy\" decoding=\"async\" width=\"800\" height=\"800\" src=\"https:\/\/multimedia.uned.ac.cr\/ecsh\/jornadasecretarial2024\/wp-content\/uploads\/sites\/39\/2024\/05\/4.png\" alt=\"\" class=\"wp-image-39 size-full\" srcset=\"https:\/\/multimedia.uned.ac.cr\/ecsh\/jornadasecretarial2024\/wp-content\/uploads\/sites\/39\/2024\/05\/4.png 800w, https:\/\/multimedia.uned.ac.cr\/ecsh\/jornadasecretarial2024\/wp-content\/uploads\/sites\/39\/2024\/05\/4-300x300.png 300w, https:\/\/multimedia.uned.ac.cr\/ecsh\/jornadasecretarial2024\/wp-content\/uploads\/sites\/39\/2024\/05\/4-150x150.png 150w, https:\/\/multimedia.uned.ac.cr\/ecsh\/jornadasecretarial2024\/wp-content\/uploads\/sites\/39\/2024\/05\/4-768x768.png 768w\" sizes=\"auto, (min-width: 900px) 600px, 900px\" \/><\/figure><div class=\"wp-block-media-text__content\">\n<p>Mag. Nancy V\u00e1squez Flores<\/p>\n<\/div><\/div>\n<\/div>\n<\/div>\n\n\n\n<h2 class=\"wp-block-heading has-text-color has-link-color wp-elements-0305173d6e7fbf9b324d4c6aee58fa7f\" style=\"color:#0c3996\">P\u00e1ginas de inter\u00e9s<\/h2>\n\n\n\n<div class=\"wp-block-columns is-layout-flex wp-container-core-columns-is-layout-9d6595d7 wp-block-columns-is-layout-flex\">\n<div class=\"wp-block-column is-layout-flow wp-block-column-is-layout-flow\"><div class=\"wp-block-image\">\n<figure class=\"aligncenter size-full is-resized\"><a href=\"https:\/\/uned.ac.cr\/ecsh\/gestion-secretarial-de-la-oficina\"><img loading=\"lazy\" decoding=\"async\" width=\"465\" height=\"465\" src=\"https:\/\/multimedia.uned.ac.cr\/ecsh\/jornadasecretarial2024\/wp-content\/uploads\/sites\/39\/2024\/05\/foto_gestion_secretarial.jpg\" alt=\"\" class=\"wp-image-28\" style=\"width:302px;height:auto\" srcset=\"https:\/\/multimedia.uned.ac.cr\/ecsh\/jornadasecretarial2024\/wp-content\/uploads\/sites\/39\/2024\/05\/foto_gestion_secretarial.jpg 465w, https:\/\/multimedia.uned.ac.cr\/ecsh\/jornadasecretarial2024\/wp-content\/uploads\/sites\/39\/2024\/05\/foto_gestion_secretarial-300x300.jpg 300w, https:\/\/multimedia.uned.ac.cr\/ecsh\/jornadasecretarial2024\/wp-content\/uploads\/sites\/39\/2024\/05\/foto_gestion_secretarial-150x150.jpg 150w\" sizes=\"auto, (min-width: 900px) 600px, 900px\" \/><\/a><\/figure>\n<\/div>\n\n\n<p class=\"has-text-align-center\"><a href=\"https:\/\/uned.ac.cr\/ecsh\/gestion-secretarial-de-la-oficina\" data-type=\"link\" data-id=\"https:\/\/uned.ac.cr\/ecsh\/gestion-secretarial-de-la-oficina\">Sitio web<\/a><\/p>\n<\/div>\n\n\n\n<div class=\"wp-block-column is-layout-flow wp-block-column-is-layout-flow\"><div class=\"wp-block-image\">\n<figure class=\"aligncenter size-full is-resized\"><img loading=\"lazy\" decoding=\"async\" width=\"270\" height=\"350\" src=\"https:\/\/multimedia.uned.ac.cr\/ecsh\/jornadasecretarial2024\/wp-content\/uploads\/sites\/39\/2024\/05\/Logo-blanco.jpeg\" alt=\"\" class=\"wp-image-29\" style=\"width:241px;height:auto\" srcset=\"https:\/\/multimedia.uned.ac.cr\/ecsh\/jornadasecretarial2024\/wp-content\/uploads\/sites\/39\/2024\/05\/Logo-blanco.jpeg 270w, https:\/\/multimedia.uned.ac.cr\/ecsh\/jornadasecretarial2024\/wp-content\/uploads\/sites\/39\/2024\/05\/Logo-blanco-231x300.jpeg 231w\" sizes=\"auto, (min-width: 900px) 600px, 900px\" \/><\/figure>\n<\/div>\n\n\n<p class=\"has-text-align-center\"><a href=\"https:\/\/uned.ac.cr\/ecsh\" data-type=\"link\" data-id=\"https:\/\/uned.ac.cr\/ecsh\">Sitio <em>web<\/em><\/a><br><em><a href=\"https:\/\/www.facebook.com\/socialesyhumanidades\" data-type=\"link\" data-id=\"https:\/\/www.facebook.com\/socialesyhumanidades\">Facebook<\/a><\/em><br><em><a href=\"https:\/\/www.instagram.com\/ecsh_uned\/\" data-type=\"link\" data-id=\"https:\/\/www.instagram.com\/ecsh_uned\/\">Instagram<\/a><\/em><\/p>\n<\/div>\n<\/div>\n","protected":false},"excerpt":{"rendered":"<p>La disciplina del secretariado ha evolucionado significativamente a lo largo de los a\u00f1os, adapt\u00e1ndose a los avances tecnol\u00f3gicos y a las nuevas exigencias del entorno laboral.&nbsp; En este contexto, se desarrolla la I Jornada de Capacitaci\u00f3n, un evento dise\u00f1ado para potenciar habilidades y conocimientos en el \u00e1mbito secretarial. Esta es una oportunidad para la actualizaci\u00f3n de las \u00faltimas tendencias y mejores pr\u00e1cticas de la profesi\u00f3n. Esta jornada se llev\u00f3 a cabo el 10 de agosto de 2024, de 9:00 a.m. a 4:00 p.m., en la Sala Magna del Paraninfo Daniel Oduber.\u00a0 Objetivos Objetivo general Contribuir con la actualizaci\u00f3n de conocimientos\u2026<\/p>\n","protected":false},"author":2,"featured_media":0,"parent":0,"menu_order":0,"comment_status":"closed","ping_status":"closed","template":"page-full-width.php","meta":{"_acf_changed":false,"_monsterinsights_skip_tracking":false,"_monsterinsights_sitenote_active":false,"_monsterinsights_sitenote_note":"","_monsterinsights_sitenote_category":0,"footnotes":""},"class_list":["post-9","page","type-page","status-publish","hentry"],"acf":[],"_links":{"self":[{"href":"https:\/\/multimedia.uned.ac.cr\/ecsh\/jornadasecretarial2024\/wp-json\/wp\/v2\/pages\/9","targetHints":{"allow":["GET"]}}],"collection":[{"href":"https:\/\/multimedia.uned.ac.cr\/ecsh\/jornadasecretarial2024\/wp-json\/wp\/v2\/pages"}],"about":[{"href":"https:\/\/multimedia.uned.ac.cr\/ecsh\/jornadasecretarial2024\/wp-json\/wp\/v2\/types\/page"}],"author":[{"embeddable":true,"href":"https:\/\/multimedia.uned.ac.cr\/ecsh\/jornadasecretarial2024\/wp-json\/wp\/v2\/users\/2"}],"replies":[{"embeddable":true,"href":"https:\/\/multimedia.uned.ac.cr\/ecsh\/jornadasecretarial2024\/wp-json\/wp\/v2\/comments?post=9"}],"version-history":[{"count":10,"href":"https:\/\/multimedia.uned.ac.cr\/ecsh\/jornadasecretarial2024\/wp-json\/wp\/v2\/pages\/9\/revisions"}],"predecessor-version":[{"id":82,"href":"https:\/\/multimedia.uned.ac.cr\/ecsh\/jornadasecretarial2024\/wp-json\/wp\/v2\/pages\/9\/revisions\/82"}],"wp:attachment":[{"href":"https:\/\/multimedia.uned.ac.cr\/ecsh\/jornadasecretarial2024\/wp-json\/wp\/v2\/media?parent=9"}],"curies":[{"name":"wp","href":"https:\/\/api.w.org\/{rel}","templated":true}]}}