{"id":11,"date":"2024-05-23T20:47:31","date_gmt":"2024-05-23T20:47:31","guid":{"rendered":"https:\/\/multimedia.uned.ac.cr\/ecsh\/jornadasecretarial2024\/?page_id=11"},"modified":"2024-08-07T19:47:11","modified_gmt":"2024-08-07T19:47:11","slug":"programa","status":"publish","type":"page","link":"https:\/\/multimedia.uned.ac.cr\/ecsh\/jornadasecretarial2024\/programa\/","title":{"rendered":"Programa"},"content":{"rendered":"\n<p>A continuaci\u00f3n detallamos las charlas y conferencias que se desarrollar\u00e1n durante la I Jornada de Capacitaci\u00f3n en Gesti\u00f3n Secretarial de la Oficina. <\/p>\n\n\n\n<figure class=\"wp-block-table is-style-stripes\"><table><thead><tr><th>Hora<\/th><th>Actividad<\/th><\/tr><\/thead><tbody><tr><td>8:30 a.m. <\/td><td><strong>Registro de participantes<\/strong><\/td><\/tr><tr><td>9:00 a.m. <\/td><td><strong>Apertura <\/strong><br>&#8211; Himno de la UNED<br>&#8211; Palabras de la Mag. Ana Yancy Brice\u00f1o \u00c1lvarez. Encargada de la carrera de Gesti\u00f3n Secretarial de la Oficina.<br>&#8211; Palabras de la Mag. Floreny Ulate Artavia. Directora de la Escuela de Ciencias Sociales y Humanidades. <\/td><\/tr><tr><td>10:00 a.m. <\/td><td><strong>Refrigerio<\/strong><\/td><\/tr><tr><td>10:30 a.m. <\/td><td><strong>Conferencia inaugural<\/strong><br>An\u00e1lisis de datos en la gesti\u00f3n administrativa<br>Mag. Yorleny Salas Araya.<\/td><\/tr><tr><td>12:00 a.m. <\/td><td><strong>Almuerzo<\/strong><\/td><\/tr><tr><td>1:00 p.m.<\/td><td><strong>Charla<\/strong><br>El documento electr\u00f3nico en el archivo de gesti\u00f3n<br>Licda. Stephanie Calder\u00f3n Torres<\/td><\/tr><tr><td>2:00 p.m. <\/td><td><strong>Charla<\/strong><br>Etiqueta y protocolo en la gesti\u00f3n de oficinas<br>Mag. Nancy V\u00e1squez Flores<\/td><\/tr><tr><td>3:00 p.m.<\/td><td><strong>Refrigerio<\/strong><\/td><\/tr><tr><td>3:30 p.m.<\/td><td><strong>Charla<\/strong><br>Nuevos lineamientos para la elaboraci\u00f3n de actas<br>M.Ed. Brandon Sol\u00eds Chaverri.<br>Lcda. Paola Alfaro Vargas.<\/td><\/tr><\/tbody><\/table><\/figure>\n","protected":false},"excerpt":{"rendered":"<p>A continuaci\u00f3n detallamos las charlas y conferencias que se desarrollar\u00e1n durante la I Jornada de Capacitaci\u00f3n en Gesti\u00f3n Secretarial de la Oficina. Hora Actividad 8:30 a.m. Registro de participantes 9:00 a.m. Apertura &#8211; Himno de la UNED&#8211; Palabras de la Mag. Ana Yancy Brice\u00f1o \u00c1lvarez. Encargada de la carrera de Gesti\u00f3n Secretarial de la Oficina.&#8211; Palabras de la Mag. Floreny Ulate Artavia. Directora de la Escuela de Ciencias Sociales y Humanidades. 10:00 a.m. Refrigerio 10:30 a.m. Conferencia inauguralAn\u00e1lisis de datos en la gesti\u00f3n administrativaMag. Yorleny Salas Araya. 12:00 a.m. Almuerzo 1:00 p.m. CharlaEl documento electr\u00f3nico en el archivo de gesti\u00f3nLicda.\u2026<\/p>\n","protected":false},"author":2,"featured_media":0,"parent":0,"menu_order":0,"comment_status":"closed","ping_status":"closed","template":"page-full-width.php","meta":{"_acf_changed":false,"_monsterinsights_skip_tracking":false,"_monsterinsights_sitenote_active":false,"_monsterinsights_sitenote_note":"","_monsterinsights_sitenote_category":0,"footnotes":""},"class_list":["post-11","page","type-page","status-publish","hentry"],"acf":[],"_links":{"self":[{"href":"https:\/\/multimedia.uned.ac.cr\/ecsh\/jornadasecretarial2024\/wp-json\/wp\/v2\/pages\/11","targetHints":{"allow":["GET"]}}],"collection":[{"href":"https:\/\/multimedia.uned.ac.cr\/ecsh\/jornadasecretarial2024\/wp-json\/wp\/v2\/pages"}],"about":[{"href":"https:\/\/multimedia.uned.ac.cr\/ecsh\/jornadasecretarial2024\/wp-json\/wp\/v2\/types\/page"}],"author":[{"embeddable":true,"href":"https:\/\/multimedia.uned.ac.cr\/ecsh\/jornadasecretarial2024\/wp-json\/wp\/v2\/users\/2"}],"replies":[{"embeddable":true,"href":"https:\/\/multimedia.uned.ac.cr\/ecsh\/jornadasecretarial2024\/wp-json\/wp\/v2\/comments?post=11"}],"version-history":[{"count":8,"href":"https:\/\/multimedia.uned.ac.cr\/ecsh\/jornadasecretarial2024\/wp-json\/wp\/v2\/pages\/11\/revisions"}],"predecessor-version":[{"id":75,"href":"https:\/\/multimedia.uned.ac.cr\/ecsh\/jornadasecretarial2024\/wp-json\/wp\/v2\/pages\/11\/revisions\/75"}],"wp:attachment":[{"href":"https:\/\/multimedia.uned.ac.cr\/ecsh\/jornadasecretarial2024\/wp-json\/wp\/v2\/media?parent=11"}],"curies":[{"name":"wp","href":"https:\/\/api.w.org\/{rel}","templated":true}]}}