{"id":9,"date":"2024-06-17T16:53:43","date_gmt":"2024-06-17T16:53:43","guid":{"rendered":"https:\/\/multimedia.uned.ac.cr\/ecsh\/ix-encuentrodhts\/?page_id=9"},"modified":"2025-06-06T17:59:54","modified_gmt":"2025-06-06T17:59:54","slug":"bienvenida","status":"publish","type":"page","link":"https:\/\/multimedia.uned.ac.cr\/ecsh\/ix-encuentrodhts\/","title":{"rendered":"Bienvenida"},"content":{"rendered":"\n<p>El d\u00eda <strong>viernes 27 de setiembre <\/strong>en el marco de la celebraci\u00f3n del D\u00eda Mundial del Turismo, se llev\u00f3 a cabo el\u00a0<strong>IX Encuentro de Desarrollo Humano y Turismo Sostenible<\/strong>, el cual para su emisi\u00f3n del a\u00f1o 2024 se centrar\u00e1 en la tem\u00e1tica\u00a0<strong>Turismo y Paz.\u00a0<\/strong>\u00a0Esta actividad se transmiti\u00f3 en vivo a trav\u00e9s del canal de Facebook de la Escuela de Ciencias Sociales y Humanidades y el canal de YouTube de Audiovisuales de la UNED.<\/p>\n\n\n\n<p>El lema \u201cTurismo y Paz\u201d engloba dos temas sumamente significativos: el turismo como la representaci\u00f3n de un puente para la difusi\u00f3n del entendimiento, la cooperaci\u00f3n, la tolerancia y el respeto entre todas las naciones.&nbsp;Y la paz, como un medio para garantizar que las personas puedan desarrollarse plenamente en un ambiente positivo, en donde puedan convivir en armon\u00eda con otros individuos.<\/p>\n\n\n\n<p>A partir del conocimiento de especialistas se valorar\u00e1 la importancia de la tem\u00e1tica como elemento de cumplimiento de los Objetivos del Desarrollo Sostenible, planteados en la Agenda 2030.<\/p>\n\n\n\n<p>Adem\u00e1s, se llev\u00f3 a cabo un evento regional, con el objetivo de generar espacios de an\u00e1lisis acerca de la importancia de la relaci\u00f3n entre el turismo y la paz con la participaci\u00f3n de las comunidades, el s\u00e1bado 05 de octubre en la Sede Universitaria de la UNED en San Isidro de P\u00e9rez Zeled\u00f3n. <\/p>\n\n\n\n<h2 class=\"wp-block-heading\">Ejes tem\u00e1ticos<\/h2>\n\n\n\n<div class=\"wp-block-columns is-layout-flex wp-container-core-columns-is-layout-9d6595d7 wp-block-columns-is-layout-flex\">\n<div class=\"wp-block-column is-layout-flow wp-block-column-is-layout-flow\"><div class=\"wp-block-image\">\n<figure class=\"aligncenter size-full is-resized\"><img loading=\"lazy\" decoding=\"async\" width=\"792\" height=\"792\" src=\"https:\/\/multimedia.uned.ac.cr\/ecsh\/ix-encuentrodhts\/wp-content\/uploads\/sites\/41\/2024\/09\/Turismo-y-comunidades-opcion-1.png\" alt=\"\" class=\"wp-image-35\" style=\"width:202px;height:auto\" srcset=\"https:\/\/multimedia.uned.ac.cr\/ecsh\/ix-encuentrodhts\/wp-content\/uploads\/sites\/41\/2024\/09\/Turismo-y-comunidades-opcion-1.png 792w, https:\/\/multimedia.uned.ac.cr\/ecsh\/ix-encuentrodhts\/wp-content\/uploads\/sites\/41\/2024\/09\/Turismo-y-comunidades-opcion-1-300x300.png 300w, https:\/\/multimedia.uned.ac.cr\/ecsh\/ix-encuentrodhts\/wp-content\/uploads\/sites\/41\/2024\/09\/Turismo-y-comunidades-opcion-1-150x150.png 150w, https:\/\/multimedia.uned.ac.cr\/ecsh\/ix-encuentrodhts\/wp-content\/uploads\/sites\/41\/2024\/09\/Turismo-y-comunidades-opcion-1-768x768.png 768w\" sizes=\"auto, (min-width: 900px) 600px, 900px\" \/><\/figure>\n<\/div>\n\n\n<p class=\"has-text-align-center\"><strong>Turismo y valoraci\u00f3n de comunidades<\/strong><\/p>\n<\/div>\n\n\n\n<div class=\"wp-block-column is-layout-flow wp-block-column-is-layout-flow\">\n<figure class=\"wp-block-image size-full is-resized\"><img loading=\"lazy\" decoding=\"async\" width=\"792\" height=\"792\" src=\"https:\/\/multimedia.uned.ac.cr\/ecsh\/ix-encuentrodhts\/wp-content\/uploads\/sites\/41\/2024\/09\/Turismo-y-prevencion-seguridad.png\" alt=\"\" class=\"wp-image-37\" style=\"width:202px\" srcset=\"https:\/\/multimedia.uned.ac.cr\/ecsh\/ix-encuentrodhts\/wp-content\/uploads\/sites\/41\/2024\/09\/Turismo-y-prevencion-seguridad.png 792w, https:\/\/multimedia.uned.ac.cr\/ecsh\/ix-encuentrodhts\/wp-content\/uploads\/sites\/41\/2024\/09\/Turismo-y-prevencion-seguridad-300x300.png 300w, https:\/\/multimedia.uned.ac.cr\/ecsh\/ix-encuentrodhts\/wp-content\/uploads\/sites\/41\/2024\/09\/Turismo-y-prevencion-seguridad-150x150.png 150w, https:\/\/multimedia.uned.ac.cr\/ecsh\/ix-encuentrodhts\/wp-content\/uploads\/sites\/41\/2024\/09\/Turismo-y-prevencion-seguridad-768x768.png 768w\" sizes=\"auto, (min-width: 900px) 600px, 900px\" \/><\/figure>\n\n\n\n<p class=\"has-text-align-center\"><strong><strong>Turismo y prevenci\u00f3n de la seguridad <\/strong><\/strong><\/p>\n<\/div>\n\n\n\n<div class=\"wp-block-column is-layout-flow wp-block-column-is-layout-flow\">\n<figure class=\"wp-block-image size-full is-resized\"><img loading=\"lazy\" decoding=\"async\" width=\"792\" height=\"792\" src=\"https:\/\/multimedia.uned.ac.cr\/ecsh\/ix-encuentrodhts\/wp-content\/uploads\/sites\/41\/2024\/09\/Turismo-y-comunidades-opcion-2.png\" alt=\"\" class=\"wp-image-38\" style=\"width:202px\" srcset=\"https:\/\/multimedia.uned.ac.cr\/ecsh\/ix-encuentrodhts\/wp-content\/uploads\/sites\/41\/2024\/09\/Turismo-y-comunidades-opcion-2.png 792w, https:\/\/multimedia.uned.ac.cr\/ecsh\/ix-encuentrodhts\/wp-content\/uploads\/sites\/41\/2024\/09\/Turismo-y-comunidades-opcion-2-300x300.png 300w, https:\/\/multimedia.uned.ac.cr\/ecsh\/ix-encuentrodhts\/wp-content\/uploads\/sites\/41\/2024\/09\/Turismo-y-comunidades-opcion-2-150x150.png 150w, https:\/\/multimedia.uned.ac.cr\/ecsh\/ix-encuentrodhts\/wp-content\/uploads\/sites\/41\/2024\/09\/Turismo-y-comunidades-opcion-2-768x768.png 768w\" sizes=\"auto, (min-width: 900px) 600px, 900px\" \/><\/figure>\n\n\n\n<p class=\"has-text-align-center\"><strong>Turismo y acciones de mitigaci\u00f3n<\/strong><\/p>\n<\/div>\n<\/div>\n\n\n<div class=\"wp-block-image\">\n<figure class=\"aligncenter size-large\"><img loading=\"lazy\" decoding=\"async\" width=\"663\" height=\"1024\" src=\"https:\/\/multimedia.uned.ac.cr\/ecsh\/ix-encuentrodhts\/wp-content\/uploads\/sites\/41\/2024\/09\/Afiche_Vertical_Digital-663x1024.jpg\" alt=\"\" class=\"wp-image-76\" srcset=\"https:\/\/multimedia.uned.ac.cr\/ecsh\/ix-encuentrodhts\/wp-content\/uploads\/sites\/41\/2024\/09\/Afiche_Vertical_Digital-663x1024.jpg 663w, https:\/\/multimedia.uned.ac.cr\/ecsh\/ix-encuentrodhts\/wp-content\/uploads\/sites\/41\/2024\/09\/Afiche_Vertical_Digital-194x300.jpg 194w, https:\/\/multimedia.uned.ac.cr\/ecsh\/ix-encuentrodhts\/wp-content\/uploads\/sites\/41\/2024\/09\/Afiche_Vertical_Digital-768x1187.jpg 768w, https:\/\/multimedia.uned.ac.cr\/ecsh\/ix-encuentrodhts\/wp-content\/uploads\/sites\/41\/2024\/09\/Afiche_Vertical_Digital-994x1536.jpg 994w, https:\/\/multimedia.uned.ac.cr\/ecsh\/ix-encuentrodhts\/wp-content\/uploads\/sites\/41\/2024\/09\/Afiche_Vertical_Digital-1325x2048.jpg 1325w, https:\/\/multimedia.uned.ac.cr\/ecsh\/ix-encuentrodhts\/wp-content\/uploads\/sites\/41\/2024\/09\/Afiche_Vertical_Digital.jpg 1584w\" sizes=\"auto, (min-width: 900px) 600px, 900px\" \/><\/figure>\n<\/div>\n\n\n<h2 class=\"wp-block-heading\">Instancias aliadas:<\/h2>\n\n\n<div class=\"wp-block-image\">\n<figure class=\"aligncenter size-large is-resized\"><img loading=\"lazy\" decoding=\"async\" width=\"1024\" height=\"226\" src=\"https:\/\/multimedia.uned.ac.cr\/ecsh\/ix-encuentrodhts\/wp-content\/uploads\/sites\/41\/2024\/09\/Captura-de-pantalla-2024-09-09-a-las-5.37.45\u202fp.-m-1-1024x226.png\" alt=\"\" class=\"wp-image-128\" style=\"width:586px;height:auto\" srcset=\"https:\/\/multimedia.uned.ac.cr\/ecsh\/ix-encuentrodhts\/wp-content\/uploads\/sites\/41\/2024\/09\/Captura-de-pantalla-2024-09-09-a-las-5.37.45\u202fp.-m-1-1024x226.png 1024w, https:\/\/multimedia.uned.ac.cr\/ecsh\/ix-encuentrodhts\/wp-content\/uploads\/sites\/41\/2024\/09\/Captura-de-pantalla-2024-09-09-a-las-5.37.45\u202fp.-m-1-300x66.png 300w, https:\/\/multimedia.uned.ac.cr\/ecsh\/ix-encuentrodhts\/wp-content\/uploads\/sites\/41\/2024\/09\/Captura-de-pantalla-2024-09-09-a-las-5.37.45\u202fp.-m-1-768x169.png 768w, https:\/\/multimedia.uned.ac.cr\/ecsh\/ix-encuentrodhts\/wp-content\/uploads\/sites\/41\/2024\/09\/Captura-de-pantalla-2024-09-09-a-las-5.37.45\u202fp.-m-1-1536x339.png 1536w, https:\/\/multimedia.uned.ac.cr\/ecsh\/ix-encuentrodhts\/wp-content\/uploads\/sites\/41\/2024\/09\/Captura-de-pantalla-2024-09-09-a-las-5.37.45\u202fp.-m-1-2048x452.png 2048w\" sizes=\"auto, (min-width: 900px) 600px, 900px\" \/><\/figure>\n<\/div>\n\n\n<div class=\"wp-block-columns is-layout-flex wp-container-core-columns-is-layout-9d6595d7 wp-block-columns-is-layout-flex\">\n<div class=\"wp-block-column is-layout-flow wp-block-column-is-layout-flow\"><div class=\"wp-block-image\">\n<figure class=\"aligncenter size-large is-resized\"><img loading=\"lazy\" decoding=\"async\" width=\"1024\" height=\"453\" src=\"https:\/\/multimedia.uned.ac.cr\/ecsh\/ix-encuentrodhts\/wp-content\/uploads\/sites\/41\/2024\/09\/15.Embajada-de-Colombia-en-Costa-Rica-3-1024x453.png\" alt=\"\" class=\"wp-image-105\" style=\"width:381px\" srcset=\"https:\/\/multimedia.uned.ac.cr\/ecsh\/ix-encuentrodhts\/wp-content\/uploads\/sites\/41\/2024\/09\/15.Embajada-de-Colombia-en-Costa-Rica-3-1024x453.png 1024w, https:\/\/multimedia.uned.ac.cr\/ecsh\/ix-encuentrodhts\/wp-content\/uploads\/sites\/41\/2024\/09\/15.Embajada-de-Colombia-en-Costa-Rica-3-300x133.png 300w, https:\/\/multimedia.uned.ac.cr\/ecsh\/ix-encuentrodhts\/wp-content\/uploads\/sites\/41\/2024\/09\/15.Embajada-de-Colombia-en-Costa-Rica-3-768x340.png 768w, https:\/\/multimedia.uned.ac.cr\/ecsh\/ix-encuentrodhts\/wp-content\/uploads\/sites\/41\/2024\/09\/15.Embajada-de-Colombia-en-Costa-Rica-3-1536x679.png 1536w, https:\/\/multimedia.uned.ac.cr\/ecsh\/ix-encuentrodhts\/wp-content\/uploads\/sites\/41\/2024\/09\/15.Embajada-de-Colombia-en-Costa-Rica-3.png 1737w\" sizes=\"auto, (min-width: 900px) 600px, 900px\" \/><\/figure>\n<\/div><\/div>\n\n\n\n<div class=\"wp-block-column is-layout-flow wp-block-column-is-layout-flow\"><div class=\"wp-block-image\">\n<figure class=\"aligncenter size-large is-resized\"><img loading=\"lazy\" decoding=\"async\" width=\"1024\" height=\"341\" src=\"https:\/\/multimedia.uned.ac.cr\/ecsh\/ix-encuentrodhts\/wp-content\/uploads\/sites\/41\/2024\/09\/Logo_MINISTERIO-DE-SEGURIDAD-PUBLICA-1024x341.jpg\" alt=\"\" class=\"wp-image-106\" style=\"width:381px;height:auto\" srcset=\"https:\/\/multimedia.uned.ac.cr\/ecsh\/ix-encuentrodhts\/wp-content\/uploads\/sites\/41\/2024\/09\/Logo_MINISTERIO-DE-SEGURIDAD-PUBLICA-1024x341.jpg 1024w, https:\/\/multimedia.uned.ac.cr\/ecsh\/ix-encuentrodhts\/wp-content\/uploads\/sites\/41\/2024\/09\/Logo_MINISTERIO-DE-SEGURIDAD-PUBLICA-300x100.jpg 300w, https:\/\/multimedia.uned.ac.cr\/ecsh\/ix-encuentrodhts\/wp-content\/uploads\/sites\/41\/2024\/09\/Logo_MINISTERIO-DE-SEGURIDAD-PUBLICA-768x255.jpg 768w, https:\/\/multimedia.uned.ac.cr\/ecsh\/ix-encuentrodhts\/wp-content\/uploads\/sites\/41\/2024\/09\/Logo_MINISTERIO-DE-SEGURIDAD-PUBLICA-1536x511.jpg 1536w, https:\/\/multimedia.uned.ac.cr\/ecsh\/ix-encuentrodhts\/wp-content\/uploads\/sites\/41\/2024\/09\/Logo_MINISTERIO-DE-SEGURIDAD-PUBLICA-2048x681.jpg 2048w\" sizes=\"auto, (min-width: 900px) 600px, 900px\" \/><\/figure>\n<\/div><\/div>\n<\/div>\n\n\n\n<div class=\"wp-block-columns is-layout-flex wp-container-core-columns-is-layout-9d6595d7 wp-block-columns-is-layout-flex\">\n<div class=\"wp-block-column is-layout-flow wp-block-column-is-layout-flow\"><div class=\"wp-block-image\">\n<figure class=\"aligncenter size-full is-resized\"><img loading=\"lazy\" decoding=\"async\" width=\"999\" height=\"999\" src=\"https:\/\/multimedia.uned.ac.cr\/ecsh\/ix-encuentrodhts\/wp-content\/uploads\/sites\/41\/2024\/09\/LOGO_TURISTICA_BENE-2023.png\" alt=\"\" class=\"wp-image-107\" style=\"width:186px\" srcset=\"https:\/\/multimedia.uned.ac.cr\/ecsh\/ix-encuentrodhts\/wp-content\/uploads\/sites\/41\/2024\/09\/LOGO_TURISTICA_BENE-2023.png 999w, https:\/\/multimedia.uned.ac.cr\/ecsh\/ix-encuentrodhts\/wp-content\/uploads\/sites\/41\/2024\/09\/LOGO_TURISTICA_BENE-2023-300x300.png 300w, https:\/\/multimedia.uned.ac.cr\/ecsh\/ix-encuentrodhts\/wp-content\/uploads\/sites\/41\/2024\/09\/LOGO_TURISTICA_BENE-2023-150x150.png 150w, https:\/\/multimedia.uned.ac.cr\/ecsh\/ix-encuentrodhts\/wp-content\/uploads\/sites\/41\/2024\/09\/LOGO_TURISTICA_BENE-2023-768x768.png 768w\" sizes=\"auto, (min-width: 900px) 600px, 900px\" \/><\/figure>\n<\/div><\/div>\n\n\n\n<div class=\"wp-block-column is-layout-flow wp-block-column-is-layout-flow\"><div class=\"wp-block-image\">\n<figure class=\"aligncenter size-full is-resized\"><img loading=\"lazy\" decoding=\"async\" width=\"734\" height=\"231\" src=\"https:\/\/multimedia.uned.ac.cr\/ecsh\/ix-encuentrodhts\/wp-content\/uploads\/sites\/41\/2024\/09\/Logo-full-color-01.jpg\" alt=\"\" class=\"wp-image-130\" style=\"width:372px;height:auto\" srcset=\"https:\/\/multimedia.uned.ac.cr\/ecsh\/ix-encuentrodhts\/wp-content\/uploads\/sites\/41\/2024\/09\/Logo-full-color-01.jpg 734w, https:\/\/multimedia.uned.ac.cr\/ecsh\/ix-encuentrodhts\/wp-content\/uploads\/sites\/41\/2024\/09\/Logo-full-color-01-300x94.jpg 300w\" sizes=\"auto, (min-width: 900px) 600px, 900px\" \/><\/figure>\n<\/div><\/div>\n<\/div>\n\n\n\n<div class=\"wp-block-columns is-layout-flex wp-container-core-columns-is-layout-9d6595d7 wp-block-columns-is-layout-flex\">\n<div class=\"wp-block-column is-layout-flow wp-block-column-is-layout-flow\"><div class=\"wp-block-image\">\n<figure class=\"aligncenter size-large is-resized\"><img loading=\"lazy\" decoding=\"async\" width=\"1024\" height=\"200\" src=\"https:\/\/multimedia.uned.ac.cr\/ecsh\/ix-encuentrodhts\/wp-content\/uploads\/sites\/41\/2024\/09\/1Mesa-de-trabajo-1-copia-4-1024x200.jpg\" alt=\"\" class=\"wp-image-108\" style=\"width:486px;height:auto\" srcset=\"https:\/\/multimedia.uned.ac.cr\/ecsh\/ix-encuentrodhts\/wp-content\/uploads\/sites\/41\/2024\/09\/1Mesa-de-trabajo-1-copia-4-1024x200.jpg 1024w, https:\/\/multimedia.uned.ac.cr\/ecsh\/ix-encuentrodhts\/wp-content\/uploads\/sites\/41\/2024\/09\/1Mesa-de-trabajo-1-copia-4-300x59.jpg 300w, https:\/\/multimedia.uned.ac.cr\/ecsh\/ix-encuentrodhts\/wp-content\/uploads\/sites\/41\/2024\/09\/1Mesa-de-trabajo-1-copia-4-768x150.jpg 768w, https:\/\/multimedia.uned.ac.cr\/ecsh\/ix-encuentrodhts\/wp-content\/uploads\/sites\/41\/2024\/09\/1Mesa-de-trabajo-1-copia-4-1536x300.jpg 1536w, https:\/\/multimedia.uned.ac.cr\/ecsh\/ix-encuentrodhts\/wp-content\/uploads\/sites\/41\/2024\/09\/1Mesa-de-trabajo-1-copia-4-2048x400.jpg 2048w\" sizes=\"auto, (min-width: 900px) 600px, 900px\" \/><\/figure>\n<\/div><\/div>\n\n\n\n<div class=\"wp-block-column is-layout-flow wp-block-column-is-layout-flow\"><div class=\"wp-block-image\">\n<figure class=\"aligncenter size-large is-resized\"><img loading=\"lazy\" decoding=\"async\" width=\"1024\" height=\"301\" src=\"https:\/\/multimedia.uned.ac.cr\/ecsh\/ix-encuentrodhts\/wp-content\/uploads\/sites\/41\/2024\/09\/Marca-Pais-INTUR-1024x301.jpg\" alt=\"\" class=\"wp-image-109\" style=\"width:422px;height:auto\" srcset=\"https:\/\/multimedia.uned.ac.cr\/ecsh\/ix-encuentrodhts\/wp-content\/uploads\/sites\/41\/2024\/09\/Marca-Pais-INTUR-1024x301.jpg 1024w, https:\/\/multimedia.uned.ac.cr\/ecsh\/ix-encuentrodhts\/wp-content\/uploads\/sites\/41\/2024\/09\/Marca-Pais-INTUR-300x88.jpg 300w, https:\/\/multimedia.uned.ac.cr\/ecsh\/ix-encuentrodhts\/wp-content\/uploads\/sites\/41\/2024\/09\/Marca-Pais-INTUR-768x226.jpg 768w, https:\/\/multimedia.uned.ac.cr\/ecsh\/ix-encuentrodhts\/wp-content\/uploads\/sites\/41\/2024\/09\/Marca-Pais-INTUR.jpg 1437w\" sizes=\"auto, (min-width: 900px) 600px, 900px\" \/><\/figure>\n<\/div><\/div>\n<\/div>\n","protected":false},"excerpt":{"rendered":"<p>El d\u00eda viernes 27 de setiembre en el marco de la celebraci\u00f3n del D\u00eda Mundial del Turismo, se llev\u00f3 a cabo el\u00a0IX Encuentro de Desarrollo Humano y Turismo Sostenible, el cual para su emisi\u00f3n del a\u00f1o 2024 se centrar\u00e1 en la tem\u00e1tica\u00a0Turismo y Paz.\u00a0\u00a0Esta actividad se transmiti\u00f3 en vivo a trav\u00e9s del canal de Facebook de la Escuela de Ciencias Sociales y Humanidades y el canal de YouTube de Audiovisuales de la UNED. El lema \u201cTurismo y Paz\u201d engloba dos temas sumamente significativos: el turismo como la representaci\u00f3n de un puente para la difusi\u00f3n del entendimiento, la cooperaci\u00f3n, la tolerancia\u2026<\/p>\n","protected":false},"author":135,"featured_media":0,"parent":0,"menu_order":0,"comment_status":"closed","ping_status":"closed","template":"page-full-width.php","meta":{"_acf_changed":false,"_monsterinsights_skip_tracking":false,"_monsterinsights_sitenote_active":false,"_monsterinsights_sitenote_note":"","_monsterinsights_sitenote_category":0,"footnotes":""},"class_list":["post-9","page","type-page","status-publish","hentry"],"acf":[],"_links":{"self":[{"href":"https:\/\/multimedia.uned.ac.cr\/ecsh\/ix-encuentrodhts\/wp-json\/wp\/v2\/pages\/9","targetHints":{"allow":["GET"]}}],"collection":[{"href":"https:\/\/multimedia.uned.ac.cr\/ecsh\/ix-encuentrodhts\/wp-json\/wp\/v2\/pages"}],"about":[{"href":"https:\/\/multimedia.uned.ac.cr\/ecsh\/ix-encuentrodhts\/wp-json\/wp\/v2\/types\/page"}],"author":[{"embeddable":true,"href":"https:\/\/multimedia.uned.ac.cr\/ecsh\/ix-encuentrodhts\/wp-json\/wp\/v2\/users\/135"}],"replies":[{"embeddable":true,"href":"https:\/\/multimedia.uned.ac.cr\/ecsh\/ix-encuentrodhts\/wp-json\/wp\/v2\/comments?post=9"}],"version-history":[{"count":14,"href":"https:\/\/multimedia.uned.ac.cr\/ecsh\/ix-encuentrodhts\/wp-json\/wp\/v2\/pages\/9\/revisions"}],"predecessor-version":[{"id":155,"href":"https:\/\/multimedia.uned.ac.cr\/ecsh\/ix-encuentrodhts\/wp-json\/wp\/v2\/pages\/9\/revisions\/155"}],"wp:attachment":[{"href":"https:\/\/multimedia.uned.ac.cr\/ecsh\/ix-encuentrodhts\/wp-json\/wp\/v2\/media?parent=9"}],"curies":[{"name":"wp","href":"https:\/\/api.w.org\/{rel}","templated":true}]}}