{"id":13,"date":"2024-06-17T16:54:37","date_gmt":"2024-06-17T16:54:37","guid":{"rendered":"https:\/\/multimedia.uned.ac.cr\/ecsh\/ix-encuentrodhts\/?page_id=13"},"modified":"2024-09-12T14:44:34","modified_gmt":"2024-09-12T14:44:34","slug":"informacion-de-expositores","status":"publish","type":"page","link":"https:\/\/multimedia.uned.ac.cr\/ecsh\/ix-encuentrodhts\/informacion-de-expositores\/","title":{"rendered":"Expositores"},"content":{"rendered":"\n<p>A continuaci\u00f3n, se detalla la informaci\u00f3n de las personas expositoras que participar\u00e1n en el IX Encuentro de Desarrollo Humano y Turismo Sostenible el 27 de setiembre, 2024 en el Campus de la Universidad para la Paz<\/p>\n\n\n\n<div class=\"wp-block-columns is-layout-flex wp-container-core-columns-is-layout-9d6595d7 wp-block-columns-is-layout-flex\">\n<div class=\"wp-block-column is-layout-flow wp-block-column-is-layout-flow\">\n<div class=\"wp-block-media-text is-stacked-on-mobile\"><figure class=\"wp-block-media-text__media\"><img loading=\"lazy\" decoding=\"async\" width=\"200\" height=\"200\" src=\"https:\/\/multimedia.uned.ac.cr\/ecsh\/ix-encuentrodhts\/wp-content\/uploads\/sites\/41\/2024\/09\/2-1.png\" alt=\"\" class=\"wp-image-65 size-full\" srcset=\"https:\/\/multimedia.uned.ac.cr\/ecsh\/ix-encuentrodhts\/wp-content\/uploads\/sites\/41\/2024\/09\/2-1.png 200w, https:\/\/multimedia.uned.ac.cr\/ecsh\/ix-encuentrodhts\/wp-content\/uploads\/sites\/41\/2024\/09\/2-1-150x150.png 150w\" sizes=\"auto, (min-width: 900px) 600px, 900px\" \/><\/figure><div class=\"wp-block-media-text__content\">\n<p><strong>Doctor<\/strong> <strong>Carlos Rodr\u00edguez Mej\u00eda<\/strong><\/p>\n\n\n\n<p>Embajador de Colombia en Costa Rica<\/p>\n<\/div><\/div>\n<\/div>\n\n\n\n<div class=\"wp-block-column is-layout-flow wp-block-column-is-layout-flow\">\n<div class=\"wp-block-media-text is-stacked-on-mobile\"><figure class=\"wp-block-media-text__media\"><img loading=\"lazy\" decoding=\"async\" width=\"200\" height=\"200\" src=\"https:\/\/multimedia.uned.ac.cr\/ecsh\/ix-encuentrodhts\/wp-content\/uploads\/sites\/41\/2024\/09\/Fotos-gestor-especialistas.png\" alt=\"\" class=\"wp-image-95 size-full\" srcset=\"https:\/\/multimedia.uned.ac.cr\/ecsh\/ix-encuentrodhts\/wp-content\/uploads\/sites\/41\/2024\/09\/Fotos-gestor-especialistas.png 200w, https:\/\/multimedia.uned.ac.cr\/ecsh\/ix-encuentrodhts\/wp-content\/uploads\/sites\/41\/2024\/09\/Fotos-gestor-especialistas-150x150.png 150w\" sizes=\"auto, (min-width: 900px) 600px, 900px\" \/><\/figure><div class=\"wp-block-media-text__content\">\n<p><strong>M\u00e1ster \u00d3scar Armando Toledo Soriano<\/strong><\/p>\n\n\n\n<p>Embajador de El Salvador en Costa Rica<\/p>\n<\/div><\/div>\n<\/div>\n<\/div>\n\n\n\n<div class=\"wp-block-columns is-layout-flex wp-container-core-columns-is-layout-9d6595d7 wp-block-columns-is-layout-flex\">\n<div class=\"wp-block-column is-layout-flow wp-block-column-is-layout-flow\">\n<div class=\"wp-block-media-text is-stacked-on-mobile\"><figure class=\"wp-block-media-text__media\"><img loading=\"lazy\" decoding=\"async\" width=\"200\" height=\"200\" src=\"https:\/\/multimedia.uned.ac.cr\/ecsh\/ix-encuentrodhts\/wp-content\/uploads\/sites\/41\/2024\/09\/5-1.png\" alt=\"\" class=\"wp-image-67 size-full\" srcset=\"https:\/\/multimedia.uned.ac.cr\/ecsh\/ix-encuentrodhts\/wp-content\/uploads\/sites\/41\/2024\/09\/5-1.png 200w, https:\/\/multimedia.uned.ac.cr\/ecsh\/ix-encuentrodhts\/wp-content\/uploads\/sites\/41\/2024\/09\/5-1-150x150.png 150w\" sizes=\"auto, (min-width: 900px) 600px, 900px\" \/><\/figure><div class=\"wp-block-media-text__content\">\n<p><strong>Doctor Mario Zamora Cordero<\/strong><\/p>\n\n\n\n<p>Ministro de Gobernaci\u00f3n, Pol\u00edtica y Seguridad P\u00fablica<\/p>\n<\/div><\/div>\n<\/div>\n\n\n\n<div class=\"wp-block-column is-layout-flow wp-block-column-is-layout-flow\">\n<div class=\"wp-block-media-text is-stacked-on-mobile\"><figure class=\"wp-block-media-text__media\"><img loading=\"lazy\" decoding=\"async\" width=\"200\" height=\"200\" src=\"https:\/\/multimedia.uned.ac.cr\/ecsh\/ix-encuentrodhts\/wp-content\/uploads\/sites\/41\/2024\/09\/8-1.png\" alt=\"\" class=\"wp-image-68 size-full\" srcset=\"https:\/\/multimedia.uned.ac.cr\/ecsh\/ix-encuentrodhts\/wp-content\/uploads\/sites\/41\/2024\/09\/8-1.png 200w, https:\/\/multimedia.uned.ac.cr\/ecsh\/ix-encuentrodhts\/wp-content\/uploads\/sites\/41\/2024\/09\/8-1-150x150.png 150w\" sizes=\"auto, (min-width: 900px) 600px, 900px\" \/><\/figure><div class=\"wp-block-media-text__content\">\n<p><strong>M\u00e1ster<\/strong> <strong>Ana Mar\u00eda D\u00edaz Toro<\/strong><\/p>\n\n\n\n<p>Asesora de DDHH. Embajada de Colombia en Costa Rica<\/p>\n<\/div><\/div>\n<\/div>\n<\/div>\n\n\n\n<div class=\"wp-block-columns is-layout-flex wp-container-core-columns-is-layout-9d6595d7 wp-block-columns-is-layout-flex\">\n<div class=\"wp-block-column is-layout-flow wp-block-column-is-layout-flow\">\n<div class=\"wp-block-media-text is-stacked-on-mobile\"><figure class=\"wp-block-media-text__media\"><img loading=\"lazy\" decoding=\"async\" width=\"200\" height=\"200\" src=\"https:\/\/multimedia.uned.ac.cr\/ecsh\/ix-encuentrodhts\/wp-content\/uploads\/sites\/41\/2024\/09\/1-1.png\" alt=\"\" class=\"wp-image-69 size-full\" srcset=\"https:\/\/multimedia.uned.ac.cr\/ecsh\/ix-encuentrodhts\/wp-content\/uploads\/sites\/41\/2024\/09\/1-1.png 200w, https:\/\/multimedia.uned.ac.cr\/ecsh\/ix-encuentrodhts\/wp-content\/uploads\/sites\/41\/2024\/09\/1-1-150x150.png 150w\" sizes=\"auto, (min-width: 900px) 600px, 900px\" \/><\/figure><div class=\"wp-block-media-text__content\">\n<p><strong>Doctor<\/strong> <strong>Francisco Rojas Aravena<\/strong><\/p>\n\n\n\n<p>Rector, Universidad para La Paz<\/p>\n<\/div><\/div>\n<\/div>\n\n\n\n<div class=\"wp-block-column is-layout-flow wp-block-column-is-layout-flow\">\n<div class=\"wp-block-media-text is-stacked-on-mobile\"><figure class=\"wp-block-media-text__media\"><img loading=\"lazy\" decoding=\"async\" width=\"200\" height=\"200\" src=\"https:\/\/multimedia.uned.ac.cr\/ecsh\/ix-encuentrodhts\/wp-content\/uploads\/sites\/41\/2024\/09\/11.png\" alt=\"\" class=\"wp-image-70 size-full\" srcset=\"https:\/\/multimedia.uned.ac.cr\/ecsh\/ix-encuentrodhts\/wp-content\/uploads\/sites\/41\/2024\/09\/11.png 200w, https:\/\/multimedia.uned.ac.cr\/ecsh\/ix-encuentrodhts\/wp-content\/uploads\/sites\/41\/2024\/09\/11-150x150.png 150w\" sizes=\"auto, (min-width: 900px) 600px, 900px\" \/><\/figure><div class=\"wp-block-media-text__content\">\n<p><strong>Licenciado<\/strong> <strong>Roberto Arce<\/strong> <strong>Garita<\/strong><\/p>\n\n\n\n<p>Instituto Costarricense de Turismo<\/p>\n<\/div><\/div>\n<\/div>\n<\/div>\n\n\n\n<div class=\"wp-block-columns is-layout-flex wp-container-core-columns-is-layout-9d6595d7 wp-block-columns-is-layout-flex\">\n<div class=\"wp-block-column is-layout-flow wp-block-column-is-layout-flow\">\n<div class=\"wp-block-media-text is-stacked-on-mobile\"><figure class=\"wp-block-media-text__media\"><img loading=\"lazy\" decoding=\"async\" width=\"200\" height=\"200\" src=\"https:\/\/multimedia.uned.ac.cr\/ecsh\/ix-encuentrodhts\/wp-content\/uploads\/sites\/41\/2024\/09\/3-1.png\" alt=\"\" class=\"wp-image-71 size-full\" srcset=\"https:\/\/multimedia.uned.ac.cr\/ecsh\/ix-encuentrodhts\/wp-content\/uploads\/sites\/41\/2024\/09\/3-1.png 200w, https:\/\/multimedia.uned.ac.cr\/ecsh\/ix-encuentrodhts\/wp-content\/uploads\/sites\/41\/2024\/09\/3-1-150x150.png 150w\" sizes=\"auto, (min-width: 900px) 600px, 900px\" \/><\/figure><div class=\"wp-block-media-text__content\">\n<p><strong>Doctora Shantanny Anasha Campbell<\/strong><\/p>\n\n\n\n<p>Codirectora del Instituto Nicarag\u00fcense de Turismo<\/p>\n<\/div><\/div>\n<\/div>\n\n\n\n<div class=\"wp-block-column is-layout-flow wp-block-column-is-layout-flow\">\n<div class=\"wp-block-media-text is-stacked-on-mobile\"><figure class=\"wp-block-media-text__media\"><img loading=\"lazy\" decoding=\"async\" width=\"200\" height=\"200\" src=\"https:\/\/multimedia.uned.ac.cr\/ecsh\/ix-encuentrodhts\/wp-content\/uploads\/sites\/41\/2024\/09\/4-1.png\" alt=\"\" class=\"wp-image-72 size-full\" srcset=\"https:\/\/multimedia.uned.ac.cr\/ecsh\/ix-encuentrodhts\/wp-content\/uploads\/sites\/41\/2024\/09\/4-1.png 200w, https:\/\/multimedia.uned.ac.cr\/ecsh\/ix-encuentrodhts\/wp-content\/uploads\/sites\/41\/2024\/09\/4-1-150x150.png 150w\" sizes=\"auto, (min-width: 900px) 600px, 900px\" \/><\/figure><div class=\"wp-block-media-text__content\">\n<p><strong>M\u00e1ster<\/strong> <strong>Alejandra Dur\u00e1n de Cristales<\/strong><\/p>\n\n\n\n<p>Directora y Presidente de la Corporaci\u00f3n Salvadore\u00f1a de Turismo<\/p>\n<\/div><\/div>\n<\/div>\n<\/div>\n\n\n\n<div class=\"wp-block-columns is-layout-flex wp-container-core-columns-is-layout-9d6595d7 wp-block-columns-is-layout-flex\">\n<div class=\"wp-block-column is-layout-flow wp-block-column-is-layout-flow\">\n<div class=\"wp-block-media-text is-stacked-on-mobile\"><figure class=\"wp-block-media-text__media\"><img loading=\"lazy\" decoding=\"async\" width=\"200\" height=\"200\" src=\"https:\/\/multimedia.uned.ac.cr\/ecsh\/ix-encuentrodhts\/wp-content\/uploads\/sites\/41\/2024\/09\/6-1.png\" alt=\"\" class=\"wp-image-73 size-full\" srcset=\"https:\/\/multimedia.uned.ac.cr\/ecsh\/ix-encuentrodhts\/wp-content\/uploads\/sites\/41\/2024\/09\/6-1.png 200w, https:\/\/multimedia.uned.ac.cr\/ecsh\/ix-encuentrodhts\/wp-content\/uploads\/sites\/41\/2024\/09\/6-1-150x150.png 150w\" sizes=\"auto, (min-width: 900px) 600px, 900px\" \/><\/figure><div class=\"wp-block-media-text__content\">\n<p><strong><strong>Comisionada Kattia Chavarr\u00eda Valverde<\/strong><\/strong><\/p>\n\n\n\n<p>Directora Nacional de la Polic\u00eda Tur\u00edstica<\/p>\n<\/div><\/div>\n<\/div>\n\n\n\n<div class=\"wp-block-column is-layout-flow wp-block-column-is-layout-flow\">\n<div class=\"wp-block-media-text is-stacked-on-mobile\"><figure class=\"wp-block-media-text__media\"><img loading=\"lazy\" decoding=\"async\" width=\"200\" height=\"200\" src=\"https:\/\/multimedia.uned.ac.cr\/ecsh\/ix-encuentrodhts\/wp-content\/uploads\/sites\/41\/2024\/09\/9-1.png\" alt=\"\" class=\"wp-image-74 size-full\" srcset=\"https:\/\/multimedia.uned.ac.cr\/ecsh\/ix-encuentrodhts\/wp-content\/uploads\/sites\/41\/2024\/09\/9-1.png 200w, https:\/\/multimedia.uned.ac.cr\/ecsh\/ix-encuentrodhts\/wp-content\/uploads\/sites\/41\/2024\/09\/9-1-150x150.png 150w\" sizes=\"auto, (min-width: 900px) 600px, 900px\" \/><\/figure><div class=\"wp-block-media-text__content\">\n<p><strong>M\u00e1ster<\/strong> <strong>Yorleny Fontana Coto<\/strong><\/p>\n\n\n\n<p>Encargada de la C\u00e1tedra de Emprendedurismo Tur\u00edstico ECSH-UNED<\/p>\n<\/div><\/div>\n<\/div>\n<\/div>\n\n\n\n<div class=\"wp-block-columns is-layout-flex wp-container-core-columns-is-layout-9d6595d7 wp-block-columns-is-layout-flex\">\n<div class=\"wp-block-column is-layout-flow wp-block-column-is-layout-flow\">\n<div class=\"wp-block-media-text is-stacked-on-mobile\"><figure class=\"wp-block-media-text__media\"><img loading=\"lazy\" decoding=\"async\" width=\"200\" height=\"200\" src=\"https:\/\/multimedia.uned.ac.cr\/ecsh\/ix-encuentrodhts\/wp-content\/uploads\/sites\/41\/2024\/09\/Fotos-gestor-especialistas-2.png\" alt=\"\" class=\"wp-image-114 size-full\" srcset=\"https:\/\/multimedia.uned.ac.cr\/ecsh\/ix-encuentrodhts\/wp-content\/uploads\/sites\/41\/2024\/09\/Fotos-gestor-especialistas-2.png 200w, https:\/\/multimedia.uned.ac.cr\/ecsh\/ix-encuentrodhts\/wp-content\/uploads\/sites\/41\/2024\/09\/Fotos-gestor-especialistas-2-150x150.png 150w\" sizes=\"auto, (min-width: 900px) 600px, 900px\" \/><\/figure><div class=\"wp-block-media-text__content\">\n<p><strong>Doctor<\/strong> <strong>Francisco Javier Mojica Mendieta<\/strong><\/p>\n\n\n\n<p>Docente e investigador del Instituto Tecnol\u00f3gico de Costa Rica<\/p>\n<\/div><\/div>\n<\/div>\n\n\n\n<div class=\"wp-block-column is-layout-flow wp-block-column-is-layout-flow\">\n<div class=\"wp-block-media-text is-stacked-on-mobile\"><figure class=\"wp-block-media-text__media\"><img loading=\"lazy\" decoding=\"async\" width=\"200\" height=\"200\" src=\"https:\/\/multimedia.uned.ac.cr\/ecsh\/ix-encuentrodhts\/wp-content\/uploads\/sites\/41\/2024\/09\/7.png\" alt=\"\" class=\"wp-image-101 size-full\" srcset=\"https:\/\/multimedia.uned.ac.cr\/ecsh\/ix-encuentrodhts\/wp-content\/uploads\/sites\/41\/2024\/09\/7.png 200w, https:\/\/multimedia.uned.ac.cr\/ecsh\/ix-encuentrodhts\/wp-content\/uploads\/sites\/41\/2024\/09\/7-150x150.png 150w\" sizes=\"auto, (min-width: 900px) 600px, 900px\" \/><\/figure><div class=\"wp-block-media-text__content\">\n<p><strong>Doctor Juan Carlos Pic\u00f3n Cruz<\/strong><\/p>\n\n\n\n<p>Docente e investigador de la Universidad Nacional de Costa Rica <\/p>\n<\/div><\/div>\n<\/div>\n<\/div>\n\n\n\n<div class=\"wp-block-columns is-layout-flex wp-container-core-columns-is-layout-9d6595d7 wp-block-columns-is-layout-flex\">\n<div class=\"wp-block-column is-layout-flow wp-block-column-is-layout-flow\">\n<div class=\"wp-block-media-text is-stacked-on-mobile\"><figure class=\"wp-block-media-text__media\"><img loading=\"lazy\" decoding=\"async\" width=\"200\" height=\"200\" src=\"https:\/\/multimedia.uned.ac.cr\/ecsh\/ix-encuentrodhts\/wp-content\/uploads\/sites\/41\/2024\/09\/Fotos-gestor-especialistas-2-1.png\" alt=\"\" class=\"wp-image-145 size-full\" srcset=\"https:\/\/multimedia.uned.ac.cr\/ecsh\/ix-encuentrodhts\/wp-content\/uploads\/sites\/41\/2024\/09\/Fotos-gestor-especialistas-2-1.png 200w, https:\/\/multimedia.uned.ac.cr\/ecsh\/ix-encuentrodhts\/wp-content\/uploads\/sites\/41\/2024\/09\/Fotos-gestor-especialistas-2-1-150x150.png 150w\" sizes=\"auto, (min-width: 900px) 600px, 900px\" \/><\/figure><div class=\"wp-block-media-text__content\">\n<p><strong>Mary Elizabeth Little<\/strong><\/p>\n\n\n\n<p>Docente Universidad  para la Paz<\/p>\n<\/div><\/div>\n<\/div>\n\n\n\n<div class=\"wp-block-column is-layout-flow wp-block-column-is-layout-flow\">\n<div class=\"wp-block-media-text is-stacked-on-mobile\"><figure class=\"wp-block-media-text__media\"><\/figure><div class=\"wp-block-media-text__content\">\n<p><\/p>\n<\/div><\/div>\n<\/div>\n<\/div>\n","protected":false},"excerpt":{"rendered":"<p>A continuaci\u00f3n, se detalla la informaci\u00f3n de las personas expositoras que participar\u00e1n en el IX Encuentro de Desarrollo Humano y Turismo Sostenible el 27 de setiembre, 2024 en el Campus de la Universidad para la Paz Doctor Carlos Rodr\u00edguez Mej\u00eda Embajador de Colombia en Costa Rica M\u00e1ster \u00d3scar Armando Toledo Soriano Embajador de El Salvador en Costa Rica Doctor Mario Zamora Cordero Ministro de Gobernaci\u00f3n, Pol\u00edtica y Seguridad P\u00fablica M\u00e1ster Ana Mar\u00eda D\u00edaz Toro Asesora de DDHH. Embajada de Colombia en Costa Rica Doctor Francisco Rojas Aravena Rector, Universidad para La Paz Licenciado Roberto Arce Garita Instituto Costarricense de Turismo\u2026<\/p>\n","protected":false},"author":2,"featured_media":0,"parent":0,"menu_order":0,"comment_status":"closed","ping_status":"closed","template":"page-full-width.php","meta":{"_acf_changed":false,"_monsterinsights_skip_tracking":false,"_monsterinsights_sitenote_active":false,"_monsterinsights_sitenote_note":"","_monsterinsights_sitenote_category":0,"footnotes":""},"class_list":["post-13","page","type-page","status-publish","hentry"],"acf":[],"_links":{"self":[{"href":"https:\/\/multimedia.uned.ac.cr\/ecsh\/ix-encuentrodhts\/wp-json\/wp\/v2\/pages\/13","targetHints":{"allow":["GET"]}}],"collection":[{"href":"https:\/\/multimedia.uned.ac.cr\/ecsh\/ix-encuentrodhts\/wp-json\/wp\/v2\/pages"}],"about":[{"href":"https:\/\/multimedia.uned.ac.cr\/ecsh\/ix-encuentrodhts\/wp-json\/wp\/v2\/types\/page"}],"author":[{"embeddable":true,"href":"https:\/\/multimedia.uned.ac.cr\/ecsh\/ix-encuentrodhts\/wp-json\/wp\/v2\/users\/2"}],"replies":[{"embeddable":true,"href":"https:\/\/multimedia.uned.ac.cr\/ecsh\/ix-encuentrodhts\/wp-json\/wp\/v2\/comments?post=13"}],"version-history":[{"count":15,"href":"https:\/\/multimedia.uned.ac.cr\/ecsh\/ix-encuentrodhts\/wp-json\/wp\/v2\/pages\/13\/revisions"}],"predecessor-version":[{"id":147,"href":"https:\/\/multimedia.uned.ac.cr\/ecsh\/ix-encuentrodhts\/wp-json\/wp\/v2\/pages\/13\/revisions\/147"}],"wp:attachment":[{"href":"https:\/\/multimedia.uned.ac.cr\/ecsh\/ix-encuentrodhts\/wp-json\/wp\/v2\/media?parent=13"}],"curies":[{"name":"wp","href":"https:\/\/api.w.org\/{rel}","templated":true}]}}