{"id":34,"date":"2021-06-15T15:12:01","date_gmt":"2021-06-15T21:12:01","guid":{"rendered":"https:\/\/multimediades.uned.ac.cr\/ecsh\/ingles-2021\/?page_id=34"},"modified":"2022-07-05T08:21:28","modified_gmt":"2022-07-05T14:21:28","slug":"webinars","status":"publish","type":"page","link":"https:\/\/multimedia.uned.ac.cr\/ecsh\/ingles-2022\/webinars\/","title":{"rendered":"Program"},"content":{"rendered":"\n<div class=\"wp-block-coblocks-accordion\">\n<div class=\"wp-block-coblocks-accordion-item\"><details><summary class=\"wp-block-coblocks-accordion-item__title\"><mark style=\"background-color:rgba(0, 0, 0, 0);color:#273d8f\" class=\"has-inline-color\"><strong>Wednesday, July 6th, 2022<\/strong><\/mark><\/summary><div class=\"wp-block-coblocks-accordion-item__content\">\n<p><\/p>\n\n\n\n<figure class=\"wp-block-table is-style-stripes\"><table><tbody><tr><td class=\"has-text-align-center\" data-align=\"center\"><strong><mark style=\"background-color:rgba(0, 0, 0, 0)\" class=\"has-inline-color has-black-color\">Time<\/mark><\/strong><\/td><td class=\"has-text-align-left\" data-align=\"left\"><strong><mark style=\"background-color:rgba(0, 0, 0, 0)\" class=\"has-inline-color has-black-color\">Sessions<\/mark><\/strong><\/td><\/tr><tr><td class=\"has-text-align-center\" data-align=\"center\">8:00 a.m.<\/td><td class=\"has-text-align-left\" data-align=\"left\"><strong>Opening Ceremony<\/strong><\/td><\/tr><tr><td class=\"has-text-align-center\" data-align=\"center\">9:30 a.m.<\/td><td class=\"has-text-align-left\" data-align=\"left\"><strong>Session 1: Intercultural Competence for Inclusion and Diversity in Education<\/strong><br>Presenter: Katalina Perera Hern\u00e1ndez &#8211; UNED &#8211; CONARE<\/td><\/tr><tr><td class=\"has-text-align-center\" data-align=\"center\">10:30 a.m. <\/td><td class=\"has-text-align-left\" data-align=\"left\"><strong>Session 2: Leveling up! Exploring Models for Integrating Technology in the Curriculum&nbsp;<\/strong><br>Presenter: Maureen Guevara Garc\u00eda &#8211; UTN<\/td><\/tr><tr><td class=\"has-text-align-center\" data-align=\"center\">11:35 a.m.<\/td><td class=\"has-text-align-left\" data-align=\"left\"><strong>Session 3: Using Clear Plastic Wrap:&nbsp; Making Test Preparation and Assessment Transparent<\/strong>&nbsp;<br>Presenter: Karen Jogan &#8211; Albright College, USA and Per\u00fa<\/td><\/tr><tr><td class=\"has-text-align-center\" data-align=\"center\">12:35 p.m. <\/td><td class=\"has-text-align-left\" data-align=\"left\"><strong>Lunch break <\/strong><\/td><\/tr><tr><td class=\"has-text-align-center\" data-align=\"center\">1:35 p.m. <\/td><td class=\"has-text-align-left\" data-align=\"left\"><strong>Session 4: Let\u2019s Make our Classrooms Inclusive for Real! Universal Design of Learning and Instructional Design<\/strong>.&nbsp;<br>Presenters: Mendiert Montenegro &#8211; University of Central Arkansas and Hope Mary Garc\u00eda &#8211; University of Arkansas <\/td><\/tr><tr><td class=\"has-text-align-center\" data-align=\"center\">2:35 p.m. <\/td><td class=\"has-text-align-left\" data-align=\"left\"><strong>Coffee break<\/strong><\/td><\/tr><tr><td class=\"has-text-align-center\" data-align=\"center\">3:05 p.m. <\/td><td class=\"has-text-align-left\" data-align=\"left\"><strong>Session 5: Language Learning Strategies: Fundamentals &amp; Classroom Applications<\/strong><br>Presenters: Martin J. Caicedo &#8211; Business Development Manager. Regional Assesment Sprecialist Central and South America Oxford University Press.<\/td><\/tr><\/tbody><\/table><\/figure>\n\n\n\n<p><\/p>\n<\/div><\/details><\/div>\n\n\n\n<div class=\"wp-block-coblocks-accordion-item\"><details><summary class=\"wp-block-coblocks-accordion-item__title\"><mark style=\"background-color:rgba(0, 0, 0, 0);color:#273d8f\" class=\"has-inline-color\"><strong>Thursday, July 7th, 2021<\/strong><\/mark><\/summary><div class=\"wp-block-coblocks-accordion-item__content\">\n<p><\/p>\n\n\n\n<figure class=\"wp-block-table alignleft is-style-stripes\"><table><tbody><tr><td><strong><mark style=\"background-color:rgba(0, 0, 0, 0)\" class=\"has-inline-color has-black-color\">Time<\/mark><\/strong> <\/td><td class=\"has-text-align-left\" data-align=\"left\"><strong>Sessions<\/strong><\/td><\/tr><tr><td>8:00 a.m.<\/td><td class=\"has-text-align-left\" data-align=\"left\"><strong>Session 1:<\/strong> <strong>The Role of Leadership in Education<\/strong><br>Presenter: Alfieri Avil\u00e1n &#8211; Certified Master Trainer and Academic Consultant<br>Pearson Education <\/td><\/tr><tr><td>9:15 a.m. <\/td><td class=\"has-text-align-left\" data-align=\"left\"><strong>Coffee break<\/strong><\/td><\/tr><tr><td>9:45 a.m. <\/td><td class=\"has-text-align-left\" data-align=\"left\"><strong>Session 2: An Inclusive Pedagogy to Meet the Needs of Diverse Learners in the English Classroom&nbsp;<\/strong><br>Presenter: Dra. Ana Campos &#8211;  MEP Costa Rica- English National Advisor&nbsp;<\/td><\/tr><tr><td>10:50 a.m.  <\/td><td class=\"has-text-align-left\" data-align=\"left\"><strong>Session 3: Digital Tools for Text Simplification&nbsp; <\/strong><br>Presenter: Roger W. Gee &#8211; Holy Family University of Philadelphia<\/td><\/tr><tr><td>11:50 a.m.<\/td><td class=\"has-text-align-left\" data-align=\"left\"><strong>Lunch break<\/strong><\/td><\/tr><tr><td>12:50p.m. <\/td><td class=\"has-text-align-left\" data-align=\"left\"><strong>Session 4: What Makes a Good Language Test: Test Design Principles for Teachers<br>Presenter: <\/strong>Mart\u00edn Caicedo &#8211; Oxford University Press<\/td><\/tr><tr><td>1:50 p.m. <\/td><td class=\"has-text-align-left\" data-align=\"left\"><strong>Coffee break<\/strong><\/td><\/tr><tr><td>2:20 p.m.<\/td><td class=\"has-text-align-left\" data-align=\"left\"><strong>Session 5:<\/strong> <strong>Inclusion, Diversity , Integration and Education<\/strong><br>Presenter: Alfieri Avil\u00e1n &#8211; Certified Master Trainer and Academic Consultant<br>Pearson Education <\/td><\/tr><tr><td>3:25 p.m.<\/td><td class=\"has-text-align-left\" data-align=\"left\"><strong>Session 6: Digital Tools for Cloze Activities<\/strong><br>Presenter: Roger W. Gee &#8211; Holy Family University of Philadelphia. <\/td><\/tr><tr><td>4:30 p.m. <\/td><td class=\"has-text-align-left\" data-align=\"left\"><strong>Session 7: Gamification: The All-Inclusive Approach<\/strong><br>Presenter: Josu\u00e9 S\u00e1nchez Mar\u00edn &#8211; MEP Costa Rica<\/td><\/tr><\/tbody><\/table><\/figure>\n<\/div><\/details><\/div>\n\n\n\n<div class=\"wp-block-coblocks-accordion-item\"><details><summary class=\"wp-block-coblocks-accordion-item__title\"><mark style=\"background-color:rgba(0, 0, 0, 0);color:#273d8f\" class=\"has-inline-color\"><strong>Friday, July 8th, 2022<\/strong><\/mark><\/summary><div class=\"wp-block-coblocks-accordion-item__content\">\n<figure class=\"wp-block-table is-style-stripes\"><table><tbody><tr><td class=\"has-text-align-center\" data-align=\"center\"><strong>Time <\/strong><\/td><td class=\"has-text-align-left\" data-align=\"left\"><strong>Sessions <\/strong><\/td><\/tr><tr><td class=\"has-text-align-center\" data-align=\"center\">7:50 a.m. <\/td><td class=\"has-text-align-left\" data-align=\"left\"><strong>Session 1:<\/strong> <strong>Practicalities of Accessible Assessment<\/strong><br>Presenter: Colin Finnerty &#8211; Oxford University Press<\/td><\/tr><tr><td class=\"has-text-align-center\" data-align=\"center\">9:25 a.m. <\/td><td class=\"has-text-align-left\" data-align=\"left\"><strong>Session 2: Implementing Inclusive Education at School\u00a0<\/strong><br>Presenter: Lorena Ojeda &#8211; Our Storyscape\u00a0 <\/td><\/tr><tr><td class=\"has-text-align-center\" data-align=\"center\">10:30 a.m. <\/td><td class=\"has-text-align-left\" data-align=\"left\"><strong>Session 3: Life-long Learning Trend in ELT&nbsp;<\/strong><br>Presenter: Cindy Jim\u00e9nez Picado Researcher in the Technological Research and Innovation Laboratory (LIIT-UNED) and English professor<\/td><\/tr><tr><td class=\"has-text-align-center\" data-align=\"center\">11:35 a.m. <\/td><td class=\"has-text-align-left\" data-align=\"left\"><strong>Session 4: Teaching English with All Students in Mind&nbsp;<\/strong><br>Presenter: Randall Centeno Hern\u00e1ndez &#8211; MEP Costa Rica English National Advisor<\/td><\/tr><tr><td class=\"has-text-align-center\" data-align=\"center\">12:35 p.m. <\/td><td class=\"has-text-align-left\" data-align=\"left\"><strong>Lunch Time<\/strong><\/td><\/tr><tr><td class=\"has-text-align-center\" data-align=\"center\">1:15 p.m. <\/td><td class=\"has-text-align-left\" data-align=\"left\"><strong>Session 5: English Grammar for All: An Inclusive Approach to Teaching English Grammar to Students with Limited Formal Education&nbsp;<\/strong><br>Presenter: Elizabeth Weal &#8211; Pro Lingua Learning, USA, California. <\/td><\/tr><tr><td class=\"has-text-align-center\" data-align=\"center\">2:20 p.m.<\/td><td class=\"has-text-align-left\" data-align=\"left\"><strong>Session 6: A Project to Include Students at University Reading Comprehension Courses<\/strong>&nbsp;<br>Presenter: Mar\u00eda Susana Gonz\u00e1lez &#8211; ARTESOL<\/td><\/tr><tr><td class=\"has-text-align-center\" data-align=\"center\">3:20 p.m. <\/td><td class=\"has-text-align-left\" data-align=\"left\"><strong>Coffee break<\/strong><\/td><\/tr><tr><td class=\"has-text-align-center\" data-align=\"center\">3:45 p.m. <\/td><td class=\"has-text-align-left\" data-align=\"left\"><strong>Session 7: Buidling Proficiency in the English Classroom\u00a0\u00a0<\/strong><br>Presenter: Lorena Ojeda &#8211; Our Storyscape<\/td><\/tr><tr><td class=\"has-text-align-center\" data-align=\"center\">4:45 p.m. <\/td><td class=\"has-text-align-left\" data-align=\"left\"><strong>Closing Ceremony<\/strong><\/td><\/tr><\/tbody><\/table><\/figure>\n<\/div><\/details><\/div>\n<\/div>\n\n\n\n<p><\/p>\n\n\n\n<p><strong>Only people who participate&nbsp; 24 hours&nbsp; will receive a certificate&nbsp; of attendance.<\/strong><\/p>\n\n\n\n<p><\/p>\n","protected":false},"excerpt":{"rendered":"<p>Only people who participate&nbsp; 24 hours&nbsp; will receive a certificate&nbsp; of attendance.<\/p>\n","protected":false},"author":2,"featured_media":0,"parent":0,"menu_order":0,"comment_status":"closed","ping_status":"closed","template":"","meta":{"_acf_changed":false,"_monsterinsights_skip_tracking":false,"_monsterinsights_sitenote_active":false,"_monsterinsights_sitenote_note":"","_monsterinsights_sitenote_category":0,"footnotes":""},"class_list":["post-34","page","type-page","status-publish","hentry"],"acf":[],"_links":{"self":[{"href":"https:\/\/multimedia.uned.ac.cr\/ecsh\/ingles-2022\/wp-json\/wp\/v2\/pages\/34","targetHints":{"allow":["GET"]}}],"collection":[{"href":"https:\/\/multimedia.uned.ac.cr\/ecsh\/ingles-2022\/wp-json\/wp\/v2\/pages"}],"about":[{"href":"https:\/\/multimedia.uned.ac.cr\/ecsh\/ingles-2022\/wp-json\/wp\/v2\/types\/page"}],"author":[{"embeddable":true,"href":"https:\/\/multimedia.uned.ac.cr\/ecsh\/ingles-2022\/wp-json\/wp\/v2\/users\/2"}],"replies":[{"embeddable":true,"href":"https:\/\/multimedia.uned.ac.cr\/ecsh\/ingles-2022\/wp-json\/wp\/v2\/comments?post=34"}],"version-history":[{"count":51,"href":"https:\/\/multimedia.uned.ac.cr\/ecsh\/ingles-2022\/wp-json\/wp\/v2\/pages\/34\/revisions"}],"predecessor-version":[{"id":749,"href":"https:\/\/multimedia.uned.ac.cr\/ecsh\/ingles-2022\/wp-json\/wp\/v2\/pages\/34\/revisions\/749"}],"wp:attachment":[{"href":"https:\/\/multimedia.uned.ac.cr\/ecsh\/ingles-2022\/wp-json\/wp\/v2\/media?parent=34"}],"curies":[{"name":"wp","href":"https:\/\/api.w.org\/{rel}","templated":true}]}}