{"id":26,"date":"2023-05-10T21:36:24","date_gmt":"2023-05-10T21:36:24","guid":{"rendered":"https:\/\/multimedia.uned.ac.cr\/ecsh\/encuentro-secretarial-2023\/?page_id=26"},"modified":"2023-05-25T16:57:59","modified_gmt":"2023-05-25T16:57:59","slug":"bienvenida","status":"publish","type":"page","link":"https:\/\/multimedia.uned.ac.cr\/ecsh\/encuentro-secretarial-2023\/","title":{"rendered":"Bienvenida"},"content":{"rendered":"\n<p class=\"has-text-color\" style=\"color:#0c3996\">El mundo empresarial avanza a pasos agigantados. El acceso a internet, el uso de herramientas digitales y las posibilidades de conexi\u00f3n y de comunicaci\u00f3n desde cualquier parte del mundo, exigen nuevos conocimientos tecnol\u00f3gicos y una concientizaci\u00f3n de la din\u00e1mica moderna de las empresas.&nbsp;<\/p>\n\n\n\n<p class=\"has-text-color\" style=\"color:#0c3996\">En este contexto, se desarrolla el I Encuentro de Gesti\u00f3n Secretarial: \u201cNuevas tendencias de la gesti\u00f3n secretarial\u201d, en el cual se abordan tem\u00e1ticas acerca de los retos y las oportunidades de la oficina del futuro, as\u00ed como la transformaci\u00f3n digital en la administraci\u00f3n.&nbsp;&nbsp;&nbsp;<\/p>\n\n\n\n<p class=\"has-text-color\" style=\"color:#0c3996\">El I Encuentro se dirige a docentes, estudiantes regulares y graduados de la Carrera de Gesti\u00f3n Secretarial de la Oficina de la UNED, Costa Rica, y carreras afines.&nbsp; Modalidad presencial, el s\u00e1bado 1\u00ba de julio, 2023, de 9:00 a.m. a 4:00 p.m., en la Sala Magna del Paraninfo Daniel Oduber.&nbsp;<\/p>\n\n\n\n<p class=\"has-text-color\" style=\"color:#0c3996\">Para inscripciones puede dirigirse a la secci\u00f3n de Inscripci\u00f3n, as\u00ed como descargar el programa del evento en formato PDF.&nbsp;<\/p>\n\n\n\n<figure class=\"wp-block-embed is-type-video is-provider-youtube wp-block-embed-youtube wp-embed-aspect-16-9 wp-has-aspect-ratio\"><div class=\"wp-block-embed__wrapper\">\n<iframe loading=\"lazy\" title=\"I Encuentro Gesti\u00f3n Secretarial: Nuevas Tendencias de la gesti\u00f3n secretarial\" width=\"640\" height=\"360\" src=\"https:\/\/www.youtube.com\/embed\/vB-Bi_pE3Wc?feature=oembed\" frameborder=\"0\" allow=\"accelerometer; autoplay; clipboard-write; encrypted-media; gyroscope; picture-in-picture; web-share\" referrerpolicy=\"strict-origin-when-cross-origin\" allowfullscreen><\/iframe>\n<\/div><\/figure>\n\n\n\n<h2 class=\"has-text-color wp-block-heading\" style=\"color:#0c3996\">Objetivos<\/h2>\n\n\n\n<h3 class=\"has-text-color wp-block-heading\" style=\"color:#fbb92a\">Objetivo general<\/h3>\n\n\n\n<p class=\"has-text-color\" style=\"color:#0c3996\">Promover el intercambio de experiencias y conocimientos de las nuevas tendencias en la gesti\u00f3n de oficinas; mediante un encuentro con docentes, estudiantes y profesionales graduados de la Carrera de Gesti\u00f3n Secretarial de la Oficina de la UNED, Costa Rica.&nbsp;<\/p>\n\n\n\n<h3 class=\"has-text-color wp-block-heading\" style=\"color:#fbb92a\">Objetivos espec\u00edficos<\/h3>\n\n\n\n<p class=\"has-text-color\" style=\"color:#0c3996\">1.&nbsp; Proponer espacios de di\u00e1logo y exposiciones con el fin de que se integre al estudiantado, docentes, graduadas y graduados de la Carrera de Gesti\u00f3n Secretarial de la Oficina.&nbsp;<\/p>\n\n\n\n<p class=\"has-text-color\" style=\"color:#0c3996\">2. Integrar los saberes en el \u00e1rea de la gesti\u00f3n secretarial, para la concientizaci\u00f3n de las nuevas tendencias en la oficina.&nbsp;&nbsp;<\/p>\n\n\n\n<h2 class=\"has-text-color wp-block-heading\" style=\"color:#0c3996\">Personas especialistas invitadas<\/h2>\n\n\n\n<div class=\"wp-block-columns is-layout-flex wp-container-core-columns-is-layout-9d6595d7 wp-block-columns-is-layout-flex\">\n<div class=\"wp-block-column is-layout-flow wp-block-column-is-layout-flow\">\n<div class=\"wp-block-media-text alignwide is-stacked-on-mobile\"><figure class=\"wp-block-media-text__media\"><img loading=\"lazy\" decoding=\"async\" width=\"200\" height=\"199\" src=\"https:\/\/multimedia.uned.ac.cr\/ecsh\/encuentro-secretarial-2023\/wp-content\/uploads\/sites\/35\/2023\/05\/1.png\" alt=\"\" class=\"wp-image-56 size-full\" srcset=\"https:\/\/multimedia.uned.ac.cr\/ecsh\/encuentro-secretarial-2023\/wp-content\/uploads\/sites\/35\/2023\/05\/1.png 200w, https:\/\/multimedia.uned.ac.cr\/ecsh\/encuentro-secretarial-2023\/wp-content\/uploads\/sites\/35\/2023\/05\/1-150x150.png 150w\" sizes=\"auto, (min-width: 900px) 600px, 900px\" \/><\/figure><div class=\"wp-block-media-text__content\">\n<p class=\"has-text-color\" style=\"color:#0c3996\"><strong>M.Ed. Arnaldo Rodr\u00edguez Rivera<\/strong><\/p>\n\n\n\n<p class=\"has-text-color\" style=\"color:#0c3996\">Catedr\u00e1tico en el Departamento de Sistemas de la Oficina de la Universidad de Puerto Rico. <\/p>\n<\/div><\/div>\n<\/div>\n\n\n\n<div class=\"wp-block-column is-layout-flow wp-block-column-is-layout-flow\">\n<div class=\"wp-block-media-text alignwide is-stacked-on-mobile\"><figure class=\"wp-block-media-text__media\"><img loading=\"lazy\" decoding=\"async\" width=\"200\" height=\"199\" src=\"https:\/\/multimedia.uned.ac.cr\/ecsh\/encuentro-secretarial-2023\/wp-content\/uploads\/sites\/35\/2023\/05\/2.png\" alt=\"\" class=\"wp-image-57 size-full\" srcset=\"https:\/\/multimedia.uned.ac.cr\/ecsh\/encuentro-secretarial-2023\/wp-content\/uploads\/sites\/35\/2023\/05\/2.png 200w, https:\/\/multimedia.uned.ac.cr\/ecsh\/encuentro-secretarial-2023\/wp-content\/uploads\/sites\/35\/2023\/05\/2-150x150.png 150w\" sizes=\"auto, (min-width: 900px) 600px, 900px\" \/><\/figure><div class=\"wp-block-media-text__content\">\n<p class=\"has-text-color\" style=\"color:#0c3996\"><strong>Mag. Yorleny Salas Araya<\/strong> <\/p>\n\n\n\n<p class=\"has-text-color\" style=\"color:#0c3996\">Directora del posgrado de Tecnolog\u00edas de la Informaci\u00f3n y Comunicaci\u00f3n para la Gesti\u00f3n Organizacional. <\/p>\n<\/div><\/div>\n<\/div>\n<\/div>\n\n\n\n<h2 class=\"has-text-color wp-block-heading\" style=\"color:#0c3996\">Sitios web de inter\u00e9s<\/h2>\n\n\n\n<div class=\"wp-block-columns is-layout-flex wp-container-core-columns-is-layout-9d6595d7 wp-block-columns-is-layout-flex\">\n<div class=\"wp-block-column is-layout-flow wp-block-column-is-layout-flow\"><div class=\"wp-block-image\">\n<figure class=\"aligncenter size-full is-resized\"><img loading=\"lazy\" decoding=\"async\" src=\"https:\/\/multimedia.uned.ac.cr\/ecsh\/encuentro-secretarial-2023\/wp-content\/uploads\/sites\/35\/2023\/05\/foto_gestion_secretarial.jpg\" alt=\"\" class=\"wp-image-60\" width=\"268\" height=\"268\" srcset=\"https:\/\/multimedia.uned.ac.cr\/ecsh\/encuentro-secretarial-2023\/wp-content\/uploads\/sites\/35\/2023\/05\/foto_gestion_secretarial.jpg 465w, https:\/\/multimedia.uned.ac.cr\/ecsh\/encuentro-secretarial-2023\/wp-content\/uploads\/sites\/35\/2023\/05\/foto_gestion_secretarial-300x300.jpg 300w, https:\/\/multimedia.uned.ac.cr\/ecsh\/encuentro-secretarial-2023\/wp-content\/uploads\/sites\/35\/2023\/05\/foto_gestion_secretarial-150x150.jpg 150w\" sizes=\"auto, (min-width: 900px) 600px, 900px\" \/><figcaption class=\"wp-element-caption\"><a href=\"https:\/\/uned.ac.cr\/ecsh\/gestion-secretarial-de-la-oficina\" data-type=\"URL\" data-id=\"https:\/\/uned.ac.cr\/ecsh\/gestion-secretarial-de-la-oficina\"><em>Website<\/em><\/a><\/figcaption><\/figure>\n<\/div><\/div>\n\n\n\n<div class=\"wp-block-column is-layout-flow wp-block-column-is-layout-flow\"><div class=\"wp-block-image\">\n<figure class=\"aligncenter size-large is-resized\"><img loading=\"lazy\" decoding=\"async\" src=\"https:\/\/multimedia.uned.ac.cr\/ecsh\/encuentro-secretarial-2023\/wp-content\/uploads\/sites\/35\/2023\/05\/BUHP-791x1024.png\" alt=\"\" class=\"wp-image-61\" width=\"210\" height=\"272\" srcset=\"https:\/\/multimedia.uned.ac.cr\/ecsh\/encuentro-secretarial-2023\/wp-content\/uploads\/sites\/35\/2023\/05\/BUHP-791x1024.png 791w, https:\/\/multimedia.uned.ac.cr\/ecsh\/encuentro-secretarial-2023\/wp-content\/uploads\/sites\/35\/2023\/05\/BUHP-232x300.png 232w, https:\/\/multimedia.uned.ac.cr\/ecsh\/encuentro-secretarial-2023\/wp-content\/uploads\/sites\/35\/2023\/05\/BUHP-768x994.png 768w, https:\/\/multimedia.uned.ac.cr\/ecsh\/encuentro-secretarial-2023\/wp-content\/uploads\/sites\/35\/2023\/05\/BUHP-1187x1536.png 1187w, https:\/\/multimedia.uned.ac.cr\/ecsh\/encuentro-secretarial-2023\/wp-content\/uploads\/sites\/35\/2023\/05\/BUHP-1583x2048.png 1583w\" sizes=\"auto, (min-width: 900px) 600px, 900px\" \/><figcaption class=\"wp-element-caption\"><em><a rel=\"noreferrer noopener\" href=\"https:\/\/uned.ac.cr\/ecsh\" data-type=\"URL\" data-id=\"https:\/\/uned.ac.cr\/ecsh\" target=\"_blank\">Website<\/a><\/em><br><em><a href=\"https:\/\/www.facebook.com\/socialesyhumanidades\" data-type=\"URL\" data-id=\"https:\/\/www.facebook.com\/socialesyhumanidades\" target=\"_blank\" rel=\"noreferrer noopener\">Facebook<\/a><br><a href=\"https:\/\/www.instagram.com\/ecsh_uned\/\" data-type=\"URL\" data-id=\"https:\/\/www.instagram.com\/ecsh_uned\/\" target=\"_blank\" rel=\"noreferrer noopener\">Instagram<\/a><\/em><\/figcaption><\/figure>\n<\/div>\n\n\n<p><\/p>\n<\/div>\n<\/div>\n","protected":false},"excerpt":{"rendered":"<p>El mundo empresarial avanza a pasos agigantados. El acceso a internet, el uso de herramientas digitales y las posibilidades de conexi\u00f3n y de comunicaci\u00f3n desde cualquier parte del mundo, exigen nuevos conocimientos tecnol\u00f3gicos y una concientizaci\u00f3n de la din\u00e1mica moderna de las empresas.&nbsp; En este contexto, se desarrolla el I Encuentro de Gesti\u00f3n Secretarial: \u201cNuevas tendencias de la gesti\u00f3n secretarial\u201d, en el cual se abordan tem\u00e1ticas acerca de los retos y las oportunidades de la oficina del futuro, as\u00ed como la transformaci\u00f3n digital en la administraci\u00f3n.&nbsp;&nbsp;&nbsp; El I Encuentro se dirige a docentes, estudiantes regulares y graduados de la Carrera\u2026<\/p>\n","protected":false},"author":2,"featured_media":0,"parent":0,"menu_order":0,"comment_status":"closed","ping_status":"closed","template":"page-full-width.php","meta":{"_acf_changed":false,"_monsterinsights_skip_tracking":false,"_monsterinsights_sitenote_active":false,"_monsterinsights_sitenote_note":"","_monsterinsights_sitenote_category":0,"footnotes":""},"class_list":["post-26","page","type-page","status-publish","hentry"],"acf":[],"_links":{"self":[{"href":"https:\/\/multimedia.uned.ac.cr\/ecsh\/encuentro-secretarial-2023\/wp-json\/wp\/v2\/pages\/26","targetHints":{"allow":["GET"]}}],"collection":[{"href":"https:\/\/multimedia.uned.ac.cr\/ecsh\/encuentro-secretarial-2023\/wp-json\/wp\/v2\/pages"}],"about":[{"href":"https:\/\/multimedia.uned.ac.cr\/ecsh\/encuentro-secretarial-2023\/wp-json\/wp\/v2\/types\/page"}],"author":[{"embeddable":true,"href":"https:\/\/multimedia.uned.ac.cr\/ecsh\/encuentro-secretarial-2023\/wp-json\/wp\/v2\/users\/2"}],"replies":[{"embeddable":true,"href":"https:\/\/multimedia.uned.ac.cr\/ecsh\/encuentro-secretarial-2023\/wp-json\/wp\/v2\/comments?post=26"}],"version-history":[{"count":12,"href":"https:\/\/multimedia.uned.ac.cr\/ecsh\/encuentro-secretarial-2023\/wp-json\/wp\/v2\/pages\/26\/revisions"}],"predecessor-version":[{"id":103,"href":"https:\/\/multimedia.uned.ac.cr\/ecsh\/encuentro-secretarial-2023\/wp-json\/wp\/v2\/pages\/26\/revisions\/103"}],"wp:attachment":[{"href":"https:\/\/multimedia.uned.ac.cr\/ecsh\/encuentro-secretarial-2023\/wp-json\/wp\/v2\/media?parent=26"}],"curies":[{"name":"wp","href":"https:\/\/api.w.org\/{rel}","templated":true}]}}