{"id":9,"date":"2022-11-02T21:13:56","date_gmt":"2022-11-02T21:13:56","guid":{"rendered":"https:\/\/multimedia.uned.ac.cr\/ecsh\/congresotrataytrafico2023\/?page_id=9"},"modified":"2023-11-08T18:43:51","modified_gmt":"2023-11-08T18:43:51","slug":"bienvenida","status":"publish","type":"page","link":"https:\/\/multimedia.uned.ac.cr\/ecsh\/congresotrataytrafico2023\/","title":{"rendered":"Bienvenida"},"content":{"rendered":"\n<p>La Universidad Estatal a Distancia y el Cap\u00edtulo Costa Rica del Observatorio Latinoamericano sobre Trata y Tr\u00e1fico de Personas (ObservaLAtrata) convoc\u00f3 al <strong>Congreso Virtual Latinoamericano sobre trata de personas y tr\u00e1fico Il\u00edcito de migrantes 2023<\/strong>, actividad declarada de inter\u00e9s nacional en Costa Rica, que se llev\u00f3 a cabo del <strong>26 al 28 de setiembre, 2023<\/strong><\/p>\n\n\n\n<p>Esta actividad tuvo como objetivo contribuir al di\u00e1logo y construcci\u00f3n de conocimientos acerca de las causas estructurales que promueven y perpet\u00faan la trata de personas y el tr\u00e1fico il\u00edcito de migrantes en la realidad y escenarios actuales y diversos.&nbsp;<\/p>\n\n\n\n<p>Este espacio cuenta con la recopilaci\u00f3n de la memoria de este congreso, por lo que en la pesta\u00f1a de <a href=\"https:\/\/multimedia.uned.ac.cr\/ecsh\/congresotrataytrafico2023\/memoria-del-congreso\/\" data-type=\"link\" data-id=\"https:\/\/multimedia.uned.ac.cr\/ecsh\/congresotrataytrafico2023\/memoria-del-congreso\/\">Memoria<\/a> se encuentran las grabaciones de las conferencias, las mesas de di\u00e1logo y el n\u00famero de especial de la Revista Espiga. Las ponencias y conferencias desarrolladas se vincularon con los siguientes ejes tem\u00e1ticos: <\/p>\n\n\n\n<div style=\"height:18px\" aria-hidden=\"true\" class=\"wp-block-spacer\"><\/div>\n\n\n\n<h2 class=\"wp-block-heading has-text-color\" style=\"color:#0c3996\">Ejes tem\u00e1ticos<\/h2>\n\n\n\n<div class=\"wp-block-media-text alignwide is-stacked-on-mobile has-medium-font-size\" style=\"grid-template-columns:25% auto\"><figure class=\"wp-block-media-text__media\"><img loading=\"lazy\" decoding=\"async\" width=\"300\" height=\"300\" src=\"https:\/\/multimedia.uned.ac.cr\/ecsh\/congresotrataytrafico2023\/wp-content\/uploads\/sites\/33\/2022\/12\/7-500x500px-iconos-Trata-de-personas-2-300x300.png\" alt=\"\" class=\"wp-image-93 size-medium\" srcset=\"https:\/\/multimedia.uned.ac.cr\/ecsh\/congresotrataytrafico2023\/wp-content\/uploads\/sites\/33\/2022\/12\/7-500x500px-iconos-Trata-de-personas-2-300x300.png 300w, https:\/\/multimedia.uned.ac.cr\/ecsh\/congresotrataytrafico2023\/wp-content\/uploads\/sites\/33\/2022\/12\/7-500x500px-iconos-Trata-de-personas-2-150x150.png 150w, https:\/\/multimedia.uned.ac.cr\/ecsh\/congresotrataytrafico2023\/wp-content\/uploads\/sites\/33\/2022\/12\/7-500x500px-iconos-Trata-de-personas-2.png 500w\" sizes=\"auto, (min-width: 900px) 600px, 900px\" \/><\/figure><div class=\"wp-block-media-text__content\">\n<p class=\"has-text-color\" style=\"color:#0c3996\"><strong>Eje 1. Trata de personas: Cuerpo y explotaci\u00f3n: la trata desde el \u00fatero<\/strong><\/p>\n\n\n\n<ul class=\"wp-block-list\">\n<li>Trata de personas con fines de subrogaci\u00f3n o vientres de alquiler. <\/li>\n\n\n\n<li>Trata de personas con fines de explotaci\u00f3n de ni\u00f1as y mujeres<\/li>\n\n\n\n<li>Trata de personas con nuevas finalidades de explotaci\u00f3n. <\/li>\n\n\n\n<li>Trata de personas y masculinidades hegem\u00f3nicas insertas en la sociedad y los Estados que motivan las formas de gobierno patriarcal y legitimas las finalidades de la trata de personas.&nbsp;&nbsp;<\/li>\n\n\n\n<li>Personas que explotan, tratantes, \u201cclientes\u201d y otros sujetos de la cadena de explotaci\u00f3n.&nbsp;<\/li>\n<\/ul>\n<\/div><\/div>\n\n\n\n<div style=\"height:28px\" aria-hidden=\"true\" class=\"wp-block-spacer\"><\/div>\n\n\n\n<div class=\"wp-block-media-text alignwide has-media-on-the-right is-stacked-on-mobile is-style-default has-medium-font-size\" style=\"grid-template-columns:auto 26%\"><div class=\"wp-block-media-text__content\">\n<p class=\"has-text-color\" style=\"color:#0c3996\"><strong>Eje 2 Tr\u00e1fico il\u00edcito de Migrantes: El lucro ante la necesidad y derecho a la migraci\u00f3n<\/strong><\/p>\n\n\n\n<ul class=\"wp-block-list\">\n<li>Tr\u00e1fico il\u00edcito de migrantes en la coyuntura actual<\/li>\n\n\n\n<li>El derecho a la migraci\u00f3n segura y la capacidad de los Estados frente a la migraci\u00f3n masiva e irregular.<\/li>\n\n\n\n<li>Atenci\u00f3n y respuestas estatales a la ni\u00f1ez migrante irregular<\/li>\n<\/ul>\n<\/div><figure class=\"wp-block-media-text__media\"><img loading=\"lazy\" decoding=\"async\" width=\"300\" height=\"300\" src=\"https:\/\/multimedia.uned.ac.cr\/ecsh\/congresotrataytrafico2023\/wp-content\/uploads\/sites\/33\/2022\/12\/7-500x500px-iconos-Trata-de-personas-1-300x300.png\" alt=\"\" class=\"wp-image-89 size-medium\" srcset=\"https:\/\/multimedia.uned.ac.cr\/ecsh\/congresotrataytrafico2023\/wp-content\/uploads\/sites\/33\/2022\/12\/7-500x500px-iconos-Trata-de-personas-1-300x300.png 300w, https:\/\/multimedia.uned.ac.cr\/ecsh\/congresotrataytrafico2023\/wp-content\/uploads\/sites\/33\/2022\/12\/7-500x500px-iconos-Trata-de-personas-1-150x150.png 150w, https:\/\/multimedia.uned.ac.cr\/ecsh\/congresotrataytrafico2023\/wp-content\/uploads\/sites\/33\/2022\/12\/7-500x500px-iconos-Trata-de-personas-1.png 500w\" sizes=\"auto, (min-width: 900px) 600px, 900px\" \/><\/figure><\/div>\n\n\n\n<div style=\"height:28px\" aria-hidden=\"true\" class=\"wp-block-spacer\"><\/div>\n\n\n\n<div class=\"wp-block-media-text alignwide is-stacked-on-mobile has-medium-font-size\" style=\"grid-template-columns:25% auto\"><figure class=\"wp-block-media-text__media\"><img loading=\"lazy\" decoding=\"async\" width=\"300\" height=\"300\" src=\"https:\/\/multimedia.uned.ac.cr\/ecsh\/congresotrataytrafico2023\/wp-content\/uploads\/sites\/33\/2022\/12\/7-500x500px-iconos-Trata-de-personas-3-300x300.png\" alt=\"\" class=\"wp-image-95 size-medium\" srcset=\"https:\/\/multimedia.uned.ac.cr\/ecsh\/congresotrataytrafico2023\/wp-content\/uploads\/sites\/33\/2022\/12\/7-500x500px-iconos-Trata-de-personas-3-300x300.png 300w, https:\/\/multimedia.uned.ac.cr\/ecsh\/congresotrataytrafico2023\/wp-content\/uploads\/sites\/33\/2022\/12\/7-500x500px-iconos-Trata-de-personas-3-150x150.png 150w, https:\/\/multimedia.uned.ac.cr\/ecsh\/congresotrataytrafico2023\/wp-content\/uploads\/sites\/33\/2022\/12\/7-500x500px-iconos-Trata-de-personas-3.png 500w\" sizes=\"auto, (min-width: 900px) 600px, 900px\" \/><\/figure><div class=\"wp-block-media-text__content\">\n<p class=\"has-text-color\" style=\"color:#0c3996\"><strong>Eje 3.&nbsp; Acciones afirmativas ante escenarios m\u00faltiples<\/strong><\/p>\n\n\n\n<ul class=\"wp-block-list\">\n<li>Avance de los Estados acciones afirmativas, legislaci\u00f3n y pol\u00edticas p\u00fablicas.&nbsp;&nbsp;<\/li>\n\n\n\n<li>Acciones de las ONG antes los fen\u00f3menos de la trata de personas y el tr\u00e1fico il\u00edcito de migrantes.&nbsp;&nbsp;<\/li>\n\n\n\n<li>Las Universidades y sus respuestas ante la trata de personas y el tr\u00e1fico il\u00edcito de migrantes.&nbsp;&nbsp;<\/li>\n<\/ul>\n<\/div><\/div>\n\n\n\n<div style=\"height:30px\" aria-hidden=\"true\" class=\"wp-block-spacer\"><\/div>\n\n\n\n<h2 class=\"wp-block-heading has-text-color\" style=\"color:#0c3996\">Instancias colaboradoras<\/h2>\n\n\n\n<p><\/p>\n\n\n\n<figure class=\"wp-block-coblocks-gallery-masonry masonry-grid has-medium-gutter\">\n<figure class=\"wp-block-image size-full masonry-brick\"><a href=\"https:\/\/revistas.uned.ac.cr\/index.php\/espiga\"><img loading=\"lazy\" decoding=\"async\" width=\"612\" height=\"160\" src=\"https:\/\/multimedia.uned.ac.cr\/ecsh\/congresotrataytrafico2023\/wp-content\/uploads\/sites\/33\/2023\/02\/Tres.jpg\" alt=\"\" class=\"wp-image-195\" srcset=\"https:\/\/multimedia.uned.ac.cr\/ecsh\/congresotrataytrafico2023\/wp-content\/uploads\/sites\/33\/2023\/02\/Tres.jpg 612w, https:\/\/multimedia.uned.ac.cr\/ecsh\/congresotrataytrafico2023\/wp-content\/uploads\/sites\/33\/2023\/02\/Tres-300x78.jpg 300w\" sizes=\"auto, (min-width: 900px) 600px, 900px\" \/><\/a><\/figure>\n\n\n\n<figure class=\"wp-block-image size-large masonry-brick\"><a href=\"https:\/\/sips-es.blogspot.com\/\"><img loading=\"lazy\" decoding=\"async\" width=\"286\" height=\"121\" src=\"https:\/\/multimedia.uned.ac.cr\/ecsh\/congresotrataytrafico2023\/wp-content\/uploads\/sites\/33\/2023\/02\/LogoapaisadoBlanco.png\" alt=\"Image gallery image\" class=\"wp-image-174\"\/><\/a><\/figure>\n\n\n\n<figure class=\"wp-block-image size-large masonry-brick\"><a href=\"https:\/\/www.facebook.com\/OUTRAVInternacional\/\"><img loading=\"lazy\" decoding=\"async\" width=\"960\" height=\"720\" src=\"https:\/\/multimedia.uned.ac.cr\/ecsh\/congresotrataytrafico2023\/wp-content\/uploads\/sites\/33\/2023\/02\/LOGO-OUTRAV.png\" alt=\"Image gallery image\" class=\"wp-image-175\" srcset=\"https:\/\/multimedia.uned.ac.cr\/ecsh\/congresotrataytrafico2023\/wp-content\/uploads\/sites\/33\/2023\/02\/LOGO-OUTRAV.png 960w, https:\/\/multimedia.uned.ac.cr\/ecsh\/congresotrataytrafico2023\/wp-content\/uploads\/sites\/33\/2023\/02\/LOGO-OUTRAV-300x225.png 300w, https:\/\/multimedia.uned.ac.cr\/ecsh\/congresotrataytrafico2023\/wp-content\/uploads\/sites\/33\/2023\/02\/LOGO-OUTRAV-768x576.png 768w\" sizes=\"auto, (min-width: 900px) 600px, 900px\" \/><\/a><\/figure>\n\n\n\n<figure class=\"wp-block-image size-full masonry-brick\"><a href=\"http:\/\/www.fundacionalasdecolibri.org\/\"><img loading=\"lazy\" decoding=\"async\" width=\"842\" height=\"595\" src=\"https:\/\/multimedia.uned.ac.cr\/ecsh\/congresotrataytrafico2023\/wp-content\/uploads\/sites\/33\/2023\/02\/LOGO-color-Alas-de-Colibri-JPG.jpg\" alt=\"\" class=\"wp-image-176\" srcset=\"https:\/\/multimedia.uned.ac.cr\/ecsh\/congresotrataytrafico2023\/wp-content\/uploads\/sites\/33\/2023\/02\/LOGO-color-Alas-de-Colibri-JPG.jpg 842w, https:\/\/multimedia.uned.ac.cr\/ecsh\/congresotrataytrafico2023\/wp-content\/uploads\/sites\/33\/2023\/02\/LOGO-color-Alas-de-Colibri-JPG-300x212.jpg 300w, https:\/\/multimedia.uned.ac.cr\/ecsh\/congresotrataytrafico2023\/wp-content\/uploads\/sites\/33\/2023\/02\/LOGO-color-Alas-de-Colibri-JPG-768x543.jpg 768w\" sizes=\"auto, (min-width: 900px) 600px, 900px\" \/><\/a><\/figure>\n\n\n\n<figure class=\"wp-block-image size-medium masonry-brick\"><a href=\"https:\/\/www.facebook.com\/EcpatGT\/\"><img loading=\"lazy\" decoding=\"async\" width=\"206\" height=\"300\" src=\"https:\/\/multimedia.uned.ac.cr\/ecsh\/congresotrataytrafico2023\/wp-content\/uploads\/sites\/33\/2023\/02\/16112937_673231732859322_2952109403522837923_o-206x300.png\" alt=\"Image gallery image\" class=\"wp-image-196\" srcset=\"https:\/\/multimedia.uned.ac.cr\/ecsh\/congresotrataytrafico2023\/wp-content\/uploads\/sites\/33\/2023\/02\/16112937_673231732859322_2952109403522837923_o-206x300.png 206w, https:\/\/multimedia.uned.ac.cr\/ecsh\/congresotrataytrafico2023\/wp-content\/uploads\/sites\/33\/2023\/02\/16112937_673231732859322_2952109403522837923_o-702x1024.png 702w, https:\/\/multimedia.uned.ac.cr\/ecsh\/congresotrataytrafico2023\/wp-content\/uploads\/sites\/33\/2023\/02\/16112937_673231732859322_2952109403522837923_o-768x1121.png 768w, https:\/\/multimedia.uned.ac.cr\/ecsh\/congresotrataytrafico2023\/wp-content\/uploads\/sites\/33\/2023\/02\/16112937_673231732859322_2952109403522837923_o-1053x1536.png 1053w, https:\/\/multimedia.uned.ac.cr\/ecsh\/congresotrataytrafico2023\/wp-content\/uploads\/sites\/33\/2023\/02\/16112937_673231732859322_2952109403522837923_o.png 1202w\" sizes=\"auto, (min-width: 900px) 600px, 900px\" \/><\/a><\/figure>\n\n\n\n<figure class=\"wp-block-image size-full masonry-brick\"><a href=\"https:\/\/www.ucr.ac.cr\/\"><img loading=\"lazy\" decoding=\"async\" width=\"759\" height=\"290\" src=\"https:\/\/multimedia.uned.ac.cr\/ecsh\/congresotrataytrafico2023\/wp-content\/uploads\/sites\/33\/2023\/03\/WhatsApp-Image-2023-03-22-at-3.04.07-PM.jpeg\" alt=\"\" class=\"wp-image-275\" srcset=\"https:\/\/multimedia.uned.ac.cr\/ecsh\/congresotrataytrafico2023\/wp-content\/uploads\/sites\/33\/2023\/03\/WhatsApp-Image-2023-03-22-at-3.04.07-PM.jpeg 759w, https:\/\/multimedia.uned.ac.cr\/ecsh\/congresotrataytrafico2023\/wp-content\/uploads\/sites\/33\/2023\/03\/WhatsApp-Image-2023-03-22-at-3.04.07-PM-300x115.jpeg 300w\" sizes=\"auto, (min-width: 900px) 600px, 900px\" \/><\/a><\/figure>\n\n\n\n<figure class=\"wp-block-image size-full masonry-brick\"><a href=\"https:\/\/ciem.ucr.ac.cr\/\"><img loading=\"lazy\" decoding=\"async\" width=\"500\" height=\"140\" src=\"https:\/\/multimedia.uned.ac.cr\/ecsh\/congresotrataytrafico2023\/wp-content\/uploads\/sites\/33\/2023\/03\/WhatsApp-Image-2023-03-22-at-3.04.07-PM-1.jpeg\" alt=\"\" class=\"wp-image-276\" srcset=\"https:\/\/multimedia.uned.ac.cr\/ecsh\/congresotrataytrafico2023\/wp-content\/uploads\/sites\/33\/2023\/03\/WhatsApp-Image-2023-03-22-at-3.04.07-PM-1.jpeg 500w, https:\/\/multimedia.uned.ac.cr\/ecsh\/congresotrataytrafico2023\/wp-content\/uploads\/sites\/33\/2023\/03\/WhatsApp-Image-2023-03-22-at-3.04.07-PM-1-300x84.jpeg 300w\" sizes=\"auto, (min-width: 900px) 600px, 900px\" \/><\/a><\/figure>\n<\/figure>\n\n\n\n<p><\/p>\n\n\n\n<hr class=\"wp-block-separator has-alpha-channel-opacity\"\/>\n\n\n\n<h2 class=\"wp-block-heading has-text-color\" style=\"color:#0c3996\">Contacto<\/h2>\n\n\n\n<p>Correo: congresotrataytrafico@uned.ac.cr<\/p>\n","protected":false},"excerpt":{"rendered":"<p>La Universidad Estatal a Distancia y el Cap\u00edtulo Costa Rica del Observatorio Latinoamericano sobre Trata y Tr\u00e1fico de Personas (ObservaLAtrata) convoc\u00f3 al Congreso Virtual Latinoamericano sobre trata de personas y tr\u00e1fico Il\u00edcito de migrantes 2023, actividad declarada de inter\u00e9s nacional en Costa Rica, que se llev\u00f3 a cabo del 26 al 28 de setiembre, 2023 Esta actividad tuvo como objetivo contribuir al di\u00e1logo y construcci\u00f3n de conocimientos acerca de las causas estructurales que promueven y perpet\u00faan la trata de personas y el tr\u00e1fico il\u00edcito de migrantes en la realidad y escenarios actuales y diversos.&nbsp; Este espacio cuenta con la recopilaci\u00f3n\u2026<\/p>\n","protected":false},"author":2,"featured_media":0,"parent":0,"menu_order":0,"comment_status":"closed","ping_status":"closed","template":"page-full-width.php","meta":{"_acf_changed":false,"_monsterinsights_skip_tracking":false,"_monsterinsights_sitenote_active":false,"_monsterinsights_sitenote_note":"","_monsterinsights_sitenote_category":0,"_coblocks_attr":"","_coblocks_dimensions":"","_coblocks_responsive_height":"","_coblocks_accordion_ie_support":"","footnotes":""},"class_list":["post-9","page","type-page","status-publish","hentry"],"acf":[],"_links":{"self":[{"href":"https:\/\/multimedia.uned.ac.cr\/ecsh\/congresotrataytrafico2023\/wp-json\/wp\/v2\/pages\/9","targetHints":{"allow":["GET"]}}],"collection":[{"href":"https:\/\/multimedia.uned.ac.cr\/ecsh\/congresotrataytrafico2023\/wp-json\/wp\/v2\/pages"}],"about":[{"href":"https:\/\/multimedia.uned.ac.cr\/ecsh\/congresotrataytrafico2023\/wp-json\/wp\/v2\/types\/page"}],"author":[{"embeddable":true,"href":"https:\/\/multimedia.uned.ac.cr\/ecsh\/congresotrataytrafico2023\/wp-json\/wp\/v2\/users\/2"}],"replies":[{"embeddable":true,"href":"https:\/\/multimedia.uned.ac.cr\/ecsh\/congresotrataytrafico2023\/wp-json\/wp\/v2\/comments?post=9"}],"version-history":[{"count":64,"href":"https:\/\/multimedia.uned.ac.cr\/ecsh\/congresotrataytrafico2023\/wp-json\/wp\/v2\/pages\/9\/revisions"}],"predecessor-version":[{"id":1723,"href":"https:\/\/multimedia.uned.ac.cr\/ecsh\/congresotrataytrafico2023\/wp-json\/wp\/v2\/pages\/9\/revisions\/1723"}],"wp:attachment":[{"href":"https:\/\/multimedia.uned.ac.cr\/ecsh\/congresotrataytrafico2023\/wp-json\/wp\/v2\/media?parent=9"}],"curies":[{"name":"wp","href":"https:\/\/api.w.org\/{rel}","templated":true}]}}