{"id":370,"date":"2023-06-15T19:46:15","date_gmt":"2023-06-15T19:46:15","guid":{"rendered":"https:\/\/multimedia.uned.ac.cr\/ecsh\/congresotrataytrafico2023\/?page_id=370"},"modified":"2023-09-05T15:38:10","modified_gmt":"2023-09-05T15:38:10","slug":"programa-2","status":"publish","type":"page","link":"https:\/\/multimedia.uned.ac.cr\/ecsh\/congresotrataytrafico2023\/programa-2\/","title":{"rendered":"Programa"},"content":{"rendered":"\n<p>El Congreso Virtual Latinoamericano y Caribe\u00f1o sobre Trata y Tr\u00e1fico de Personas y Tr\u00e1fico Il\u00edcito de Migrantes se llevar\u00e1 a cabo del 26 al 28 de setiembre del 2023 de manera virtual. <\/p>\n\n\n\n<p>Este espacio de di\u00e1logo se llevar\u00e1 acabo de la siguiente forma: en las ma\u00f1anas se desarrollar\u00e1n conferencias magistrales y mesas especializadas  sobre los temas ejes del congreso, mientras que, por las tardes, se brindar\u00e1n mesas de discusi\u00f3n simult\u00e1neas en donde se presentar\u00e1n las ponencias presentadas ante el Comit\u00e9 Organizador del Congreso. Las personas participantes podr\u00e1n seleccionar la mesa en la que desean participar.  <\/p>\n\n\n\n<p><strong>Nota:<\/strong> La hora de inicio de las conferencias se encuentran en horario de Costa Rica, pa\u00eds organizador de la actividad. <\/p>\n\n\n\n<div class=\"wp-block-attire-blocks-tabs atbs-tabs-wrapper\"><style id=\"atbs-tabs-css-b3ddbd52\">\n                \/* tab content border *\/\n                #atbs-tabs-b3ddbd52 .tab-content{\n                    border-left: 1px solid;\n                    border-right:1px solid;\n                    border-bottom: 1px solid;\n                    border-color: #000000;\n                }\n                #atbs-tabs-b3ddbd52 .nav-tabs{\n                    border-bottom:1px solid #000000;\n                }\n                \/* end: tab content border *\/\n                #atbs-tabs-b3ddbd52 .nav-tabs .nav-item a{\n                    border-radius: 3px 3px 0 0;\n                }\n                #atbs-tabs-b3ddbd52 .nav-tabs .nav-item.show .nav-link, #atbs-tabs-b3ddbd52 .nav-tabs .nav-link.active, #atbs-tabs-b3ddbd52 .nav-tabs .nav-link:hover{\n                    border: 1px solid;\n                    border-color: #000000 #000000 transparent;\n                    margin-bottom: -1px;\n                }\n                #atbs-tabs-b3ddbd52 .nav-tabs .nav-link:not(.active):not(:hover){\n                    border: 1px solid transparent;\n                    border-bottom:0;\n                }#atbs-tabs-b3ddbd52 ul.nav li:not(:last-child){\n                    margin-right:5px;           \n                }#atbs-tabs-b3ddbd52 .nav-pills .nav-item a{\n                    border:1px solid #000000;\n                    border-radius:3px;\n                }#atbs-tabs-b3ddbd52 .nav-link{\n        font-size:16px;\n        text-align:center;\n    }#atbs-tabs-b3ddbd52 .nav-link{\n        background-color:#80c0eb;\n    }\n    #atbs-tabs-b3ddbd52 .nav-link.active, #atbs-tabs-b3ddbd52 .nav-link:hover{\n        background-color:#3373dc;\n    }#atbs-tabs-b3ddbd52 .nav-link{\n        color:#000000;\n    }\n    #atbs-tabs-b3ddbd52 .nav-link.active{\n        color:#000000;\n    }#atbs-tabs-b3ddbd52 .tab-content{\n        background-color:#ffffff;\n    }#atbs-tabs-b3ddbd52 .tab-content{\n        margin:0px 0px 0px 0px!important;     \n        padding:20px 10px 20px 10px!important;     \n    }#atbs-tabs-b3ddbd52 .nav-item a{\n                    padding: 5px 20px 5px 20px;\n                    margin: 0px 10px 0px 0px;\n                }<\/style><div class=\"\" data-tab-active=\"tab-martes-26-de-setiembre\" id=\"atbs-tabs-b3ddbd52\"><ul class=\"nav nav-tabs \" role=\"tablist\"><li class=\"nav-item\"><a class=\"nav-link active\" data-toggle=\"tab\" data-target=\"[data-id=tab-martes-26-de-setiembre]\" href=\"#tab-martes-26-de-setiembre\"><span class=\"atbs-tabs-buttons-item\">Martes 26 de setiembre<\/span><\/a><\/li><li class=\"nav-item\"><a class=\"nav-link \" data-toggle=\"tab\" data-target=\"[data-id=tab-miercoles-27-de-setiembre]\" href=\"#tab-miercoles-27-de-setiembre\"><span class=\"atbs-tabs-buttons-item\">Mi\u00e9rcoles 27 de setiembre<\/span><\/a><\/li><li class=\"nav-item\"><a class=\"nav-link \" data-toggle=\"tab\" data-target=\"[data-id=tab-jueves-28-de-setiembre]\" href=\"#tab-jueves-28-de-setiembre\"><span class=\"atbs-tabs-buttons-item\">Jueves 28 de setiembre<\/span><\/a><\/li><\/ul><div class=\"tab-content \">\n<div data-id=\"tab-martes-26-de-setiembre\" class=\"tab-pane fade active show\" role=\"tabpanel\" aria-labelledby=\"tab-martes-26-de-setiembre-tab\">\n<h3 class=\"wp-block-heading\">Eje tem\u00e1tico Trata de personas<\/h3>\n\n\n\n<figure class=\"wp-block-table is-style-stripes\"><table><thead><tr><th>Hora<\/th><th>Actividad<\/th><\/tr><\/thead><tbody><tr><td>8:30 a.m.<\/td><td><strong>Acto inaugural<\/strong><br>Sra. Gabriela Villalobos Torres. C\u00e1tedra de Trabajo Social, ECSH-UNED<br>Sr. Jos\u00e9 Manuel Grima, Presidente ObservaLaTrata Argentina<br>Sr. Rodrigo Arias Camacho, Rector de la UNED<\/td><\/tr><tr><td>9:00 a.m.<\/td><td><strong>Conferencia Inaugural:<\/strong> Trata de personas con fines de explotaci\u00f3n de vientres de alquiler\/ subrogaci\u00f3n: aportes te\u00f3ricos para la discusi\u00f3n.<br><strong>Expositora:<\/strong> Ana de Miguel \u00c1lvarez, Universidad Rey Juan Carlos, Espa\u00f1a<\/td><\/tr><tr><td>10:30 a.m.<\/td><td><strong>Mesa especializada: Trata de personas: Cuerpo y explotaci\u00f3n , la trata desde el \u00fatero<\/strong><br><br><strong>Tema: <\/strong>Pol\u00edticas latinoamericanas referentes a la subrogaci\u00f3n.<br><strong>Expositora: <\/strong>Fernanda Gil Lozano, CIPDH UNESCO, Argentina. <br><br><strong>Tema: <\/strong>Vientres de alquiler, la forma de trata que neocoloniza&nbsp;otra vez Am\u00e9rica&nbsp;Latina y el Caribe<br><strong>Expositora:<\/strong> Nuria Gonz\u00e1lez L\u00f3pez, Abogada Servicios jur\u00eddicos de UGT de Cataluya, Espa\u00f1a<br><br><strong>Tema<\/strong>: Costa Rica y las posibilidades jur\u00eddicas para la subrogaci\u00f3n. La trata con fines de subrogaci\u00f3n como forma de violencia contra las mujeres.<br><strong>Expositora:<\/strong> Gabriela Arguedas Ram\u00edrez, CIEM UCR, Costa Rica<\/td><\/tr><tr><td>12:30 p.m.<\/td><td><strong>Almuerzo<\/strong><\/td><\/tr><tr><td>1:30 p.m. <\/td><td><strong>Mesas de ponencias<\/strong> <strong>simult\u00e1neas<\/strong><\/td><\/tr><tr><td><\/td><td><strong>Mesa A: Mujeres, legislaci\u00f3n y trata de personas<\/strong><br><br><strong>Ponencia: <\/strong>Femicidio en contexto de Trata de Personas en la Rep\u00fablica Argentina<br><strong>Expositoras:<\/strong> Mar\u00eda de lo \u00c1ngeles Palacio de Arato y Paula Contanza Palumbo, Argentina.<br><br><strong>Ponencia: <\/strong>La trata en las mujeres temporeras y asentamientos. Nuevas vulnerabilidades. Nuevos desaf\u00edos<br><strong>Expositoras:<\/strong> Marta Molina Fern\u00e1ndez y Ana Fern\u00e1ndez Quiroga, Espa\u00f1a. <br><br><strong>Ponencia:<\/strong> Ley de Trata de personas y persecuci\u00f3n del proxenetismo en Uruguay<br><strong>Expositor: <\/strong>Pablo Guerra, Uruguay.<br><br><strong>Ponencia:<\/strong> An\u00e1lisis comparativo de la nueva legislaci\u00f3n integral de la trata de personas en Espa\u00f1a<br><strong>Expositora: <\/strong>Alejandra Salazar Andrade, Espa\u00f1a.<\/td><\/tr><tr><td><\/td><td><strong>Mesa B: Trata con fines de explotaci\u00f3n sexual comercial<\/strong><br><br><strong>Ponencia: <\/strong>La trata con fines de explotaci\u00f3n sexual: una mirada cr\u00edtica desde M\u00e9xico y Colombia<br><strong>Expositores:<\/strong> Carlos Alfonso Laverde y Misael Tirado Acero, Colombia<br><br><strong>Ponencia: <\/strong>Trata con fines de explotaci\u00f3n sexual en M\u00e9xico. La mercantilizaci\u00f3n del cuerpo de las mujeres<br><strong>Expositora: <\/strong>Regina Hern\u00e1ndez Guti\u00e9rrez, M\u00e9xico.<br><br><strong>Ponencia: <\/strong>Da\u00f1o ps\u00edquico en v\u00edctimas de trata de personas de explotaci\u00f3n sexual<br><strong>Expositora: <\/strong>Alejandra L\u00f3pez-Herrera, Costa Rica. <br><br><strong>Ponencia: <\/strong>Trata de Personas en Costa Rica<br><strong>Expositora: <\/strong>Alonso Mora Barquero. <\/td><\/tr><tr><td><\/td><td><strong>Mesa C: Situaci\u00f3n de la Trata de personas<\/strong><br><br><strong>Ponencia: <\/strong>Un camino sin retorno Trata y tr\u00e1fico de ni\u00f1as, adolescentes y mujeres en la ciudad de La Paz, desde el g\u00e9nero y la identidad cultural 2012-2015<br><strong>Personas Expositoras: <\/strong>Jimmy Leano y Elizabeth Andia, Bolivia. <br><br><strong>Ponencia: <\/strong>El reclutamiento de ni\u00f1as y adolescentes por el crimen organizado en M\u00e9xico<br><strong>Expositor: <\/strong>Omar Gonz\u00e1lez Jim\u00e9nez, M\u00e9xico.<br><br><strong>Ponencia: <\/strong>Data an\u00e1lisis y mapa de calor de la trata de personas en Costa Rica.<br><strong>Expositora: <\/strong>Mauricio Soto Araya, Costa Rica.<br><br><strong>Ponencia: <\/strong>La trata de personas en M\u00e9xico: Justicia y Pol\u00edtica P\u00fablica.<br><strong>Expositora: <\/strong>Alicia Mesa Bribiesca, M\u00e9xico.<\/td><\/tr><tr><td>3:30 p.m.<\/td><td><strong>Clausura D\u00eda 1 <\/strong><\/td><\/tr><\/tbody><\/table><\/figure>\n<\/div>\n\n\n\n<div data-id=\"tab-miercoles-27-de-setiembre\" class=\"tab-pane fade \" role=\"tabpanel\" aria-labelledby=\"tab-miercoles-27-de-setiembre-tab\">\n<h3 class=\"wp-block-heading\">Eje Tem\u00e1tico Tr\u00e1fico Il\u00edcito de Migrantes: El lucro ante la necesidad y el derecho a la migraci\u00f3n<\/h3>\n\n\n\n<figure class=\"wp-block-table is-style-stripes\"><table><thead><tr><th>Hora <\/th><th>Actividad<\/th><\/tr><\/thead><tbody><tr><td>9:00 a.m.<\/td><td><strong>Conferencia Magistral: <\/strong>Tr\u00e1fico il\u00edcito de migrantes: el lucro ante la necesidad y el derecho a la migraci\u00f3n<br><strong>Expositor<\/strong>: Guillermo Acu\u00f1a Gonz\u00e1lez, UNA-IDESPO Costa Rica. <\/td><\/tr><tr><td>10:30 a.m.<\/td><td><strong>Mesa especializada: El derecho a la migraci\u00f3n segura ante la crisis actual y el tr\u00e1fico il\u00edcito de migrantes.<\/strong><br><br><strong>Tema: <\/strong>Tr\u00e1fico Il\u00edcito de Migrantes y atenci\u00f3n a la migraci\u00f3n desde los Derechos Humanos.<br><strong>Expositor:<\/strong> Oliver Tenes.  OIM, Costa Rica. <br><br><strong>Tema:<\/strong> Pol\u00edticas estatales que incentivan la migraci\u00f3n irregular.<br><strong>Expositora: <\/strong>Marta Cecilia Ruiz, FLACSO, Ecuador. <br><br><strong>Tema: <\/strong>Experiencias de trabajo conjunto para la atenci\u00f3n del tr\u00e1fico il\u00edcito de migrantes, lecciones aprendidas y desaf\u00edos para los pa\u00edses latinoamericanos.<br><strong>Expositor:<\/strong> Isaac Espinoza, INTERPOL, Francia. <br><br><strong>Tema:<\/strong> La migraci\u00f3n de las mujeres, riesgos ante el TIM, protecci\u00f3n internacional.<br><strong>Expositora:<\/strong> Ana Luc\u00eda Fern\u00e1ndez, UNED, Costa Rica. <\/td><\/tr><tr><td>12:30 p.m.<\/td><td><strong>Almuerzo<\/strong><\/td><\/tr><tr><td>1:30 p.m.<\/td><td><strong>Mesas de ponencias<\/strong> <strong>simult\u00e1neas<\/strong><\/td><\/tr><tr><td><\/td><td><strong>Mesa A: Papel de los Estados en la migraci\u00f3n y mujeres con discapacidad<\/strong><br><br><strong>Ponencia:<\/strong> Migraciones, seguridad humana y seguridad nacional, caso Costa Rica: Impacto del contexto geopol\u00edtico y el capitalismo en el abordaje de la migraci\u00f3n y las pol\u00edticas transfronterizas. <br><strong>Expositora:<\/strong> Ruth Arrieta Salazar, Costa Rica. <br><br><strong>Ponencia:<\/strong> El papel del Estado y su estabilidad en la garant\u00eda de condiciones m\u00ednimas de subsistencia como factor de prevenci\u00f3n de la ESCNN. <br><strong>Expositor: <\/strong>Luis Fernando Ortega Guzm\u00e1n, Colombia. <br><br><strong>Ponencia:<\/strong> Miradas ocultas de la migraci\u00f3n: El rostro de las mujeres con discapacidad.<br><strong>Personas expositoras:<\/strong> Marcela Ram\u00edrez Morera y Mar\u00eda Fernanda Villalobos, Costa Rica.<\/td><\/tr><tr><td><\/td><td><strong>Mesa B: Migraci\u00f3n y marco jur\u00eddico<\/strong><br><br><strong>Ponencia: <\/strong>La migraci\u00f3n, una perspectiva global de la realidad en Costa Rica. <br><strong>Expositor: <\/strong>Jos\u00e9 Daniel Barquero Valverde, Costa Rica.<br><br><strong>Ponencia: <\/strong>Los avances jur\u00eddico-institucionales en materia de tr\u00e1fico de migrantes en M\u00e9xico.<br><strong>Personas expositoras: <\/strong>Alma Cossette Guadarrama Mu\u00f1oz y Lourdes L\u00f3pez P\u00e9rez, M\u00e9xico. <br><br><strong>Ponencia:<\/strong> Las personas migrantes en tr\u00e1nsito por Costa Rica y sus necesidades.<br><strong>Personas expositoras:<\/strong> Juan Carlos Morales Quir\u00f3s, Costa Rica<\/td><\/tr><tr><td>3:00 p.m.<\/td><td><strong>Clausura D\u00eda 2<\/strong><\/td><\/tr><\/tbody><\/table><\/figure>\n<\/div>\n\n\n\n<div data-id=\"tab-jueves-28-de-setiembre\" class=\"tab-pane fade \" role=\"tabpanel\" aria-labelledby=\"tab-jueves-28-de-setiembre-tab\">\n<h3 class=\"wp-block-heading\">Eje Acciones afirmativas contra la Trata de Personas y el Tr\u00e1fico Il\u00edcito de Migrantes<\/h3>\n\n\n\n<figure class=\"wp-block-table is-style-stripes\"><table><thead><tr><th>Hora<\/th><th>Actividad<\/th><\/tr><\/thead><tbody><tr><td>9:00 a.m.<\/td><td><strong>Conferencia Magistral:<\/strong> Razones estructurales de la trata de personas y el tr\u00e1fico de migrantes y pol\u00edticas p\u00fablicas en Latinoam\u00e9rica. <br><strong>Expositor: <\/strong>Jos\u00e9 Mar\u00eda Grima, ObservaLaTrata Argentina. <\/td><\/tr><tr><td>10:30 a.m. <\/td><td><strong>Mesas especializadas simult\u00e1neas<\/strong><\/td><\/tr><tr><td><\/td><td><strong>Mesa especializada simult\u00e1nea A: Trata de personas y tr\u00e1fico il\u00edcito de migrantes: Acciones afirmativas ante escenarios m\u00faltiples<\/strong><br><br><strong>Tema:<\/strong> Importancia del abordaje de una ONG con la poblaci\u00f3n migrante, trata y tr\u00e1fico. Perspectiva cr\u00edtica ante las posturas de los estados. <br><strong>Expositora:<\/strong> Karina Dianderas. CHS Alteranativo, Per\u00fa. <br><br><strong>Tema:<\/strong> Crisis migratoria y Abordaje con ni\u00f1ez migrante y mujeres.<br><strong>Expositora:<\/strong> Saray Miranda. Colegio Frontera Sur, M\u00e9xico. <br><br><strong>Tema: <\/strong>Experiencia de organizaci\u00f3n de mujeres sobrevivientes de trata \u201cMujeres Superpoderosas\u201d<br><strong>Expositora:<\/strong> Sonia S\u00e1nchez. CATWLAC, Argentina. <\/td><\/tr><tr><td><\/td><td><strong>Mesa especializada simult\u00e1nea B: Acciones de las Universidades y ONG<\/strong><br><br><strong>Tema: <\/strong>El trabajo de CATWLAC con respecto a la TdP y Vientres de Alquiler en Latinoam\u00e9rica.<br><strong>Expositora:<\/strong> Teresa Ulloa. CATWLAC, M\u00e9xico<br><br><strong>Tema:<\/strong> Investigaci\u00f3n sobre Trata de personas en Costa Rica<br><strong>Expositora:<\/strong> Cynthia Mora Izaguirre. IDESPO, Costa Rica<br><br><strong>Tema:<\/strong> Rol de las universidades y los observatorios frente a la TdP y el TIM.<br><strong>Expositora:<\/strong> Antonia Chaves. ObservaLaTrata, M\u00e9xico<\/td><\/tr><tr><td>12:30 p.m.<\/td><td><strong>Almuerzo<\/strong><\/td><\/tr><tr><td>1:30 p.m.<\/td><td><strong>Mesas de ponencias simult\u00e1neas<\/strong><\/td><\/tr><tr><td><\/td><td><strong>Mesa A: Acciones de intervenciones institucionales<\/strong><br><br><strong>Ponencia:<\/strong> La intervenci\u00f3n social de las v\u00edctimas de Trata de Personas en Costa Rica 2018-2022<br><strong>Expositora: <\/strong>Alejandra Paniagua Bonilla, Costa Rica. <br><br><strong>Ponencia: <\/strong>La creaci\u00f3n del Comit\u00e9 Interinstitucional para atender el Desplazamiento Forzado Interno en Michoac\u00e1n<br><strong>Expositora: <\/strong>Diana Pamela Zambrano V\u00e1zquez, M\u00e9xico.<br><br><strong>Ponencia: <\/strong>Tipificaci\u00f3n del delito de Trata de Personas en Centroam\u00e9rica, M\u00e9xico y Espa\u00f1a<br><strong>Expositor: <\/strong>Alonso Mora Barquero, Costa Rica. <br><br><strong>Ponencia:<\/strong> Procesos de trabajo de las pol\u00edticas p\u00fablicas sobre trata de personas en Argentina<br><strong>Expositor: <\/strong>Jos\u00e9 Manuel Grima, Argentina.<\/td><\/tr><tr><td><\/td><td><strong>Mesa B: Buenas Pr\u00e1cticas en el abordaje de la trata de personas<\/strong><br><br><strong>Ponencia:<\/strong> Sistematizaci\u00f3n de experiencia: &#8220;Buenas pr\u00e1cticas en el abordaje de trata en sus diversas modalidades de explotaci\u00f3n&#8221;<br><strong>Expositoras: <\/strong>Camila Andrea Mondaca Luman y Licda Alejandra Cruz Davila, Chile.<br><br><strong>Ponencia:<\/strong> Gobierno de las v\u00edctimas. Estudio de discursos y pr\u00e1cticas de mujeres en situaci\u00f3n de trata<br><strong>Expositor: <\/strong>Carlos Merlo \u00c1vila, Uruguay. <br><br><strong>Ponencia:<\/strong> Proceso acad\u00e9mico-formativo universitario en materia de Trata de Personas: proyecto \u201cProblem\u00e1ticas de la Ni\u00f1ez\u201d<br><strong>Expositora: <\/strong>Carmen Gabriela Ru\u00edz Serrano, M\u00e9xico. <br><br><strong>Ponencia: <\/strong>Aportes para la caracterizaci\u00f3n de la persona victimaria por delitos asociados a la trata de personas en Costa Rica desde la perspectiva de Trabajo Social<br><strong>Personas expositoras:<\/strong> Christopher Camacho Porras y Silvia Sabor\u00edo Abrahams, Costa Rica. <\/td><\/tr><tr><td><\/td><td><strong>Mesa C: Acciones de prevenci\u00f3n<\/strong><br><br><strong>Ponencia: <\/strong>Movilizaci\u00f3n digital una oportunidad en la lucha contra la trata de personas:<br>Aproximaciones te\u00f3ricas y miradas a las redes de la Alianza Colombiana de Organizaciones de la Sociedad Civil en contra de la Trata de Personas. <br><strong>Expositor:<\/strong> Robinson S\u00e1nchez Tamayo, Colombia. <br><br><strong>Ponencia: <\/strong>El algoritmo de la prevenci\u00f3n desde el Estado Costarricense: retos, reflexiones y experiencias seg\u00fan Ley 9095.<br><strong>Expositora:<\/strong> Roxana G\u00f3mez Z\u00fa\u00f1iga, Costa Rica. <br><br><strong>Ponencia: <\/strong>El rol de la universidad p\u00fablica en la formaci\u00f3n e investigaci\u00f3n en trata de personas.<br><strong>Expositora: <\/strong>Mariana Anunciato, Argentina. <br><br><strong>Ponencia: <\/strong>Estimaci\u00f3n de la Prevalencia de Trabajo Forzoso en la industria pesquera en Costa Rica<br><strong>Expositoras: <\/strong>Francesca Tabellini y Alina Cede\u00f1o, Costa Rica. <\/td><\/tr><tr><td>3:30 p.m.<\/td><td><strong>Clausura de Congreso<\/strong><\/td><\/tr><\/tbody><\/table><\/figure>\n<\/div>\n<\/div><\/div><\/div>\n","protected":false},"excerpt":{"rendered":"<p>El Congreso Virtual Latinoamericano y Caribe\u00f1o sobre Trata y Tr\u00e1fico de Personas y Tr\u00e1fico Il\u00edcito de Migrantes se llevar\u00e1 a cabo del 26 al 28 de setiembre del 2023 de manera virtual. Este espacio de di\u00e1logo se llevar\u00e1 acabo de la siguiente forma: en las ma\u00f1anas se desarrollar\u00e1n conferencias magistrales y mesas especializadas sobre los temas ejes del congreso, mientras que, por las tardes, se brindar\u00e1n mesas de discusi\u00f3n simult\u00e1neas en donde se presentar\u00e1n las ponencias presentadas ante el Comit\u00e9 Organizador del Congreso. Las personas participantes podr\u00e1n seleccionar la mesa en la que desean participar. Nota: La hora de inicio\u2026<\/p>\n","protected":false},"author":135,"featured_media":0,"parent":0,"menu_order":0,"comment_status":"closed","ping_status":"closed","template":"page-full-width.php","meta":{"_acf_changed":false,"_monsterinsights_skip_tracking":false,"_monsterinsights_sitenote_active":false,"_monsterinsights_sitenote_note":"","_monsterinsights_sitenote_category":0,"_coblocks_attr":"","_coblocks_dimensions":"","_coblocks_responsive_height":"","_coblocks_accordion_ie_support":"","footnotes":""},"class_list":["post-370","page","type-page","status-publish","hentry"],"acf":[],"_links":{"self":[{"href":"https:\/\/multimedia.uned.ac.cr\/ecsh\/congresotrataytrafico2023\/wp-json\/wp\/v2\/pages\/370","targetHints":{"allow":["GET"]}}],"collection":[{"href":"https:\/\/multimedia.uned.ac.cr\/ecsh\/congresotrataytrafico2023\/wp-json\/wp\/v2\/pages"}],"about":[{"href":"https:\/\/multimedia.uned.ac.cr\/ecsh\/congresotrataytrafico2023\/wp-json\/wp\/v2\/types\/page"}],"author":[{"embeddable":true,"href":"https:\/\/multimedia.uned.ac.cr\/ecsh\/congresotrataytrafico2023\/wp-json\/wp\/v2\/users\/135"}],"replies":[{"embeddable":true,"href":"https:\/\/multimedia.uned.ac.cr\/ecsh\/congresotrataytrafico2023\/wp-json\/wp\/v2\/comments?post=370"}],"version-history":[{"count":18,"href":"https:\/\/multimedia.uned.ac.cr\/ecsh\/congresotrataytrafico2023\/wp-json\/wp\/v2\/pages\/370\/revisions"}],"predecessor-version":[{"id":1368,"href":"https:\/\/multimedia.uned.ac.cr\/ecsh\/congresotrataytrafico2023\/wp-json\/wp\/v2\/pages\/370\/revisions\/1368"}],"wp:attachment":[{"href":"https:\/\/multimedia.uned.ac.cr\/ecsh\/congresotrataytrafico2023\/wp-json\/wp\/v2\/media?parent=370"}],"curies":[{"name":"wp","href":"https:\/\/api.w.org\/{rel}","templated":true}]}}