{"id":1705,"date":"2023-11-08T17:43:20","date_gmt":"2023-11-08T17:43:20","guid":{"rendered":"https:\/\/multimedia.uned.ac.cr\/ecsh\/congresotrataytrafico2023\/?page_id=1705"},"modified":"2023-11-09T15:17:47","modified_gmt":"2023-11-09T15:17:47","slug":"memoria-del-congreso","status":"publish","type":"page","link":"https:\/\/multimedia.uned.ac.cr\/ecsh\/congresotrataytrafico2023\/memoria-del-congreso\/","title":{"rendered":"Memoria del Congreso"},"content":{"rendered":"\n<p>A continuaci\u00f3n, se podr\u00e1n consultar los videos y materiales relacionados con el Congreso Latinoamericano y Caribe\u00f1o sobre Trata de Personas y Tr\u00e1fico Il\u00edcito de Migrantes Costa Rica 2023. <\/p>\n\n\n\n<h3 class=\"wp-block-heading\"><a href=\"https:\/\/revistas.uned.ac.cr\/index.php\/espiga\/issue\/view\/347\" data-type=\"link\" data-id=\"https:\/\/revistas.uned.ac.cr\/index.php\/espiga\/issue\/view\/347\">N\u00famero especial de Revista Espiga: <strong>Trata de personas y tr\u00e1fico il\u00edcito de migrantes<\/strong><\/a><\/h3>\n\n\n\n<div class=\"wp-block-columns is-layout-flex wp-container-core-columns-is-layout-9d6595d7 wp-block-columns-is-layout-flex\">\n<div class=\"wp-block-column is-layout-flow wp-block-column-is-layout-flow\"><div class=\"wp-block-image\">\n<figure class=\"aligncenter size-large is-resized\"><a href=\"https:\/\/revistas.uned.ac.cr\/index.php\/espiga\/issue\/view\/347\"><img loading=\"lazy\" decoding=\"async\" width=\"796\" height=\"1024\" src=\"https:\/\/multimedia.uned.ac.cr\/ecsh\/congresotrataytrafico2023\/wp-content\/uploads\/sites\/33\/2023\/11\/cover_issue_347_es_ES-796x1024.png\" alt=\"\" class=\"wp-image-1708\" style=\"aspect-ratio:0.7772194304857621;width:288px;height:auto\" srcset=\"https:\/\/multimedia.uned.ac.cr\/ecsh\/congresotrataytrafico2023\/wp-content\/uploads\/sites\/33\/2023\/11\/cover_issue_347_es_ES-796x1024.png 796w, https:\/\/multimedia.uned.ac.cr\/ecsh\/congresotrataytrafico2023\/wp-content\/uploads\/sites\/33\/2023\/11\/cover_issue_347_es_ES-233x300.png 233w, https:\/\/multimedia.uned.ac.cr\/ecsh\/congresotrataytrafico2023\/wp-content\/uploads\/sites\/33\/2023\/11\/cover_issue_347_es_ES-768x988.png 768w, https:\/\/multimedia.uned.ac.cr\/ecsh\/congresotrataytrafico2023\/wp-content\/uploads\/sites\/33\/2023\/11\/cover_issue_347_es_ES.png 928w\" sizes=\"auto, (min-width: 900px) 600px, 900px\" \/><\/a><\/figure>\n<\/div><\/div>\n<\/div>\n\n\n\n<h3 class=\"wp-block-heading has-text-color\" style=\"color:#0c3996\">Martes 26 de setiembre, 2023<\/h3>\n\n\n\n<h4 class=\"wp-block-heading\">Agenda de la ma\u00f1ana<\/h4>\n\n\n\n<figure class=\"wp-block-embed is-type-video is-provider-youtube wp-block-embed-youtube wp-embed-aspect-16-9 wp-has-aspect-ratio\"><div class=\"wp-block-embed__wrapper\">\n<iframe loading=\"lazy\" title=\"Congreso sobre Trata de Personas y Tr\u00e1fico Il\u00edcito de Migrantes\" width=\"640\" height=\"360\" src=\"https:\/\/www.youtube.com\/embed\/vFSeLrvKChk?feature=oembed\" frameborder=\"0\" allow=\"accelerometer; autoplay; clipboard-write; encrypted-media; gyroscope; picture-in-picture; web-share\" referrerpolicy=\"strict-origin-when-cross-origin\" allowfullscreen><\/iframe>\n<\/div><\/figure>\n\n\n\n<h4 class=\"wp-block-heading\">Agenda de la tarde: Mesas de ponencias simult\u00e1neas D\u00eda 1<\/h4>\n\n\n\n<div class=\"wp-block-columns is-layout-flex wp-container-core-columns-is-layout-9d6595d7 wp-block-columns-is-layout-flex\">\n<div class=\"wp-block-column is-layout-flow wp-block-column-is-layout-flow\">\n<figure class=\"wp-block-embed aligncenter is-type-video is-provider-youtube wp-block-embed-youtube wp-embed-aspect-16-9 wp-has-aspect-ratio\"><div class=\"wp-block-embed__wrapper\">\n<iframe loading=\"lazy\" title=\"Congreso Latam Trata 2023. Mujeres, legislacio\u0301n y trata de personas\" width=\"640\" height=\"360\" src=\"https:\/\/www.youtube.com\/embed\/_cqeVdwKeVs?feature=oembed\" frameborder=\"0\" allow=\"accelerometer; autoplay; clipboard-write; encrypted-media; gyroscope; picture-in-picture; web-share\" referrerpolicy=\"strict-origin-when-cross-origin\" allowfullscreen><\/iframe>\n<\/div><figcaption class=\"wp-element-caption\"><strong>Mesa especializada: Mujeres, legislaci\u00f3n y trata de personas<\/strong><\/figcaption><\/figure>\n<\/div>\n\n\n\n<div class=\"wp-block-column is-layout-flow wp-block-column-is-layout-flow\">\n<figure class=\"wp-block-embed is-type-video is-provider-youtube wp-block-embed-youtube wp-embed-aspect-16-9 wp-has-aspect-ratio\"><div class=\"wp-block-embed__wrapper\">\n<iframe loading=\"lazy\" title=\"Congreso Latam Trata 2023. Trata con fines de explotacio\u0301n sexual comercial\" width=\"640\" height=\"360\" src=\"https:\/\/www.youtube.com\/embed\/aDZ8IaMx6FA?list=PLCKpyrt12lC9E5sw8oSo0e88cLqTPPWkK\" frameborder=\"0\" allow=\"accelerometer; autoplay; clipboard-write; encrypted-media; gyroscope; picture-in-picture; web-share\" referrerpolicy=\"strict-origin-when-cross-origin\" allowfullscreen><\/iframe>\n<\/div><figcaption class=\"wp-element-caption\"><strong>Trata con fines de explotaci\u00f3n sexual comercial<\/strong><\/figcaption><\/figure>\n<\/div>\n\n\n\n<div class=\"wp-block-column is-layout-flow wp-block-column-is-layout-flow\">\n<figure class=\"wp-block-embed is-type-video is-provider-youtube wp-block-embed-youtube wp-embed-aspect-16-9 wp-has-aspect-ratio\"><div class=\"wp-block-embed__wrapper\">\n<iframe loading=\"lazy\" title=\"Congreso Latam Trata 2023. Trata con fines de explotacio\u0301n sexual comercial\" width=\"640\" height=\"360\" src=\"https:\/\/www.youtube.com\/embed\/aDZ8IaMx6FA?list=PLCKpyrt12lC9E5sw8oSo0e88cLqTPPWkK\" frameborder=\"0\" allow=\"accelerometer; autoplay; clipboard-write; encrypted-media; gyroscope; picture-in-picture; web-share\" referrerpolicy=\"strict-origin-when-cross-origin\" allowfullscreen><\/iframe>\n<\/div><figcaption class=\"wp-element-caption\"><strong>Trata con fines de explotaci\u00f3n sexual comercial<\/strong><\/figcaption><\/figure>\n<\/div>\n<\/div>\n\n\n\n<h3 class=\"wp-block-heading has-text-color\" style=\"color:#0c3996\">Mi\u00e9rcoles 27 de setiembre, 2023<\/h3>\n\n\n\n<h4 class=\"wp-block-heading\">Agenda de la ma\u00f1ana<\/h4>\n\n\n\n<figure class=\"wp-block-embed is-type-video is-provider-youtube wp-block-embed-youtube wp-embed-aspect-16-9 wp-has-aspect-ratio\"><div class=\"wp-block-embed__wrapper\">\n<iframe loading=\"lazy\" title=\"Congreso sobre Trata de Personas y Tra\u0301fico Ili\u0301cito de Migrantes Di\u0301a 2\" width=\"640\" height=\"360\" src=\"https:\/\/www.youtube.com\/embed\/uBaIOjeL2ZU?feature=oembed\" frameborder=\"0\" allow=\"accelerometer; autoplay; clipboard-write; encrypted-media; gyroscope; picture-in-picture; web-share\" referrerpolicy=\"strict-origin-when-cross-origin\" allowfullscreen><\/iframe>\n<\/div><\/figure>\n\n\n\n<h4 class=\"wp-block-heading\">Agenda de la tarde: Mesas de ponencias simult\u00e1neas D\u00eda 2*<\/h4>\n\n\n\n<div class=\"wp-block-columns is-layout-flex wp-container-core-columns-is-layout-9d6595d7 wp-block-columns-is-layout-flex\">\n<div class=\"wp-block-column is-layout-flow wp-block-column-is-layout-flow\">\n<div data-wp-interactive=\"core\/file\" class=\"wp-block-file\"><object data-wp-bind--hidden=\"!state.hasPdfPreview\" hidden class=\"wp-block-file__embed\" data=\"https:\/\/multimedia.uned.ac.cr\/ecsh\/congresotrataytrafico2023\/wp-content\/uploads\/sites\/33\/2023\/11\/La-migracion-una-perspectiva-global-de-la-realidad-en-Costa-Rica-.pdf\" type=\"application\/pdf\" style=\"width:100%;height:200px\" aria-label=\"Incrustado de La-migracion-una-perspectiva-global-de-la-realidad-en-Costa-Rica-.\"><\/object><a id=\"wp-block-file--media-0dc5a5d6-f7d7-4a0f-b628-a3a494a6b2ae\" href=\"https:\/\/multimedia.uned.ac.cr\/ecsh\/congresotrataytrafico2023\/wp-content\/uploads\/sites\/33\/2023\/11\/La-migracion-una-perspectiva-global-de-la-realidad-en-Costa-Rica-.pdf\">La-migracion-una-perspectiva-global-de-la-realidad-en-Costa-Rica-<\/a><a href=\"https:\/\/multimedia.uned.ac.cr\/ecsh\/congresotrataytrafico2023\/wp-content\/uploads\/sites\/33\/2023\/11\/La-migracion-una-perspectiva-global-de-la-realidad-en-Costa-Rica-.pdf\" class=\"wp-block-file__button wp-element-button\" download aria-describedby=\"wp-block-file--media-0dc5a5d6-f7d7-4a0f-b628-a3a494a6b2ae\">Descarga<\/a><\/div>\n<\/div>\n\n\n\n<div class=\"wp-block-column is-layout-flow wp-block-column-is-layout-flow\">\n<div data-wp-interactive=\"core\/file\" class=\"wp-block-file\"><object data-wp-bind--hidden=\"!state.hasPdfPreview\" hidden class=\"wp-block-file__embed\" data=\"https:\/\/multimedia.uned.ac.cr\/ecsh\/congresotrataytrafico2023\/wp-content\/uploads\/sites\/33\/2023\/11\/Los-Avances-Juridico-Institucionales-en-materia-de-Trafico-de-Migrantes-en-Mexico-.pdf\" type=\"application\/pdf\" style=\"width:100%;height:200px\" aria-label=\"Incrustado de Los-Avances-Juridico-Institucionales-en-materia-de-Trafico-de-Migrantes-en-Mexico-.\"><\/object><a id=\"wp-block-file--media-17244e5e-1c2d-43a5-8f30-9f79b629feb2\" href=\"https:\/\/multimedia.uned.ac.cr\/ecsh\/congresotrataytrafico2023\/wp-content\/uploads\/sites\/33\/2023\/11\/Los-Avances-Juridico-Institucionales-en-materia-de-Trafico-de-Migrantes-en-Mexico-.pdf\">Los-Avances-Juridico-Institucionales-en-materia-de-Trafico-de-Migrantes-en-Mexico-<\/a><a href=\"https:\/\/multimedia.uned.ac.cr\/ecsh\/congresotrataytrafico2023\/wp-content\/uploads\/sites\/33\/2023\/11\/Los-Avances-Juridico-Institucionales-en-materia-de-Trafico-de-Migrantes-en-Mexico-.pdf\" class=\"wp-block-file__button wp-element-button\" download aria-describedby=\"wp-block-file--media-17244e5e-1c2d-43a5-8f30-9f79b629feb2\">Descarga<\/a><\/div>\n<\/div>\n<\/div>\n\n\n\n<div class=\"wp-block-columns is-layout-flex wp-container-core-columns-is-layout-9d6595d7 wp-block-columns-is-layout-flex\">\n<div class=\"wp-block-column is-layout-flow wp-block-column-is-layout-flow\">\n<div data-wp-interactive=\"core\/file\" class=\"wp-block-file\"><object data-wp-bind--hidden=\"!state.hasPdfPreview\" hidden class=\"wp-block-file__embed\" data=\"https:\/\/multimedia.uned.ac.cr\/ecsh\/congresotrataytrafico2023\/wp-content\/uploads\/sites\/33\/2023\/11\/Las-personas-migrantes-en-transito-por-Costa-Rica-y-sus-necesidades.pdf\" type=\"application\/pdf\" style=\"width:100%;height:200px\" aria-label=\"Incrustado de Las-personas-migrantes-en-transito-por-Costa-Rica-y-sus-necesidades.\"><\/object><a id=\"wp-block-file--media-9c6cb02b-0877-4ba3-82dd-58cb9b7468b2\" href=\"https:\/\/multimedia.uned.ac.cr\/ecsh\/congresotrataytrafico2023\/wp-content\/uploads\/sites\/33\/2023\/11\/Las-personas-migrantes-en-transito-por-Costa-Rica-y-sus-necesidades.pdf\">Las-personas-migrantes-en-transito-por-Costa-Rica-y-sus-necesidades<\/a><a href=\"https:\/\/multimedia.uned.ac.cr\/ecsh\/congresotrataytrafico2023\/wp-content\/uploads\/sites\/33\/2023\/11\/Las-personas-migrantes-en-transito-por-Costa-Rica-y-sus-necesidades.pdf\" class=\"wp-block-file__button wp-element-button\" download aria-describedby=\"wp-block-file--media-9c6cb02b-0877-4ba3-82dd-58cb9b7468b2\">Descarga<\/a><\/div>\n<\/div>\n\n\n\n<div class=\"wp-block-column is-layout-flow wp-block-column-is-layout-flow\">\n<figure class=\"wp-block-embed is-type-video is-provider-youtube wp-block-embed-youtube wp-embed-aspect-16-9 wp-has-aspect-ratio\"><div class=\"wp-block-embed__wrapper\">\n<iframe loading=\"lazy\" title=\"Congreso Latam Trata 2023. Papeles de los Estados en la migracio\u0301n y mujeres con discapacidad\" width=\"640\" height=\"360\" src=\"https:\/\/www.youtube.com\/embed\/MbGv5rA5CPo?list=PLCKpyrt12lC9E5sw8oSo0e88cLqTPPWkK\" frameborder=\"0\" allow=\"accelerometer; autoplay; clipboard-write; encrypted-media; gyroscope; picture-in-picture; web-share\" referrerpolicy=\"strict-origin-when-cross-origin\" allowfullscreen><\/iframe>\n<\/div><figcaption class=\"wp-element-caption\">Papeles de los Estados en la migraci\u00f3n y mujeres con discapacidad<\/figcaption><\/figure>\n<\/div>\n<\/div>\n\n\n\n<p>*No est\u00e1 disponible la grabaci\u00f3n de la Mesa B: Migraci\u00f3n y marco jur\u00eddico, por lo que se sustenta con las presentaciones de las personas expositoras. <\/p>\n\n\n\n<h3 class=\"wp-block-heading has-text-color\" style=\"color:#0c3996\">Jueves 28 de setiembre, 2023<\/h3>\n\n\n\n<h4 class=\"wp-block-heading\">Agenda de la ma\u00f1ana<\/h4>\n\n\n\n<h4 class=\"wp-block-heading\">Mesas de ponencias simult\u00e1neas D\u00eda 3<\/h4>\n\n\n\n<div class=\"wp-block-columns is-layout-flex wp-container-core-columns-is-layout-9d6595d7 wp-block-columns-is-layout-flex\">\n<div class=\"wp-block-column is-layout-flow wp-block-column-is-layout-flow\">\n<figure class=\"wp-block-embed is-type-video is-provider-youtube wp-block-embed-youtube wp-embed-aspect-16-9 wp-has-aspect-ratio\"><div class=\"wp-block-embed__wrapper\">\n<iframe loading=\"lazy\" title=\"Congreso sobre Trata de Personas y Tr\u00e1fico Il\u00edcito de Migrantes D\u00eda 3\" width=\"640\" height=\"360\" src=\"https:\/\/www.youtube.com\/embed\/OJJq87sE26g?start=1&#038;feature=oembed\" frameborder=\"0\" allow=\"accelerometer; autoplay; clipboard-write; encrypted-media; gyroscope; picture-in-picture; web-share\" referrerpolicy=\"strict-origin-when-cross-origin\" allowfullscreen><\/iframe>\n<\/div><\/figure>\n<\/div>\n\n\n\n<div class=\"wp-block-column is-layout-flow wp-block-column-is-layout-flow\">\n<figure class=\"wp-block-embed aligncenter is-type-video is-provider-youtube wp-block-embed-youtube wp-embed-aspect-16-9 wp-has-aspect-ratio\"><div class=\"wp-block-embed__wrapper\">\n<iframe loading=\"lazy\" title=\"Congreso Latam Trata 2023. Acciones afirmativas Rol de las ONGs\" width=\"640\" height=\"360\" src=\"https:\/\/www.youtube.com\/embed\/SEYTod1Ayw8?list=PLCKpyrt12lC9E5sw8oSo0e88cLqTPPWkK\" frameborder=\"0\" allow=\"accelerometer; autoplay; clipboard-write; encrypted-media; gyroscope; picture-in-picture; web-share\" referrerpolicy=\"strict-origin-when-cross-origin\" allowfullscreen><\/iframe>\n<\/div><figcaption class=\"wp-element-caption\">Acciones afirmativas ante escenarios m\u00faltiples<\/figcaption><\/figure>\n<\/div>\n<\/div>\n\n\n\n<h4 class=\"wp-block-heading\">Agenda de la tarde: Mesas de ponencias D\u00eda 3<\/h4>\n\n\n\n<div class=\"wp-block-columns is-layout-flex wp-container-core-columns-is-layout-9d6595d7 wp-block-columns-is-layout-flex\">\n<div class=\"wp-block-column is-layout-flow wp-block-column-is-layout-flow\">\n<figure class=\"wp-block-embed aligncenter is-type-video is-provider-youtube wp-block-embed-youtube wp-embed-aspect-16-9 wp-has-aspect-ratio\"><div class=\"wp-block-embed__wrapper\">\n<iframe loading=\"lazy\" title=\"Congreso Latam Trata 2023. Acciones de intervenciones institucionales\" width=\"640\" height=\"360\" src=\"https:\/\/www.youtube.com\/embed\/dP1L_lDpikA?list=PLCKpyrt12lC9E5sw8oSo0e88cLqTPPWkK\" frameborder=\"0\" allow=\"accelerometer; autoplay; clipboard-write; encrypted-media; gyroscope; picture-in-picture; web-share\" referrerpolicy=\"strict-origin-when-cross-origin\" allowfullscreen><\/iframe>\n<\/div><figcaption class=\"wp-element-caption\">Acciones de intervenciones institucionales<\/figcaption><\/figure>\n<\/div>\n\n\n\n<div class=\"wp-block-column is-layout-flow wp-block-column-is-layout-flow\">\n<figure class=\"wp-block-embed aligncenter is-type-video is-provider-youtube wp-block-embed-youtube wp-embed-aspect-16-9 wp-has-aspect-ratio\"><div class=\"wp-block-embed__wrapper\">\n<iframe loading=\"lazy\" title=\"Congreso Latam Trata 2023. Buenas Pra\u0301cticas en el abordaje de la trata de personas\" width=\"640\" height=\"360\" src=\"https:\/\/www.youtube.com\/embed\/2IsmOyYKitw?list=PLCKpyrt12lC9E5sw8oSo0e88cLqTPPWkK\" frameborder=\"0\" allow=\"accelerometer; autoplay; clipboard-write; encrypted-media; gyroscope; picture-in-picture; web-share\" referrerpolicy=\"strict-origin-when-cross-origin\" allowfullscreen><\/iframe>\n<\/div><figcaption class=\"wp-element-caption\">Buenas pr\u00e1cticas en el abordaje de la trata de personas<\/figcaption><\/figure>\n<\/div>\n\n\n\n<div class=\"wp-block-column is-layout-flow wp-block-column-is-layout-flow\">\n<figure class=\"wp-block-embed aligncenter is-type-video is-provider-youtube wp-block-embed-youtube wp-embed-aspect-16-9 wp-has-aspect-ratio\"><div class=\"wp-block-embed__wrapper\">\n<iframe loading=\"lazy\" title=\"Congreso Latam Trata 2023. Acciones de prevencio\u0301n\" width=\"640\" height=\"360\" src=\"https:\/\/www.youtube.com\/embed\/UrpKcCztHng?list=PLCKpyrt12lC9E5sw8oSo0e88cLqTPPWkK\" frameborder=\"0\" allow=\"accelerometer; autoplay; clipboard-write; encrypted-media; gyroscope; picture-in-picture; web-share\" referrerpolicy=\"strict-origin-when-cross-origin\" allowfullscreen><\/iframe>\n<\/div><figcaption class=\"wp-element-caption\">Acciones de prevenci\u00f3n<\/figcaption><\/figure>\n<\/div>\n<\/div>\n","protected":false},"excerpt":{"rendered":"<p>A continuaci\u00f3n, se podr\u00e1n consultar los videos y materiales relacionados con el Congreso Latinoamericano y Caribe\u00f1o sobre Trata de Personas y Tr\u00e1fico Il\u00edcito de Migrantes Costa Rica 2023. N\u00famero especial de Revista Espiga: Trata de personas y tr\u00e1fico il\u00edcito de migrantes Martes 26 de setiembre, 2023 Agenda de la ma\u00f1ana Agenda de la tarde: Mesas de ponencias simult\u00e1neas D\u00eda 1 Mi\u00e9rcoles 27 de setiembre, 2023 Agenda de la ma\u00f1ana Agenda de la tarde: Mesas de ponencias simult\u00e1neas D\u00eda 2* *No est\u00e1 disponible la grabaci\u00f3n de la Mesa B: Migraci\u00f3n y marco jur\u00eddico, por lo que se sustenta con las presentaciones\u2026<\/p>\n","protected":false},"author":135,"featured_media":0,"parent":0,"menu_order":0,"comment_status":"closed","ping_status":"closed","template":"page-full-width.php","meta":{"_acf_changed":false,"_monsterinsights_skip_tracking":false,"_monsterinsights_sitenote_active":false,"_monsterinsights_sitenote_note":"","_monsterinsights_sitenote_category":0,"_coblocks_attr":"","_coblocks_dimensions":"","_coblocks_responsive_height":"","_coblocks_accordion_ie_support":"","footnotes":""},"class_list":["post-1705","page","type-page","status-publish","hentry"],"acf":[],"_links":{"self":[{"href":"https:\/\/multimedia.uned.ac.cr\/ecsh\/congresotrataytrafico2023\/wp-json\/wp\/v2\/pages\/1705","targetHints":{"allow":["GET"]}}],"collection":[{"href":"https:\/\/multimedia.uned.ac.cr\/ecsh\/congresotrataytrafico2023\/wp-json\/wp\/v2\/pages"}],"about":[{"href":"https:\/\/multimedia.uned.ac.cr\/ecsh\/congresotrataytrafico2023\/wp-json\/wp\/v2\/types\/page"}],"author":[{"embeddable":true,"href":"https:\/\/multimedia.uned.ac.cr\/ecsh\/congresotrataytrafico2023\/wp-json\/wp\/v2\/users\/135"}],"replies":[{"embeddable":true,"href":"https:\/\/multimedia.uned.ac.cr\/ecsh\/congresotrataytrafico2023\/wp-json\/wp\/v2\/comments?post=1705"}],"version-history":[{"count":7,"href":"https:\/\/multimedia.uned.ac.cr\/ecsh\/congresotrataytrafico2023\/wp-json\/wp\/v2\/pages\/1705\/revisions"}],"predecessor-version":[{"id":1726,"href":"https:\/\/multimedia.uned.ac.cr\/ecsh\/congresotrataytrafico2023\/wp-json\/wp\/v2\/pages\/1705\/revisions\/1726"}],"wp:attachment":[{"href":"https:\/\/multimedia.uned.ac.cr\/ecsh\/congresotrataytrafico2023\/wp-json\/wp\/v2\/media?parent=1705"}],"curies":[{"name":"wp","href":"https:\/\/api.w.org\/{rel}","templated":true}]}}