{"id":9,"date":"2025-09-26T15:01:27","date_gmt":"2025-09-26T15:01:27","guid":{"rendered":"https:\/\/multimedia.uned.ac.cr\/ecsh\/congreso-policiales-2025\/?page_id=9"},"modified":"2026-01-21T19:55:23","modified_gmt":"2026-01-21T19:55:23","slug":"bienvenida","status":"publish","type":"page","link":"https:\/\/multimedia.uned.ac.cr\/ecsh\/congreso-policiales-2025\/","title":{"rendered":"Bienvenida"},"content":{"rendered":"\n<p class=\"has-text-color has-link-color wp-elements-46777062ec6fcc57dd639a58f47de7bc\" style=\"color:#0c3996\">En los \u00faltimos a\u00f1os, Costa Rica enfrenta una creciente crisis de seguridad ciudadana&nbsp;que se ha convertido en una de las principales preocupaciones de la poblaci\u00f3n. El pa\u00eds alcanz\u00f3 cifras hist\u00f3ricas de homicidios en 2023 y 2024, con tasas superiores a 16 por cada 100.000 habitantes, mientras que los delitos vinculados al crimen organizado, el tr\u00e1fico il\u00edcito de armas y la violencia de g\u00e9nero han aumentado de forma alarmante. Estos fen\u00f3menos ponen en riesgo la convivencia democr\u00e1tica y exigen respuestas integrales que fortalezcan el modelo civilista y las capacidades estatales frente a los nuevos desaf\u00edos.&nbsp;<\/p>\n\n\n\n<p class=\"has-text-color has-link-color wp-elements-59570e38dfb5260a5589a0b52c93ca5e\" style=\"color:#0c3996\">En este marco, se realiz\u00f3 el\u00a0<strong>Congreso Internacional sobre Seguridad, Democracia y Convivencia: Aportes acad\u00e9micos para una pol\u00edtica de seguridad nacional en el contexto electoral del 2026<\/strong>, los d\u00edas <strong>7 y 8 de noviembre de 2025<\/strong>, en el Aula Interamericana\u00a0de la Comisi\u00f3n Interamericana, Los Yoses, San Jos\u00e9, de 8:00 a.m. a 4:00 p.m.. Este espacio reuni\u00f3 a personas expertas nacionales e internacionales, acad\u00e9micas, y t\u00e9cnicas, para\u00a0analizar tendencias, discutir buenas pr\u00e1cticas y plantear propuestas concretas de pol\u00edtica p\u00fablica que fortalezcan la seguridad ciudadana.<\/p>\n\n\n\n<p class=\"has-text-color has-link-color wp-elements-34fdfacd77bba2f1193af902c515c1ab\" style=\"color:#0c3996\">La organizaci\u00f3n estuvo a cargo de un conjunto de instituciones comprometidas con la reflexi\u00f3n nacional: la Universidad Estatal a Distancia (UNED), FLACSO Costa Rica, el Programa de las Naciones Unidas para el Desarrollo (PNUD), el Programa Estado de la Naci\u00f3n \u2013 CONARE, la Universidad para la Paz (UPAZ)\u00a0y la Fundaci\u00f3n para la Paz y la Democracia (FUNPADEM). A trav\u00e9s de mesas de discusi\u00f3n, paneles y espacios de reflexi\u00f3n, el congreso busc\u00f3 generar insumos fundamentados para la discusi\u00f3n y construcci\u00f3n de estrategias\u00a0 en seguridad y aportar al fortalecimiento de la convivencia democr\u00e1tica.<\/p>\n\n\n\n<h2 class=\"wp-block-heading has-text-color has-link-color wp-elements-374392cf4cc044c5d5fae18dfd34032c\" style=\"color:#0c3996\">Ejes tem\u00e1ticos<\/h2>\n\n\n\n<div class=\"wp-block-columns is-layout-flex wp-container-core-columns-is-layout-9d6595d7 wp-block-columns-is-layout-flex\">\n<div class=\"wp-block-column is-layout-flow wp-block-column-is-layout-flow\"><div class=\"wp-block-image\">\n<figure class=\"aligncenter size-full\"><img loading=\"lazy\" decoding=\"async\" width=\"856\" height=\"234\" src=\"https:\/\/multimedia.uned.ac.cr\/ecsh\/congreso-policiales-2025\/wp-content\/uploads\/sites\/44\/2025\/10\/Mesa-01.png\" alt=\"\" class=\"wp-image-77\" srcset=\"https:\/\/multimedia.uned.ac.cr\/ecsh\/congreso-policiales-2025\/wp-content\/uploads\/sites\/44\/2025\/10\/Mesa-01.png 856w, https:\/\/multimedia.uned.ac.cr\/ecsh\/congreso-policiales-2025\/wp-content\/uploads\/sites\/44\/2025\/10\/Mesa-01-300x82.png 300w, https:\/\/multimedia.uned.ac.cr\/ecsh\/congreso-policiales-2025\/wp-content\/uploads\/sites\/44\/2025\/10\/Mesa-01-768x210.png 768w\" sizes=\"auto, (min-width: 900px) 600px, 900px\" \/><\/figure>\n<\/div>\n\n\n<p class=\"has-text-align-center has-text-color has-link-color wp-elements-5db02f4103064f6ea0f5f2ef10df7b4b\" style=\"color:#0c3996\"><strong>Construcci\u00f3n de sociedades igualitarias: Nuevo abordaje para la violencia de g\u00e9nero contra las mujeres.<\/strong><\/p>\n<\/div>\n\n\n\n<div class=\"wp-block-column is-layout-flow wp-block-column-is-layout-flow\"><div class=\"wp-block-image\">\n<figure class=\"aligncenter size-full\"><img loading=\"lazy\" decoding=\"async\" width=\"856\" height=\"234\" src=\"https:\/\/multimedia.uned.ac.cr\/ecsh\/congreso-policiales-2025\/wp-content\/uploads\/sites\/44\/2025\/10\/Mesa-02.png\" alt=\"\" class=\"wp-image-78\" srcset=\"https:\/\/multimedia.uned.ac.cr\/ecsh\/congreso-policiales-2025\/wp-content\/uploads\/sites\/44\/2025\/10\/Mesa-02.png 856w, https:\/\/multimedia.uned.ac.cr\/ecsh\/congreso-policiales-2025\/wp-content\/uploads\/sites\/44\/2025\/10\/Mesa-02-300x82.png 300w, https:\/\/multimedia.uned.ac.cr\/ecsh\/congreso-policiales-2025\/wp-content\/uploads\/sites\/44\/2025\/10\/Mesa-02-768x210.png 768w\" sizes=\"auto, (min-width: 900px) 600px, 900px\" \/><\/figure>\n<\/div>\n\n\n<p class=\"has-text-align-center has-text-color has-link-color wp-elements-3dcb8383cbe4f776c83b886bf72bcd46\" style=\"color:#0c3996\"><strong>Seguridad Ciudadana desde el territorio: inversi\u00f3n social para la prevenci\u00f3n de la violencia.<\/strong>&nbsp;<\/p>\n<\/div>\n<\/div>\n\n\n\n<div class=\"wp-block-columns is-layout-flex wp-container-core-columns-is-layout-9d6595d7 wp-block-columns-is-layout-flex\">\n<div class=\"wp-block-column is-layout-flow wp-block-column-is-layout-flow\"><div class=\"wp-block-image\">\n<figure class=\"aligncenter size-full\"><img loading=\"lazy\" decoding=\"async\" width=\"856\" height=\"234\" src=\"https:\/\/multimedia.uned.ac.cr\/ecsh\/congreso-policiales-2025\/wp-content\/uploads\/sites\/44\/2025\/10\/Mesa-03.png\" alt=\"\" class=\"wp-image-79\" srcset=\"https:\/\/multimedia.uned.ac.cr\/ecsh\/congreso-policiales-2025\/wp-content\/uploads\/sites\/44\/2025\/10\/Mesa-03.png 856w, https:\/\/multimedia.uned.ac.cr\/ecsh\/congreso-policiales-2025\/wp-content\/uploads\/sites\/44\/2025\/10\/Mesa-03-300x82.png 300w, https:\/\/multimedia.uned.ac.cr\/ecsh\/congreso-policiales-2025\/wp-content\/uploads\/sites\/44\/2025\/10\/Mesa-03-768x210.png 768w\" sizes=\"auto, (min-width: 900px) 600px, 900px\" \/><\/figure>\n<\/div>\n\n\n<p class=\"has-text-align-center has-text-color has-link-color wp-elements-fe2a6827ab9bb6bb99f4ff82d5570521\" style=\"color:#0c3996\"><strong>Reformas penales y seguridad ciudadana: desempe\u00f1o desde el Poder Judicial. \u00bfEst\u00e1 en crisis la justicia penal?<\/strong>&nbsp;<\/p>\n<\/div>\n\n\n\n<div class=\"wp-block-column is-layout-flow wp-block-column-is-layout-flow\"><div class=\"wp-block-image\">\n<figure class=\"aligncenter size-full\"><img loading=\"lazy\" decoding=\"async\" width=\"856\" height=\"234\" src=\"https:\/\/multimedia.uned.ac.cr\/ecsh\/congreso-policiales-2025\/wp-content\/uploads\/sites\/44\/2025\/10\/Mesa-04.png\" alt=\"\" class=\"wp-image-80\" srcset=\"https:\/\/multimedia.uned.ac.cr\/ecsh\/congreso-policiales-2025\/wp-content\/uploads\/sites\/44\/2025\/10\/Mesa-04.png 856w, https:\/\/multimedia.uned.ac.cr\/ecsh\/congreso-policiales-2025\/wp-content\/uploads\/sites\/44\/2025\/10\/Mesa-04-300x82.png 300w, https:\/\/multimedia.uned.ac.cr\/ecsh\/congreso-policiales-2025\/wp-content\/uploads\/sites\/44\/2025\/10\/Mesa-04-768x210.png 768w\" sizes=\"auto, (min-width: 900px) 600px, 900px\" \/><\/figure>\n<\/div>\n\n\n<p class=\"has-text-align-center has-text-color has-link-color wp-elements-ac4ea7f45c2802a4866a57c10ce61b7e\" style=\"color:#0c3996\"><strong>Violencia armada y crimen organizado<\/strong>&nbsp;<\/p>\n<\/div>\n<\/div>\n\n\n\n<h2 class=\"wp-block-heading has-text-color has-link-color wp-elements-f8ac64fb88c1b97b17a5d9e548a809a5\" style=\"color:#0c3996\">Comit\u00e9 organizador<\/h2>\n\n\n\n<div class=\"wp-block-columns is-layout-flex wp-container-core-columns-is-layout-9d6595d7 wp-block-columns-is-layout-flex\">\n<div class=\"wp-block-column is-layout-flow wp-block-column-is-layout-flow\"><div class=\"wp-block-image\">\n<figure class=\"aligncenter size-large is-resized\"><img loading=\"lazy\" decoding=\"async\" width=\"1024\" height=\"640\" src=\"https:\/\/multimedia.uned.ac.cr\/ecsh\/congreso-policiales-2025\/wp-content\/uploads\/sites\/44\/2025\/10\/conare-50-1024x640.png\" alt=\"\" class=\"wp-image-53\" style=\"width:312px;height:auto\" srcset=\"https:\/\/multimedia.uned.ac.cr\/ecsh\/congreso-policiales-2025\/wp-content\/uploads\/sites\/44\/2025\/10\/conare-50-1024x640.png 1024w, https:\/\/multimedia.uned.ac.cr\/ecsh\/congreso-policiales-2025\/wp-content\/uploads\/sites\/44\/2025\/10\/conare-50-300x188.png 300w, https:\/\/multimedia.uned.ac.cr\/ecsh\/congreso-policiales-2025\/wp-content\/uploads\/sites\/44\/2025\/10\/conare-50-768x480.png 768w, https:\/\/multimedia.uned.ac.cr\/ecsh\/congreso-policiales-2025\/wp-content\/uploads\/sites\/44\/2025\/10\/conare-50.png 1280w\" sizes=\"auto, (min-width: 900px) 600px, 900px\" \/><\/figure>\n<\/div>\n\n\n<p class=\"has-text-align-center has-text-color has-link-color wp-elements-fd81e9926a55b7b4473ce243b1b93290\" style=\"color:#0c3996\">Consejo Nacional de Rectores<\/p>\n<\/div>\n\n\n\n<div class=\"wp-block-column is-layout-flow wp-block-column-is-layout-flow\"><div class=\"wp-block-image\">\n<figure class=\"aligncenter size-full\"><img loading=\"lazy\" decoding=\"async\" width=\"701\" height=\"181\" src=\"https:\/\/multimedia.uned.ac.cr\/ecsh\/congreso-policiales-2025\/wp-content\/uploads\/sites\/44\/2025\/10\/471597887_1037697945067834_573335389959802787_n.jpg\" alt=\"\" class=\"wp-image-55\" srcset=\"https:\/\/multimedia.uned.ac.cr\/ecsh\/congreso-policiales-2025\/wp-content\/uploads\/sites\/44\/2025\/10\/471597887_1037697945067834_573335389959802787_n.jpg 701w, https:\/\/multimedia.uned.ac.cr\/ecsh\/congreso-policiales-2025\/wp-content\/uploads\/sites\/44\/2025\/10\/471597887_1037697945067834_573335389959802787_n-300x77.jpg 300w\" sizes=\"auto, (min-width: 900px) 600px, 900px\" \/><\/figure>\n<\/div>\n\n\n<p class=\"has-text-align-center has-text-color has-link-color wp-elements-c7a4f41c49040684dce11ebd5b90493e\" style=\"color:#0c3996\">Programa del Estado de la Naci\u00f3n<\/p>\n<\/div>\n<\/div>\n\n\n\n<div class=\"wp-block-columns is-layout-flex wp-container-core-columns-is-layout-9d6595d7 wp-block-columns-is-layout-flex\">\n<div class=\"wp-block-column is-layout-flow wp-block-column-is-layout-flow\"><div class=\"wp-block-image\">\n<figure class=\"aligncenter size-full is-resized\"><img loading=\"lazy\" decoding=\"async\" width=\"792\" height=\"612\" src=\"https:\/\/multimedia.uned.ac.cr\/ecsh\/congreso-policiales-2025\/wp-content\/uploads\/sites\/44\/2025\/10\/logo-UNED-vertical-completo-azul-fondo-transparente.png\" alt=\"\" class=\"wp-image-56\" style=\"width:305px;height:auto\" srcset=\"https:\/\/multimedia.uned.ac.cr\/ecsh\/congreso-policiales-2025\/wp-content\/uploads\/sites\/44\/2025\/10\/logo-UNED-vertical-completo-azul-fondo-transparente.png 792w, https:\/\/multimedia.uned.ac.cr\/ecsh\/congreso-policiales-2025\/wp-content\/uploads\/sites\/44\/2025\/10\/logo-UNED-vertical-completo-azul-fondo-transparente-300x232.png 300w, https:\/\/multimedia.uned.ac.cr\/ecsh\/congreso-policiales-2025\/wp-content\/uploads\/sites\/44\/2025\/10\/logo-UNED-vertical-completo-azul-fondo-transparente-768x593.png 768w\" sizes=\"auto, (min-width: 900px) 600px, 900px\" \/><\/figure>\n<\/div>\n\n\n<p class=\"has-text-align-center has-text-color has-link-color wp-elements-c5ea38a1551c0c32bd30d08504f2ec63\" style=\"color:#0c3996\">Universidad Estatal a Distancia<\/p>\n<\/div>\n\n\n\n<div class=\"wp-block-column is-layout-flow wp-block-column-is-layout-flow\"><div class=\"wp-block-image\">\n<figure class=\"aligncenter size-full is-resized\"><img loading=\"lazy\" decoding=\"async\" width=\"465\" height=\"465\" src=\"https:\/\/multimedia.uned.ac.cr\/ecsh\/congreso-policiales-2025\/wp-content\/uploads\/sites\/44\/2025\/10\/ciencias_policiales.jpg\" alt=\"\" class=\"wp-image-57\" style=\"width:196px;height:auto\" srcset=\"https:\/\/multimedia.uned.ac.cr\/ecsh\/congreso-policiales-2025\/wp-content\/uploads\/sites\/44\/2025\/10\/ciencias_policiales.jpg 465w, https:\/\/multimedia.uned.ac.cr\/ecsh\/congreso-policiales-2025\/wp-content\/uploads\/sites\/44\/2025\/10\/ciencias_policiales-300x300.jpg 300w, https:\/\/multimedia.uned.ac.cr\/ecsh\/congreso-policiales-2025\/wp-content\/uploads\/sites\/44\/2025\/10\/ciencias_policiales-150x150.jpg 150w\" sizes=\"auto, (min-width: 900px) 600px, 900px\" \/><\/figure>\n<\/div>\n\n\n<p class=\"has-text-align-center has-text-color has-link-color wp-elements-4432320ce69316aa1b51b4b62f24d396\" style=\"color:#0c3996\">Carrera de Ciencias Policiales ECSH UNED<\/p>\n<\/div>\n<\/div>\n\n\n\n<div class=\"wp-block-columns is-layout-flex wp-container-core-columns-is-layout-9d6595d7 wp-block-columns-is-layout-flex\">\n<div class=\"wp-block-column is-layout-flow wp-block-column-is-layout-flow\"><div class=\"wp-block-image\">\n<figure class=\"aligncenter size-full\"><img loading=\"lazy\" decoding=\"async\" width=\"653\" height=\"193\" src=\"https:\/\/multimedia.uned.ac.cr\/ecsh\/congreso-policiales-2025\/wp-content\/uploads\/sites\/44\/2025\/10\/universidad_para_la_paz.jpg\" alt=\"\" class=\"wp-image-58\" srcset=\"https:\/\/multimedia.uned.ac.cr\/ecsh\/congreso-policiales-2025\/wp-content\/uploads\/sites\/44\/2025\/10\/universidad_para_la_paz.jpg 653w, https:\/\/multimedia.uned.ac.cr\/ecsh\/congreso-policiales-2025\/wp-content\/uploads\/sites\/44\/2025\/10\/universidad_para_la_paz-300x89.jpg 300w\" sizes=\"auto, (min-width: 900px) 600px, 900px\" \/><\/figure>\n<\/div>\n\n\n<p class=\"has-text-align-center has-text-color has-link-color wp-elements-f8fe1c16ed500daed28663b5790a32a7\" style=\"color:#0c3996\">Universidad para la Paz<\/p>\n<\/div>\n\n\n\n<div class=\"wp-block-column is-layout-flow wp-block-column-is-layout-flow\"><div class=\"wp-block-image\">\n<figure class=\"aligncenter size-full is-resized\"><img loading=\"lazy\" decoding=\"async\" width=\"225\" height=\"225\" src=\"https:\/\/multimedia.uned.ac.cr\/ecsh\/congreso-policiales-2025\/wp-content\/uploads\/sites\/44\/2025\/10\/images.png\" alt=\"\" class=\"wp-image-60\" style=\"width:214px;height:auto\" srcset=\"https:\/\/multimedia.uned.ac.cr\/ecsh\/congreso-policiales-2025\/wp-content\/uploads\/sites\/44\/2025\/10\/images.png 225w, https:\/\/multimedia.uned.ac.cr\/ecsh\/congreso-policiales-2025\/wp-content\/uploads\/sites\/44\/2025\/10\/images-150x150.png 150w\" sizes=\"auto, (min-width: 900px) 600px, 900px\" \/><\/figure>\n<\/div>\n\n\n<p class=\"has-text-align-center has-text-color has-link-color wp-elements-64726715ca6b5c703f74fcaea8c45dd7\" style=\"color:#0c3996\">FUNPADEM<\/p>\n<\/div>\n<\/div>\n\n\n\n<div class=\"wp-block-columns is-layout-flex wp-container-core-columns-is-layout-9d6595d7 wp-block-columns-is-layout-flex\">\n<div class=\"wp-block-column is-layout-flow wp-block-column-is-layout-flow\"><div class=\"wp-block-image\">\n<figure class=\"aligncenter size-full is-resized\"><img loading=\"lazy\" decoding=\"async\" width=\"300\" height=\"427\" src=\"https:\/\/multimedia.uned.ac.cr\/ecsh\/congreso-policiales-2025\/wp-content\/uploads\/sites\/44\/2025\/10\/costa-rica.png\" alt=\"\" class=\"wp-image-61\" style=\"width:197px;height:auto\" srcset=\"https:\/\/multimedia.uned.ac.cr\/ecsh\/congreso-policiales-2025\/wp-content\/uploads\/sites\/44\/2025\/10\/costa-rica.png 300w, https:\/\/multimedia.uned.ac.cr\/ecsh\/congreso-policiales-2025\/wp-content\/uploads\/sites\/44\/2025\/10\/costa-rica-211x300.png 211w\" sizes=\"auto, (min-width: 900px) 600px, 900px\" \/><\/figure>\n<\/div>\n\n\n<p class=\"has-text-align-center has-text-color has-link-color wp-elements-419e56de091f76d8193e71fbcfd05f87\" style=\"color:#0c3996\">Flacso Costa Rica<\/p>\n<\/div>\n\n\n\n<div class=\"wp-block-column is-layout-flow wp-block-column-is-layout-flow\"><div class=\"wp-block-image\">\n<figure class=\"aligncenter size-full is-resized\"><img loading=\"lazy\" decoding=\"async\" width=\"225\" height=\"225\" src=\"https:\/\/multimedia.uned.ac.cr\/ecsh\/congreso-policiales-2025\/wp-content\/uploads\/sites\/44\/2025\/10\/PNUD.png\" alt=\"\" class=\"wp-image-59\" style=\"width:243px;height:auto\" srcset=\"https:\/\/multimedia.uned.ac.cr\/ecsh\/congreso-policiales-2025\/wp-content\/uploads\/sites\/44\/2025\/10\/PNUD.png 225w, https:\/\/multimedia.uned.ac.cr\/ecsh\/congreso-policiales-2025\/wp-content\/uploads\/sites\/44\/2025\/10\/PNUD-150x150.png 150w\" sizes=\"auto, (min-width: 900px) 600px, 900px\" \/><\/figure>\n<\/div>\n\n\n<p class=\"has-text-align-center has-text-color has-link-color wp-elements-abd7eb2220cda8d5824fc0e971020390\" style=\"color:#0c3996\">PNUD<\/p>\n<\/div>\n<\/div>\n","protected":false},"excerpt":{"rendered":"<p>En los \u00faltimos a\u00f1os, Costa Rica enfrenta una creciente crisis de seguridad ciudadana&nbsp;que se ha convertido en una de las principales preocupaciones de la poblaci\u00f3n. El pa\u00eds alcanz\u00f3 cifras hist\u00f3ricas de homicidios en 2023 y 2024, con tasas superiores a 16 por cada 100.000 habitantes, mientras que los delitos vinculados al crimen organizado, el tr\u00e1fico il\u00edcito de armas y la violencia de g\u00e9nero han aumentado de forma alarmante. Estos fen\u00f3menos ponen en riesgo la convivencia democr\u00e1tica y exigen respuestas integrales que fortalezcan el modelo civilista y las capacidades estatales frente a los nuevos desaf\u00edos.&nbsp; En este marco, se realiz\u00f3 el\u00a0Congreso\u2026<\/p>\n","protected":false},"author":2,"featured_media":0,"parent":0,"menu_order":0,"comment_status":"closed","ping_status":"closed","template":"page-full-width.php","meta":{"_acf_changed":false,"_monsterinsights_skip_tracking":false,"_monsterinsights_sitenote_active":false,"_monsterinsights_sitenote_note":"","_monsterinsights_sitenote_category":0,"footnotes":""},"class_list":["post-9","page","type-page","status-publish","hentry"],"acf":[],"_links":{"self":[{"href":"https:\/\/multimedia.uned.ac.cr\/ecsh\/congreso-policiales-2025\/wp-json\/wp\/v2\/pages\/9","targetHints":{"allow":["GET"]}}],"collection":[{"href":"https:\/\/multimedia.uned.ac.cr\/ecsh\/congreso-policiales-2025\/wp-json\/wp\/v2\/pages"}],"about":[{"href":"https:\/\/multimedia.uned.ac.cr\/ecsh\/congreso-policiales-2025\/wp-json\/wp\/v2\/types\/page"}],"author":[{"embeddable":true,"href":"https:\/\/multimedia.uned.ac.cr\/ecsh\/congreso-policiales-2025\/wp-json\/wp\/v2\/users\/2"}],"replies":[{"embeddable":true,"href":"https:\/\/multimedia.uned.ac.cr\/ecsh\/congreso-policiales-2025\/wp-json\/wp\/v2\/comments?post=9"}],"version-history":[{"count":13,"href":"https:\/\/multimedia.uned.ac.cr\/ecsh\/congreso-policiales-2025\/wp-json\/wp\/v2\/pages\/9\/revisions"}],"predecessor-version":[{"id":99,"href":"https:\/\/multimedia.uned.ac.cr\/ecsh\/congreso-policiales-2025\/wp-json\/wp\/v2\/pages\/9\/revisions\/99"}],"wp:attachment":[{"href":"https:\/\/multimedia.uned.ac.cr\/ecsh\/congreso-policiales-2025\/wp-json\/wp\/v2\/media?parent=9"}],"curies":[{"name":"wp","href":"https:\/\/api.w.org\/{rel}","templated":true}]}}