{"id":11,"date":"2025-09-26T15:01:44","date_gmt":"2025-09-26T15:01:44","guid":{"rendered":"https:\/\/multimedia.uned.ac.cr\/ecsh\/congreso-policiales-2025\/?page_id=11"},"modified":"2025-11-06T15:29:17","modified_gmt":"2025-11-06T15:29:17","slug":"programa","status":"publish","type":"page","link":"https:\/\/multimedia.uned.ac.cr\/ecsh\/congreso-policiales-2025\/programa\/","title":{"rendered":"Programa"},"content":{"rendered":"\n<h2 class=\"wp-block-heading has-text-color has-link-color wp-elements-e806fb6b60b5d6b1b868c7f607dd0fdf\" style=\"color:#0d3996\">Viernes 7 de noviembre, 2025<\/h2>\n\n\n\n<figure class=\"wp-block-table is-style-stripes\"><table class=\"has-text-color has-link-color\" style=\"color:#0d3996\"><thead><tr><th>Horario<\/th><th>Actividad<\/th><\/tr><\/thead><tbody><tr><td><strong>9:00 a.m.<\/strong><\/td><td><strong>Registro<\/strong><\/td><\/tr><tr><td><strong>9:45 a.m. <\/strong><\/td><td><strong>Apertura del Congreso.<\/strong><\/td><\/tr><tr><td><strong>10:30 a.m. <\/strong><\/td><td><strong>Ponencia: Nuevas masculinidades como clave en la prevenci\u00f3n de la violencia de g\u00e9nero<\/strong><br>Panelistas:  Fernando Jos\u00e9 Araya Jim\u00e9nez, Oficina de Equidad de G\u00e9nero del TEC, y  Pablo Alfredo Ram\u00edrez Solano, encargado de la Maestr\u00eda Profesional en el Estudios de la Violencias desde la Perspectiva de G\u00e9nero e Interseccionalidad.<\/td><\/tr><tr><td><strong>12:00 m.d.<\/strong><\/td><td><strong>Almuerzo<\/strong><\/td><\/tr><tr><td><strong>1:10 p.m.<\/strong><\/td><td><strong>Mesa redonda: Gobiernos Locales como responsables y aliados en la lucha en contra de la violencia de g\u00e9nero<\/strong><br>Panelistas:  Daniela Soto Acula, Municipalidad de Desamparados, y  Estela Paguaga Espinoza, Municipalidad de Heredia.<\/td><\/tr><tr><td><strong>2:20 p.m.<\/strong><\/td><td><strong>Panel: Pr\u00e1cticas prometedoras de pol\u00edtica p\u00fablica para la atenci\u00f3n de los factores de riesgo socioecon\u00f3micos de la violencia<\/strong><br>Especialistas: Gloria Manzotti, Especialista en pol\u00edticas de Estado de Derecho, Seguridad Ciudadana y Derechos Humanos para el PNUD en Am\u00e9rica Latina y el Caribe<\/td><\/tr><tr><td><strong>2:50 p.m.<\/strong><\/td><td><strong>Caf\u00e9<\/strong><\/td><\/tr><tr><td><strong>3:15 p.m.<\/strong><\/td><td><strong>Panel: Prevenci\u00f3n de la violencia desde el territorio: perspectivas y experiencias<\/strong><br><strong>Especialistas<\/strong><br>Especialistas: Magdalena Madrigal Herrera, FLACSO Costa Rica, Eduardo M\u00e9ndez Matarrita, Municipalidad de Curridabat y Patricio Morera V\u00edquez, Parque Metropolitano de la Paz.<\/td><\/tr><tr><td><strong>4:05 p.m.<\/strong><\/td><td>Cierre del primer d\u00eda<\/td><\/tr><\/tbody><\/table><\/figure>\n\n\n\n<h2 class=\"wp-block-heading has-text-color has-link-color wp-elements-7e6f8573a26732da3577ff147daca3dc\" style=\"color:#0d3996\">S\u00e1bado 8 de noviembre, 2025<\/h2>\n\n\n\n<figure class=\"wp-block-table is-style-stripes\"><table class=\"has-text-color has-link-color\" style=\"color:#0d3996\"><thead><tr><th>Hora<\/th><th>Actividad<\/th><\/tr><\/thead><tbody><tr><td><strong>8:20 a.m.<\/strong><\/td><td><strong>Registro <\/strong><\/td><\/tr><tr><td><strong>9:00 a.m.<\/strong><\/td><td><strong>Bienvenida<\/strong><\/td><\/tr><tr><td><strong>9:00 a.m.<\/strong><\/td><td><strong>Ponencia: El papel de la justicia frente a la problem\u00e1tica de la inseguridad ciudadana<\/strong> <strong> \u00bfEst\u00e1 en crisis la justicia penal? <\/strong><br>Panelistas: Juli\u00e1n Alfie, Instituto de Estudios Comparados en Ciencias Penales y Sociales Argentina y Evelyn Villareal, Programa Estatal de la Naci\u00f3n.<\/td><\/tr><tr><td><strong>9:50 a.m.<\/strong><\/td><td><strong>Conversatorio: El papel de la justicia penal frente a la problem\u00e1tica de la inseguridad ciudadana \u00bfEst\u00e1 en crisis la justicia penal? <\/strong><br>Panelistas: Laura Murillo, Poder Judicial; Marco Feoli, Universidad Nacional, y Rodrigo Campos, Escuela de Ciencias Sociales y Humanidades UNED. <\/td><\/tr><tr><td><strong>10:45 a.m.<\/strong><\/td><td><strong>Panel: Abordaje integral de la violencia armada: estrategias basadas en evidencia. <\/strong><br>Panelistas: Walter Murcia, Programa Centro Regional de las Naciones Unidas para la Paz, el Desarme y el Desarrollo en Am\u00e9rica Latina y el Caribe; Eddie Ulate Naranjo, Organismo de Investigaci\u00f3n Judicial; Hazel Villalobos, FUNPADEM. <\/td><\/tr><tr><td><strong>12:15 p.m.<\/strong><\/td><td><strong>Almuerzo<\/strong><\/td><\/tr><tr><td><strong>1:25 p.m.<\/strong><\/td><td><strong>Panel : Crimen organizado y econom\u00edas il\u00edcitas: pol\u00edticas, estrategias y capacidad estatal<\/strong><br>Panelistas: Edgardo Sandoval Ramsey, Global Initiative Against Transnational Organized Crime; Jimmy Bola\u00f1os Gonz\u00e1lez, Costa Rica Integra, y Jose Manuel Quedada Carvajal, Fundaci\u00f3n para el Estudio del Lavado de Activos y Delitos.<\/td><\/tr><tr><td><strong>3: 00 p.m.<\/strong><\/td><td><strong>Reflexiones, principales conclusiones y cierre<\/strong><\/td><\/tr><tr><td><strong>3:20 p.m.<\/strong><\/td><td><strong>Caf\u00e9 <\/strong><\/td><\/tr><\/tbody><\/table><\/figure>\n","protected":false},"excerpt":{"rendered":"<p>Viernes 7 de noviembre, 2025 Horario Actividad 9:00 a.m. Registro 9:45 a.m. Apertura del Congreso. 10:30 a.m. Ponencia: Nuevas masculinidades como clave en la prevenci\u00f3n de la violencia de g\u00e9neroPanelistas: Fernando Jos\u00e9 Araya Jim\u00e9nez, Oficina de Equidad de G\u00e9nero del TEC, y Pablo Alfredo Ram\u00edrez Solano, encargado de la Maestr\u00eda Profesional en el Estudios de la Violencias desde la Perspectiva de G\u00e9nero e Interseccionalidad. 12:00 m.d. Almuerzo 1:10 p.m. Mesa redonda: Gobiernos Locales como responsables y aliados en la lucha en contra de la violencia de g\u00e9neroPanelistas: Daniela Soto Acula, Municipalidad de Desamparados, y Estela Paguaga Espinoza, Municipalidad de Heredia.\u2026<\/p>\n","protected":false},"author":2,"featured_media":0,"parent":0,"menu_order":0,"comment_status":"closed","ping_status":"closed","template":"page-full-width.php","meta":{"_acf_changed":false,"_monsterinsights_skip_tracking":false,"_monsterinsights_sitenote_active":false,"_monsterinsights_sitenote_note":"","_monsterinsights_sitenote_category":0,"footnotes":""},"class_list":["post-11","page","type-page","status-publish","hentry"],"acf":[],"_links":{"self":[{"href":"https:\/\/multimedia.uned.ac.cr\/ecsh\/congreso-policiales-2025\/wp-json\/wp\/v2\/pages\/11","targetHints":{"allow":["GET"]}}],"collection":[{"href":"https:\/\/multimedia.uned.ac.cr\/ecsh\/congreso-policiales-2025\/wp-json\/wp\/v2\/pages"}],"about":[{"href":"https:\/\/multimedia.uned.ac.cr\/ecsh\/congreso-policiales-2025\/wp-json\/wp\/v2\/types\/page"}],"author":[{"embeddable":true,"href":"https:\/\/multimedia.uned.ac.cr\/ecsh\/congreso-policiales-2025\/wp-json\/wp\/v2\/users\/2"}],"replies":[{"embeddable":true,"href":"https:\/\/multimedia.uned.ac.cr\/ecsh\/congreso-policiales-2025\/wp-json\/wp\/v2\/comments?post=11"}],"version-history":[{"count":10,"href":"https:\/\/multimedia.uned.ac.cr\/ecsh\/congreso-policiales-2025\/wp-json\/wp\/v2\/pages\/11\/revisions"}],"predecessor-version":[{"id":97,"href":"https:\/\/multimedia.uned.ac.cr\/ecsh\/congreso-policiales-2025\/wp-json\/wp\/v2\/pages\/11\/revisions\/97"}],"wp:attachment":[{"href":"https:\/\/multimedia.uned.ac.cr\/ecsh\/congreso-policiales-2025\/wp-json\/wp\/v2\/media?parent=11"}],"curies":[{"name":"wp","href":"https:\/\/api.w.org\/{rel}","templated":true}]}}