{"id":12,"date":"2024-08-23T16:55:26","date_gmt":"2024-08-23T16:55:26","guid":{"rendered":"https:\/\/multimedia.uned.ac.cr\/ecsh\/congreso-policiales-2024\/?page_id=12"},"modified":"2024-10-16T20:33:41","modified_gmt":"2024-10-16T20:33:41","slug":"programa","status":"publish","type":"page","link":"https:\/\/multimedia.uned.ac.cr\/ecsh\/congreso-policiales-2024\/programa\/","title":{"rendered":"Programa"},"content":{"rendered":"\n<p>A continuaci\u00f3n se detalla la agenda acad\u00e9mica para el Congreso Internacional Crimen Organizado Enfrentando el poder de las \u00c9lites: Modos de Operar y Estrategias de Intervenci\u00f3n.<\/p>\n\n\n\n<h2 class=\"wp-block-heading\">Viernes 18 de octubre, 2024<\/h2>\n\n\n\n<figure class=\"wp-block-table\"><table><thead><tr><th>Hora<\/th><th>Actividad<\/th><\/tr><\/thead><tbody><tr><td>9:00 a.m.<\/td><td><strong>Acto protocolario<\/strong><\/td><\/tr><tr><td>9:20 a.m.<\/td><td><strong>Panel A: <\/strong>Din\u00e1mica de operaci\u00f3n para la legalizaci\u00f3n de capitales obtenidos a partir de actividades il\u00edcitas por parte de las organizaciones criminales.<br><strong>Primera mesa de expositores:<\/strong><br>-Shirley Araya Vargas,&nbsp; Directora de Cumplimiento de Fundaci\u00f3n para el Estudio del Lavado de Activos y Delitos (FELADE).<br>&#8211; Rom\u00e1n Chavarr\u00eda Campos, Jefe de la Unidad de Inteligencia Financiera, ICD<br>&#8211; Alejo Campos M, Director de la Oficina Regional de Crime Stoppers para la Am\u00e9rica Latina y el Caribe. <br>&#8211; Alvina Mangandi, Experta Senior, Hub Regional Anticorrupci\u00f3n de UNODC para Latinoam\u00e9rica y el Caribe. <\/td><\/tr><tr><td>10:50 a.m.<\/td><td><strong>Refrigerio<\/strong><\/td><\/tr><tr><td>11:10 a.m.<\/td><td><strong>Panel A: <\/strong>Din\u00e1mica de operaci\u00f3n para la legalizaci\u00f3n de capitales obtenidos a partir de actividades il\u00edcitas por parte de las organizaciones criminales.<br><strong>Segunda mesa de expositores:<\/strong><br>&#8211; Jos\u00e9 Manuel Quesada Carvajal, Director Ejecutivo de la Fundaci\u00f3n para el Estudio del Lavado de Activos y Delitos FELADE. <br>&#8211; Javier Vargas Mu\u00f1oz, Especialista en lavado de dinero, delitos financieros y sanciones globales.<\/td><\/tr><tr><td>12:00 m.d.<\/td><td><strong>Almuerzo<\/strong><\/td><\/tr><tr><td>1:15 p.m.<\/td><td><strong>Panel B: <\/strong>Analizar estrategias policiales de investigaci\u00f3n criminal que permitan procesar de forma eficiente y eficaz los casos de crimen organizado<br><strong>Primera mesa de expositores:<\/strong><br>&#8211; Mauricio Vieira, C\u00e1tedra de Lucha contra el el Comercio Il\u00edcito y Prevenci\u00f3n de la Delincuencia Organizada Trasnacional de la Universidad para la Paz <br>&#8211; Fabi\u00e1n Serrano Soto, Juez de la Jurisdicci\u00f3n Especializada en Crimen Organizado.<br>&#8211; Jorge Mora Flores, Experto Ciberseguridad, experto de los Programas EU Cybernet y EU-LAC Digital Alliance High-Level Policy Dialogue<br>&#8211; Gloria Manzotti, Especialista en pol\u00edticas de Estado de Derecho, Seguridad Ciudadana y Derechos Humanos para el PNUD en Am\u00e9rica Latina y el Caribe.<\/td><\/tr><tr><td>2:45 p.m.<\/td><td><strong>Panel B: <\/strong>Analizar estrategias policiales de investigaci\u00f3n criminal que permitan procesar de forma eficiente y eficaz los casos de crimen organizado<br><strong>Segunda mesa de expositores:<\/strong><br>&#8211; Ileana Mora Mu\u00f1oz, Coordinadora Nacional del Programa Mundial contra la Delincuencia Mar\u00edtima de UNODC.<br>&#8211; Marcela Ortiz Bonilla, Directora Ejecutiva BASC, experta en seguridad nacional, regional e internacional sobre drogas y legitimaci\u00f3n de capitales.<br>&#8211; Olger Calvo Calder\u00f3n, Ex fiscal de legitimaci\u00f3n de capitales experto en persecuci\u00f3n de la delincuencia econ\u00f3mica, anticorrupci\u00f3n, lavado de activos y comiso sin condena. <br>&#8211; Ronald Segura Mena, Experto en fraude corporativo, corrupci\u00f3n, crimen organizado y delitos en materia de propiedad intelectual, Fiscal del Ministerio P\u00fablico.<\/td><\/tr><tr><td>3:40 p.m.<\/td><td><strong>Cierre de d\u00eda 1.<\/strong><\/td><\/tr><tr><td>4:00 p.m.<\/td><td><strong>Refrigerio de cierre.<\/strong><\/td><\/tr><\/tbody><\/table><\/figure>\n\n\n\n<h2 class=\"wp-block-heading\">S\u00e1bado 19 de octubre<\/h2>\n\n\n\n<figure class=\"wp-block-table\"><table><thead><tr><th>Hora<\/th><th>Actividad<\/th><\/tr><\/thead><tbody><tr><td>9:00 a.m.<\/td><td><strong>Panel C: <\/strong>Analizar propuestas desde un enfoque de g\u00e9nero y prevenci\u00f3n que procuren intervenir y debilitar el funcionamiento de las organizaciones criminales<br><strong>Primera mesa de expositores:<\/strong><br>&#8211; Max Lor\u00eda Ram\u00edrez, Ex viceministro de Paz de Costa Rica, experto en prevenci\u00f3n de la violencia y seguridad. Docente e investigador de la ECSH-UNED. <br>&#8211; Flor Sidey Salazar Fallas, Abogada experta en derecho penal, docente de la C\u00e1tedra de Ciencias Penales ECSH-UNED e investigadora. <br>&#8211; Gleen Calvo C\u00e9spedes, Juez de la Jurisdicci\u00f3n Especializada en Crimen Organizado.<br>&#8211; Andr\u00e9s Vargas Araya, Juez de Crimen Organizado.<\/td><\/tr><tr><td>10:25 a.m.<\/td><td><strong>Refrigerio<\/strong><\/td><\/tr><tr><td>10:30 a.m.<\/td><td><strong>Panel C: <\/strong>Analizar propuestas desde un enfoque de g\u00e9nero y prevenci\u00f3n que procuren intervenir y debilitar el funcionamiento de las organizaciones criminales<br><strong>Segunda mesa de expositores:<\/strong><br>&#8211; Gloria Manzotti, Especialista en pol\u00edticas de Estado de Derecho, Seguridad Ciudadana y Derechos Humanos para el PNUD en Am\u00e9rica Latina y el Caribe.<br>&nbsp;&#8211; Karla Salazar S\u00e1nchez, Directora de la Facultad Latinoamericana de Ciencias Sociales FLACSO e investigadora de la UNED.<br>&nbsp;&#8211; Sandra Chaves Esquivel, Experta senior en trata de personas y tr\u00e1fico il\u00edcito e migrantes. Oficina de las Naciones Unidas contra la Droga y el Delito.<\/td><\/tr><tr><td>12:00 m.d.<\/td><td><strong>Almuerzo<\/strong><\/td><\/tr><tr><td>1:15 p.m.<\/td><td><strong>Panel D: <\/strong>Contemplar acciones que mitiguen los riesgos de la irrupci\u00f3n del crimen organizado en la institucionalidad p\u00fablica, particularmente en instituciones policiales y poder judicial<br><strong>Primera mesa de expositores:<\/strong><br>&#8211; Kenia Alvarado Villalobos, Oficina de cumplimiento del Poder Judicial<br>&#8211; Yagnna Patricia Nicol\u00e1s Jim\u00e9nez, Coordinadora Regional ILANUD, sobre Delincuencia Organizada Transnacional e Investigadora. <br>&#8211; Cristina San Juan Serrano, Especialista en anticorrupci\u00f3n e integridad judicial, Hub Anticorrupci\u00f3n para Am\u00e9rica Latina y el Caribe. <\/td><\/tr><tr><td>2:30 p.m.<\/td><td><strong>Panel D: <\/strong>Contemplar acciones que mitiguen los riesgos de la irrupci\u00f3n del crimen organizado en la institucionalidad p\u00fablica, particularmente en instituciones policiales y poder judicial<br><strong>Segunda mesa de expositores:<\/strong><br>&#8211; Andrei Cambronero Torres, Abogado, letrado. Departamento de Financiamiento de Partidos Pol\u00edticos, Tribunal Supremo de Elecciones. <br>-Gleen Calvo C\u00e9spedes, Juez de la Jurisdicci\u00f3n Especializada en Crimen Organizado.<br>&#8211; Cynthia Quir\u00f3s Quesada, Experta en Administraci\u00f3n Policial y Prevenci\u00f3n del delito, Especialista en Inteligencia Policial, graduada de la Escuela de Carabineros de Chile.&nbsp;<\/td><\/tr><tr><td>3:30 p.m.<\/td><td><strong>Acto de clausura del Congreso<\/strong><\/td><\/tr><\/tbody><\/table><\/figure>\n","protected":false},"excerpt":{"rendered":"<p>A continuaci\u00f3n se detalla la agenda acad\u00e9mica para el Congreso Internacional Crimen Organizado Enfrentando el poder de las \u00c9lites: Modos de Operar y Estrategias de Intervenci\u00f3n. Viernes 18 de octubre, 2024 Hora Actividad 9:00 a.m. Acto protocolario 9:20 a.m. Panel A: Din\u00e1mica de operaci\u00f3n para la legalizaci\u00f3n de capitales obtenidos a partir de actividades il\u00edcitas por parte de las organizaciones criminales.Primera mesa de expositores:-Shirley Araya Vargas,&nbsp; Directora de Cumplimiento de Fundaci\u00f3n para el Estudio del Lavado de Activos y Delitos (FELADE).&#8211; Rom\u00e1n Chavarr\u00eda Campos, Jefe de la Unidad de Inteligencia Financiera, ICD&#8211; Alejo Campos M, Director de la Oficina Regional\u2026<\/p>\n","protected":false},"author":2,"featured_media":0,"parent":0,"menu_order":0,"comment_status":"closed","ping_status":"closed","template":"page-full-width.php","meta":{"_acf_changed":false,"_monsterinsights_skip_tracking":false,"_monsterinsights_sitenote_active":false,"_monsterinsights_sitenote_note":"","_monsterinsights_sitenote_category":0,"footnotes":""},"class_list":["post-12","page","type-page","status-publish","hentry"],"acf":[],"_links":{"self":[{"href":"https:\/\/multimedia.uned.ac.cr\/ecsh\/congreso-policiales-2024\/wp-json\/wp\/v2\/pages\/12","targetHints":{"allow":["GET"]}}],"collection":[{"href":"https:\/\/multimedia.uned.ac.cr\/ecsh\/congreso-policiales-2024\/wp-json\/wp\/v2\/pages"}],"about":[{"href":"https:\/\/multimedia.uned.ac.cr\/ecsh\/congreso-policiales-2024\/wp-json\/wp\/v2\/types\/page"}],"author":[{"embeddable":true,"href":"https:\/\/multimedia.uned.ac.cr\/ecsh\/congreso-policiales-2024\/wp-json\/wp\/v2\/users\/2"}],"replies":[{"embeddable":true,"href":"https:\/\/multimedia.uned.ac.cr\/ecsh\/congreso-policiales-2024\/wp-json\/wp\/v2\/comments?post=12"}],"version-history":[{"count":41,"href":"https:\/\/multimedia.uned.ac.cr\/ecsh\/congreso-policiales-2024\/wp-json\/wp\/v2\/pages\/12\/revisions"}],"predecessor-version":[{"id":787,"href":"https:\/\/multimedia.uned.ac.cr\/ecsh\/congreso-policiales-2024\/wp-json\/wp\/v2\/pages\/12\/revisions\/787"}],"wp:attachment":[{"href":"https:\/\/multimedia.uned.ac.cr\/ecsh\/congreso-policiales-2024\/wp-json\/wp\/v2\/media?parent=12"}],"curies":[{"name":"wp","href":"https:\/\/api.w.org\/{rel}","templated":true}]}}