{"id":2074,"date":"2019-10-11T15:51:42","date_gmt":"2019-10-11T21:51:42","guid":{"rendered":"https:\/\/multimedia.uned.ac.cr\/ecen\/?page_id=2074"},"modified":"2019-10-11T15:59:58","modified_gmt":"2019-10-11T21:59:58","slug":"ingenieria-agronomica","status":"publish","type":"page","link":"https:\/\/multimedia.uned.ac.cr\/ecen\/ingenieria-agronomica\/","title":{"rendered":"Ingenier\u00eda Agron\u00f3mica"},"content":{"rendered":"\n<div class=\"wp-block-coblocks-row coblocks-row-91115594389\" data-columns=\"2\" data-layout=\"66-33\"><div class=\"wp-block-coblocks-row__inner has-medium-gutter has-no-padding has-no-margin is-stacked-on-mobile\">\n<div class=\"wp-block-coblocks-column coblocks-column-9111559899\" style=\"width:66%\"><div class=\"wp-block-coblocks-column__inner has-no-padding has-no-margin\">\n<p>La Ingenier\u00eda Agron\u00f3mica es un programa de formaci\u00f3n de un ingeniero agr\u00f3nomo&nbsp;integral, con conocimientos, destrezas, habilidades&nbsp;y valores,&nbsp;para ser utilizados en la producci\u00f3n, beneficiado y comercializaci\u00f3n&nbsp;en&nbsp;un sistema de producci\u00f3n&nbsp;de cultivos y animales para el consumo humano y animal, as\u00ed como, otros servicios conexos a la agricultura. Con una visi\u00f3n de agricultura ampliada y de agro-cadena sostenible, toma en cuenta los elementos b\u00e1sicos&nbsp;que conjugan una agricultura competitiva, pero&nbsp;en equilibrio entre las necesidades de aumentar la producci\u00f3n de materias primas y servicios&nbsp;de forma eficiente y competitiva&nbsp;sin agotar ni destruir&nbsp;los recursos naturales.<\/p>\n<\/div><\/div>\n\n\n\n<div class=\"wp-block-coblocks-column coblocks-column-91115598105\" style=\"width:33%\"><div class=\"wp-block-coblocks-column__inner has-no-padding has-no-margin\">\n<div class=\"wp-block-button\"><a class=\"wp-block-button__link has-background\" href=\"https:\/\/www.uned.ac.cr\/ecen\/carrera\/ingenieria-agronomica\" style=\"background-color:#088255\">M\u00e1s informaci\u00f3n<\/a><\/div>\n<\/div><\/div>\n<\/div><\/div>\n\n\n\n<p><\/p>\n\n\n\n<div style=\"height:100px\" aria-hidden=\"true\" class=\"wp-block-spacer\"><\/div>\n\n\n\n<div class=\"wp-block-coblocks-row coblocks-row-911155229859\" data-columns=\"2\" data-layout=\"50-50\"><div class=\"wp-block-coblocks-row__inner has-medium-gutter has-no-padding has-no-margin is-stacked-on-mobile\">\n<div class=\"wp-block-coblocks-column coblocks-column-91115523544\" style=\"width:50%\"><div class=\"wp-block-coblocks-column__inner has-no-padding has-no-margin\">\n<div class=\"wp-block-cover has-background-dim\" style=\"background-image:url(https:\/\/multimedia.uned.ac.cr\/ecen\/wp-content\/uploads\/2019\/10\/banner2.png)\"><div class=\"wp-block-cover__inner-container is-layout-flow wp-block-cover-is-layout-flow\">\n<h3 class=\"wp-block-heading\" style=\"text-align:center\">I SAP Ingenier\u00eda Agron\u00f3mica<\/h3>\n\n\n\n<div class=\"wp-block-button aligncenter\" style=\"color:#294b1a\"><a class=\"wp-block-button__link has-text-color has-background\" href=\"https:\/\/multimedia.uned.ac.cr\/ecen\/sap-agro-2019\/\" style=\"background-color:#79ba5d;color:#294b1a\">Vistar SAP<\/a><\/div>\n<\/div><\/div>\n<\/div><\/div>\n\n\n\n<div class=\"wp-block-coblocks-column coblocks-column-91115523553\" style=\"width:50%\"><div class=\"wp-block-coblocks-column__inner has-no-padding has-no-margin\"><\/div><\/div>\n<\/div><\/div>\n\n\n\n<p><\/p>\n","protected":false},"excerpt":{"rendered":"","protected":false},"author":1,"featured_media":0,"parent":0,"menu_order":0,"comment_status":"closed","ping_status":"closed","template":"page-full-width.php","meta":{"_acf_changed":false,"_monsterinsights_skip_tracking":false,"_monsterinsights_sitenote_active":false,"_monsterinsights_sitenote_note":"","_monsterinsights_sitenote_category":0,"_coblocks_attr":"","_coblocks_dimensions":"","_coblocks_responsive_height":"","_coblocks_accordion_ie_support":"","footnotes":""},"class_list":["post-2074","page","type-page","status-publish","hentry"],"acf":[],"_links":{"self":[{"href":"https:\/\/multimedia.uned.ac.cr\/ecen\/wp-json\/wp\/v2\/pages\/2074","targetHints":{"allow":["GET"]}}],"collection":[{"href":"https:\/\/multimedia.uned.ac.cr\/ecen\/wp-json\/wp\/v2\/pages"}],"about":[{"href":"https:\/\/multimedia.uned.ac.cr\/ecen\/wp-json\/wp\/v2\/types\/page"}],"author":[{"embeddable":true,"href":"https:\/\/multimedia.uned.ac.cr\/ecen\/wp-json\/wp\/v2\/users\/1"}],"replies":[{"embeddable":true,"href":"https:\/\/multimedia.uned.ac.cr\/ecen\/wp-json\/wp\/v2\/comments?post=2074"}],"version-history":[{"count":6,"href":"https:\/\/multimedia.uned.ac.cr\/ecen\/wp-json\/wp\/v2\/pages\/2074\/revisions"}],"predecessor-version":[{"id":2082,"href":"https:\/\/multimedia.uned.ac.cr\/ecen\/wp-json\/wp\/v2\/pages\/2074\/revisions\/2082"}],"wp:attachment":[{"href":"https:\/\/multimedia.uned.ac.cr\/ecen\/wp-json\/wp\/v2\/media?parent=2074"}],"curies":[{"name":"wp","href":"https:\/\/api.w.org\/{rel}","templated":true}]}}