{"id":8,"date":"2021-09-23T09:07:06","date_gmt":"2021-09-23T15:07:06","guid":{"rendered":"https:\/\/multimedia.uned.ac.cr\/ecen\/sap-matematica-2021\/?page_id=8"},"modified":"2022-09-20T14:47:32","modified_gmt":"2022-09-20T14:47:32","slug":"registro","status":"publish","type":"page","link":"https:\/\/multimedia.uned.ac.cr\/ecen\/sap-matematica-2022\/registro\/","title":{"rendered":"Inscripci\u00f3n"},"content":{"rendered":"\n<div class=\"wp-block-columns is-layout-flex wp-container-core-columns-is-layout-9d6595d7 wp-block-columns-is-layout-flex\">\n<div class=\"wp-block-column is-layout-flow wp-block-column-is-layout-flow\" style=\"flex-basis:100%\">\n<p>Estimada persona participante, la comisi\u00f3n organizadora del V SAP ofrece este espacio para el proceso de inscripci\u00f3n a las diversas actividades del seminario. <strong>Es importante que revise en detalle el programa<\/strong>. <\/p>\n\n\n\n<p>Algunos aspectos generales:<\/p>\n\n\n\n<ol class=\"wp-block-list\"><li>Las plenarias y charlas son abiertas al p\u00fablico por lo que, aunque requieren de inscripci\u00f3n, no tienen cupo limitado.<\/li><li>Los talleres asincr\u00f3nicos requieren de inscripci\u00f3n y tienen cupo limitado de 20 participantes cada uno.<ul><li>Podr\u00e1 seleccionar solo un taller asincr\u00f3nico.<\/li><\/ul><\/li><li>Los talleres presenciales requieren de inscripci\u00f3n y tienen cupo limitado de 20 participantes cada uno. <strong>Estos se impartir\u00e1n en la Sede Universitaria de Cartago.<\/strong><ul><li>Podr\u00e1 seleccionar solo un taller Presencial por bloque.<\/li><\/ul><\/li><li>Los talleres tienen requisitos. <\/li><\/ol>\n\n\n\n<p><strong>Las actividades son gratuitas<\/strong> y se podr\u00eda optar por una constancia de participaci\u00f3n:<\/p>\n\n\n\n<ul class=\"wp-block-list\"><li><strong>Por 10,5 horas<\/strong> para quienes participen de todas las actividades virtuales sincr\u00f3nicas y asincr\u00f3nica.<\/li><li><strong>Por 15 horas<\/strong> para quienes participen de todas las actividades virtuales sincr\u00f3nicas y asincr\u00f3nicas as\u00ed como en la sesi\u00f3n presencial del s\u00e1bado.<\/li><\/ul>\n\n\n\n<p><strong>La comisi\u00f3n revisar\u00e1 que se cumpla con todas las condiciones de partipaci\u00f3n, as\u00ed como con las evidencias en los talleres asincr\u00f3nicos y los presenciales para poder certificar la participaci\u00f3n<\/strong>. Adem\u00e1s, debe indicarse que la constancia ser\u00e1 enviada a la Sede Universitaria de la UNED (Centro Universitario) que usted indique en el formulario de inscripci\u00f3n.<\/p>\n\n\n\n<p><strong>Nota: el Taller 2 asincr\u00f3nico con nombre Taller de estad\u00edstica y probabilidad implementando el software<em> GeoGebra<\/em> ya no tiene cupos disponibles.<\/strong><\/p>\n\n\n\n<p class=\"has-text-align-center\"><a href=\"https:\/\/forms.gle\/MAVN4agTAP72U3Jx5\" target=\"_blank\" rel=\"noreferrer noopener\">Formulario de inscripci\u00f3n<\/a><\/p>\n<\/div>\n<\/div>\n\n\n\n<p><\/p>\n","protected":false},"excerpt":{"rendered":"<p>Estimada persona participante, la comisi\u00f3n organizadora del V SAP ofrece este espacio para el proceso de inscripci\u00f3n a las diversas actividades del seminario. Es importante que revise en detalle el programa. Algunos aspectos generales: Las plenarias y charlas son abiertas al p\u00fablico por lo que, aunque requieren de inscripci\u00f3n, no tienen cupo limitado. Los talleres asincr\u00f3nicos requieren de inscripci\u00f3n y tienen cupo limitado de 20 participantes cada uno. Podr\u00e1 seleccionar solo un taller asincr\u00f3nico. Los talleres presenciales requieren de inscripci\u00f3n y tienen cupo limitado de 20 participantes cada uno. Estos se impartir\u00e1n en la Sede Universitaria de Cartago. Podr\u00e1 seleccionar\u2026<\/p>\n","protected":false},"author":351,"featured_media":0,"parent":0,"menu_order":0,"comment_status":"closed","ping_status":"closed","template":"page-full-width.php","meta":{"_acf_changed":false,"_monsterinsights_skip_tracking":false,"_monsterinsights_sitenote_active":false,"_monsterinsights_sitenote_note":"","_monsterinsights_sitenote_category":0,"_coblocks_attr":"","_coblocks_dimensions":"","_coblocks_responsive_height":"","_coblocks_accordion_ie_support":"","footnotes":""},"class_list":["post-8","page","type-page","status-publish","hentry"],"acf":[],"_links":{"self":[{"href":"https:\/\/multimedia.uned.ac.cr\/ecen\/sap-matematica-2022\/wp-json\/wp\/v2\/pages\/8","targetHints":{"allow":["GET"]}}],"collection":[{"href":"https:\/\/multimedia.uned.ac.cr\/ecen\/sap-matematica-2022\/wp-json\/wp\/v2\/pages"}],"about":[{"href":"https:\/\/multimedia.uned.ac.cr\/ecen\/sap-matematica-2022\/wp-json\/wp\/v2\/types\/page"}],"author":[{"embeddable":true,"href":"https:\/\/multimedia.uned.ac.cr\/ecen\/sap-matematica-2022\/wp-json\/wp\/v2\/users\/351"}],"replies":[{"embeddable":true,"href":"https:\/\/multimedia.uned.ac.cr\/ecen\/sap-matematica-2022\/wp-json\/wp\/v2\/comments?post=8"}],"version-history":[{"count":14,"href":"https:\/\/multimedia.uned.ac.cr\/ecen\/sap-matematica-2022\/wp-json\/wp\/v2\/pages\/8\/revisions"}],"predecessor-version":[{"id":754,"href":"https:\/\/multimedia.uned.ac.cr\/ecen\/sap-matematica-2022\/wp-json\/wp\/v2\/pages\/8\/revisions\/754"}],"wp:attachment":[{"href":"https:\/\/multimedia.uned.ac.cr\/ecen\/sap-matematica-2022\/wp-json\/wp\/v2\/media?parent=8"}],"curies":[{"name":"wp","href":"https:\/\/api.w.org\/{rel}","templated":true}]}}