{"id":428,"date":"2021-09-23T08:27:19","date_gmt":"2021-09-23T14:27:19","guid":{"rendered":"https:\/\/multimedia.uned.ac.cr\/ecen\/sap-matematica-2021\/?page_id=4"},"modified":"2022-09-08T16:09:36","modified_gmt":"2022-09-08T16:09:36","slug":"inicio","status":"publish","type":"page","link":"https:\/\/multimedia.uned.ac.cr\/ecen\/sap-matematica-2022\/","title":{"rendered":"Informaci\u00f3n general"},"content":{"rendered":"<div class=\"wp-block-image\">\n<figure class=\"aligncenter size-full\"><img loading=\"lazy\" decoding=\"async\" width=\"611\" height=\"330\" src=\"https:\/\/multimedia.uned.ac.cr\/ecen\/sap-matematica-2022\/wp-content\/uploads\/sites\/35\/2022\/08\/Logo-2022.jpg\" alt=\"\" class=\"wp-image-449\" srcset=\"https:\/\/multimedia.uned.ac.cr\/ecen\/sap-matematica-2022\/wp-content\/uploads\/sites\/35\/2022\/08\/Logo-2022.jpg 611w, https:\/\/multimedia.uned.ac.cr\/ecen\/sap-matematica-2022\/wp-content\/uploads\/sites\/35\/2022\/08\/Logo-2022-300x162.jpg 300w\" sizes=\"auto, (min-width: 900px) 600px, 900px\" \/><\/figure>\n<\/div>\n\n\n<p>El&nbsp;<strong>V Seminario de Actualizaci\u00f3n Profesional<\/strong>&nbsp;<strong>(V SAP 2022)<\/strong>&nbsp;organizado por la Carrera Ense\u00f1anza de la Matem\u00e1tica de la Universidad Estatal a Distancia se realizar\u00e1&nbsp;los d\u00edas<\/p>\n\n\n\n<ul class=\"wp-block-list\"><li><strong>Martes 20 de septiembre del 2022<\/strong>. En horario de 4:30 p. m. a 8:30 p. m. con actividades sincr\u00f3nicas y asincr\u00f3nicas.<\/li><li><strong>Viernes 23 de septiembre del 2022<\/strong>. En horario de 5:00 p. m. a 9:30 p. m. con actividades sincr\u00f3nicas y asincr\u00f3nicas.<\/li><li><strong>S\u00e1bado 24 de septiembre del 2022.<\/strong> En horario de 8:00 a. m. a 4:00 p. m. con actividades presenciales en la Sede Universitaria de Cartago.<\/li><\/ul>\n\n\n\n<p>La actividad contar\u00e1 con la participaci\u00f3n de expertos nacionales e internacionales, los cuales impartir\u00e1n conferencias plenarias, talleres (estos tienen un cupo limitado) y charlas.<\/p>\n\n\n\n<p><strong>Las actividades son gratuitas<\/strong> y se podr\u00eda optar por una constancia de participaci\u00f3n:<\/p>\n\n\n\n<ul class=\"wp-block-list\"><li><strong>Por 10,5 horas<\/strong> para quienes participen de todas las actividades virtuales sincr\u00f3nicas y asincr\u00f3nicas.<\/li><li><strong>Por 15 horas<\/strong> para quienes participen de todas las actividades virtuales sincr\u00f3nicas y asincr\u00f3nicas as\u00ed como en la sesi\u00f3n presencial del s\u00e1bado.<\/li><\/ul>\n\n\n\n<p>La comisi\u00f3n revisar\u00e1 que se cumpla con todas las condiciones de participaci\u00f3n y evidencias en los talleres asincr\u00f3nicos y los presenciales para poder certificar la participaci\u00f3n.<\/p>\n\n\n\n<p>Le invitamos a revisar el programa e inscribirse en las diversas actividades.<\/p>\n\n\n\n<p>\u00a1Esperamos contar con su participaci\u00f3n!<\/p>\n\n\n\n<p><strong>Nota<\/strong> <strong>importante<\/strong>: <em>los talleres presenciales se impartir\u00e1n tambi\u00e9n en otras regiones del pa\u00eds en durante el 2022-2023 como parte de acciones ya comtempladas por la comisi\u00f3n organizadora.<\/em><\/p>\n\n\n\n<div class=\"wp-block-coblocks-accordion\">\n<div class=\"wp-block-coblocks-accordion-item\"><details><summary class=\"wp-block-coblocks-accordion-item__title\"><strong><span class=\"has-inline-color has-vivid-cyan-blue-color\"><span class=\"uppercase\">Descripci\u00f3n<\/span><\/span><\/strong><\/summary><div class=\"wp-block-coblocks-accordion-item__content\">\n<p>Los Seminarios de Actualizaci\u00f3n Profesional, surgen como parte de las actividades impulsadas por la carrera Ense\u00f1anza de la Matem\u00e1tica de la UNED para integrar a personas profesoras, estudiantes y graduadas en el \u00e1rea de la Ense\u00f1anza de la Matem\u00e1tica. <\/p>\n\n\n\n<p>Los SAP tienen como prop\u00f3sito la actualizaci\u00f3n profesional, la cual debe ser constante y acorde a las necesidades educativas del pa\u00eds. Distintas tem\u00e1ticas relacionadas a la Educaci\u00f3n Matem\u00e1tica, como did\u00e1cticas espec\u00edficas, evaluaci\u00f3n, curr\u00edculo y uso de las TIC, son fundamentales, ya que influencian en las diversas actividades que desarrolla el docente en su sal\u00f3n de clases para el mejoramiento de la educaci\u00f3n costarricense.<\/p>\n<\/div><\/details><\/div>\n<\/div>\n\n\n\n<div class=\"wp-block-coblocks-accordion\">\n<div class=\"wp-block-coblocks-accordion-item\"><details><summary class=\"wp-block-coblocks-accordion-item__title\"><span class=\"uppercase\"><strong><span class=\"has-inline-color has-vivid-cyan-blue-color\">Objetivo<\/span><\/strong><\/span><\/summary><div class=\"wp-block-coblocks-accordion-item__content\">\n<p class=\"has-text-align-left\">Propiciar un espacio de reflexi\u00f3n entre personas expertas nacionales e internacionales, profesoras, estudiantes y graduadas de la Carrera Ense\u00f1anza de la Matem\u00e1tica sobre t\u00f3picos relacionados con la Educaci\u00f3n Matem\u00e1tica.<\/p>\n<\/div><\/details><\/div>\n<\/div>\n\n\n\n<div class=\"wp-block-coblocks-accordion\">\n<div class=\"wp-block-coblocks-accordion-item\"><details><summary class=\"wp-block-coblocks-accordion-item__title\"><span class=\"uppercase\"><strong><span class=\"has-inline-color has-vivid-cyan-blue-color\">Tem\u00e1ticas<\/span><\/strong><\/span><\/summary><div class=\"wp-block-coblocks-accordion-item__content\">\n<p>Las actividades de este V Seminario de Actualizaci\u00f3n Profesional girar\u00e1n en torno a distintas tem\u00e1ticas relacionadas a la Educaci\u00f3n matem\u00e1tica:<\/p>\n\n\n\n<ul class=\"wp-block-list\"><li>Uso de tecnolog\u00eda en educaci\u00f3n.<\/li><li>Probabilidad y estad\u00edstica.<\/li><li>Resoluci\u00f3n de problemas.<\/li><li>Producci\u00f3n de materiales.<\/li><li>Did\u00e1cticas espec\u00edficas.<\/li><li>Ansiedad Matem\u00e1tica.<\/li><li>Investigaci\u00f3n.<\/li><\/ul>\n<\/div><\/details><\/div>\n<\/div>\n\n\n\n<div class=\"wp-block-coblocks-accordion\">\n<div class=\"wp-block-coblocks-accordion-item\"><details><summary class=\"wp-block-coblocks-accordion-item__title\"><span class=\"uppercase\"><span><mark style=\"background-color: rgba(0, 0, 0, 0);\" class=\"has-inline-color has-vivid-cyan-blue-color\"><b>UNED SEDE DE caRTAGO<\/b><\/mark><\/span><\/span><\/summary><div class=\"wp-block-coblocks-accordion-item__content\"><div class=\"wp-block-image is-style-default\">\n<figure class=\"aligncenter size-full\"><img loading=\"lazy\" decoding=\"async\" width=\"933\" height=\"490\" src=\"https:\/\/multimedia.uned.ac.cr\/ecen\/sap-matematica-2022\/wp-content\/uploads\/sites\/35\/2022\/09\/UNED_CARTAGO.png\" alt=\"\" class=\"wp-image-699\" srcset=\"https:\/\/multimedia.uned.ac.cr\/ecen\/sap-matematica-2022\/wp-content\/uploads\/sites\/35\/2022\/09\/UNED_CARTAGO.png 933w, https:\/\/multimedia.uned.ac.cr\/ecen\/sap-matematica-2022\/wp-content\/uploads\/sites\/35\/2022\/09\/UNED_CARTAGO-300x158.png 300w, https:\/\/multimedia.uned.ac.cr\/ecen\/sap-matematica-2022\/wp-content\/uploads\/sites\/35\/2022\/09\/UNED_CARTAGO-768x403.png 768w\" sizes=\"auto, (min-width: 900px) 600px, 900px\" \/><\/figure>\n<\/div>\n\n\n<p>Las actividades del s\u00e1bado 24 de setiembre se llevar\u00e1n a cabo en la Sede de Cartago en formato presencial. Iniciaremos a las 8:00 a. m. con la videoconferencia plenaria desde la sala de videoconferencias y continuaremos con los talleres presenciales. <\/p>\n\n\n\n<p><strong>Direcci\u00f3n:&nbsp;<\/strong>Detr\u00e1s de los Tribunales de Justicia 800 al sur, frente al Colegio Miravalles.<\/p>\n\n\n\n<div style=\"min-height:400px\" data-map-attr=\"\/qaddress\/q:\/qV34J+5P5, Frente al Colegio Miravalle, C. 7, Provincia de Cartago, Cartago\/q||\/qlat\/q:\/qundefined\/q||\/qlng\/q:\/qundefined\/q||\/qskin\/q:\/qstandard\/q||\/qzoom\/q:\/q16\/q||\/qiconSize\/q:\/q36\/q||\/qmapTypeControl\/q:\/qtrue\/q||\/qzoomControl\/q:\/qtrue\/q||\/qstreetViewControl\/q:\/qtrue\/q||\/qfullscreenControl\/q:\/qtrue\/q\" class=\"wp-block-coblocks-map\"><iframe title=\"Google Map\" frameborder=\"0\" style=\"width:100%;min-height:400px\" src=\"https:\/\/www.google.com\/maps?q=V34J%2B5P5%2C%20Frente%20al%20Colegio%20Miravalle%2C%20C.%207%2C%20Provincia%20de%20Cartago%2C%20Cartago&amp;output=embed&amp;hl=es-CR&amp;z=16\"><\/iframe><\/div>\n\n\n\n<p class=\"has-medium-font-size\">\u00bfC\u00f3mo llegar ?<\/p>\n\n\n\n<figure class=\"wp-block-image is-resized\"><a href=\"https:\/\/ul.waze.com\/ul?ll=9.85568119%2C-83.91845584&amp;navigate=yes&amp;zoom=17&amp;utm_campaign=default&amp;utm_source=waze_website&amp;utm_medium=lm_share_location\" target=\"_blank\" rel=\"noreferrer noopener\"><img loading=\"lazy\" decoding=\"async\" src=\"https:\/\/multimedia.uned.ac.cr\/ecen\/sap-matematica-2022\/wp-content\/uploads\/sites\/35\/2022\/09\/waze-icon-png-2.png\" alt=\"\" class=\"wp-image-709\" width=\"63\" height=\"63\" srcset=\"https:\/\/multimedia.uned.ac.cr\/ecen\/sap-matematica-2022\/wp-content\/uploads\/sites\/35\/2022\/09\/waze-icon-png-2.png 411w, https:\/\/multimedia.uned.ac.cr\/ecen\/sap-matematica-2022\/wp-content\/uploads\/sites\/35\/2022\/09\/waze-icon-png-2-300x300.png 300w, https:\/\/multimedia.uned.ac.cr\/ecen\/sap-matematica-2022\/wp-content\/uploads\/sites\/35\/2022\/09\/waze-icon-png-2-150x150.png 150w\" sizes=\"auto, (min-width: 900px) 600px, 900px\" \/><\/a><\/figure>\n\n\n\n<figure class=\"wp-block-image size-full is-resized\"><a href=\"https:\/\/maps.google.com\/maps\/dir\/\/UNED+Cartago+V34J%2B5P5+Frente+al+Colegio+Miravalle,+C.+7+Provincia+de+Cartago,+Cartago\/@9.8553931,-83.9181412,18z\/data=!4m5!4m4!1m0!1m2!1m1!1s0x8fa0dff10871c51b:0x8d1b1928f1e2e402\"><img loading=\"lazy\" decoding=\"async\" src=\"https:\/\/multimedia.uned.ac.cr\/ecen\/sap-matematica-2022\/wp-content\/uploads\/sites\/35\/2022\/09\/81081c1c46b356ed446fc708ce61db9f-1.jpg\" alt=\"\" class=\"wp-image-714\" width=\"58\" height=\"61\" srcset=\"https:\/\/multimedia.uned.ac.cr\/ecen\/sap-matematica-2022\/wp-content\/uploads\/sites\/35\/2022\/09\/81081c1c46b356ed446fc708ce61db9f-1.jpg 476w, https:\/\/multimedia.uned.ac.cr\/ecen\/sap-matematica-2022\/wp-content\/uploads\/sites\/35\/2022\/09\/81081c1c46b356ed446fc708ce61db9f-1-288x300.jpg 288w\" sizes=\"auto, (min-width: 900px) 600px, 900px\" \/><\/a><\/figure>\n<\/div><\/details><\/div>\n<\/div>\n","protected":false},"excerpt":{"rendered":"<p>El&nbsp;V Seminario de Actualizaci\u00f3n Profesional&nbsp;(V SAP 2022)&nbsp;organizado por la Carrera Ense\u00f1anza de la Matem\u00e1tica de la Universidad Estatal a Distancia se realizar\u00e1&nbsp;los d\u00edas Martes 20 de septiembre del 2022. En horario de 4:30 p. m. a 8:30 p. m. con actividades sincr\u00f3nicas y asincr\u00f3nicas. Viernes 23 de septiembre del 2022. En horario de 5:00 p. m. a 9:30 p. m. con actividades sincr\u00f3nicas y asincr\u00f3nicas. S\u00e1bado 24 de septiembre del 2022. En horario de 8:00 a. m. a 4:00 p. m. con actividades presenciales en la Sede Universitaria de Cartago. La actividad contar\u00e1 con la participaci\u00f3n de expertos nacionales e\u2026<\/p>\n","protected":false},"author":351,"featured_media":0,"parent":0,"menu_order":0,"comment_status":"closed","ping_status":"closed","template":"page-full-width.php","meta":{"_acf_changed":false,"_monsterinsights_skip_tracking":false,"_monsterinsights_sitenote_active":false,"_monsterinsights_sitenote_note":"","_monsterinsights_sitenote_category":0,"_coblocks_attr":"","_coblocks_dimensions":"","_coblocks_responsive_height":"","_coblocks_accordion_ie_support":"","footnotes":""},"class_list":["post-428","page","type-page","status-publish","hentry"],"acf":[],"_links":{"self":[{"href":"https:\/\/multimedia.uned.ac.cr\/ecen\/sap-matematica-2022\/wp-json\/wp\/v2\/pages\/428","targetHints":{"allow":["GET"]}}],"collection":[{"href":"https:\/\/multimedia.uned.ac.cr\/ecen\/sap-matematica-2022\/wp-json\/wp\/v2\/pages"}],"about":[{"href":"https:\/\/multimedia.uned.ac.cr\/ecen\/sap-matematica-2022\/wp-json\/wp\/v2\/types\/page"}],"author":[{"embeddable":true,"href":"https:\/\/multimedia.uned.ac.cr\/ecen\/sap-matematica-2022\/wp-json\/wp\/v2\/users\/351"}],"replies":[{"embeddable":true,"href":"https:\/\/multimedia.uned.ac.cr\/ecen\/sap-matematica-2022\/wp-json\/wp\/v2\/comments?post=428"}],"version-history":[{"count":28,"href":"https:\/\/multimedia.uned.ac.cr\/ecen\/sap-matematica-2022\/wp-json\/wp\/v2\/pages\/428\/revisions"}],"predecessor-version":[{"id":720,"href":"https:\/\/multimedia.uned.ac.cr\/ecen\/sap-matematica-2022\/wp-json\/wp\/v2\/pages\/428\/revisions\/720"}],"wp:attachment":[{"href":"https:\/\/multimedia.uned.ac.cr\/ecen\/sap-matematica-2022\/wp-json\/wp\/v2\/media?parent=428"}],"curies":[{"name":"wp","href":"https:\/\/api.w.org\/{rel}","templated":true}]}}