{"id":18,"date":"2021-09-23T09:08:29","date_gmt":"2021-09-23T15:08:29","guid":{"rendered":"https:\/\/multimedia.uned.ac.cr\/ecen\/sap-matematica-2021\/?page_id=18"},"modified":"2022-09-08T16:17:14","modified_gmt":"2022-09-08T16:17:14","slug":"comite-organizador","status":"publish","type":"page","link":"https:\/\/multimedia.uned.ac.cr\/ecen\/sap-matematica-2022\/comite-organizador\/","title":{"rendered":"Comit\u00e9 organizador y contacto"},"content":{"rendered":"\n<div class=\"wp-block-coblocks-accordion\">\n<div class=\"wp-block-coblocks-accordion-item\"><details><summary class=\"wp-block-coblocks-accordion-item__title\">Comisi\u00f3n del V SAP<\/summary><div class=\"wp-block-coblocks-accordion-item__content\">\n<p>M\u00e1ster Cristian Quesada Fern\u00e1ndez<\/p>\n\n\n\n<p>M\u00e1ster Ana Mar\u00eda Monge Rojas<\/p>\n\n\n\n<p>M\u00e1ster Luis Fernando Ram\u00edrez Oviedo<\/p>\n\n\n\n<p>M\u00e1ster Emmanuel Chaves Villalobos<\/p>\n\n\n\n<p>M\u00e1ster Eric Padilla Mora<\/p>\n\n\n\n<p>Asistente administrativa: Angie Sevilla Villalta<\/p>\n\n\n\n<p><\/p>\n\n\n\n<p>Esta actividad forman parte de las organizadas por la:<\/p>\n\n\n\n<p class=\"has-text-align-center\"><strong>Comisi\u00f3n de investigaci\u00f3n y formaci\u00f3n continua en Educaci\u00f3n Matem\u00e1tica (CIFCEM)<\/strong><\/p>\n<\/div><\/details><\/div>\n<\/div>\n\n\n\n<p>Contacto:<\/p>\n\n\n\n<p>Para m\u00e1s informaci\u00f3n sobre el evento puede llamar a los tel\u00e9fonos 2202-1847 o 2202-1846. Tambi\u00e9n puede escribir al correo cifcem@uned.ac.cr.<\/p>\n","protected":false},"excerpt":{"rendered":"<p>Contacto: Para m\u00e1s informaci\u00f3n sobre el evento puede llamar a los tel\u00e9fonos 2202-1847 o 2202-1846. Tambi\u00e9n puede escribir al correo cifcem@uned.ac.cr.<\/p>\n","protected":false},"author":351,"featured_media":0,"parent":0,"menu_order":0,"comment_status":"closed","ping_status":"closed","template":"page-full-width.php","meta":{"_acf_changed":false,"_monsterinsights_skip_tracking":false,"_monsterinsights_sitenote_active":false,"_monsterinsights_sitenote_note":"","_monsterinsights_sitenote_category":0,"_coblocks_attr":"","_coblocks_dimensions":"","_coblocks_responsive_height":"","_coblocks_accordion_ie_support":"","footnotes":""},"class_list":["post-18","page","type-page","status-publish","hentry"],"acf":[],"_links":{"self":[{"href":"https:\/\/multimedia.uned.ac.cr\/ecen\/sap-matematica-2022\/wp-json\/wp\/v2\/pages\/18","targetHints":{"allow":["GET"]}}],"collection":[{"href":"https:\/\/multimedia.uned.ac.cr\/ecen\/sap-matematica-2022\/wp-json\/wp\/v2\/pages"}],"about":[{"href":"https:\/\/multimedia.uned.ac.cr\/ecen\/sap-matematica-2022\/wp-json\/wp\/v2\/types\/page"}],"author":[{"embeddable":true,"href":"https:\/\/multimedia.uned.ac.cr\/ecen\/sap-matematica-2022\/wp-json\/wp\/v2\/users\/351"}],"replies":[{"embeddable":true,"href":"https:\/\/multimedia.uned.ac.cr\/ecen\/sap-matematica-2022\/wp-json\/wp\/v2\/comments?post=18"}],"version-history":[{"count":11,"href":"https:\/\/multimedia.uned.ac.cr\/ecen\/sap-matematica-2022\/wp-json\/wp\/v2\/pages\/18\/revisions"}],"predecessor-version":[{"id":722,"href":"https:\/\/multimedia.uned.ac.cr\/ecen\/sap-matematica-2022\/wp-json\/wp\/v2\/pages\/18\/revisions\/722"}],"wp:attachment":[{"href":"https:\/\/multimedia.uned.ac.cr\/ecen\/sap-matematica-2022\/wp-json\/wp\/v2\/media?parent=18"}],"curies":[{"name":"wp","href":"https:\/\/api.w.org\/{rel}","templated":true}]}}