{"id":12,"date":"2021-09-23T09:07:39","date_gmt":"2021-09-23T15:07:39","guid":{"rendered":"https:\/\/multimedia.uned.ac.cr\/ecen\/sap-matematica-2021\/?page_id=12"},"modified":"2022-09-08T02:39:10","modified_gmt":"2022-09-08T02:39:10","slug":"conferencistas","status":"publish","type":"page","link":"https:\/\/multimedia.uned.ac.cr\/ecen\/sap-matematica-2022\/conferencistas\/","title":{"rendered":"Conferencistas"},"content":{"rendered":"\n<p><strong><span class=\"uppercase\">Internacionales<\/span><\/strong><\/p>\n\n\n\n<div class=\"wp-block-coblocks-accordion\">\n<div class=\"wp-block-coblocks-accordion-item\"><details><summary class=\"wp-block-coblocks-accordion-item__title\">Dra. Mar\u00eda Guadalupe Sim\u00f3n Ramos. <img loading=\"lazy\" decoding=\"async\" width=\"256\" height=\"256\" class=\"wp-image-304\" style=\"width: 30px\" src=\"https:\/\/multimedia.uned.ac.cr\/ecen\/sap-matematica-2022\/wp-content\/uploads\/sites\/35\/2021\/10\/mx.png\" alt=\"\" srcset=\"https:\/\/multimedia.uned.ac.cr\/ecen\/sap-matematica-2022\/wp-content\/uploads\/sites\/35\/2021\/10\/mx.png 256w, https:\/\/multimedia.uned.ac.cr\/ecen\/sap-matematica-2022\/wp-content\/uploads\/sites\/35\/2021\/10\/mx-150x150.png 150w\" sizes=\"auto, (min-width: 900px) 600px, 900px\" \/><\/summary><div class=\"wp-block-coblocks-accordion-item__content\"><div class=\"wp-block-image is-style-rounded\">\n<figure class=\"alignleft size-full is-resized\"><img loading=\"lazy\" decoding=\"async\" src=\"https:\/\/multimedia.uned.ac.cr\/ecen\/sap-matematica-2022\/wp-content\/uploads\/sites\/35\/2022\/09\/Guadalupe-Simon.jpg\" alt=\"\" class=\"wp-image-612\" width=\"167\" height=\"167\"\/><\/figure>\n<\/div>\n\n\n<p>Doctora y Maestra en Ciencias con Especialidad en Matem\u00e1tica Educativa por el Centro de Investigaci\u00f3n y de Estudios Avanzados del Instituto Polit\u00e9cnico Nacional. Profesora-Investigadora de la Universidad Aut\u00f3noma de Tamaulipas e integrante del Sistema Nacional de Investigaci\u00f3n en M\u00e9xico, nivel I. <\/p>\n\n\n\n<p>Desarrolla la l\u00ednea de investigaci\u00f3n, <em>G\u00e9nero y construcci\u00f3n social del conocimiento matem\u00e1tico<\/em>.<\/p>\n\n\n\n<p>Forma parte de la Red de Centros de Investigaci\u00f3n en Matem\u00e1tica Educativa, del Comit\u00e9 Latinoamericano de Matem\u00e1tica Educativa y de la Red de Ciencia, Tecnolog\u00eda y G\u00e9nero. <\/p>\n\n\n\n<p>Ha sido autora y coautora en diversos art\u00edculos, libros y cap\u00edtulos de libro desde la Matem\u00e1tica Educativa y la Perspectiva de G\u00e9nero.<\/p>\n\n\n\n<p><\/p>\n\n\n\n<p><\/p>\n\n\n\n<p><\/p>\n\n\n\n<p><\/p>\n<\/div><\/details><\/div>\n<\/div>\n\n\n\n<div class=\"wp-block-coblocks-accordion\"><\/div>\n\n\n\n<div class=\"wp-block-coblocks-accordion\">\n<div class=\"wp-block-coblocks-accordion-item\"><\/div>\n<\/div>\n\n\n\n<p><\/p>\n\n\n\n<p><strong><span class=\"uppercase\">Nacionales<\/span><\/strong><\/p>\n\n\n\n<div class=\"wp-block-coblocks-accordion\">\n<div class=\"wp-block-coblocks-accordion-item\"><details><summary class=\"wp-block-coblocks-accordion-item__title\">Doctoranda Ana Patricia V\u00e1squez Hern\u00e1ndez. <img loading=\"lazy\" decoding=\"async\" width=\"37\" height=\"35\" src=\"https:\/\/multimedia.uned.ac.cr\/ecen\/sap-matematica-2022\/wp-content\/uploads\/sites\/35\/2021\/10\/CRC.png\" alt=\"\"><\/summary><div class=\"wp-block-coblocks-accordion-item__content\"><div class=\"wp-block-image is-style-rounded\">\n<figure class=\"alignleft size-full is-resized\"><img loading=\"lazy\" decoding=\"async\" src=\"https:\/\/multimedia.uned.ac.cr\/ecen\/sap-matematica-2022\/wp-content\/uploads\/sites\/35\/2022\/08\/imagen-1.png\" alt=\"\" class=\"wp-image-476\" width=\"176\" height=\"162\"\/><\/figure>\n<\/div>\n\n\n<p class=\"has-text-align-left\">Doctoranda en Ciencias Sociales, M\u00e1ster en Gerencia de Proyecto y Licenciada en la Ense\u00f1anza de la Matem\u00e1tica.<\/p>\n\n\n\n<p class=\"has-text-align-left\">Labora para la Universidad Nacional en Costa Rica en la Secci\u00f3n Regional Huetar Norte y Caribe, Campus Sarapiqu\u00ed. Pionera de los estudios etnomatem\u00e1ticos en Costa Rica, con \u00e9nfasis en los conocimientos y saberes (etno) matem\u00e1ticos de los pueblos ind\u00edgenas de este pa\u00eds. Fue reconocida por la Universidad Nacional como &#8220;Extensionista destacada 2021\u201d y &#8220;Premios UNA 2016&#8221;. <\/p>\n\n\n\n<p class=\"has-text-align-left\">Ha sido gestora de proyectos integrados de investigaci\u00f3n, extensi\u00f3n y docencia para el fortalecimiento de la educaci\u00f3n matem\u00e1tica con enfoque etnomatem\u00e1tico de los pueblos ind\u00edgenas en trabajo colaborativo con la Direcci\u00f3n Regional de Educaci\u00f3n Sul\u00e1 de Talamanca del MEP, la Red Internacional de Etnomatem\u00e1tica de la cual forma parte y el la UNESCO. <\/p>\n\n\n\n<p class=\"has-text-align-left\">Es miembro del Consejo Editorial de la Universidad Nacional y cuenta con varias publicaciones en temas de Etnociencias, textos de matem\u00e1tica con enfoque etnomatem\u00e1tico, saberes matem\u00e1ticos asociados a las pr\u00e1cticas de los pueblos ind\u00edgenas, historia de la etnomatem\u00e1tica en Costa Rica, sistematizaci\u00f3n de experiencias, entre otros.<\/p>\n<\/div><\/details><\/div>\n<\/div>\n\n\n\n<div class=\"wp-block-coblocks-accordion\">\n<div class=\"wp-block-coblocks-accordion-item\"><details><summary class=\"wp-block-coblocks-accordion-item__title\">Dra. Islande Delgado Monge. <img loading=\"lazy\" decoding=\"async\" width=\"37\" height=\"35\" src=\"https:\/\/multimedia.uned.ac.cr\/ecen\/sap-matematica-2022\/wp-content\/uploads\/sites\/35\/2021\/10\/CRC.png\" alt=\"\"><\/summary><div class=\"wp-block-coblocks-accordion-item__content\"><div class=\"wp-block-image is-style-rounded\">\n<figure class=\"alignleft size-full is-resized\"><img loading=\"lazy\" decoding=\"async\" src=\"https:\/\/multimedia.uned.ac.cr\/ecen\/sap-matematica-2022\/wp-content\/uploads\/sites\/35\/2022\/09\/imagen-2.png\" alt=\"\" class=\"wp-image-665\" width=\"159\" height=\"159\" srcset=\"https:\/\/multimedia.uned.ac.cr\/ecen\/sap-matematica-2022\/wp-content\/uploads\/sites\/35\/2022\/09\/imagen-2.png 648w, https:\/\/multimedia.uned.ac.cr\/ecen\/sap-matematica-2022\/wp-content\/uploads\/sites\/35\/2022\/09\/imagen-2-300x300.png 300w, https:\/\/multimedia.uned.ac.cr\/ecen\/sap-matematica-2022\/wp-content\/uploads\/sites\/35\/2022\/09\/imagen-2-150x150.png 150w\" sizes=\"auto, (min-width: 900px) 600px, 900px\" \/><\/figure>\n<\/div>\n\n\n<p>Docente e Investigadora de la Universidad Estatal a Distancia.<\/p>\n\n\n\n<p>Bachiller y Licenciada en la Ense\u00f1anza de la Matem\u00e1tica por la Universidad Nacional.<\/p>\n\n\n\n<p>M\u00e1ster en Did\u00e1ctica de la Matem\u00e1tica por la Universidad de Granada, Espa\u00f1a.<\/p>\n\n\n\n<p>Doctora en Ciencias de la Educaci\u00f3n con \u00e9nfasis en Did\u00e1ctica de la Matem\u00e1tica por la Universidad de Granada, Espa\u00f1a.<\/p>\n\n\n\n<p>Ha publicado diversos art\u00edculos relacionados con &#8220;Ansiedad Matem\u00e1tica y Ansiedad ante la Ense\u00f1anza de la Matem\u00e1tica&#8221;. Adem\u00e1s, ha sido directora de diversos trabajos de graduaci\u00f3n en la Licenciatura de la Carrera Ense\u00f1anza de la Matem\u00e1tica de la UNED.<\/p>\n<\/div><\/details><\/div>\n<\/div>\n\n\n\n<div class=\"wp-block-group\"><div class=\"wp-block-group__inner-container is-layout-flow wp-block-group-is-layout-flow\">\n<div class=\"wp-block-coblocks-accordion\">\n<div class=\"wp-block-coblocks-accordion-item\"><details><summary class=\"wp-block-coblocks-accordion-item__title\">Mag. Alejandra S\u00e1nchez \u00c1vila. <img loading=\"lazy\" decoding=\"async\" width=\"37\" height=\"35\" src=\"https:\/\/multimedia.uned.ac.cr\/ecen\/sap-matematica-2022\/wp-content\/uploads\/sites\/35\/2021\/10\/CRC.png\" alt=\"\"><\/summary><div class=\"wp-block-coblocks-accordion-item__content\"><div class=\"wp-block-image is-style-rounded\">\n<figure class=\"alignleft size-full\"><img loading=\"lazy\" decoding=\"async\" width=\"201\" height=\"244\" src=\"https:\/\/multimedia.uned.ac.cr\/ecen\/sap-matematica-2022\/wp-content\/uploads\/sites\/35\/2022\/08\/imagen-2.png\" alt=\"\" class=\"wp-image-477\"\/><\/figure>\n<\/div>\n\n\n<p>Por 10 a\u00f1os fue docente de matem\u00e1tica a nivel de secundaria en el Ministerio de Educaci\u00f3n P\u00fablica. Ha laborado por m\u00e1s de 16 a\u00f1os como profesora en la Universidad Estatal a Distancia, misma entidad en la que hoy se desempe\u00f1a como Encargada de la C\u00e1tedra Did\u00e1ctica de la Matem\u00e1tica, de d\u00f3nde coordina asignaturas para la formaci\u00f3n de futuras personas docentes de ense\u00f1anza media y I y II ciclos de la Educaci\u00f3n General B\u00e1sica, en estos \u00faltimos ciclos tambi\u00e9n participa de la formaci\u00f3n de las personas educadoras ind\u00edgenas cab\u00e9cares. Adem\u00e1s, desde el 2020 representa a la Universidad en la Comisi\u00f3n organizadora de la Olimpiada Costarricense de Matem\u00e1tica para la Educaci\u00f3n Primaria OLCOMEP y la Internacional OLIMPRI.&nbsp;<\/p>\n\n\n\n<p>Tambi\u00e9n ha fungido como autora y revisora de materiales did\u00e1cticos y art\u00edculos cient\u00edficos para primaria, secundaria y universidad en medios nacionales e internacionales.&nbsp;<\/p>\n\n\n\n<p>Es Bachiller en la Ense\u00f1anza de la Matem\u00e1tica Asistida por Computadora por el Instituto Tecnol\u00f3gico de Costa Rica, Licenciada en Docencia y M\u00e1ster en Psicopedagog\u00eda por la UNED.&nbsp;<\/p>\n<\/div><\/details><\/div>\n\n\n\n<div class=\"wp-block-coblocks-accordion-item\"><details><summary class=\"wp-block-coblocks-accordion-item__title\">M\u00e1ster Luis Fernando Ram\u00edrez Oviedo. <img loading=\"lazy\" decoding=\"async\" width=\"37\" height=\"35\" src=\"https:\/\/multimedia.uned.ac.cr\/ecen\/sap-matematica-2022\/wp-content\/uploads\/sites\/35\/2021\/10\/CRC.png\" alt=\"\"><\/summary><div class=\"wp-block-coblocks-accordion-item__content\"><div class=\"wp-block-image is-style-rounded\">\n<figure class=\"alignleft size-full is-resized\"><img loading=\"lazy\" decoding=\"async\" src=\"https:\/\/multimedia.uned.ac.cr\/ecen\/sap-matematica-2022\/wp-content\/uploads\/sites\/35\/2022\/09\/imagen-4.png\" alt=\"\" class=\"wp-image-670\" width=\"180\" height=\"180\" srcset=\"https:\/\/multimedia.uned.ac.cr\/ecen\/sap-matematica-2022\/wp-content\/uploads\/sites\/35\/2022\/09\/imagen-4.png 1024w, https:\/\/multimedia.uned.ac.cr\/ecen\/sap-matematica-2022\/wp-content\/uploads\/sites\/35\/2022\/09\/imagen-4-300x300.png 300w, https:\/\/multimedia.uned.ac.cr\/ecen\/sap-matematica-2022\/wp-content\/uploads\/sites\/35\/2022\/09\/imagen-4-150x150.png 150w, https:\/\/multimedia.uned.ac.cr\/ecen\/sap-matematica-2022\/wp-content\/uploads\/sites\/35\/2022\/09\/imagen-4-768x765.png 768w\" sizes=\"auto, (min-width: 900px) 600px, 900px\" \/><\/figure>\n<\/div>\n\n\n<p>Acad\u00e9mico de la Universidad Estatal a Distancia, con m\u00e1s de 10 a\u00f1os de experiencia en docencia en secundaria y docencia universitaria. Actualmente coordinador de la C\u00e1tedra de Matem\u00e1ticas Superiores de la carrera de Ense\u00f1anza de la Matem\u00e1tica.<\/p>\n\n\n\n<p>Miembro de la Comisi\u00f3n de Investigaci\u00f3n y Extensi\u00f3n de la Escuela de Ciencias Exactas y Naturales, miembro de la Comisi\u00f3n de Olimpiadas Costarricenses de Matem\u00e1ticas y de la Comisi\u00f3n de Investigaci\u00f3n y Formaci\u00f3n Continua en Educaci\u00f3n Matem\u00e1tica de la UNED.<\/p>\n\n\n\n<p>Con estudios de bachillerato y licenciatura en Ense\u00f1anza de la Matem\u00e1tica por la Universidad de Costa Rica (UCR), Maestr\u00eda en Educaci\u00f3n y Nuevas Tecnolog\u00edas por la Universidad UDIMA de Espa\u00f1a. Actualmente cursando el posgrado en Matem\u00e1tica Educativa en el Centro de Investigaci\u00f3n en Ciencia Aplicada y Tecnolog\u00eda Avanzada del Instituto Polit\u00e9cnico Nacional de M\u00e9xico (CICATA-IPN).<\/p>\n<\/div><\/details><\/div>\n<\/div>\n<\/div><\/div>\n\n\n\n<div class=\"wp-block-coblocks-accordion\">\n<div class=\"wp-block-coblocks-accordion-item\"><details><summary class=\"wp-block-coblocks-accordion-item__title\">M\u00e1ster Emmanuel Chaves Villalobos. <img loading=\"lazy\" decoding=\"async\" width=\"37\" height=\"35\" src=\"https:\/\/multimedia.uned.ac.cr\/ecen\/sap-matematica-2022\/wp-content\/uploads\/sites\/35\/2021\/10\/CRC.png\" alt=\"\"><\/summary><div class=\"wp-block-coblocks-accordion-item__content\"><div class=\"wp-block-image is-style-rounded\">\n<figure class=\"alignleft size-full is-resized\"><img loading=\"lazy\" decoding=\"async\" src=\"https:\/\/multimedia.uned.ac.cr\/ecen\/sap-matematica-2022\/wp-content\/uploads\/sites\/35\/2022\/09\/imagen-6.png\" alt=\"\" class=\"wp-image-674\" width=\"162\" height=\"162\" srcset=\"https:\/\/multimedia.uned.ac.cr\/ecen\/sap-matematica-2022\/wp-content\/uploads\/sites\/35\/2022\/09\/imagen-6.png 1024w, https:\/\/multimedia.uned.ac.cr\/ecen\/sap-matematica-2022\/wp-content\/uploads\/sites\/35\/2022\/09\/imagen-6-300x300.png 300w, https:\/\/multimedia.uned.ac.cr\/ecen\/sap-matematica-2022\/wp-content\/uploads\/sites\/35\/2022\/09\/imagen-6-150x150.png 150w, https:\/\/multimedia.uned.ac.cr\/ecen\/sap-matematica-2022\/wp-content\/uploads\/sites\/35\/2022\/09\/imagen-6-768x765.png 768w\" sizes=\"auto, (min-width: 900px) 600px, 900px\" \/><\/figure>\n<\/div>\n\n\n<p>Docente de la Universidad Estatal a Distancia. Coordinador de la C\u00e1tedra de Matem\u00e1ticas Aplicadas de la UNED.<\/p>\n\n\n\n<p>Miembro de la comisi\u00f3n de Olimpiadas Costarricenses de Matem\u00e1ticas.<\/p>\n\n\n\n<p>M\u00e1ster en Psicopedagog\u00eda, Universidad Florencio del Castillo. Licenciado en Docencia, Universidad San Marcos. Bachiller en Ense\u00f1anza de la Matem\u00e1tica Asistida por Computadora, Instituto Tecnol\u00f3gico de Costa Rica.<\/p>\n\n\n\n<p>Investigador y expositor en diversos eventos nacionales.<\/p>\n<\/div><\/details><\/div>\n<\/div>\n","protected":false},"excerpt":{"rendered":"<p>Internacionales Nacionales<\/p>\n","protected":false},"author":351,"featured_media":0,"parent":0,"menu_order":0,"comment_status":"closed","ping_status":"closed","template":"page-full-width.php","meta":{"_acf_changed":false,"_monsterinsights_skip_tracking":false,"_monsterinsights_sitenote_active":false,"_monsterinsights_sitenote_note":"","_monsterinsights_sitenote_category":0,"_coblocks_attr":"","_coblocks_dimensions":"","_coblocks_responsive_height":"","_coblocks_accordion_ie_support":"","footnotes":""},"class_list":["post-12","page","type-page","status-publish","hentry"],"acf":[],"_links":{"self":[{"href":"https:\/\/multimedia.uned.ac.cr\/ecen\/sap-matematica-2022\/wp-json\/wp\/v2\/pages\/12","targetHints":{"allow":["GET"]}}],"collection":[{"href":"https:\/\/multimedia.uned.ac.cr\/ecen\/sap-matematica-2022\/wp-json\/wp\/v2\/pages"}],"about":[{"href":"https:\/\/multimedia.uned.ac.cr\/ecen\/sap-matematica-2022\/wp-json\/wp\/v2\/types\/page"}],"author":[{"embeddable":true,"href":"https:\/\/multimedia.uned.ac.cr\/ecen\/sap-matematica-2022\/wp-json\/wp\/v2\/users\/351"}],"replies":[{"embeddable":true,"href":"https:\/\/multimedia.uned.ac.cr\/ecen\/sap-matematica-2022\/wp-json\/wp\/v2\/comments?post=12"}],"version-history":[{"count":25,"href":"https:\/\/multimedia.uned.ac.cr\/ecen\/sap-matematica-2022\/wp-json\/wp\/v2\/pages\/12\/revisions"}],"predecessor-version":[{"id":675,"href":"https:\/\/multimedia.uned.ac.cr\/ecen\/sap-matematica-2022\/wp-json\/wp\/v2\/pages\/12\/revisions\/675"}],"wp:attachment":[{"href":"https:\/\/multimedia.uned.ac.cr\/ecen\/sap-matematica-2022\/wp-json\/wp\/v2\/media?parent=12"}],"curies":[{"name":"wp","href":"https:\/\/api.w.org\/{rel}","templated":true}]}}