{"id":8,"date":"2021-09-23T09:07:06","date_gmt":"2021-09-23T15:07:06","guid":{"rendered":"https:\/\/multimedia.uned.ac.cr\/ecen\/sap-matematica-2021\/?page_id=8"},"modified":"2021-10-13T13:49:31","modified_gmt":"2021-10-13T19:49:31","slug":"registro","status":"publish","type":"page","link":"https:\/\/multimedia.uned.ac.cr\/ecen\/sap-matematica-2021\/registro\/","title":{"rendered":"Inscripci\u00f3n"},"content":{"rendered":"\n<div class=\"wp-block-columns is-layout-flex wp-container-core-columns-is-layout-9d6595d7 wp-block-columns-is-layout-flex\">\n<div class=\"wp-block-column is-layout-flow wp-block-column-is-layout-flow\" style=\"flex-basis:100%\">\n<p>Estimado participante, la comisi\u00f3n organizadora del IV SAP ofrece este espacio para el proceso de inscripci\u00f3n a las diversas actividades del seminario. <strong>Es importante que revise en detalle el programa<\/strong>. <\/p>\n\n\n\n<p>Algunos aspectos generales:<\/p>\n\n\n\n<ol class=\"wp-block-list\"><li>Las plenarias, charlas y mesa redonda son abiertas al p\u00fablico por lo que, aunque requieren de inscripci\u00f3n, no tienen cupo limitado.<\/li><li>Los talleres tanto sincr\u00f3nicos como asincr\u00f3nicos requieren de inscripci\u00f3n y tienen cupo limitado de 20 participantes cada uno.<\/li><li>Podr\u00e1 seleccionar solo un taller asincr\u00f3nico.<\/li><li>Podr\u00e1 seleccionar solo un taller sincr\u00f3nico.<\/li><li>Los talleres tienen requisitos. <\/li><\/ol>\n\n\n\n<p>Se podr\u00e1 ofrecer un certificado de participaci\u00f3n, no obstante, para ello deber\u00e1 asistir a las plenarias, charlas, mesa redonda y participar en uno de los talleres asincr\u00f3nicos y en otro sincr\u00f3nico. La comisi\u00f3n revisar\u00e1 quienes cumplieron con estos requisitos y se le enviar\u00e1 la constancia, d\u00edas despu\u00e9s de concluido el evento, al Centro Universitario que usted indique en el formulario de inscripci\u00f3n.<\/p>\n\n\n\n<p class=\"has-text-align-center\"><a href=\"https:\/\/docs.google.com\/forms\/d\/1cBHLI-lA1rTLqz-a9JblXzJuV2f-xOx5mq6pqZgKjN8\/edit?ts=615c8f7d\" data-type=\"URL\" data-id=\"https:\/\/docs.google.com\/forms\/d\/1cBHLI-lA1rTLqz-a9JblXzJuV2f-xOx5mq6pqZgKjN8\/edit?ts=615c8f7d\" target=\"_blank\" rel=\"noreferrer noopener\">Formulario de inscripci\u00f3n<\/a><\/p>\n<\/div>\n<\/div>\n\n\n\n<p><\/p>\n","protected":false},"excerpt":{"rendered":"<p>Estimado participante, la comisi\u00f3n organizadora del IV SAP ofrece este espacio para el proceso de inscripci\u00f3n a las diversas actividades del seminario. Es importante que revise en detalle el programa. Algunos aspectos generales: Las plenarias, charlas y mesa redonda son abiertas al p\u00fablico por lo que, aunque requieren de inscripci\u00f3n, no tienen cupo limitado. Los talleres tanto sincr\u00f3nicos como asincr\u00f3nicos requieren de inscripci\u00f3n y tienen cupo limitado de 20 participantes cada uno. Podr\u00e1 seleccionar solo un taller asincr\u00f3nico. Podr\u00e1 seleccionar solo un taller sincr\u00f3nico. Los talleres tienen requisitos. Se podr\u00e1 ofrecer un certificado de participaci\u00f3n, no obstante, para ello deber\u00e1\u2026<\/p>\n","protected":false},"author":2,"featured_media":0,"parent":0,"menu_order":0,"comment_status":"closed","ping_status":"closed","template":"","meta":{"_acf_changed":false,"_monsterinsights_skip_tracking":false,"_monsterinsights_sitenote_active":false,"_monsterinsights_sitenote_note":"","_monsterinsights_sitenote_category":0,"_coblocks_attr":"","_coblocks_dimensions":"","_coblocks_responsive_height":"","_coblocks_accordion_ie_support":"","footnotes":""},"class_list":["post-8","page","type-page","status-publish","hentry"],"acf":[],"_links":{"self":[{"href":"https:\/\/multimedia.uned.ac.cr\/ecen\/sap-matematica-2021\/wp-json\/wp\/v2\/pages\/8","targetHints":{"allow":["GET"]}}],"collection":[{"href":"https:\/\/multimedia.uned.ac.cr\/ecen\/sap-matematica-2021\/wp-json\/wp\/v2\/pages"}],"about":[{"href":"https:\/\/multimedia.uned.ac.cr\/ecen\/sap-matematica-2021\/wp-json\/wp\/v2\/types\/page"}],"author":[{"embeddable":true,"href":"https:\/\/multimedia.uned.ac.cr\/ecen\/sap-matematica-2021\/wp-json\/wp\/v2\/users\/2"}],"replies":[{"embeddable":true,"href":"https:\/\/multimedia.uned.ac.cr\/ecen\/sap-matematica-2021\/wp-json\/wp\/v2\/comments?post=8"}],"version-history":[{"count":12,"href":"https:\/\/multimedia.uned.ac.cr\/ecen\/sap-matematica-2021\/wp-json\/wp\/v2\/pages\/8\/revisions"}],"predecessor-version":[{"id":389,"href":"https:\/\/multimedia.uned.ac.cr\/ecen\/sap-matematica-2021\/wp-json\/wp\/v2\/pages\/8\/revisions\/389"}],"wp:attachment":[{"href":"https:\/\/multimedia.uned.ac.cr\/ecen\/sap-matematica-2021\/wp-json\/wp\/v2\/media?parent=8"}],"curies":[{"name":"wp","href":"https:\/\/api.w.org\/{rel}","templated":true}]}}