{"id":4,"date":"2021-09-23T08:27:19","date_gmt":"2021-09-23T14:27:19","guid":{"rendered":"https:\/\/multimedia.uned.ac.cr\/ecen\/sap-matematica-2021\/?page_id=4"},"modified":"2021-10-14T09:06:03","modified_gmt":"2021-10-14T15:06:03","slug":"inicio","status":"publish","type":"page","link":"https:\/\/multimedia.uned.ac.cr\/ecen\/sap-matematica-2021\/","title":{"rendered":"Informaci\u00f3n general"},"content":{"rendered":"\n<div class=\"wp-block-image\"><figure class=\"aligncenter size-full is-resized\"><img decoding=\"async\" src=\"https:\/\/multimedia.uned.ac.cr\/ecen\/sap-matematica-2021\/wp-content\/uploads\/sites\/30\/2021\/10\/imagen-22.png\" alt=\"\" class=\"wp-image-426\" width=\"-95\" height=\"-50\" srcset=\"https:\/\/multimedia.uned.ac.cr\/ecen\/sap-matematica-2021\/wp-content\/uploads\/sites\/30\/2021\/10\/imagen-22.png 611w, https:\/\/multimedia.uned.ac.cr\/ecen\/sap-matematica-2021\/wp-content\/uploads\/sites\/30\/2021\/10\/imagen-22-300x161.png 300w\" sizes=\"(max-width: 611px) 100vw, 611px\" \/><\/figure><\/div>\n\n\n\n<p>El\u00a0<strong>IV Seminario de Actualizaci\u00f3n Profesional<\/strong>\u00a0<strong>(IV SAP 2021)<\/strong>\u00a0organizado por la Carrera en Ense\u00f1anza de la Matem\u00e1tica de la Universidad Estatal a Distancia se realizar\u00e1\u00a0<strong>del 01 de noviembre al 05 de noviembre de 2021 de manera virtual<\/strong>, de 5:00 p. m. a 9:00 p. m.<\/p>\n\n\n\n<p>La actividad contar\u00e1 con la participaci\u00f3n de expertos nacionales e internacionales, los cuales impartir\u00e1n conferencias plenarias, talleres (estos tienen un cupo limitado), charlas y una mesa redonda de clausura.<\/p>\n\n\n\n<p>Adem\u00e1s, como parte de las actividades y en el marco del III Congreso de Educaci\u00f3n Matem\u00e1tica de Am\u00e9rica Central y el Caribe (III CEMACYC), el viernes 05 de noviembre de 10:00 a. m. a 12:00 m. d. hora de Costa Rica, los participantes del seminario pueden ingresar al webinario \u00bfC\u00f3mo implementar curr\u00edculos escolares durante la pandemia y c\u00f3mo hacerlo durante la pos-pandemia? En el cual se ofrecer\u00e1 un espacio de reflexi\u00f3n sobre la implementaci\u00f3n curricular en Costa Rica, Espa\u00f1a y Chile, tanto en el contexto de la pandemia como de cara al de la pos-pandemia.<\/p>\n\n\n\n<p><strong>Las actividades son gratuitas<\/strong> y se podr\u00eda optar por una constancia de participaci\u00f3n, la cual se otorgar\u00e1 a los participantes que asistan a todas las plenarias y charlas, a la mesa redonda y se inscriba y participe de un taller sincr\u00f3nico y otro asincr\u00f3nico.<\/p>\n\n\n\n<p>La comisi\u00f3n revisar\u00e1 que se cumpla con estas condiciones para poder certificar la participaci\u00f3n.<\/p>\n\n\n\n<p>Le invitamos a revisar el programa e inscribirse en las diversas actividades.<\/p>\n\n\n\n<p>\u00a1Esperamos contar con su participaci\u00f3n!!!<\/p>\n\n\n\n<div class=\"wp-block-coblocks-accordion\">\n<div class=\"wp-block-coblocks-accordion-item\"><details><summary class=\"wp-block-coblocks-accordion-item__title\"><strong><span class=\"has-inline-color has-vivid-cyan-blue-color\"><span class=\"uppercase\">Descripci\u00f3n<\/span><\/span><\/strong><\/summary><div class=\"wp-block-coblocks-accordion-item__content\">\n<p>Los Seminarios de Actualizaci\u00f3n Profesional, surgen como parte de las actividades impulsadas por la carrera de de Ense\u00f1anza de la Matem\u00e1tica de la UNED para integrar a profesores, estudiantes y graduados en el \u00e1rea de la Ense\u00f1anza de la Matem\u00e1tica. <\/p>\n\n\n\n<p>Los SAP tienen como prop\u00f3sito la actualizaci\u00f3n profesional, la cual debe ser constante y acorde a las necesidades educativas del pa\u00eds. Distintas tem\u00e1ticas relacionadas a la Educaci\u00f3n Matem\u00e1tica, como did\u00e1cticas espec\u00edficas, evaluaci\u00f3n, curr\u00edculo y uso de TIC, son fundamentales, ya que influencian en las diversas actividades que desarrolla el docente en su sal\u00f3n de clases para el mejoramiento de la educaci\u00f3n costarricense.<\/p>\n<\/div><\/details><\/div>\n<\/div>\n\n\n\n<div class=\"wp-block-coblocks-accordion\">\n<div class=\"wp-block-coblocks-accordion-item\"><details><summary class=\"wp-block-coblocks-accordion-item__title\"><span class=\"uppercase\"><strong><span class=\"has-inline-color has-vivid-cyan-blue-color\">Objetivo<\/span><\/strong><\/span><\/summary><div class=\"wp-block-coblocks-accordion-item__content\">\n<p class=\"has-text-align-left\">Propiciar un espacio de reflexi\u00f3n entre expertos nacionales e internacionales, profesores, estudiantes y graduados del Programa de Ense\u00f1anza de la Matem\u00e1tica sobre t\u00f3picos relacionados con la Educaci\u00f3n Matem\u00e1tica.<\/p>\n<\/div><\/details><\/div>\n<\/div>\n\n\n\n<div class=\"wp-block-coblocks-accordion\">\n<div class=\"wp-block-coblocks-accordion-item\"><details><summary class=\"wp-block-coblocks-accordion-item__title\"><span class=\"uppercase\"><strong><span class=\"has-inline-color has-vivid-cyan-blue-color\">Tem\u00e1ticas<\/span><\/strong><\/span><\/summary><div class=\"wp-block-coblocks-accordion-item__content\">\n<p>Las actividades de este IV Seminario de Actualizaci\u00f3n Profesional girar\u00e1n en torno a distintas tem\u00e1ticas relacionadas a la Educaci\u00f3n matem\u00e1tica:<\/p>\n\n\n\n<ul class=\"wp-block-list\"><li>Uso de tecnolog\u00eda en educaci\u00f3n.<\/li><li>Probabilidad y estad\u00edstica.<\/li><li>Resoluci\u00f3n de problemas.<\/li><li>Did\u00e1cticas espec\u00edficas.<\/li><li>Formaci\u00f3n docente.<\/li><li>Investigaci\u00f3n.<\/li><\/ul>\n<\/div><\/details><\/div>\n<\/div>\n","protected":false},"excerpt":{"rendered":"<p>El\u00a0IV Seminario de Actualizaci\u00f3n Profesional\u00a0(IV SAP 2021)\u00a0organizado por la Carrera en Ense\u00f1anza de la Matem\u00e1tica de la Universidad Estatal a Distancia se realizar\u00e1\u00a0del 01 de noviembre al 05 de noviembre de 2021 de manera virtual, de 5:00 p. m. a 9:00 p. m. La actividad contar\u00e1 con la participaci\u00f3n de expertos nacionales e internacionales, los cuales impartir\u00e1n conferencias plenarias, talleres (estos tienen un cupo limitado), charlas y una mesa redonda de clausura. Adem\u00e1s, como parte de las actividades y en el marco del III Congreso de Educaci\u00f3n Matem\u00e1tica de Am\u00e9rica Central y el Caribe (III CEMACYC), el viernes 05 de\u2026<\/p>\n","protected":false},"author":2,"featured_media":0,"parent":0,"menu_order":0,"comment_status":"closed","ping_status":"closed","template":"","meta":{"_acf_changed":false,"_monsterinsights_skip_tracking":false,"_monsterinsights_sitenote_active":false,"_monsterinsights_sitenote_note":"","_monsterinsights_sitenote_category":0,"_coblocks_attr":"","_coblocks_dimensions":"","_coblocks_responsive_height":"","_coblocks_accordion_ie_support":"","footnotes":""},"class_list":["post-4","page","type-page","status-publish","hentry"],"acf":[],"_links":{"self":[{"href":"https:\/\/multimedia.uned.ac.cr\/ecen\/sap-matematica-2021\/wp-json\/wp\/v2\/pages\/4","targetHints":{"allow":["GET"]}}],"collection":[{"href":"https:\/\/multimedia.uned.ac.cr\/ecen\/sap-matematica-2021\/wp-json\/wp\/v2\/pages"}],"about":[{"href":"https:\/\/multimedia.uned.ac.cr\/ecen\/sap-matematica-2021\/wp-json\/wp\/v2\/types\/page"}],"author":[{"embeddable":true,"href":"https:\/\/multimedia.uned.ac.cr\/ecen\/sap-matematica-2021\/wp-json\/wp\/v2\/users\/2"}],"replies":[{"embeddable":true,"href":"https:\/\/multimedia.uned.ac.cr\/ecen\/sap-matematica-2021\/wp-json\/wp\/v2\/comments?post=4"}],"version-history":[{"count":15,"href":"https:\/\/multimedia.uned.ac.cr\/ecen\/sap-matematica-2021\/wp-json\/wp\/v2\/pages\/4\/revisions"}],"predecessor-version":[{"id":429,"href":"https:\/\/multimedia.uned.ac.cr\/ecen\/sap-matematica-2021\/wp-json\/wp\/v2\/pages\/4\/revisions\/429"}],"wp:attachment":[{"href":"https:\/\/multimedia.uned.ac.cr\/ecen\/sap-matematica-2021\/wp-json\/wp\/v2\/media?parent=4"}],"curies":[{"name":"wp","href":"https:\/\/api.w.org\/{rel}","templated":true}]}}