{"id":12,"date":"2021-09-23T09:07:39","date_gmt":"2021-09-23T15:07:39","guid":{"rendered":"https:\/\/multimedia.uned.ac.cr\/ecen\/sap-matematica-2021\/?page_id=12"},"modified":"2021-10-13T13:39:38","modified_gmt":"2021-10-13T19:39:38","slug":"conferencistas","status":"publish","type":"page","link":"https:\/\/multimedia.uned.ac.cr\/ecen\/sap-matematica-2021\/conferencistas\/","title":{"rendered":"Conferencistas"},"content":{"rendered":"\n<p><strong><span class=\"uppercase\">Internacionales<\/span><\/strong><\/p>\n\n\n\n<div class=\"wp-block-coblocks-accordion\">\n<div class=\"wp-block-coblocks-accordion-item\"><details><summary class=\"wp-block-coblocks-accordion-item__title\">Dra. Claudia Leticia M\u00e9ndez Bello <img loading=\"lazy\" decoding=\"async\" width=\"30\" height=\"30\" class=\"wp-image-304\" style=\"width: 30px;\" src=\"https:\/\/multimedia.uned.ac.cr\/ecen\/sap-matematica-2021\/wp-content\/uploads\/sites\/30\/2021\/10\/mx.png\" alt=\"\" srcset=\"https:\/\/multimedia.uned.ac.cr\/ecen\/sap-matematica-2021\/wp-content\/uploads\/sites\/30\/2021\/10\/mx.png 256w, https:\/\/multimedia.uned.ac.cr\/ecen\/sap-matematica-2021\/wp-content\/uploads\/sites\/30\/2021\/10\/mx-150x150.png 150w\" sizes=\"auto, (max-width: 30px) 100vw, 30px\" \/><\/summary><div class=\"wp-block-coblocks-accordion-item__content\">\n<div class=\"wp-block-image is-style-rounded\"><figure class=\"alignleft is-resized\"><img loading=\"lazy\" decoding=\"async\" src=\"https:\/\/scholar.googleusercontent.com\/citations?view_op=view_photo&amp;user=ebY3N9wAAAAJ&amp;citpid=1\" alt=\"Claudia Leticia M\u00e9ndez Bello\" width=\"146\" height=\"220\"\/><\/figure><\/div>\n\n\n\n<p>Doctora en Matem\u00e1tica Educativa por el Centro de Investigaci\u00f3n y de Estudios Avanzados del Instituto Polit\u00e9cnico Nacional. Licenciada y Maestra en Ciencias en Matem\u00e1tica Educativa por el Centro de Investigaci\u00f3n en Matem\u00e1tica Educativa de la Unidad Acad\u00e9mica de Matem\u00e1ticas de la Universidad Aut\u00f3noma de Guerrero. Nodo: Chilpancingo, M\u00e9xico.<\/p>\n\n\n\n<p>Coordinadora Acad\u00e9mica de Casio M\u00e9xico, coordinadora de la Comisi\u00f3n Acad\u00e9mica del Comit\u00e9 Latinoamericano en Matem\u00e1tica Educativa (CLAME).<\/p>\n\n\n\n<p>Representante de la Delegaci\u00f3n Mexicana del CLAME por tres a\u00f1os consecutivos (2016- 2019). Miembro de la Comisi\u00f3n Internacional del CLAME. Miembro de la Red de Centros de Investigaci\u00f3n en Matem\u00e1tica Educativa (Red CIMATES). Miembro de la Asociaci\u00f3n Nacional de Profesores de Matem\u00e1ticas en M\u00e9xico (ANPM).<\/p>\n\n\n\n<p>Form\u00f3 parte del Grupo Interdisciplinario en el \u00e1rea de Ciencias del Departamento de Planeaci\u00f3n de la Secretar\u00eda de Educaci\u00f3n del Gobierno de la Ciudad de M\u00e9xico colaborando en proyectos como: El Programa Ni\u00f1@s Talento, como tutora y Coordinaci\u00f3n Acad\u00e9mica del \u00e1rea de Ciencias, lo que le permiti\u00f3 la publicaci\u00f3n del libro \u201cConstrucci\u00f3n social de la ciencia entre las ni\u00f1as y los ni\u00f1os del Programa Ni\u00f1@s Talento\u201d en coautor\u00eda con diversos colegas.<\/p>\n\n\n\n<p>Tambi\u00e9n particip\u00f3 en proyectos de esta secretar\u00eda en convenio con el Cinvestav-IPN y UNAM, como el desarrollo del B@S Bachillerato para Sordos; Coordinaci\u00f3n Acad\u00e9mica del m\u00f3dulo de \u201cLa especializaci\u00f3n de alto nivel para la profesionalizaci\u00f3n docente en las matem\u00e1ticas de secundaria. Estudio de reproducibilidad de situaciones\u201d; y tutora en sus fases presencial y a distancia.<\/p>\n\n\n\n<p>Asidua asistente y ponente en congresos nacionales e internacionales como: Reuni\u00f3n Latinoamericana de Matem\u00e1tica Educativa (RELME); Escuela de Invierno en Matem\u00e1tica Educativa (EIME); Sociedad Matem\u00e1tica Mexicana; History and Pedagogy of Mathematics; Encuentro Centroamericano de Matem\u00e1tica Educativa; Congreso Nacional de la Ense\u00f1anza de las Matem\u00e1ticas (ANPM); entre otros. Pionera del Grupo de Discusi\u00f3n de Educaci\u00f3n Inclusiva en el congreso nacional (EIME) e internacional (RELME) con difusi\u00f3n en redes sociales.<\/p>\n<\/div><\/details><\/div>\n<\/div>\n\n\n\n<div class=\"wp-block-coblocks-accordion\">\n<div class=\"wp-block-coblocks-accordion-item\"><details><summary class=\"wp-block-coblocks-accordion-item__title\">Dra. Jeannette Galleguillos Bustamante <img loading=\"lazy\" decoding=\"async\" width=\"30\" height=\"30\" class=\"wp-image-309\" style=\"width: 30px;\" src=\"https:\/\/multimedia.uned.ac.cr\/ecen\/sap-matematica-2021\/wp-content\/uploads\/sites\/30\/2021\/10\/chile.png\" alt=\"\" srcset=\"https:\/\/multimedia.uned.ac.cr\/ecen\/sap-matematica-2021\/wp-content\/uploads\/sites\/30\/2021\/10\/chile.png 256w, https:\/\/multimedia.uned.ac.cr\/ecen\/sap-matematica-2021\/wp-content\/uploads\/sites\/30\/2021\/10\/chile-150x150.png 150w\" sizes=\"auto, (max-width: 30px) 100vw, 30px\" \/><\/summary><div class=\"wp-block-coblocks-accordion-item__content\">\n<div class=\"wp-block-image is-style-rounded\"><figure class=\"alignleft size-large\"><img loading=\"lazy\" decoding=\"async\" width=\"162\" height=\"201\" src=\"https:\/\/multimedia.uned.ac.cr\/ecen\/sap-matematica-2021\/wp-content\/uploads\/sites\/30\/2021\/10\/imagen-15.png\" alt=\"\" class=\"wp-image-163\"\/><\/figure><\/div>\n\n\n\n<p>Doctora en Educaci\u00f3n Matem\u00e1tica por la Universidad Estadual Paulista \u2013 UNESP (2016), Rio Claro\/SP (Brasil), y es Profesora adjunta del Instituto de Matem\u00e1ticas de la Universidad de Valpara\u00edso, Chile.<\/p>\n\n\n\n<p>Ha sido Directora de la Carrera de Pedagog\u00eda Matem\u00e1tica y actualmente es Directora del Instituto de Matem\u00e1ticas (IMUV). Investiga en las l\u00edneas: Formaci\u00f3n de profesores, Modelaci\u00f3n en Educaci\u00f3n Matem\u00e1tica y la Teor\u00eda de la Actividad. <\/p>\n\n\n\n<p>Es investigadora asociada del grupo de investigaci\u00f3n GPIMEM y forma parte del equipo investigador de la Red Iberoamericana MTSK (Conocimiento Especializado del Profesor de Matem\u00e1ticas). Ha sido investigadora responsable de un proyecto de investigaci\u00f3n centrado en el conocimiento del profesor en la Educaci\u00f3n Matem\u00e1tica.<\/p>\n\n\n\n<p>Email: <a href=\"mailto:jeannette.galleguillos@uv.cl\" target=\"_blank\" rel=\"noreferrer noopener\">jeannette.galleguillos@uv.cl<\/a><\/p>\n<\/div><\/details><\/div>\n<\/div>\n\n\n\n<div class=\"wp-block-coblocks-accordion\">\n<div class=\"wp-block-coblocks-accordion-item\"><details><summary class=\"wp-block-coblocks-accordion-item__title\">M.Sc. Mery Lilianenette Salinas Hern\u00e1ndez <img loading=\"lazy\" decoding=\"async\" width=\"30\" height=\"30\" class=\"wp-image-309\" style=\"width: 30px;\" src=\"https:\/\/multimedia.uned.ac.cr\/ecen\/sap-matematica-2021\/wp-content\/uploads\/sites\/30\/2021\/10\/chile.png\" alt=\"\" srcset=\"https:\/\/multimedia.uned.ac.cr\/ecen\/sap-matematica-2021\/wp-content\/uploads\/sites\/30\/2021\/10\/chile.png 256w, https:\/\/multimedia.uned.ac.cr\/ecen\/sap-matematica-2021\/wp-content\/uploads\/sites\/30\/2021\/10\/chile-150x150.png 150w\" sizes=\"auto, (max-width: 30px) 100vw, 30px\" \/><\/summary><div class=\"wp-block-coblocks-accordion-item__content\">\n<div class=\"wp-block-image is-style-rounded\"><figure class=\"alignleft size-large\"><img loading=\"lazy\" decoding=\"async\" width=\"225\" height=\"225\" src=\"https:\/\/multimedia.uned.ac.cr\/ecen\/sap-matematica-2021\/wp-content\/uploads\/sites\/30\/2021\/10\/image.jpeg\" alt=\"Mery SALINAS HERN\u00c1NDEZ | University of Granada, Granada | UGR |  Departamento de Did\u00e1ctica de la Matem\u00e1tica\" class=\"wp-image-186\" srcset=\"https:\/\/multimedia.uned.ac.cr\/ecen\/sap-matematica-2021\/wp-content\/uploads\/sites\/30\/2021\/10\/image.jpeg 225w, https:\/\/multimedia.uned.ac.cr\/ecen\/sap-matematica-2021\/wp-content\/uploads\/sites\/30\/2021\/10\/image-150x150.jpeg 150w\" sizes=\"auto, (max-width: 225px) 100vw, 225px\" \/><\/figure><\/div>\n\n\n\n<p>Licenciada en Educaci\u00f3n y M\u00e1ster en Did\u00e1ctica de la Matem\u00e1tica. <\/p>\n\n\n\n<p>Profesora de educaci\u00f3n b\u00e1sica con especialidad en matem\u00e1ticas y una experiencia de 12 a\u00f1os en aula. Actualmente desarrollo clases para ni\u00f1os de 11 a 14 a\u00f1os en la Escuela Campos Deportivos, de dependencia municipal (p\u00fablica) en la ciudad de Temuco, Chile.&nbsp;<\/p>\n\n\n\n<p>Parte de la Red Maestros de Maestros donde he desarrollado el rol tutorial en cursos de formaci\u00f3n a distancia para profesores de todo el pa\u00eds que dise\u00f1a el Centro de Perfeccionamiento y Experimentaci\u00f3n Pedag\u00f3gica (CPEIP). Tambi\u00e9n he desarrollado mentor\u00edas de acompa\u00f1amiento a profesores en pr\u00e1ctica profesional de la Universidad Cat\u00f3lica de Temuco.&nbsp;<\/p>\n<\/div><\/details><\/div>\n<\/div>\n\n\n\n<p><\/p>\n\n\n\n<p><strong><span class=\"uppercase\">Nacionales<\/span><\/strong><\/p>\n\n\n\n<div class=\"wp-block-coblocks-accordion\">\n<div class=\"wp-block-coblocks-accordion-item\"><details><summary class=\"wp-block-coblocks-accordion-item__title\">Dra. Ana Patricia Maroto Vargas<\/summary><div class=\"wp-block-coblocks-accordion-item__content\">\n<p>Doctora en Educaci\u00f3n Matem\u00e1tica <\/p>\n\n\n\n<p>Docente en la Sede de Occidente, UCR impartiendo cursos para la Secci\u00f3n de Matem\u00e1tica y para el Departamento de Educaci\u00f3n. Colaboro con la formaci\u00f3n de docentes de primaria y secundaria en matem\u00e1tica. <\/p>\n\n\n\n<p>Investigadora del Instituto de Investigaciones en Educaci\u00f3n (INIE) de la UCR Bachiller y Licenciada en Ense\u00f1anza de la Matem\u00e1tica, UCR Magister en Educaci\u00f3n con menci\u00f3n en Administraci\u00f3n Educativa, UCR.<\/p>\n\n\n\n<p>Ph. D en Educaci\u00f3n Matem\u00e1tica, North Carolina State University.<\/p>\n\n\n\n<p> <\/p>\n<\/div><\/details><\/div>\n<\/div>\n\n\n\n<div class=\"wp-block-coblocks-accordion\">\n<div class=\"wp-block-coblocks-accordion-item\"><details><summary class=\"wp-block-coblocks-accordion-item__title\">Dr. Mario Mar\u00edn Romero.<\/summary><div class=\"wp-block-coblocks-accordion-item__content\">\n<div class=\"wp-block-image is-style-rounded\"><figure class=\"alignleft size-large\"><img loading=\"lazy\" decoding=\"async\" width=\"125\" height=\"178\" src=\"https:\/\/multimedia.uned.ac.cr\/ecen\/sap-matematica-2021\/wp-content\/uploads\/sites\/30\/2021\/10\/imagen-14.png\" alt=\"\" class=\"wp-image-154\"\/><\/figure><\/div>\n\n\n\n<p>Ph.D, M.Ed., Lic.Ed, B.Mat.<\/p>\n\n\n\n<p>Es investigador y docente universitario desde 2006. Actualmente labora como productor acad\u00e9mico para la Direcci\u00f3n de Producci\u00f3n de Materiales de la &nbsp;UNED, ejerce como docente para la Maestr\u00eda Acad\u00e9mica en Educaci\u00f3n a Distancia y Aprendizaje en L\u00ednea de la UNED, y es investigador para la Escuela de Educaci\u00f3n de la Universidad de Wollongong, Australia. <\/p>\n\n\n\n<p>Tiene estudios en Ense\u00f1anza de la Matem\u00e1tica, Docencia y Psicopedagog\u00eda, adem\u00e1s, curs\u00f3 su Doctorado Integrado en Filosof\u00eda en la Universidad de Wollongong, Australia, y tiene una especialidad en Gesti\u00f3n e Implementaci\u00f3n del eLearning, por la Universidad Hochschule Furtwangen, Alemania. <\/p>\n\n\n\n<p>Sus principales intereses acad\u00e9micos se relacionan con Investigaci\u00f3n Educativa y Educaci\u00f3n a Distancia. Ha publicado tres libros y actualmente trabaja en la publicaci\u00f3n de diversos art\u00edculos cient\u00edficos relacionados con el modelado estad\u00edstico del \u00e9xito estudiantil en la educaci\u00f3n a distancia y el aprendizaje en l\u00ednea.<\/p>\n<\/div><\/details><\/div>\n\n\n\n<div class=\"wp-block-coblocks-accordion-item\"><details><summary class=\"wp-block-coblocks-accordion-item__title\">M.Sc. Luis Armando Hern\u00e1ndez Sol\u00eds.<\/summary><div class=\"wp-block-coblocks-accordion-item__content\">\n<div class=\"wp-block-image is-style-rounded\"><figure class=\"alignleft size-large\"><img loading=\"lazy\" decoding=\"async\" width=\"210\" height=\"250\" src=\"https:\/\/multimedia.uned.ac.cr\/ecen\/sap-matematica-2021\/wp-content\/uploads\/sites\/30\/2021\/10\/imagen-13.png\" alt=\"\" class=\"wp-image-151\"\/><\/figure><\/div>\n\n\n\n<p>M\u00e1ster en Did\u00e1ctica de la Matem\u00e1tica &#8211; Universidad de Granada, Espa\u00f1a<\/p>\n\n\n\n<p>Educador matem\u00e1tico interesado en temas como: Did\u00e1ctica de la Estad\u00edstica, Did\u00e1ctica de la Probabilidad, Historia de las Matem\u00e1ticas, Dise\u00f1o curricular para la educaci\u00f3n a distancia y Tecnolog\u00edas digitales para la Ense\u00f1anza de las Matem\u00e1ticas. <\/p>\n\n\n\n<p>Desde 2007 profesor de la carrera de Ense\u00f1anza de la Matem\u00e1tica de la Universidad Estatal a Distancia en Costa Rica, y miembro&nbsp;de la Comisi\u00f3n Central del Proyecto Reforma de la Educaci\u00f3n Matem\u00e1tica en Costa Rica, del Ministerio de Educaci\u00f3n P\u00fablica, desde 2010.&nbsp;&nbsp;&nbsp;<\/p>\n\n\n\n<p>Orador, organizador y revisor cient\u00edfico en eventos acad\u00e9micos dentro y fuera de Costa Rica.<\/p>\n<\/div><\/details><\/div>\n<\/div>\n\n\n\n<div class=\"wp-block-coblocks-accordion\">\n<div class=\"wp-block-coblocks-accordion-item\"><details><summary class=\"wp-block-coblocks-accordion-item__title\">Lic. Leonel Chaves Salas.<\/summary><div class=\"wp-block-coblocks-accordion-item__content\">\n<div class=\"wp-block-image is-style-rounded\"><figure class=\"alignleft is-resized\"><img loading=\"lazy\" decoding=\"async\" src=\"https:\/\/redacademica.una.ac.cr\/file\/n5471\/6-0288-0348.png\" alt=\"Le\u00f3nel Chaves Salas\" width=\"178\" height=\"178\"\/><\/figure><\/div>\n\n\n\n<p>Graduado de Licenciatura en la Ense\u00f1anza de la Matem\u00e1tica de la Universidad Nacional y Egresado de la Maestr\u00eda en Matem\u00e1tica Educativa de la Universidad&nbsp; de Costa Rica.<\/p>\n\n\n\n<p>Docente de secundaria para el Ministerio de Educaci\u00f3n P\u00fablica desde 2002 hasta el 2006.<\/p>\n\n\n\n<p>Acad\u00e9mico de la Universidad de Costa Rica desde el 2009 hasta el 2019.<\/p>\n\n\n\n<p>Acad\u00e9mico de la Universidad Nacional desde el 2006 hasta la actualidad.<\/p>\n\n\n\n<p>Coordinador de la carrera Ense\u00f1anza de la Matem\u00e1tica de Escuela de Matem\u00e1tica de la UNA desde el 2017 hasta el 2020.<\/p>\n\n\n\n<p>Miembro de la comisi\u00f3n organizadora de las Olimpiadas Costarricenses de Matem\u00e1tica (OLCOMA) desde el 2011 hasta la actualidad.<\/p>\n\n\n\n<p>Extensionista del proyecto MATEM (Matem\u00e1tica para la Ense\u00f1anza Media) de la Universidad Nacional desde el 2007 hasta el 2010.<\/p>\n\n\n\n<p>Ponente en diferentes congresos sobre educaci\u00f3n matem\u00e1tica, nacionales e internacionales.&nbsp;&nbsp;<\/p>\n\n\n\n<p>Profesor del curso optativo <strong><em>Juegos matem\u00e1ticos<\/em><\/strong> de la Escuela de Matem\u00e1tica de la Universidad Nacional en varias ocasiones.<\/p>\n<\/div><\/details><\/div>\n\n\n\n<div class=\"wp-block-coblocks-accordion-item\"><details><summary class=\"wp-block-coblocks-accordion-item__title\">M.Sc. Kory Castillo Castillo.<\/summary><div class=\"wp-block-coblocks-accordion-item__content\">\n<div class=\"wp-block-image is-style-rounded\"><figure class=\"alignleft size-large\"><img loading=\"lazy\" decoding=\"async\" width=\"180\" height=\"198\" src=\"https:\/\/multimedia.uned.ac.cr\/ecen\/sap-matematica-2021\/wp-content\/uploads\/sites\/30\/2021\/10\/imagen-20.png\" alt=\"\" class=\"wp-image-221\"\/><\/figure><\/div>\n\n\n\n<p>Profesor de Matem\u00e1tica egresado del Instituto Tecnol\u00f3gico de Costa Rica en el grado de Bachillerato y Licenciatura de la carrera MATEC. Master en entornos Virtuales de aprendizaje de la Universidad T\u00e9cnica Nacional (UTN). Experto en Elerning y Tecnolog\u00edas Educativas certificado por Fundaci\u00f3n para la actualizaci\u00f3n tecnol\u00f3gica de Latinoam\u00e9rica.<\/p>\n\n\n\n<p>Cuenta con 18 a\u00f1os de experiencia docente en niveles de educaci\u00f3n Secundaria y Universitaria, tanto en instituciones p\u00fablicas como privadas. Actualmente labora para el Ministerio de Educaci\u00f3n P\u00fablica y la Universidad Estatal a Distancia.<\/p>\n<\/div><\/details><\/div>\n<\/div>\n","protected":false},"excerpt":{"rendered":"<p>Internacionales Nacionales<\/p>\n","protected":false},"author":2,"featured_media":0,"parent":0,"menu_order":0,"comment_status":"closed","ping_status":"closed","template":"","meta":{"_acf_changed":false,"_monsterinsights_skip_tracking":false,"_monsterinsights_sitenote_active":false,"_monsterinsights_sitenote_note":"","_monsterinsights_sitenote_category":0,"_coblocks_attr":"","_coblocks_dimensions":"","_coblocks_responsive_height":"","_coblocks_accordion_ie_support":"","footnotes":""},"class_list":["post-12","page","type-page","status-publish","hentry"],"acf":[],"_links":{"self":[{"href":"https:\/\/multimedia.uned.ac.cr\/ecen\/sap-matematica-2021\/wp-json\/wp\/v2\/pages\/12","targetHints":{"allow":["GET"]}}],"collection":[{"href":"https:\/\/multimedia.uned.ac.cr\/ecen\/sap-matematica-2021\/wp-json\/wp\/v2\/pages"}],"about":[{"href":"https:\/\/multimedia.uned.ac.cr\/ecen\/sap-matematica-2021\/wp-json\/wp\/v2\/types\/page"}],"author":[{"embeddable":true,"href":"https:\/\/multimedia.uned.ac.cr\/ecen\/sap-matematica-2021\/wp-json\/wp\/v2\/users\/2"}],"replies":[{"embeddable":true,"href":"https:\/\/multimedia.uned.ac.cr\/ecen\/sap-matematica-2021\/wp-json\/wp\/v2\/comments?post=12"}],"version-history":[{"count":29,"href":"https:\/\/multimedia.uned.ac.cr\/ecen\/sap-matematica-2021\/wp-json\/wp\/v2\/pages\/12\/revisions"}],"predecessor-version":[{"id":383,"href":"https:\/\/multimedia.uned.ac.cr\/ecen\/sap-matematica-2021\/wp-json\/wp\/v2\/pages\/12\/revisions\/383"}],"wp:attachment":[{"href":"https:\/\/multimedia.uned.ac.cr\/ecen\/sap-matematica-2021\/wp-json\/wp\/v2\/media?parent=12"}],"curies":[{"name":"wp","href":"https:\/\/api.w.org\/{rel}","templated":true}]}}