{"id":56,"date":"2019-07-31T20:45:26","date_gmt":"2019-07-31T20:45:26","guid":{"rendered":"https:\/\/multimedia.uned.ac.cr\/ecen\/sap-matematica-2020\/?page_id=56"},"modified":"2020-09-03T15:21:19","modified_gmt":"2020-09-03T15:21:19","slug":"contacto","status":"publish","type":"page","link":"https:\/\/multimedia.uned.ac.cr\/ecen\/sap-matematica-2020\/contacto\/","title":{"rendered":"Contacto"},"content":{"rendered":"\n<div class=\"wp-block-coblocks-accordion\">\n<div class=\"wp-block-coblocks-accordion-item\"><details><summary class=\"wp-block-coblocks-accordion-item__title\">Comit\u00e9 organizador<\/summary><div class=\"wp-block-coblocks-accordion-item__content\">\n<ul class=\"wp-block-list\"><li>Cristian Quesada Fern\u00e1ndez <a href=\"mailto:cquesadaf@uned.ac.cr\">cquesadaf@uned.ac.cr<\/a><\/li><li>Eric Padilla Mora <a href=\"mailto:epadilla@uned.ac.cr\">epadilla@uned.ac.cr<\/a> <\/li><li>Emmanuel Chaves Villalobos <a href=\"mailto:echavesv@uned.ac.cr\">echavesv@uned.ac.cr<\/a> <\/li><li>Luis Fernando Ram\u00edrez Oviedo <a href=\"mailto:lramirez@uned.ac.cr\">lramirez@uned.ac.cr<\/a><\/li><\/ul>\n\n\n\n<p><\/p>\n<\/div><\/details><\/div>\n<\/div>\n\n\n\n<p>Para m\u00e1s informaci\u00f3n sobre el evento&nbsp;puede&nbsp;llamar a los tel\u00e9fonos&nbsp;2202-1850 o 2202-1912. Tambi\u00e9n al correo ensenanzamatematica@uned.ac.cr. <\/p>\n\n\n\n<p>Adem\u00e1s, puede hacer sus consultas por medio del siguiente formulario.<\/p>\n\n\n\n\t\t<div class=\"coblocks-form\" id=\"479e4200cc373edd10d33d40e6c67b959c54533d\">\n\n\t\t\t\n\t\t\t<form action=\"https:\/\/multimedia.uned.ac.cr\/ecen\/sap-matematica-2020\/contacto\/#479e4200cc373edd10d33d40e6c67b959c54533d\" method=\"post\">\n\t\t\t\t\n<label class=\"coblocks-label\">Name<\/label>\n\t\t<input type=\"hidden\" name=\"field-name[label]\" value=\"Name\">\n\n\t\t\t\t<input type=\"hidden\" id=\"name-field-id\" name=\"name-field-id\" class=\"coblocks-name-field-id\" value=\"field-name\" \/>\n\t\t\n\t\t<input type=\"text\" id=\"name\" name=\"field-name[value]\" class=\"coblocks-field coblocks-field--name\"  \/>\n\n\t\t\n\n<label class=\"coblocks-label\">Correo <span class=\"required\">&#042;<\/span><\/label>\n\t\t<input type=\"hidden\" name=\"field-correo[label]\" value=\"Correo\">\n\n\t\t\n\t\t<input type=\"hidden\" id=\"email-field-id\" name=\"email-field-id\" class=\"coblocks-email-field-id\" value=\"field-correo\" \/>\n\t\t<input type=\"email\" id=\"correo\" aria-label=\"Correo\" name=\"field-correo[value]\" class=\"coblocks-field coblocks-field--email\" required \/>\n\n\t\t\n\n<label class=\"coblocks-label\">Mensaje o consulta <span class=\"required\">&#042;<\/span><\/label>\n\t\t<input type=\"hidden\" name=\"field-mensaje-o-consulta[label]\" value=\"Mensaje o consulta\">\n\n\t\t\n\t\t<textarea name=\"field-mensaje-o-consulta[value]\" aria-label=\"Mensaje o consulta\" id=\"mensaje-o-consulta\" class=\"coblocks-field coblocks-textarea\" rows=\"20\" required><\/textarea>\n\n\t\t\n\n\n\t\t<div class=\"coblocks-form__submit wp-block-button\">\n\t\t\t<button type=\"submit\" class=\"wp-block-button__link\" style=\"\">Submit<\/button>\n\t\t\t<input type=\"hidden\" id=\"form-submit\" name=\"form-submit\" value=\"b3791df76b\" \/><input type=\"hidden\" name=\"_wp_http_referer\" value=\"\/ecen\/sap-matematica-2020\/wp-json\/wp\/v2\/pages\/56\" \/>\t\t\t<input type=\"hidden\" name=\"action\" value=\"coblocks-form-submit\">\n\n\t\t\t\t\t\t\t<input type=\"hidden\" class=\"g-recaptcha-token\" name=\"g-recaptcha-token\" \/>\n\t\t\t\t\t<\/div>\n\n\t\t\n\t\t\t\t<input class=\"coblocks-field verify\" aria-label=\"Enter your email address to verify\" type=\"email\" name=\"coblocks-verify-email\" autocomplete=\"off\" placeholder=\"Email\" tabindex=\"-1\">\n\t\t\t\t<input type=\"hidden\" name=\"form-hash\" value=\"479e4200cc373edd10d33d40e6c67b959c54533d\">\n\n\t\t\t\t\t\t\t<\/form>\n\n\t\t<\/div>\n\n\t\t","protected":false},"excerpt":{"rendered":"<p>Para m\u00e1s informaci\u00f3n sobre el evento&nbsp;puede&nbsp;llamar a los tel\u00e9fonos&nbsp;2202-1850 o 2202-1912. Tambi\u00e9n al correo ensenanzamatematica@uned.ac.cr. Adem\u00e1s, puede hacer sus consultas por medio del siguiente formulario.<\/p>\n","protected":false},"author":5,"featured_media":0,"parent":0,"menu_order":0,"comment_status":"closed","ping_status":"closed","template":"","meta":{"_acf_changed":false,"_monsterinsights_skip_tracking":false,"_monsterinsights_sitenote_active":false,"_monsterinsights_sitenote_note":"","_monsterinsights_sitenote_category":0,"_coblocks_attr":"","_coblocks_dimensions":"","_coblocks_responsive_height":"","_coblocks_accordion_ie_support":"","footnotes":""},"class_list":["post-56","page","type-page","status-publish","hentry"],"acf":[],"_links":{"self":[{"href":"https:\/\/multimedia.uned.ac.cr\/ecen\/sap-matematica-2020\/wp-json\/wp\/v2\/pages\/56","targetHints":{"allow":["GET"]}}],"collection":[{"href":"https:\/\/multimedia.uned.ac.cr\/ecen\/sap-matematica-2020\/wp-json\/wp\/v2\/pages"}],"about":[{"href":"https:\/\/multimedia.uned.ac.cr\/ecen\/sap-matematica-2020\/wp-json\/wp\/v2\/types\/page"}],"author":[{"embeddable":true,"href":"https:\/\/multimedia.uned.ac.cr\/ecen\/sap-matematica-2020\/wp-json\/wp\/v2\/users\/5"}],"replies":[{"embeddable":true,"href":"https:\/\/multimedia.uned.ac.cr\/ecen\/sap-matematica-2020\/wp-json\/wp\/v2\/comments?post=56"}],"version-history":[{"count":15,"href":"https:\/\/multimedia.uned.ac.cr\/ecen\/sap-matematica-2020\/wp-json\/wp\/v2\/pages\/56\/revisions"}],"predecessor-version":[{"id":423,"href":"https:\/\/multimedia.uned.ac.cr\/ecen\/sap-matematica-2020\/wp-json\/wp\/v2\/pages\/56\/revisions\/423"}],"wp:attachment":[{"href":"https:\/\/multimedia.uned.ac.cr\/ecen\/sap-matematica-2020\/wp-json\/wp\/v2\/media?parent=56"}],"curies":[{"name":"wp","href":"https:\/\/api.w.org\/{rel}","templated":true}]}}