{"id":126,"date":"2020-07-29T23:17:55","date_gmt":"2020-07-29T23:17:55","guid":{"rendered":"https:\/\/multimedia.uned.ac.cr\/ecen\/sap-matematica-2020\/?page_id=126"},"modified":"2020-10-03T15:08:53","modified_gmt":"2020-10-03T15:08:53","slug":"saps-anteriores","status":"publish","type":"page","link":"https:\/\/multimedia.uned.ac.cr\/ecen\/sap-matematica-2020\/informacion-general\/saps-anteriores\/","title":{"rendered":"Otras actividades"},"content":{"rendered":"\n<p>La <strong>Comisi\u00f3n de Investigaci\u00f3n y Formaci\u00f3n Continua en Educaci\u00f3n Matem\u00e1tica (CIFCEM)<\/strong> de la carrera de Ense\u00f1anza de la Matem\u00e1tica y el Programa de Ense\u00f1anza de la Matem\u00e1tica organizan distintos tipos de actividades acad\u00e9micas dirigidas a p\u00fablicos espec\u00edficos. Entre estas se destacan:<\/p>\n\n\n\n<h2 class=\"has-large-font-size wp-block-heading\">Encuentros de Ense\u00f1anza de la Matem\u00e1tica<\/h2>\n\n\n\n<p>Los encuentros de Ense\u00f1anza de la Matem\u00e1tica de la UNED de Costa Rica a trav\u00e9s de los a\u00f1os se han ido consolidando como uno de los eventos de mayor inter\u00e9s en la comunidad matem\u00e1tica nacional, principalmente por promover espacios de an\u00e1lisis y discusi\u00f3n para diseminar, reflexionar y valorar propuestas que contribuyan al mejoramiento de los procesos de aprendizaje de la matem\u00e1tica.<\/p>\n\n\n\n<figure class=\"wp-block-embed-youtube wp-block-embed is-type-video is-provider-youtube wp-embed-aspect-16-9 wp-has-aspect-ratio\"><div class=\"wp-block-embed__wrapper\">\n<iframe loading=\"lazy\" title=\"Memoria V Encuentro de Ense\u00f1anza de la Matem\u00e1tica - UNED 2017\" width=\"640\" height=\"360\" src=\"https:\/\/www.youtube.com\/embed\/anLaLYItIrQ?feature=oembed\" frameborder=\"0\" allow=\"accelerometer; autoplay; clipboard-write; encrypted-media; gyroscope; picture-in-picture; web-share\" referrerpolicy=\"strict-origin-when-cross-origin\" allowfullscreen><\/iframe>\n<\/div><\/figure>\n\n\n\n<hr class=\"wp-block-separator is-style-dots\"\/>\n\n\n\n<h2 class=\"has-large-font-size wp-block-heading\">Escuelas de Verano<\/h2>\n\n\n\n<p>Las Escuelas de Verano en Matem\u00e1tica constituyen un espacio de formaci\u00f3n continua para docentes y estudiantes avanzados de Ense\u00f1anza de la Matem\u00e1tica de la UNED. A trav\u00e9s de minicursos, charlas, talleres, entre otros, se pretende fortalecer las bases te\u00f3ricas en Matem\u00e1tica. Se llevan a cabo una vez al a\u00f1o, en el mes de enero, con el apoyo de especialistas invitados. <\/p>\n\n\n\n<div class=\"wp-block-coblocks-gallery-carousel\"><div class=\"is-cropped coblocks-gallery has-no-alignment has-caption-style-dark has-horizontal-gutter\"><div class=\"has-carousel has-carousel-lrg\" style=\"height:400px\" data-flickity=\"{&quot;autoPlay&quot;:false,&quot;draggable&quot;:true,&quot;pageDots&quot;:false,&quot;prevNextButtons&quot;:true,&quot;wrapAround&quot;:true,&quot;cellAlign&quot;:&quot;center&quot;,&quot;pauseAutoPlayOnHover&quot;:false,&quot;freeScroll&quot;:false,&quot;arrowShape&quot;:{&quot;x0&quot;:10,&quot;x1&quot;:60,&quot;y1&quot;:50,&quot;x2&quot;:65,&quot;y2&quot;:45,&quot;x3&quot;:20},&quot;thumbnails&quot;:false,&quot;responsiveHeight&quot;:false}\"><div class=\"coblocks-gallery--item\"><figure class=\"coblocks-gallery--figure has-margin-left-5 has-margin-left-mobile-5 has-margin-right-5 has-margin-right-mobile-5\"><img decoding=\"async\" width=\"1024\" height=\"576\" src=\"https:\/\/multimedia.uned.ac.cr\/ecen\/sap-matematica-2020\/wp-content\/uploads\/sites\/18\/2020\/08\/PHOTO-2020-01-24-15-06-15-1024x576.jpg\" alt=\"I Escuela de verano, 2020\" data-id=\"212\" data-link=\"https:\/\/multimedia.uned.ac.cr\/ecen\/sap-matematica-2020\/informacion-general\/saps-anteriores\/photo-2020-01-24-15-06-15\/\" class=\"wp-image-212\" srcset=\"https:\/\/multimedia.uned.ac.cr\/ecen\/sap-matematica-2020\/wp-content\/uploads\/sites\/18\/2020\/08\/PHOTO-2020-01-24-15-06-15-1024x576.jpg 1024w, https:\/\/multimedia.uned.ac.cr\/ecen\/sap-matematica-2020\/wp-content\/uploads\/sites\/18\/2020\/08\/PHOTO-2020-01-24-15-06-15-300x169.jpg 300w, https:\/\/multimedia.uned.ac.cr\/ecen\/sap-matematica-2020\/wp-content\/uploads\/sites\/18\/2020\/08\/PHOTO-2020-01-24-15-06-15-768x432.jpg 768w, https:\/\/multimedia.uned.ac.cr\/ecen\/sap-matematica-2020\/wp-content\/uploads\/sites\/18\/2020\/08\/PHOTO-2020-01-24-15-06-15.jpg 1280w\" sizes=\"(min-width: 900px) 700px, 900px\" \/><\/figure><\/div><div class=\"coblocks-gallery--item\"><figure class=\"coblocks-gallery--figure has-margin-left-5 has-margin-left-mobile-5 has-margin-right-5 has-margin-right-mobile-5\"><img decoding=\"async\" width=\"1024\" height=\"498\" src=\"https:\/\/multimedia.uned.ac.cr\/ecen\/sap-matematica-2020\/wp-content\/uploads\/sites\/18\/2020\/08\/PHOTO-2020-01-23-13-26-20-1-1024x498.jpg\" alt=\"I Escuela de verano, 2020\" data-id=\"207\" data-link=\"https:\/\/multimedia.uned.ac.cr\/ecen\/sap-matematica-2020\/informacion-general\/saps-anteriores\/photo-2020-01-23-13-26-20-1\/\" class=\"wp-image-207\" srcset=\"https:\/\/multimedia.uned.ac.cr\/ecen\/sap-matematica-2020\/wp-content\/uploads\/sites\/18\/2020\/08\/PHOTO-2020-01-23-13-26-20-1-1024x498.jpg 1024w, https:\/\/multimedia.uned.ac.cr\/ecen\/sap-matematica-2020\/wp-content\/uploads\/sites\/18\/2020\/08\/PHOTO-2020-01-23-13-26-20-1-300x146.jpg 300w, https:\/\/multimedia.uned.ac.cr\/ecen\/sap-matematica-2020\/wp-content\/uploads\/sites\/18\/2020\/08\/PHOTO-2020-01-23-13-26-20-1-768x373.jpg 768w, https:\/\/multimedia.uned.ac.cr\/ecen\/sap-matematica-2020\/wp-content\/uploads\/sites\/18\/2020\/08\/PHOTO-2020-01-23-13-26-20-1.jpg 1280w\" sizes=\"(min-width: 900px) 700px, 900px\" \/><\/figure><\/div><div class=\"coblocks-gallery--item\"><figure class=\"coblocks-gallery--figure has-margin-left-5 has-margin-left-mobile-5 has-margin-right-5 has-margin-right-mobile-5\"><img decoding=\"async\" width=\"1024\" height=\"498\" src=\"https:\/\/multimedia.uned.ac.cr\/ecen\/sap-matematica-2020\/wp-content\/uploads\/sites\/18\/2020\/08\/PHOTO-2020-01-24-09-48-57-1024x498.jpg\" alt=\"I Escuela de verano, 2020\" data-id=\"208\" data-link=\"https:\/\/multimedia.uned.ac.cr\/ecen\/sap-matematica-2020\/informacion-general\/saps-anteriores\/photo-2020-01-24-09-48-57\/\" class=\"wp-image-208\" srcset=\"https:\/\/multimedia.uned.ac.cr\/ecen\/sap-matematica-2020\/wp-content\/uploads\/sites\/18\/2020\/08\/PHOTO-2020-01-24-09-48-57-1024x498.jpg 1024w, https:\/\/multimedia.uned.ac.cr\/ecen\/sap-matematica-2020\/wp-content\/uploads\/sites\/18\/2020\/08\/PHOTO-2020-01-24-09-48-57-300x146.jpg 300w, https:\/\/multimedia.uned.ac.cr\/ecen\/sap-matematica-2020\/wp-content\/uploads\/sites\/18\/2020\/08\/PHOTO-2020-01-24-09-48-57-768x373.jpg 768w, https:\/\/multimedia.uned.ac.cr\/ecen\/sap-matematica-2020\/wp-content\/uploads\/sites\/18\/2020\/08\/PHOTO-2020-01-24-09-48-57.jpg 1280w\" sizes=\"(min-width: 900px) 700px, 900px\" \/><\/figure><\/div><div class=\"coblocks-gallery--item\"><figure class=\"coblocks-gallery--figure has-margin-left-5 has-margin-left-mobile-5 has-margin-right-5 has-margin-right-mobile-5\"><img decoding=\"async\" width=\"1024\" height=\"498\" src=\"https:\/\/multimedia.uned.ac.cr\/ecen\/sap-matematica-2020\/wp-content\/uploads\/sites\/18\/2020\/08\/PHOTO-2020-01-23-08-39-55-1024x498.jpg\" alt=\"I Escuela de verano, 2020\" data-id=\"204\" data-link=\"https:\/\/multimedia.uned.ac.cr\/ecen\/sap-matematica-2020\/informacion-general\/saps-anteriores\/photo-2020-01-23-08-39-55\/\" class=\"wp-image-204\" srcset=\"https:\/\/multimedia.uned.ac.cr\/ecen\/sap-matematica-2020\/wp-content\/uploads\/sites\/18\/2020\/08\/PHOTO-2020-01-23-08-39-55-1024x498.jpg 1024w, https:\/\/multimedia.uned.ac.cr\/ecen\/sap-matematica-2020\/wp-content\/uploads\/sites\/18\/2020\/08\/PHOTO-2020-01-23-08-39-55-300x146.jpg 300w, https:\/\/multimedia.uned.ac.cr\/ecen\/sap-matematica-2020\/wp-content\/uploads\/sites\/18\/2020\/08\/PHOTO-2020-01-23-08-39-55-768x373.jpg 768w, https:\/\/multimedia.uned.ac.cr\/ecen\/sap-matematica-2020\/wp-content\/uploads\/sites\/18\/2020\/08\/PHOTO-2020-01-23-08-39-55.jpg 1280w\" sizes=\"(min-width: 900px) 700px, 900px\" \/><\/figure><\/div><div class=\"coblocks-gallery--item\"><figure class=\"coblocks-gallery--figure has-margin-left-5 has-margin-left-mobile-5 has-margin-right-5 has-margin-right-mobile-5\"><img decoding=\"async\" width=\"1024\" height=\"498\" src=\"https:\/\/multimedia.uned.ac.cr\/ecen\/sap-matematica-2020\/wp-content\/uploads\/sites\/18\/2020\/08\/PHOTO-2020-01-23-08-39-55-1-1-1024x498.jpg\" alt=\"I Escuela de verano, 2020\" data-id=\"203\" data-link=\"https:\/\/multimedia.uned.ac.cr\/ecen\/sap-matematica-2020\/informacion-general\/saps-anteriores\/photo-2020-01-23-08-39-55-1-1\/\" class=\"wp-image-203\" srcset=\"https:\/\/multimedia.uned.ac.cr\/ecen\/sap-matematica-2020\/wp-content\/uploads\/sites\/18\/2020\/08\/PHOTO-2020-01-23-08-39-55-1-1-1024x498.jpg 1024w, https:\/\/multimedia.uned.ac.cr\/ecen\/sap-matematica-2020\/wp-content\/uploads\/sites\/18\/2020\/08\/PHOTO-2020-01-23-08-39-55-1-1-300x146.jpg 300w, https:\/\/multimedia.uned.ac.cr\/ecen\/sap-matematica-2020\/wp-content\/uploads\/sites\/18\/2020\/08\/PHOTO-2020-01-23-08-39-55-1-1-768x373.jpg 768w, https:\/\/multimedia.uned.ac.cr\/ecen\/sap-matematica-2020\/wp-content\/uploads\/sites\/18\/2020\/08\/PHOTO-2020-01-23-08-39-55-1-1.jpg 1280w\" sizes=\"(min-width: 900px) 700px, 900px\" \/><\/figure><\/div><\/div><\/div><\/div>\n\n\n\n<p><\/p>\n\n\n\n<div class=\"wp-block-group\"><div class=\"wp-block-group__inner-container is-layout-flow wp-block-group-is-layout-flow\">\n<p class=\"has-text-align-center\">I Escuela de Verano 2020: <br>Introducci\u00f3n al An\u00e1lisis Matem\u00e1tico<br>Introducci\u00f3n a la Teor\u00eda de Galois<\/p>\n\n\n\n<hr class=\"wp-block-separator is-style-dots\"\/>\n<\/div><\/div>\n\n\n\n<h2 class=\"wp-block-heading\">Coloquios <\/h2>\n\n\n\n<div class=\"wp-block-group\"><div class=\"wp-block-group__inner-container is-layout-flow wp-block-group-is-layout-flow\">\n<p>Los coloquios de la carrera de Ense\u00f1anza de la Matem\u00e1tica conforman un espacio con objetivos varios como la formaci\u00f3n continua, actualizaci\u00f3n profesional o divulgaci\u00f3n cient\u00edfica dirigida al personal del Programa as\u00ed como a estudiantes de la carrera de Ense\u00f1anza de la Matem\u00e1tica y educadores matem\u00e1ticos a nivel nacional, en temas relacionados con: Educaci\u00f3n Matem\u00e1tica, Matem\u00e1tica, y  cualquier tema valorado de inter\u00e9s por parte del personal del Programa. <\/p>\n\n\n\n<div class=\"wp-block-group alignfull\"><div class=\"wp-block-group__inner-container is-layout-flow wp-block-group-is-layout-flow\">\n<div class=\"wp-block-coblocks-gallery-carousel\"><div class=\"is-cropped coblocks-gallery has-caption-style-dark has-horizontal-gutter has-lightbox\"><div class=\"has-carousel has-carousel-lrg\" style=\"height:400px\" data-flickity=\"{&quot;autoPlay&quot;:false,&quot;draggable&quot;:true,&quot;pageDots&quot;:false,&quot;prevNextButtons&quot;:true,&quot;wrapAround&quot;:true,&quot;cellAlign&quot;:&quot;center&quot;,&quot;pauseAutoPlayOnHover&quot;:false,&quot;freeScroll&quot;:false,&quot;arrowShape&quot;:{&quot;x0&quot;:10,&quot;x1&quot;:60,&quot;y1&quot;:50,&quot;x2&quot;:65,&quot;y2&quot;:45,&quot;x3&quot;:20},&quot;thumbnails&quot;:false,&quot;responsiveHeight&quot;:false}\"><div class=\"coblocks-gallery--item\"><figure class=\"coblocks-gallery--figure has-margin-left-5 has-margin-left-mobile-5 has-margin-right-5 has-margin-right-mobile-5\"><img decoding=\"async\" width=\"1024\" height=\"576\" src=\"https:\/\/multimedia.uned.ac.cr\/ecen\/sap-matematica-2020\/wp-content\/uploads\/sites\/18\/2020\/08\/Coloquios_blog-3-1024x576.png\" alt=\"\" data-id=\"236\" data-link=\"https:\/\/multimedia.uned.ac.cr\/ecen\/sap-matematica-2020\/informacion-general\/saps-anteriores\/coloquios_blog-3\/\" class=\"wp-image-236\" srcset=\"https:\/\/multimedia.uned.ac.cr\/ecen\/sap-matematica-2020\/wp-content\/uploads\/sites\/18\/2020\/08\/Coloquios_blog-3-1024x576.png 1024w, https:\/\/multimedia.uned.ac.cr\/ecen\/sap-matematica-2020\/wp-content\/uploads\/sites\/18\/2020\/08\/Coloquios_blog-3-300x169.png 300w, https:\/\/multimedia.uned.ac.cr\/ecen\/sap-matematica-2020\/wp-content\/uploads\/sites\/18\/2020\/08\/Coloquios_blog-3-768x432.png 768w, https:\/\/multimedia.uned.ac.cr\/ecen\/sap-matematica-2020\/wp-content\/uploads\/sites\/18\/2020\/08\/Coloquios_blog-3-1536x864.png 1536w, https:\/\/multimedia.uned.ac.cr\/ecen\/sap-matematica-2020\/wp-content\/uploads\/sites\/18\/2020\/08\/Coloquios_blog-3-2048x1152.png 2048w\" sizes=\"(min-width: 900px) 700px, 900px\" \/><\/figure><\/div><div class=\"coblocks-gallery--item\"><figure class=\"coblocks-gallery--figure has-margin-left-5 has-margin-left-mobile-5 has-margin-right-5 has-margin-right-mobile-5\"><img decoding=\"async\" width=\"1024\" height=\"727\" src=\"https:\/\/multimedia.uned.ac.cr\/ecen\/sap-matematica-2020\/wp-content\/uploads\/sites\/18\/2020\/08\/Introducci\u00f3n-al-m\u00e9todo-de-elementos-finitos-1024x727.png\" alt=\"\" data-id=\"228\" data-link=\"https:\/\/multimedia.uned.ac.cr\/ecen\/sap-matematica-2020\/informacion-general\/saps-anteriores\/introduccion-al-metodo-de-elementos-finitos\/\" class=\"wp-image-228\" srcset=\"https:\/\/multimedia.uned.ac.cr\/ecen\/sap-matematica-2020\/wp-content\/uploads\/sites\/18\/2020\/08\/Introducci\u00f3n-al-m\u00e9todo-de-elementos-finitos-1024x727.png 1024w, https:\/\/multimedia.uned.ac.cr\/ecen\/sap-matematica-2020\/wp-content\/uploads\/sites\/18\/2020\/08\/Introducci\u00f3n-al-m\u00e9todo-de-elementos-finitos-300x213.png 300w, https:\/\/multimedia.uned.ac.cr\/ecen\/sap-matematica-2020\/wp-content\/uploads\/sites\/18\/2020\/08\/Introducci\u00f3n-al-m\u00e9todo-de-elementos-finitos-768x545.png 768w, https:\/\/multimedia.uned.ac.cr\/ecen\/sap-matematica-2020\/wp-content\/uploads\/sites\/18\/2020\/08\/Introducci\u00f3n-al-m\u00e9todo-de-elementos-finitos-1536x1090.png 1536w, https:\/\/multimedia.uned.ac.cr\/ecen\/sap-matematica-2020\/wp-content\/uploads\/sites\/18\/2020\/08\/Introducci\u00f3n-al-m\u00e9todo-de-elementos-finitos.png 1747w\" sizes=\"(min-width: 900px) 700px, 900px\" \/><\/figure><\/div><div class=\"coblocks-gallery--item\"><figure class=\"coblocks-gallery--figure has-margin-left-5 has-margin-left-mobile-5 has-margin-right-5 has-margin-right-mobile-5\"><img decoding=\"async\" width=\"1024\" height=\"727\" src=\"https:\/\/multimedia.uned.ac.cr\/ecen\/sap-matematica-2020\/wp-content\/uploads\/sites\/18\/2020\/08\/3-1-1024x727.jpg\" alt=\"\" data-id=\"196\" data-link=\"https:\/\/multimedia.uned.ac.cr\/ecen\/sap-matematica-2020\/informacion-general\/saps-anteriores\/3-1\/\" class=\"wp-image-196\" srcset=\"https:\/\/multimedia.uned.ac.cr\/ecen\/sap-matematica-2020\/wp-content\/uploads\/sites\/18\/2020\/08\/3-1-1024x727.jpg 1024w, https:\/\/multimedia.uned.ac.cr\/ecen\/sap-matematica-2020\/wp-content\/uploads\/sites\/18\/2020\/08\/3-1-300x213.jpg 300w, https:\/\/multimedia.uned.ac.cr\/ecen\/sap-matematica-2020\/wp-content\/uploads\/sites\/18\/2020\/08\/3-1-768x545.jpg 768w, https:\/\/multimedia.uned.ac.cr\/ecen\/sap-matematica-2020\/wp-content\/uploads\/sites\/18\/2020\/08\/3-1-1536x1090.jpg 1536w, https:\/\/multimedia.uned.ac.cr\/ecen\/sap-matematica-2020\/wp-content\/uploads\/sites\/18\/2020\/08\/3-1.jpg 1747w\" sizes=\"(min-width: 900px) 700px, 900px\" \/><\/figure><\/div><div class=\"coblocks-gallery--item\"><figure class=\"coblocks-gallery--figure has-margin-left-5 has-margin-left-mobile-5 has-margin-right-5 has-margin-right-mobile-5\"><img decoding=\"async\" width=\"1024\" height=\"727\" src=\"https:\/\/multimedia.uned.ac.cr\/ecen\/sap-matematica-2020\/wp-content\/uploads\/sites\/18\/2020\/08\/4-1024x727.png\" alt=\"\" data-id=\"197\" data-link=\"https:\/\/multimedia.uned.ac.cr\/ecen\/sap-matematica-2020\/informacion-general\/saps-anteriores\/attachment\/4\/\" class=\"wp-image-197\" srcset=\"https:\/\/multimedia.uned.ac.cr\/ecen\/sap-matematica-2020\/wp-content\/uploads\/sites\/18\/2020\/08\/4-1024x727.png 1024w, https:\/\/multimedia.uned.ac.cr\/ecen\/sap-matematica-2020\/wp-content\/uploads\/sites\/18\/2020\/08\/4-300x213.png 300w, https:\/\/multimedia.uned.ac.cr\/ecen\/sap-matematica-2020\/wp-content\/uploads\/sites\/18\/2020\/08\/4-768x545.png 768w, https:\/\/multimedia.uned.ac.cr\/ecen\/sap-matematica-2020\/wp-content\/uploads\/sites\/18\/2020\/08\/4-1536x1090.png 1536w, https:\/\/multimedia.uned.ac.cr\/ecen\/sap-matematica-2020\/wp-content\/uploads\/sites\/18\/2020\/08\/4.png 1747w\" sizes=\"(min-width: 900px) 700px, 900px\" \/><\/figure><\/div><div class=\"coblocks-gallery--item\"><figure class=\"coblocks-gallery--figure has-margin-left-5 has-margin-left-mobile-5 has-margin-right-5 has-margin-right-mobile-5\"><img decoding=\"async\" width=\"1024\" height=\"727\" src=\"https:\/\/multimedia.uned.ac.cr\/ecen\/sap-matematica-2020\/wp-content\/uploads\/sites\/18\/2020\/09\/coloqio_5_c-1024x727.png\" alt=\"\" data-id=\"445\" data-link=\"https:\/\/multimedia.uned.ac.cr\/ecen\/sap-matematica-2020\/informacion-general\/saps-anteriores\/coloqio_5_c\/\" class=\"wp-image-445\" srcset=\"https:\/\/multimedia.uned.ac.cr\/ecen\/sap-matematica-2020\/wp-content\/uploads\/sites\/18\/2020\/09\/coloqio_5_c-1024x727.png 1024w, https:\/\/multimedia.uned.ac.cr\/ecen\/sap-matematica-2020\/wp-content\/uploads\/sites\/18\/2020\/09\/coloqio_5_c-300x213.png 300w, https:\/\/multimedia.uned.ac.cr\/ecen\/sap-matematica-2020\/wp-content\/uploads\/sites\/18\/2020\/09\/coloqio_5_c-768x545.png 768w, https:\/\/multimedia.uned.ac.cr\/ecen\/sap-matematica-2020\/wp-content\/uploads\/sites\/18\/2020\/09\/coloqio_5_c-1536x1090.png 1536w, https:\/\/multimedia.uned.ac.cr\/ecen\/sap-matematica-2020\/wp-content\/uploads\/sites\/18\/2020\/09\/coloqio_5_c.png 1747w\" sizes=\"(min-width: 900px) 700px, 900px\" \/><\/figure><\/div><\/div><\/div><\/div>\n<\/div><\/div>\n<\/div><\/div>\n","protected":false},"excerpt":{"rendered":"<p>La Comisi\u00f3n de Investigaci\u00f3n y Formaci\u00f3n Continua en Educaci\u00f3n Matem\u00e1tica (CIFCEM) de la carrera de Ense\u00f1anza de la Matem\u00e1tica y el Programa de Ense\u00f1anza de la Matem\u00e1tica organizan distintos tipos de actividades acad\u00e9micas dirigidas a p\u00fablicos espec\u00edficos. Entre estas se destacan: Encuentros de Ense\u00f1anza de la Matem\u00e1tica Los encuentros de Ense\u00f1anza de la Matem\u00e1tica de la UNED de Costa Rica a trav\u00e9s de los a\u00f1os se han ido consolidando como uno de los eventos de mayor inter\u00e9s en la comunidad matem\u00e1tica nacional, principalmente por promover espacios de an\u00e1lisis y discusi\u00f3n para diseminar, reflexionar y valorar propuestas que contribuyan al mejoramiento\u2026<\/p>\n","protected":false},"author":5,"featured_media":0,"parent":16,"menu_order":0,"comment_status":"closed","ping_status":"closed","template":"","meta":{"_acf_changed":false,"_monsterinsights_skip_tracking":false,"_monsterinsights_sitenote_active":false,"_monsterinsights_sitenote_note":"","_monsterinsights_sitenote_category":0,"_coblocks_attr":"","_coblocks_dimensions":"","_coblocks_responsive_height":"","_coblocks_accordion_ie_support":"","footnotes":""},"class_list":["post-126","page","type-page","status-publish","hentry"],"acf":[],"_links":{"self":[{"href":"https:\/\/multimedia.uned.ac.cr\/ecen\/sap-matematica-2020\/wp-json\/wp\/v2\/pages\/126","targetHints":{"allow":["GET"]}}],"collection":[{"href":"https:\/\/multimedia.uned.ac.cr\/ecen\/sap-matematica-2020\/wp-json\/wp\/v2\/pages"}],"about":[{"href":"https:\/\/multimedia.uned.ac.cr\/ecen\/sap-matematica-2020\/wp-json\/wp\/v2\/types\/page"}],"author":[{"embeddable":true,"href":"https:\/\/multimedia.uned.ac.cr\/ecen\/sap-matematica-2020\/wp-json\/wp\/v2\/users\/5"}],"replies":[{"embeddable":true,"href":"https:\/\/multimedia.uned.ac.cr\/ecen\/sap-matematica-2020\/wp-json\/wp\/v2\/comments?post=126"}],"version-history":[{"count":40,"href":"https:\/\/multimedia.uned.ac.cr\/ecen\/sap-matematica-2020\/wp-json\/wp\/v2\/pages\/126\/revisions"}],"predecessor-version":[{"id":481,"href":"https:\/\/multimedia.uned.ac.cr\/ecen\/sap-matematica-2020\/wp-json\/wp\/v2\/pages\/126\/revisions\/481"}],"up":[{"embeddable":true,"href":"https:\/\/multimedia.uned.ac.cr\/ecen\/sap-matematica-2020\/wp-json\/wp\/v2\/pages\/16"}],"wp:attachment":[{"href":"https:\/\/multimedia.uned.ac.cr\/ecen\/sap-matematica-2020\/wp-json\/wp\/v2\/media?parent=126"}],"curies":[{"name":"wp","href":"https:\/\/api.w.org\/{rel}","templated":true}]}}