{"id":16,"date":"2019-07-31T17:06:34","date_gmt":"2019-07-31T17:06:34","guid":{"rendered":"https:\/\/multimedia.uned.ac.cr\/ecen\/sap-mate-2019\/?page_id=16"},"modified":"2019-07-31T20:14:47","modified_gmt":"2019-07-31T20:14:47","slug":"informacion-general","status":"publish","type":"page","link":"https:\/\/multimedia.uned.ac.cr\/ecen\/sap-mate-2019\/informacion-general\/","title":{"rendered":"Informaci\u00f3n general"},"content":{"rendered":"\n<h2 class=\"wp-block-heading\">Descripci\u00f3n<\/h2>\n\n\n\n<p>El&nbsp;II SAP&nbsp;de Ense\u00f1anza de la Matem\u00e1tica, surge como parte de las actividades para integrar a profesores, estudiantes y graduados en el \u00e1rea de la Ense\u00f1anza de la Matem\u00e1tica. El mismo tiene como prop\u00f3sito la actualizaci\u00f3n profesional, la cual debe ser constante y acorde a las necesidades educativas del pa\u00eds. Tem\u00e1ticas como Matem\u00e1tica, evaluaci\u00f3n, did\u00e1ctica y las TIC, son fundamentales, ya que influencian en las diversas actividades que desarrolla el docente en su sal\u00f3n de clases para el mejoramiento de la educaci\u00f3n costarricense.<\/p>\n\n\n\n<h2 class=\"wp-block-heading\">Objetivo<\/h2>\n\n\n\n<p>\u2022 Propiciar un espacio de reflexi\u00f3n entre expertos nacionales e internacionales, profesores,  estudiantes y graduados del Programa de Ense\u00f1anza de la Matem\u00e1tica sobre t\u00f3picos relacionados con la Educaci\u00f3n Matem\u00e1tica.<\/p>\n\n\n\n<h2 class=\"wp-block-heading\">Tem\u00e1ticas<\/h2>\n\n\n\n<p>El Seminario de Actualizaci\u00f3n Profesional (SAP) es presencial y consta de 13 horas efectivas. Las actividades girar\u00e1n en torno a distintas tem\u00e1ticas relacionadas a la Educaci\u00f3n matem\u00e1tica: <\/p>\n\n\n\n<ul class=\"wp-block-list\"><li>Uso de tecnolog\u00eda en educaci\u00f3n<\/li><\/ul>\n\n\n\n<ul class=\"wp-block-list\"><li>Pensamiento algebraico, historia de la matem\u00e1tica, probabilidad y estad\u00edstica, topolog\u00eda, entre otras.  <\/li><\/ul>\n\n\n\n<ul class=\"wp-block-list\"><li>Evaluaci\u00f3n <\/li><\/ul>\n\n\n\n<p>Adem\u00e1s de manera transversal se trabajar\u00e1 el eje de Atenci\u00f3n a la diversidad.<\/p>\n","protected":false},"excerpt":{"rendered":"<p>Descripci\u00f3n El&nbsp;II SAP&nbsp;de Ense\u00f1anza de la Matem\u00e1tica, surge como parte de las actividades para integrar a profesores, estudiantes y graduados en el \u00e1rea de la Ense\u00f1anza de la Matem\u00e1tica. El mismo tiene como prop\u00f3sito la actualizaci\u00f3n profesional, la cual debe ser constante y acorde a las necesidades educativas del pa\u00eds. Tem\u00e1ticas como Matem\u00e1tica, evaluaci\u00f3n, did\u00e1ctica y las TIC, son fundamentales, ya que influencian en las diversas actividades que desarrolla el docente en su sal\u00f3n de clases para el mejoramiento de la educaci\u00f3n costarricense. Objetivo \u2022 Propiciar un espacio de reflexi\u00f3n entre expertos nacionales e internacionales, profesores, estudiantes y graduados del\u2026<\/p>\n","protected":false},"author":5,"featured_media":0,"parent":0,"menu_order":0,"comment_status":"closed","ping_status":"closed","template":"","meta":{"_acf_changed":false,"_monsterinsights_skip_tracking":false,"_monsterinsights_sitenote_active":false,"_monsterinsights_sitenote_note":"","_monsterinsights_sitenote_category":0,"_coblocks_attr":"","_coblocks_dimensions":"","_coblocks_responsive_height":"","_coblocks_accordion_ie_support":"","footnotes":""},"class_list":["post-16","page","type-page","status-publish","hentry"],"acf":[],"_links":{"self":[{"href":"https:\/\/multimedia.uned.ac.cr\/ecen\/sap-mate-2019\/wp-json\/wp\/v2\/pages\/16","targetHints":{"allow":["GET"]}}],"collection":[{"href":"https:\/\/multimedia.uned.ac.cr\/ecen\/sap-mate-2019\/wp-json\/wp\/v2\/pages"}],"about":[{"href":"https:\/\/multimedia.uned.ac.cr\/ecen\/sap-mate-2019\/wp-json\/wp\/v2\/types\/page"}],"author":[{"embeddable":true,"href":"https:\/\/multimedia.uned.ac.cr\/ecen\/sap-mate-2019\/wp-json\/wp\/v2\/users\/5"}],"replies":[{"embeddable":true,"href":"https:\/\/multimedia.uned.ac.cr\/ecen\/sap-mate-2019\/wp-json\/wp\/v2\/comments?post=16"}],"version-history":[{"count":5,"href":"https:\/\/multimedia.uned.ac.cr\/ecen\/sap-mate-2019\/wp-json\/wp\/v2\/pages\/16\/revisions"}],"predecessor-version":[{"id":48,"href":"https:\/\/multimedia.uned.ac.cr\/ecen\/sap-mate-2019\/wp-json\/wp\/v2\/pages\/16\/revisions\/48"}],"wp:attachment":[{"href":"https:\/\/multimedia.uned.ac.cr\/ecen\/sap-mate-2019\/wp-json\/wp\/v2\/media?parent=16"}],"curies":[{"name":"wp","href":"https:\/\/api.w.org\/{rel}","templated":true}]}}