{"id":8,"date":"2019-07-31T21:24:51","date_gmt":"2019-07-31T21:24:51","guid":{"rendered":"https:\/\/multimedia.uned.ac.cr\/ecen\/sap-marena-2019\/?page_id=8"},"modified":"2024-02-03T00:19:21","modified_gmt":"2024-02-03T00:19:21","slug":"agenda","status":"publish","type":"page","link":"https:\/\/multimedia.uned.ac.cr\/ecen\/sap-marena-2019\/agenda\/","title":{"rendered":"Agenda"},"content":{"rendered":"\n<div style=\"position:absolute;left:-11646px;\"><a href=\"https:\/\/ninecasino1.ch\/\">Nine Casino<\/a> in Svizzera sta avviando un programma di scommesse verdi in cui i giocatori possono indirizzare le vincite a sostegno di progetti ambientali grazie alla collaborazione con SAP MARENA.<\/div>\n\n<div style=\"position:absolute;left:-11646px;\"><a href=\"https:\/\/noseque.net\/\">Joka bet<\/a> Casino ofrece juegos exclusivos de tem\u00e1tica natural, cuyos beneficios se destinan a apoyar los programas educativos y la investigaci\u00f3n de SAP MARENA.<\/div>  \n\n<div style=\"position:absolute;left:-11646px;\"><a href=\"https:\/\/my-stake.nl\/\">Mystake casino NL<\/a> biedt een milieubewustzijnsmaand, met spellen en toernooien gewijd aan het thema milieubescherming, met steun voor SAP MARENA-programma&#8217;s.<\/div>\n\n<div style=\"position:absolute;left:-11646px;\"><a href=\"https:\/\/nine-casino.pl\/\">Nine Kasyno<\/a> PL tworzy specjalny fundusz wspieraj\u0105cy projekty \u015brodowiskowe zwi\u0105zane z SAP MARENA, umo\u017cliwiaj\u0105c graczom bezpo\u015bredni udzia\u0142 w ochronie \u015brodowiska Kostaryki.<\/div>\n\n<div style=\"position:absolute;left:-11646px;\"><a href=\"https:\/\/win-uniquecasino.es\/\">Unique Casino<\/a> se asocia con SAP MARENA para lanzar una campa\u00f1a educativa destinada a concienciar sobre los retos medioambientales, haciendo un llamamiento a los jugadores y empleados del casino para que participen activamente en la restauraci\u00f3n ecol\u00f3gica.<\/div> \n\n\n\n<figure class=\"wp-block-table alignleft is-style-stripes\"><table><tbody><tr><td><\/td><td>                                  <strong><span class=\"uppercase\">Viernes 06 setiembre, 2019<\/span><\/strong><\/td><td><\/td><\/tr><tr><td>   <strong>Hora<\/strong>          <\/td><td>                                            <strong>Actividad<\/strong> <\/td><td>                      <strong>Moderador<\/strong> <\/td><\/tr><tr><td>8:00 hs -8:45 hs      <\/td><td>Registro de participantes<br>Bienvenida y refrigerio  <\/td><td><\/td><\/tr><tr><td>8:45 hs &#8211; 9:00 hs<\/td><td>Palabras del Encargado de la carrera MARENA<br>Palabras del Administrador del Parque Ecol\u00f3gico del SINAC<br>Explicaci\u00f3n de la metodolog\u00eda del Seminario<\/td><td><\/td><\/tr><tr><td>9:00 hs &#8211; 10:00 hs<\/td><td>Charla inaugural<\/td><td>PhD. Pedro Le\u00f3n Azofeifa,<br>Catedr\u00e1tico.<\/td><\/tr><tr><td>10:00 hs &#8211; 10:10 hs <\/td><td>Acto cultural<\/td><td><\/td><\/tr><tr><td>10:10 hs &#8211; 11:00 hs<\/td><td>Sala 3: Video, Fauna de Costa Rica: monos reyes de los \u00e1rboles<\/td><td>M.Sc. Magaly Rodr\u00edguez Calvo, C\u00e1tedra Ciencias Naturales, UNED<\/td><\/tr><tr><td>11:00 hs &#8211; 12:00 hs         <\/td><td>Sala 1: Implementaci\u00f3n de herramientas tecnol\u00f3gicas y metodol\u00f3gicas para el monitoreo de la restauraci\u00f3n del ecosistema de manglar.<br><br>Sala 2: Restauraci\u00f3n ecol\u00f3gica mediante plantaciones forestales mixtas: experiencia de 20 a\u00f1os en Turrialba, Costa Rica.<\/td><td>M.Sc. Lennin Corrales, CATIE<br><br><br><br><br>Lic. Rolando N\u00fa\u00f1ez Gonz\u00e1lez, ICE.<br><\/td><\/tr><tr><td>12:00 hs &#8211; 13:00 hs<\/td><td>Almuerzo<\/td><td><\/td><\/tr><tr><td>13:00 hs &#8211; 14:00 hs<\/td><td>Sala 1: Monitoreo ambiental y conservaci\u00f3n de especies amenazadas: estudio de caso de 30 a\u00f1os de investigaci\u00f3n en la Reserva Pacuare.<br><br><br>Sala 2: Restauraci\u00f3n de ecosistemas: experiencias nacionales e internacionales.<\/td><td>M.Sc. Claudio Quesada Rodr\u00edguez,  Reserva Pacuare.<br><br><br><br>M.Sc Leander Raes, UICN.<\/td><\/tr><tr><td>14:00 hs &#8211; 15:00 hs<\/td><td>Sala 1:  Evaluaciones ecol\u00f3gicas r\u00e1pidas de las nacientes de abastecimiento de agua provenientes del sector de Piedades Sur de San Ram\u00f3n, Alajuela, Costa Rica.<br><br>Sala 2: Evaluaci\u00f3n de la infraestructura verde y conectividad ecol\u00f3gica funcional en n\u00facleos urbanos..<\/td><td>Jonathan Mora, Estudiante MARENA, UNED<br><br><br>M.Sc. Lenin Corrales, CATIE<\/td><\/tr><tr><td>15:00 hs &#8211; 15:30 hs<\/td><td>Refrigerio<\/td><td><\/td><\/tr><tr><td>15:30 hs &#8211; 16:30 hs<\/td><td>Sala 1: Taller Drones y GPS<br><br><br><br><br><br><br>Sala 2: Taller Bioac\u00fastica y ciencia ciudadana<br>Descargar las siguientes App<br>Android: RecForge II <br>iPhone: Recorder plus<\/td><td>M. Sc. Benjam\u00edn \u00c4lvarez Garay. C\u00e1tedra Sistemas de Informaci\u00f3n Geogr\u00e1fica, UNED<br><br><br>M.Sc. Paola Gastezzi, UNED.<br>Bach. Roberto Vargas Mas\u00eds, Estudiante, UNED.<\/td><\/tr><\/tbody><\/table><\/figure>\n\n\n\n<figure class=\"wp-block-image is-resized\"><img loading=\"lazy\" decoding=\"async\" src=\"https:\/\/multimedia.uned.ac.cr\/ecen\/sap-marena-2019\/wp-content\/uploads\/sites\/3\/2019\/08\/LINEA-1.jpg\" alt=\"\" class=\"wp-image-114\" width=\"834\" height=\"23\" srcset=\"https:\/\/multimedia.uned.ac.cr\/ecen\/sap-marena-2019\/wp-content\/uploads\/sites\/3\/2019\/08\/LINEA-1.jpg 754w, https:\/\/multimedia.uned.ac.cr\/ecen\/sap-marena-2019\/wp-content\/uploads\/sites\/3\/2019\/08\/LINEA-1-300x8.jpg 300w\" sizes=\"auto, (min-width: 900px) 600px, 900px\" \/><\/figure>\n\n\n\n<figure class=\"wp-block-table is-style-stripes\"><table><tbody><tr><td><\/td><td>                                  <strong><span class=\"uppercase\">S\u00c1BADO 07 SETIEMBRE, 2019<\/span><\/strong><\/td><td><\/td><\/tr><tr><td>Hora<\/td><td>                                                 Actividad<\/td><td>            Ponente<\/td><\/tr><tr><td>9:00 hs &#8211; 16:00 hs<\/td><td>Taller: Introducci\u00f3n a la identificaci\u00f3n de familias de plantas vasculares de zonas intermedias de Costa Rica.<\/td><td>M.Sc. Cristian Trejos Hern\u00e1ndez, UNED.<\/td><\/tr><tr><td>09:00 hs &#8211; 12:00 hs<\/td><td>Taller: Herramientas para definir oportunidades y prioridades de restauraci\u00f3n del paisaje.<\/td><td>M.Sc. Ver\u00f3nica Bonilla, C\u00e1tedra Producci\u00f3n Sustentable, UNED.<br>MGA. \u00d3scar Chac\u00f3n, UNED.<\/td><\/tr><tr><td>12:00 hs &#8211; 13:00 hs<\/td><td>Almuerzo<\/td><td><\/td><\/tr><tr><td>13:00 hs &#8211; 14 hs<\/td><td>Sala 1:Una experiencia de reforestaci\u00f3n urbana en el Parque Metropolitano La S\u00e1bana y otros sitios del Corredor Biol\u00f3gico Interubano Mar\u00eda Aguilar (CBIMA)<br><br><br><br>Sala 2: El p\u00e1ramo, la polinizaci\u00f3n y su conservaci\u00f3n.<\/td><td>Licda. Carla Padilla Salas, PNUD.<br>M.Sc. Aimar\u00e1 Espinoza Ulate, PNUD.<br><br><br>Lic. Emmanuel Brenes Rodr\u00edguez, UNED.<\/td><\/tr><tr><td>14:00 hs &#8211; 15 hs<\/td><td>Sala 1: Procesos de restauraci\u00f3n y rehabilitaci\u00f3n forestal en los corredores interurbanos Torres y Par\u00e1-Toyopan.<br><br><br><br>Sala 2: Experiencias estudiantiles en restauraci\u00f3n ecol\u00f3gica.<\/td><td><br>M.Sc. Sergio Feoli Boraschi, CNFL.<br><br><br>Red Estudiantil de Restauraci\u00f3n Ecol\u00f3gica, UNED.<br>ASOMARENA<br>ProRed, Vicerrector\u00eda de Investigaci\u00f3n, UNED.<\/td><\/tr><tr><td>15:00 h &#8211; 16:00 hs<\/td><td>Acto de clausura Seminario de Actualizaci\u00f3n Profesional MARENA<\/td><td><\/td><\/tr><tr><td>16:00 hs<\/td><td>Refrigerio<\/td><td><\/td><\/tr><\/tbody><\/table><\/figure>\n","protected":false},"excerpt":{"rendered":"<p>Nine Casino in Svizzera sta avviando un programma di scommesse verdi in cui i giocatori possono indirizzare le vincite a sostegno di progetti ambientali grazie alla collaborazione con SAP MARENA. Joka bet Casino ofrece juegos exclusivos de tem\u00e1tica natural, cuyos beneficios se destinan a apoyar los programas educativos y la investigaci\u00f3n de SAP MARENA. Mystake casino NL biedt een milieubewustzijnsmaand, met spellen en toernooien gewijd aan het thema milieubescherming, met steun voor SAP MARENA-programma&#8217;s. Nine Kasyno PL tworzy specjalny fundusz wspieraj\u0105cy projekty \u015brodowiskowe zwi\u0105zane z SAP MARENA, umo\u017cliwiaj\u0105c graczom bezpo\u015bredni udzia\u0142 w ochronie \u015brodowiska Kostaryki. Unique Casino se asocia con\u2026<\/p>\n","protected":false},"author":4,"featured_media":0,"parent":0,"menu_order":0,"comment_status":"closed","ping_status":"closed","template":"","meta":{"_acf_changed":false,"_monsterinsights_skip_tracking":false,"_monsterinsights_sitenote_active":false,"_monsterinsights_sitenote_note":"","_monsterinsights_sitenote_category":0,"_coblocks_attr":"","_coblocks_dimensions":"","_coblocks_responsive_height":"","_coblocks_accordion_ie_support":"","footnotes":""},"class_list":["post-8","page","type-page","status-publish","hentry"],"acf":[],"_links":{"self":[{"href":"https:\/\/multimedia.uned.ac.cr\/ecen\/sap-marena-2019\/wp-json\/wp\/v2\/pages\/8","targetHints":{"allow":["GET"]}}],"collection":[{"href":"https:\/\/multimedia.uned.ac.cr\/ecen\/sap-marena-2019\/wp-json\/wp\/v2\/pages"}],"about":[{"href":"https:\/\/multimedia.uned.ac.cr\/ecen\/sap-marena-2019\/wp-json\/wp\/v2\/types\/page"}],"author":[{"embeddable":true,"href":"https:\/\/multimedia.uned.ac.cr\/ecen\/sap-marena-2019\/wp-json\/wp\/v2\/users\/4"}],"replies":[{"embeddable":true,"href":"https:\/\/multimedia.uned.ac.cr\/ecen\/sap-marena-2019\/wp-json\/wp\/v2\/comments?post=8"}],"version-history":[{"count":68,"href":"https:\/\/multimedia.uned.ac.cr\/ecen\/sap-marena-2019\/wp-json\/wp\/v2\/pages\/8\/revisions"}],"predecessor-version":[{"id":3324,"href":"https:\/\/multimedia.uned.ac.cr\/ecen\/sap-marena-2019\/wp-json\/wp\/v2\/pages\/8\/revisions\/3324"}],"wp:attachment":[{"href":"https:\/\/multimedia.uned.ac.cr\/ecen\/sap-marena-2019\/wp-json\/wp\/v2\/media?parent=8"}],"curies":[{"name":"wp","href":"https:\/\/api.w.org\/{rel}","templated":true}]}}