{"id":628,"date":"2019-10-25T21:31:59","date_gmt":"2019-10-25T21:31:59","guid":{"rendered":"https:\/\/multimedia.uned.ac.cr\/ecen\/sap-marena-2019\/?page_id=628"},"modified":"2019-10-28T22:16:44","modified_gmt":"2019-10-28T22:16:44","slug":"experiencias-estudiantiles-en-restauracion-ecologica","status":"publish","type":"page","link":"https:\/\/multimedia.uned.ac.cr\/ecen\/sap-marena-2019\/experiencias-estudiantiles-en-restauracion-ecologica\/","title":{"rendered":"Experiencias estudiantiles en restauraci\u00f3n ecol\u00f3gica"},"content":{"rendered":"\n<figure class=\"wp-block-image\"><img loading=\"lazy\" decoding=\"async\" width=\"780\" height=\"552\" src=\"https:\/\/multimedia.uned.ac.cr\/ecen\/sap-marena-2019\/wp-content\/uploads\/sites\/3\/2019\/10\/res-de-restauraci\u00f3n.png\" alt=\"\" class=\"wp-image-631\" srcset=\"https:\/\/multimedia.uned.ac.cr\/ecen\/sap-marena-2019\/wp-content\/uploads\/sites\/3\/2019\/10\/res-de-restauraci\u00f3n.png 780w, https:\/\/multimedia.uned.ac.cr\/ecen\/sap-marena-2019\/wp-content\/uploads\/sites\/3\/2019\/10\/res-de-restauraci\u00f3n-300x212.png 300w, https:\/\/multimedia.uned.ac.cr\/ecen\/sap-marena-2019\/wp-content\/uploads\/sites\/3\/2019\/10\/res-de-restauraci\u00f3n-768x544.png 768w\" sizes=\"auto, (min-width: 900px) 600px, 900px\" \/><\/figure>\n\n\n\n<p style=\"font-size:15px\" class=\"has-custom-size\">Panelistas de mesa de discusi\u00f3n, los nombres de izquierda a derecha son:<\/p>\n\n\n\n<ul style=\"font-size:15px\" class=\"has-custom-size wp-block-list\"><li>Gaudy Gonz\u00e1lez Hidalgo, CeU Heredia, actualmente desarrollando su Trabajo Final de Graduaci\u00f3n (TFG) de Bachillerato MARENA.<\/li><li>Elder G\u00f3mez, Encargado de voluntario estudiantil en el Parque Nacional Diri\u00e1, Santa Cruz, Estudiante de la carrera Administraci\u00f3n de Empresas, UNED<\/li><li>Andrea Quir\u00f3s Vargas, CeU San Jos\u00e9, estudiante de Licenciatura MARENA, Presidenta de la Asociaci\u00f3n de estudiantes de MARENA (ASOMARENA).<\/li><li>Yarelis Chavarr\u00eda Valverde, CeU San Jos\u00e9, estudiante de Bachillerato MARENA, fue pasante en el Programa Delf\u00edn, M\u00e9xico, como estudiante vinculada a PRORED de la Vicerrector\u00eda de Investigaci\u00f3n, UNED.<\/li><li>Roy Chac\u00f3n Charpentir, CeU San Jos\u00e9, estudiante de Bachillerato MARENA, sub-cordinador de la Red Estudiantil de Restauraci\u00f3n Ecol\u00f3gica, UNED:<\/li><\/ul>\n\n\n\n<div class=\"wp-block-file aligncenter\"><a href=\"https:\/\/multimedia.uned.ac.cr\/ecen\/sap-marena-2019\/wp-content\/uploads\/sites\/3\/2019\/10\/SAP-MARENA-UNED-07set2019-Red-Estudiantil-UNED.pdf\">SAP-MARENA-UNED-07set2019-Red-Estudiantil-UNED<\/a><a href=\"https:\/\/multimedia.uned.ac.cr\/ecen\/sap-marena-2019\/wp-content\/uploads\/sites\/3\/2019\/10\/SAP-MARENA-UNED-07set2019-Red-Estudiantil-UNED.pdf\" class=\"wp-block-file__button\" download>Descarga<\/a><\/div>\n\n\n\n<ul class=\"wp-block-gallery columns-2 is-cropped wp-block-gallery-1 is-layout-flex wp-block-gallery-is-layout-flex\"><li class=\"blocks-gallery-item\"><figure><img loading=\"lazy\" decoding=\"async\" width=\"1024\" height=\"576\" src=\"https:\/\/multimedia.uned.ac.cr\/ecen\/sap-marena-2019\/wp-content\/uploads\/sites\/3\/2019\/10\/IMG-20190907-WA0088-1024x576.jpg\" alt=\"\" data-id=\"634\" data-link=\"https:\/\/multimedia.uned.ac.cr\/ecen\/sap-marena-2019\/experiencias-estudiantiles-en-restauracion-ecologica\/img-20190907-wa0088\/\" class=\"wp-image-634\" srcset=\"https:\/\/multimedia.uned.ac.cr\/ecen\/sap-marena-2019\/wp-content\/uploads\/sites\/3\/2019\/10\/IMG-20190907-WA0088-1024x576.jpg 1024w, https:\/\/multimedia.uned.ac.cr\/ecen\/sap-marena-2019\/wp-content\/uploads\/sites\/3\/2019\/10\/IMG-20190907-WA0088-300x169.jpg 300w, https:\/\/multimedia.uned.ac.cr\/ecen\/sap-marena-2019\/wp-content\/uploads\/sites\/3\/2019\/10\/IMG-20190907-WA0088-768x432.jpg 768w, https:\/\/multimedia.uned.ac.cr\/ecen\/sap-marena-2019\/wp-content\/uploads\/sites\/3\/2019\/10\/IMG-20190907-WA0088.jpg 1280w\" sizes=\"auto, (min-width: 900px) 600px, 900px\" \/><\/figure><\/li><li class=\"blocks-gallery-item\"><figure><img loading=\"lazy\" decoding=\"async\" width=\"1024\" height=\"576\" src=\"https:\/\/multimedia.uned.ac.cr\/ecen\/sap-marena-2019\/wp-content\/uploads\/sites\/3\/2019\/10\/IMG-20190907-WA0089-1024x576.jpg\" alt=\"\" data-id=\"635\" data-link=\"https:\/\/multimedia.uned.ac.cr\/ecen\/sap-marena-2019\/experiencias-estudiantiles-en-restauracion-ecologica\/img-20190907-wa0089\/\" class=\"wp-image-635\" srcset=\"https:\/\/multimedia.uned.ac.cr\/ecen\/sap-marena-2019\/wp-content\/uploads\/sites\/3\/2019\/10\/IMG-20190907-WA0089-1024x576.jpg 1024w, https:\/\/multimedia.uned.ac.cr\/ecen\/sap-marena-2019\/wp-content\/uploads\/sites\/3\/2019\/10\/IMG-20190907-WA0089-300x169.jpg 300w, https:\/\/multimedia.uned.ac.cr\/ecen\/sap-marena-2019\/wp-content\/uploads\/sites\/3\/2019\/10\/IMG-20190907-WA0089-768x432.jpg 768w, https:\/\/multimedia.uned.ac.cr\/ecen\/sap-marena-2019\/wp-content\/uploads\/sites\/3\/2019\/10\/IMG-20190907-WA0089.jpg 1280w\" sizes=\"auto, (min-width: 900px) 600px, 900px\" \/><\/figure><\/li><li class=\"blocks-gallery-item\"><figure><img loading=\"lazy\" decoding=\"async\" width=\"1024\" height=\"576\" src=\"https:\/\/multimedia.uned.ac.cr\/ecen\/sap-marena-2019\/wp-content\/uploads\/sites\/3\/2019\/10\/IMG-20190907-WA0110-1024x576.jpg\" alt=\"\" data-id=\"636\" data-link=\"https:\/\/multimedia.uned.ac.cr\/ecen\/sap-marena-2019\/experiencias-estudiantiles-en-restauracion-ecologica\/img-20190907-wa0110\/\" class=\"wp-image-636\" srcset=\"https:\/\/multimedia.uned.ac.cr\/ecen\/sap-marena-2019\/wp-content\/uploads\/sites\/3\/2019\/10\/IMG-20190907-WA0110-1024x576.jpg 1024w, https:\/\/multimedia.uned.ac.cr\/ecen\/sap-marena-2019\/wp-content\/uploads\/sites\/3\/2019\/10\/IMG-20190907-WA0110-300x169.jpg 300w, https:\/\/multimedia.uned.ac.cr\/ecen\/sap-marena-2019\/wp-content\/uploads\/sites\/3\/2019\/10\/IMG-20190907-WA0110-768x432.jpg 768w, https:\/\/multimedia.uned.ac.cr\/ecen\/sap-marena-2019\/wp-content\/uploads\/sites\/3\/2019\/10\/IMG-20190907-WA0110.jpg 1280w\" sizes=\"auto, (min-width: 900px) 600px, 900px\" \/><\/figure><\/li><\/ul>\n","protected":false},"excerpt":{"rendered":"<p>Panelistas de mesa de discusi\u00f3n, los nombres de izquierda a derecha son: Gaudy Gonz\u00e1lez Hidalgo, CeU Heredia, actualmente desarrollando su Trabajo Final de Graduaci\u00f3n (TFG) de Bachillerato MARENA. Elder G\u00f3mez, Encargado de voluntario estudiantil en el Parque Nacional Diri\u00e1, Santa Cruz, Estudiante de la carrera Administraci\u00f3n de Empresas, UNED Andrea Quir\u00f3s Vargas, CeU San Jos\u00e9, estudiante de Licenciatura MARENA, Presidenta de la Asociaci\u00f3n de estudiantes de MARENA (ASOMARENA). Yarelis Chavarr\u00eda Valverde, CeU San Jos\u00e9, estudiante de Bachillerato MARENA, fue pasante en el Programa Delf\u00edn, M\u00e9xico, como estudiante vinculada a PRORED de la Vicerrector\u00eda de Investigaci\u00f3n, UNED. Roy Chac\u00f3n Charpentir, CeU\u2026<\/p>\n","protected":false},"author":4,"featured_media":0,"parent":0,"menu_order":0,"comment_status":"closed","ping_status":"closed","template":"","meta":{"_acf_changed":false,"_monsterinsights_skip_tracking":false,"_monsterinsights_sitenote_active":false,"_monsterinsights_sitenote_note":"","_monsterinsights_sitenote_category":0,"_coblocks_attr":"","_coblocks_dimensions":"","_coblocks_responsive_height":"","_coblocks_accordion_ie_support":"","footnotes":""},"class_list":["post-628","page","type-page","status-publish","hentry"],"acf":[],"_links":{"self":[{"href":"https:\/\/multimedia.uned.ac.cr\/ecen\/sap-marena-2019\/wp-json\/wp\/v2\/pages\/628","targetHints":{"allow":["GET"]}}],"collection":[{"href":"https:\/\/multimedia.uned.ac.cr\/ecen\/sap-marena-2019\/wp-json\/wp\/v2\/pages"}],"about":[{"href":"https:\/\/multimedia.uned.ac.cr\/ecen\/sap-marena-2019\/wp-json\/wp\/v2\/types\/page"}],"author":[{"embeddable":true,"href":"https:\/\/multimedia.uned.ac.cr\/ecen\/sap-marena-2019\/wp-json\/wp\/v2\/users\/4"}],"replies":[{"embeddable":true,"href":"https:\/\/multimedia.uned.ac.cr\/ecen\/sap-marena-2019\/wp-json\/wp\/v2\/comments?post=628"}],"version-history":[{"count":6,"href":"https:\/\/multimedia.uned.ac.cr\/ecen\/sap-marena-2019\/wp-json\/wp\/v2\/pages\/628\/revisions"}],"predecessor-version":[{"id":695,"href":"https:\/\/multimedia.uned.ac.cr\/ecen\/sap-marena-2019\/wp-json\/wp\/v2\/pages\/628\/revisions\/695"}],"wp:attachment":[{"href":"https:\/\/multimedia.uned.ac.cr\/ecen\/sap-marena-2019\/wp-json\/wp\/v2\/media?parent=628"}],"curies":[{"name":"wp","href":"https:\/\/api.w.org\/{rel}","templated":true}]}}