{"id":615,"date":"2019-10-25T21:24:14","date_gmt":"2019-10-25T21:24:14","guid":{"rendered":"https:\/\/multimedia.uned.ac.cr\/ecen\/sap-marena-2019\/?page_id=615"},"modified":"2019-10-25T21:29:09","modified_gmt":"2019-10-25T21:29:09","slug":"procesos-de-restauracion-y-rehabilitacion-forestal-en-los-corredores-interurbanos-torres-y-para-toyopan","status":"publish","type":"page","link":"https:\/\/multimedia.uned.ac.cr\/ecen\/sap-marena-2019\/procesos-de-restauracion-y-rehabilitacion-forestal-en-los-corredores-interurbanos-torres-y-para-toyopan\/","title":{"rendered":"Procesos de restauraci\u00f3n y rehabilitaci\u00f3n forestal en los corredores interurbanos Torres y Par\u00e1-Toyopan"},"content":{"rendered":"\n<div class=\"wp-block-columns has-2-columns is-layout-flex wp-container-core-columns-is-layout-9d6595d7 wp-block-columns-is-layout-flex\">\n<div class=\"wp-block-column is-layout-flow wp-block-column-is-layout-flow\">\n<figure class=\"wp-block-image\"><img loading=\"lazy\" decoding=\"async\" width=\"624\" height=\"785\" src=\"https:\/\/multimedia.uned.ac.cr\/ecen\/sap-marena-2019\/wp-content\/uploads\/sites\/3\/2019\/10\/Sergio-Feoli.png\" alt=\"\" class=\"wp-image-619\" srcset=\"https:\/\/multimedia.uned.ac.cr\/ecen\/sap-marena-2019\/wp-content\/uploads\/sites\/3\/2019\/10\/Sergio-Feoli.png 624w, https:\/\/multimedia.uned.ac.cr\/ecen\/sap-marena-2019\/wp-content\/uploads\/sites\/3\/2019\/10\/Sergio-Feoli-238x300.png 238w\" sizes=\"auto, (min-width: 900px) 600px, 900px\" \/><\/figure>\n<\/div>\n\n\n\n<div class=\"wp-block-column is-layout-flow wp-block-column-is-layout-flow\">\n<p style=\"font-size:15px\" class=\"has-custom-size\">M\u00e1ster en<strong> <\/strong>Gesti\u00f3n de \u00c1reas Protegidas. Labora para la Compa\u00f1\u00eda Nacional de Fuerza y Luz S. A, en procesos de manejo de recursos naturales y mejoras de cuenca en donde las tareas de rehabilitaci\u00f3n y restauraci\u00f3n juegan un papel muy importante. Los trabajos de este tipo se han venido implementando tanto en la parte rural, como en la parte urbana de los corredores biol\u00f3gicos interurbanos y en uni\u00f3n con productores y due\u00f1os de fincas en estos espacios geogr\u00e1ficos, as\u00ed como municipalidades. La idea principal de estas herramientas silviculturales es mejorar la conectividad biol\u00f3gica estructural de los corredores, mejorando as\u00ed servicios ecosist\u00e9micos y mejorando as\u00ed la calidad de vida de la gente que habita en estos lugares.<\/p>\n<\/div>\n<\/div>\n\n\n\n<div class=\"wp-block-file aligncenter\"><a href=\"https:\/\/multimedia.uned.ac.cr\/ecen\/sap-marena-2019\/wp-content\/uploads\/sites\/3\/2019\/10\/SAP-MARENA-UNED-07set2019-Feoli.pdf\">SAP-MARENA-UNED-07set2019-Feoli<\/a><a href=\"https:\/\/multimedia.uned.ac.cr\/ecen\/sap-marena-2019\/wp-content\/uploads\/sites\/3\/2019\/10\/SAP-MARENA-UNED-07set2019-Feoli.pdf\" class=\"wp-block-file__button\" download>Descarga<\/a><\/div>\n\n\n\n<ul class=\"wp-block-gallery columns-2 is-cropped wp-block-gallery-1 is-layout-flex wp-block-gallery-is-layout-flex\"><li class=\"blocks-gallery-item\"><figure><img loading=\"lazy\" decoding=\"async\" width=\"1024\" height=\"768\" src=\"https:\/\/multimedia.uned.ac.cr\/ecen\/sap-marena-2019\/wp-content\/uploads\/sites\/3\/2019\/10\/IMG_5400-1024x768.jpg\" alt=\"\" data-id=\"620\" data-link=\"https:\/\/multimedia.uned.ac.cr\/ecen\/sap-marena-2019\/procesos-de-restauracion-y-rehabilitacion-forestal-en-los-corredores-interurbanos-torres-y-para-toyopan\/img_5400\/\" class=\"wp-image-620\" srcset=\"https:\/\/multimedia.uned.ac.cr\/ecen\/sap-marena-2019\/wp-content\/uploads\/sites\/3\/2019\/10\/IMG_5400-1024x768.jpg 1024w, https:\/\/multimedia.uned.ac.cr\/ecen\/sap-marena-2019\/wp-content\/uploads\/sites\/3\/2019\/10\/IMG_5400-300x225.jpg 300w, https:\/\/multimedia.uned.ac.cr\/ecen\/sap-marena-2019\/wp-content\/uploads\/sites\/3\/2019\/10\/IMG_5400-768x576.jpg 768w, https:\/\/multimedia.uned.ac.cr\/ecen\/sap-marena-2019\/wp-content\/uploads\/sites\/3\/2019\/10\/IMG_5400.jpg 2016w\" sizes=\"auto, (min-width: 900px) 600px, 900px\" \/><\/figure><\/li><li class=\"blocks-gallery-item\"><figure><img loading=\"lazy\" decoding=\"async\" width=\"1024\" height=\"768\" src=\"https:\/\/multimedia.uned.ac.cr\/ecen\/sap-marena-2019\/wp-content\/uploads\/sites\/3\/2019\/10\/IMG_5401-1024x768.jpg\" alt=\"\" data-id=\"621\" data-link=\"https:\/\/multimedia.uned.ac.cr\/ecen\/sap-marena-2019\/procesos-de-restauracion-y-rehabilitacion-forestal-en-los-corredores-interurbanos-torres-y-para-toyopan\/img_5401\/\" class=\"wp-image-621\" srcset=\"https:\/\/multimedia.uned.ac.cr\/ecen\/sap-marena-2019\/wp-content\/uploads\/sites\/3\/2019\/10\/IMG_5401-1024x768.jpg 1024w, https:\/\/multimedia.uned.ac.cr\/ecen\/sap-marena-2019\/wp-content\/uploads\/sites\/3\/2019\/10\/IMG_5401-300x225.jpg 300w, https:\/\/multimedia.uned.ac.cr\/ecen\/sap-marena-2019\/wp-content\/uploads\/sites\/3\/2019\/10\/IMG_5401-768x576.jpg 768w, https:\/\/multimedia.uned.ac.cr\/ecen\/sap-marena-2019\/wp-content\/uploads\/sites\/3\/2019\/10\/IMG_5401.jpg 2016w\" sizes=\"auto, (min-width: 900px) 600px, 900px\" \/><\/figure><\/li><li class=\"blocks-gallery-item\"><figure><img loading=\"lazy\" decoding=\"async\" width=\"1024\" height=\"768\" src=\"https:\/\/multimedia.uned.ac.cr\/ecen\/sap-marena-2019\/wp-content\/uploads\/sites\/3\/2019\/10\/IMG_5396-1024x768.jpg\" alt=\"\" data-id=\"623\" data-link=\"https:\/\/multimedia.uned.ac.cr\/ecen\/sap-marena-2019\/procesos-de-restauracion-y-rehabilitacion-forestal-en-los-corredores-interurbanos-torres-y-para-toyopan\/img_5396\/\" class=\"wp-image-623\" srcset=\"https:\/\/multimedia.uned.ac.cr\/ecen\/sap-marena-2019\/wp-content\/uploads\/sites\/3\/2019\/10\/IMG_5396-1024x768.jpg 1024w, https:\/\/multimedia.uned.ac.cr\/ecen\/sap-marena-2019\/wp-content\/uploads\/sites\/3\/2019\/10\/IMG_5396-300x225.jpg 300w, https:\/\/multimedia.uned.ac.cr\/ecen\/sap-marena-2019\/wp-content\/uploads\/sites\/3\/2019\/10\/IMG_5396-768x576.jpg 768w, https:\/\/multimedia.uned.ac.cr\/ecen\/sap-marena-2019\/wp-content\/uploads\/sites\/3\/2019\/10\/IMG_5396.jpg 2016w\" sizes=\"auto, (min-width: 900px) 600px, 900px\" \/><\/figure><\/li><\/ul>\n","protected":false},"excerpt":{"rendered":"<p>M\u00e1ster en Gesti\u00f3n de \u00c1reas Protegidas. Labora para la Compa\u00f1\u00eda Nacional de Fuerza y Luz S. A, en procesos de manejo de recursos naturales y mejoras de cuenca en donde las tareas de rehabilitaci\u00f3n y restauraci\u00f3n juegan un papel muy importante. Los trabajos de este tipo se han venido implementando tanto en la parte rural, como en la parte urbana de los corredores biol\u00f3gicos interurbanos y en uni\u00f3n con productores y due\u00f1os de fincas en estos espacios geogr\u00e1ficos, as\u00ed como municipalidades. La idea principal de estas herramientas silviculturales es mejorar la conectividad biol\u00f3gica estructural de los corredores, mejorando as\u00ed servicios\u2026<\/p>\n","protected":false},"author":4,"featured_media":0,"parent":0,"menu_order":0,"comment_status":"closed","ping_status":"closed","template":"","meta":{"_acf_changed":false,"_monsterinsights_skip_tracking":false,"_monsterinsights_sitenote_active":false,"_monsterinsights_sitenote_note":"","_monsterinsights_sitenote_category":0,"_coblocks_attr":"","_coblocks_dimensions":"","_coblocks_responsive_height":"","_coblocks_accordion_ie_support":"","footnotes":""},"class_list":["post-615","page","type-page","status-publish","hentry"],"acf":[],"_links":{"self":[{"href":"https:\/\/multimedia.uned.ac.cr\/ecen\/sap-marena-2019\/wp-json\/wp\/v2\/pages\/615","targetHints":{"allow":["GET"]}}],"collection":[{"href":"https:\/\/multimedia.uned.ac.cr\/ecen\/sap-marena-2019\/wp-json\/wp\/v2\/pages"}],"about":[{"href":"https:\/\/multimedia.uned.ac.cr\/ecen\/sap-marena-2019\/wp-json\/wp\/v2\/types\/page"}],"author":[{"embeddable":true,"href":"https:\/\/multimedia.uned.ac.cr\/ecen\/sap-marena-2019\/wp-json\/wp\/v2\/users\/4"}],"replies":[{"embeddable":true,"href":"https:\/\/multimedia.uned.ac.cr\/ecen\/sap-marena-2019\/wp-json\/wp\/v2\/comments?post=615"}],"version-history":[{"count":4,"href":"https:\/\/multimedia.uned.ac.cr\/ecen\/sap-marena-2019\/wp-json\/wp\/v2\/pages\/615\/revisions"}],"predecessor-version":[{"id":627,"href":"https:\/\/multimedia.uned.ac.cr\/ecen\/sap-marena-2019\/wp-json\/wp\/v2\/pages\/615\/revisions\/627"}],"wp:attachment":[{"href":"https:\/\/multimedia.uned.ac.cr\/ecen\/sap-marena-2019\/wp-json\/wp\/v2\/media?parent=615"}],"curies":[{"name":"wp","href":"https:\/\/api.w.org\/{rel}","templated":true}]}}