{"id":607,"date":"2019-10-25T21:17:15","date_gmt":"2019-10-25T21:17:15","guid":{"rendered":"https:\/\/multimedia.uned.ac.cr\/ecen\/sap-marena-2019\/?page_id=607"},"modified":"2019-10-25T21:17:15","modified_gmt":"2019-10-25T21:17:15","slug":"el-paramo-la-polinizacion-y-su-conservacion","status":"publish","type":"page","link":"https:\/\/multimedia.uned.ac.cr\/ecen\/sap-marena-2019\/el-paramo-la-polinizacion-y-su-conservacion\/","title":{"rendered":"El p\u00e1ramo, la polinizaci\u00f3n y su conservaci\u00f3n"},"content":{"rendered":"\n<div class=\"wp-block-columns has-2-columns is-layout-flex wp-container-core-columns-is-layout-9d6595d7 wp-block-columns-is-layout-flex\">\n<div class=\"wp-block-column is-layout-flow wp-block-column-is-layout-flow\">\n<figure class=\"wp-block-image\"><img loading=\"lazy\" decoding=\"async\" width=\"616\" height=\"785\" src=\"https:\/\/multimedia.uned.ac.cr\/ecen\/sap-marena-2019\/wp-content\/uploads\/sites\/3\/2019\/10\/Emmanuel-Brenes.png\" alt=\"\" class=\"wp-image-608\" srcset=\"https:\/\/multimedia.uned.ac.cr\/ecen\/sap-marena-2019\/wp-content\/uploads\/sites\/3\/2019\/10\/Emmanuel-Brenes.png 616w, https:\/\/multimedia.uned.ac.cr\/ecen\/sap-marena-2019\/wp-content\/uploads\/sites\/3\/2019\/10\/Emmanuel-Brenes-235x300.png 235w\" sizes=\"auto, (min-width: 900px) 600px, 900px\" \/><\/figure>\n<\/div>\n\n\n\n<div class=\"wp-block-column is-layout-flow wp-block-column-is-layout-flow\">\n<p style=\"font-size:15px\" class=\"has-custom-size\">Licenciado en Manejo de los Recursos Naturales. Obtuvo su t\u00edtulo en Biolog\u00eda con \u00e9nfasis en Biolog\u00eda Tropical en la Universidad Nacional en el a\u00f1o 2013. En el a\u00f1o 2017 se gradu\u00f3 con honores de la Licenciatura en Manejo de los Recursos Naturales en la Universidad Estatal a Distancia. Trabajo durante 4 a\u00f1os con la colecci\u00f3n de escorpiones en el Instituto Clodomiro Picado. En el a\u00f1o 2016 se uni\u00f3 como tesista bajo la tutor\u00eda de la Dra. Mar\u00eda Alejandra Maglianesi al proyecto \u201cGrado de vulnerabilidad de las redes de interacci\u00f3n planta-polinizador al cambio clim\u00e1tico\u201d en el que contin\u00fao trabajando como asistente posterior a la conclusi\u00f3n de su tesis de licenciatura. Actualmente es coordinador del proyecto de investigaci\u00f3n \u201cEcolog\u00eda de las interacciones planta colibr\u00ed en un gradiente altitudinal\u201d financiado por el Consejo Europeo de Investigaci\u00f3n y es funcionario ad honorem de la Universidad Estatal a Distancia. Sus intereses profesionales se centran en la ecolog\u00eda tropical y la conservaci\u00f3n de la biodiversidad.<\/p>\n<\/div>\n<\/div>\n\n\n\n<div class=\"wp-block-file aligncenter\"><a href=\"https:\/\/multimedia.uned.ac.cr\/ecen\/sap-marena-2019\/wp-content\/uploads\/sites\/3\/2019\/10\/SAP-MARENA-UNED-07set2019-Brenes.pdf\">SAP-MARENA-UNED-07set2019-Brenes<\/a><a href=\"https:\/\/multimedia.uned.ac.cr\/ecen\/sap-marena-2019\/wp-content\/uploads\/sites\/3\/2019\/10\/SAP-MARENA-UNED-07set2019-Brenes.pdf\" class=\"wp-block-file__button\" download>Descarga<\/a><\/div>\n\n\n\n<ul class=\"wp-block-gallery columns-2 is-cropped wp-block-gallery-1 is-layout-flex wp-block-gallery-is-layout-flex\"><li class=\"blocks-gallery-item\"><figure><img loading=\"lazy\" decoding=\"async\" width=\"1024\" height=\"505\" src=\"https:\/\/multimedia.uned.ac.cr\/ecen\/sap-marena-2019\/wp-content\/uploads\/sites\/3\/2019\/10\/IMG-20190907-WA0066-1024x505.jpg\" alt=\"\" data-id=\"610\" data-link=\"https:\/\/multimedia.uned.ac.cr\/ecen\/sap-marena-2019\/?attachment_id=610\" class=\"wp-image-610\" srcset=\"https:\/\/multimedia.uned.ac.cr\/ecen\/sap-marena-2019\/wp-content\/uploads\/sites\/3\/2019\/10\/IMG-20190907-WA0066-1024x505.jpg 1024w, https:\/\/multimedia.uned.ac.cr\/ecen\/sap-marena-2019\/wp-content\/uploads\/sites\/3\/2019\/10\/IMG-20190907-WA0066-300x148.jpg 300w, https:\/\/multimedia.uned.ac.cr\/ecen\/sap-marena-2019\/wp-content\/uploads\/sites\/3\/2019\/10\/IMG-20190907-WA0066-768x379.jpg 768w, https:\/\/multimedia.uned.ac.cr\/ecen\/sap-marena-2019\/wp-content\/uploads\/sites\/3\/2019\/10\/IMG-20190907-WA0066.jpg 1152w\" sizes=\"auto, (min-width: 900px) 600px, 900px\" \/><\/figure><\/li><li class=\"blocks-gallery-item\"><figure><img loading=\"lazy\" decoding=\"async\" width=\"1024\" height=\"768\" src=\"https:\/\/multimedia.uned.ac.cr\/ecen\/sap-marena-2019\/wp-content\/uploads\/sites\/3\/2019\/10\/IMG-20190907-WA0071-1024x768.jpg\" alt=\"\" data-id=\"611\" data-link=\"https:\/\/multimedia.uned.ac.cr\/ecen\/sap-marena-2019\/?attachment_id=611\" class=\"wp-image-611\" srcset=\"https:\/\/multimedia.uned.ac.cr\/ecen\/sap-marena-2019\/wp-content\/uploads\/sites\/3\/2019\/10\/IMG-20190907-WA0071-1024x768.jpg 1024w, https:\/\/multimedia.uned.ac.cr\/ecen\/sap-marena-2019\/wp-content\/uploads\/sites\/3\/2019\/10\/IMG-20190907-WA0071-300x225.jpg 300w, https:\/\/multimedia.uned.ac.cr\/ecen\/sap-marena-2019\/wp-content\/uploads\/sites\/3\/2019\/10\/IMG-20190907-WA0071-768x576.jpg 768w, https:\/\/multimedia.uned.ac.cr\/ecen\/sap-marena-2019\/wp-content\/uploads\/sites\/3\/2019\/10\/IMG-20190907-WA0071.jpg 1280w\" sizes=\"auto, (min-width: 900px) 600px, 900px\" \/><\/figure><\/li><li class=\"blocks-gallery-item\"><figure><img loading=\"lazy\" decoding=\"async\" width=\"1024\" height=\"505\" src=\"https:\/\/multimedia.uned.ac.cr\/ecen\/sap-marena-2019\/wp-content\/uploads\/sites\/3\/2019\/10\/IMG-20190907-WA0073-1024x505.jpg\" alt=\"\" data-id=\"612\" data-link=\"https:\/\/multimedia.uned.ac.cr\/ecen\/sap-marena-2019\/?attachment_id=612\" class=\"wp-image-612\" srcset=\"https:\/\/multimedia.uned.ac.cr\/ecen\/sap-marena-2019\/wp-content\/uploads\/sites\/3\/2019\/10\/IMG-20190907-WA0073-1024x505.jpg 1024w, https:\/\/multimedia.uned.ac.cr\/ecen\/sap-marena-2019\/wp-content\/uploads\/sites\/3\/2019\/10\/IMG-20190907-WA0073-300x148.jpg 300w, https:\/\/multimedia.uned.ac.cr\/ecen\/sap-marena-2019\/wp-content\/uploads\/sites\/3\/2019\/10\/IMG-20190907-WA0073-768x379.jpg 768w, https:\/\/multimedia.uned.ac.cr\/ecen\/sap-marena-2019\/wp-content\/uploads\/sites\/3\/2019\/10\/IMG-20190907-WA0073.jpg 1152w\" sizes=\"auto, (min-width: 900px) 600px, 900px\" \/><\/figure><\/li><\/ul>\n","protected":false},"excerpt":{"rendered":"<p>Licenciado en Manejo de los Recursos Naturales. Obtuvo su t\u00edtulo en Biolog\u00eda con \u00e9nfasis en Biolog\u00eda Tropical en la Universidad Nacional en el a\u00f1o 2013. En el a\u00f1o 2017 se gradu\u00f3 con honores de la Licenciatura en Manejo de los Recursos Naturales en la Universidad Estatal a Distancia. Trabajo durante 4 a\u00f1os con la colecci\u00f3n de escorpiones en el Instituto Clodomiro Picado. En el a\u00f1o 2016 se uni\u00f3 como tesista bajo la tutor\u00eda de la Dra. Mar\u00eda Alejandra Maglianesi al proyecto \u201cGrado de vulnerabilidad de las redes de interacci\u00f3n planta-polinizador al cambio clim\u00e1tico\u201d en el que contin\u00fao trabajando como asistente\u2026<\/p>\n","protected":false},"author":4,"featured_media":0,"parent":0,"menu_order":0,"comment_status":"closed","ping_status":"closed","template":"","meta":{"_acf_changed":false,"_monsterinsights_skip_tracking":false,"_monsterinsights_sitenote_active":false,"_monsterinsights_sitenote_note":"","_monsterinsights_sitenote_category":0,"_coblocks_attr":"","_coblocks_dimensions":"","_coblocks_responsive_height":"","_coblocks_accordion_ie_support":"","footnotes":""},"class_list":["post-607","page","type-page","status-publish","hentry"],"acf":[],"_links":{"self":[{"href":"https:\/\/multimedia.uned.ac.cr\/ecen\/sap-marena-2019\/wp-json\/wp\/v2\/pages\/607","targetHints":{"allow":["GET"]}}],"collection":[{"href":"https:\/\/multimedia.uned.ac.cr\/ecen\/sap-marena-2019\/wp-json\/wp\/v2\/pages"}],"about":[{"href":"https:\/\/multimedia.uned.ac.cr\/ecen\/sap-marena-2019\/wp-json\/wp\/v2\/types\/page"}],"author":[{"embeddable":true,"href":"https:\/\/multimedia.uned.ac.cr\/ecen\/sap-marena-2019\/wp-json\/wp\/v2\/users\/4"}],"replies":[{"embeddable":true,"href":"https:\/\/multimedia.uned.ac.cr\/ecen\/sap-marena-2019\/wp-json\/wp\/v2\/comments?post=607"}],"version-history":[{"count":1,"href":"https:\/\/multimedia.uned.ac.cr\/ecen\/sap-marena-2019\/wp-json\/wp\/v2\/pages\/607\/revisions"}],"predecessor-version":[{"id":613,"href":"https:\/\/multimedia.uned.ac.cr\/ecen\/sap-marena-2019\/wp-json\/wp\/v2\/pages\/607\/revisions\/613"}],"wp:attachment":[{"href":"https:\/\/multimedia.uned.ac.cr\/ecen\/sap-marena-2019\/wp-json\/wp\/v2\/media?parent=607"}],"curies":[{"name":"wp","href":"https:\/\/api.w.org\/{rel}","templated":true}]}}